{"id":1034,"date":"2016-10-26T15:21:29","date_gmt":"2016-10-26T18:21:29","guid":{"rendered":"http:\/\/www.preuniversitariocumbre.com\/ws\/?page_id=1034"},"modified":"2019-05-22T22:16:19","modified_gmt":"2019-05-23T01:16:19","slug":"apoyo","status":"publish","type":"page","link":"https:\/\/www.preuniversitariocumbre.com\/ws\/apoyo\/","title":{"rendered":"Apoyo pedag\u00f3gico"},"content":{"rendered":"<p><a href=\"http:\/\/www.preuniversitariocumbre.com\/ws\/wp-content\/uploads\/2017\/01\/WhatsApp-Image-2018-12-15-at-14.45.36.jpeg\"><img decoding=\"async\" src=\"http:\/\/www.preuniversitariocumbre.com\/ws\/wp-content\/uploads\/2017\/01\/WhatsApp-Image-2018-12-15-at-14.45.36-336x252.jpeg\" alt=\"\" width=\"336\" height=\"252\"><\/a><\/p>\n<p>Nuestro servicio de apoyo pedag\u00f3gico est\u00e1 dise\u00f1ado para identificar, abordar y superar los problemas de aprendizaje y d\u00e9ficit de atenci\u00f3n de nuestros estudiantes, entreg\u00e1ndoles herramientas&nbsp;y ense\u00f1\u00e1ndoles m\u00e9todos especializados de estudio que les faciliten el entendimiento y potencien sus capacidades.<\/p>\n<p>En Cumbre,&nbsp;contamos con excelentes profesionales de las distintas \u00e1reas de estudio escolar tanto como para psicopedagog\u00eda, dispuestos siempre a trabajar en conjunto con los padres para lograr superar las dificultades de cada uno de nuestros estudiantes, evaluando su situaci\u00f3n y caracter\u00edsticas particulares.<\/p>\n<p>Cont\u00e1ctanos hoy y d\u00e9janos responder todas tus dudas:<\/p>\n[ninja_forms id=12]\n","protected":false},"excerpt":{"rendered":"<p>Nuestro servicio de apoyo pedag\u00f3gico est\u00e1 dise\u00f1ado para identificar, abordar y superar los problemas de aprendizaje y d\u00e9ficit de atenci\u00f3n de nuestros estudiantes, entreg\u00e1ndoles herramientas&nbsp;y ense\u00f1\u00e1ndoles m\u00e9todos especializados de estudio que les faciliten el entendimiento y potencien sus capacidades. En Cumbre,&nbsp;contamos con excelentes profesionales de las distintas \u00e1reas de estudio escolar tanto como para psicopedagog\u00eda,<a href=\"https:\/\/www.preuniversitariocumbre.com\/ws\/apoyo\/\">[&#8230;]<\/a><\/p>\n","protected":false},"author":1,"featured_media":0,"parent":0,"menu_order":0,"comment_status":"closed","ping_status":"closed","template":"template-fullwidth.php","meta":{"_joinchat":[],"footnotes":""},"class_list":["post-1034","page","type-page","status-publish","hentry"],"yoast_head":"<!-- This site is optimized with the Yoast SEO plugin v24.2 - https:\/\/yoast.com\/wordpress\/plugins\/seo\/ -->\n<title>Apoyo pedag\u00f3gico- Preuniversitario Cumbre - El Preu de Pe\u00f1alol\u00e9n<\/title>\n<meta name=\"description\" content=\"Nuestro servicio de apoyo pedag\u00f3gico est\u00e1 dise\u00f1ado para identificar, abordar y superar los problemas de aprendizaje y d\u00e9ficit de atenci\u00f3n con \u00e9xito...\" \/>\n<meta name=\"robots\" content=\"index, follow, max-snippet:-1, max-image-preview:large, max-video-preview:-1\" \/>\n<link rel=\"canonical\" href=\"https:\/\/www.preuniversitariocumbre.com\/ws\/apoyo\/\" \/>\n<meta property=\"og:locale\" content=\"es_ES\" \/>\n<meta property=\"og:type\" content=\"article\" \/>\n<meta property=\"og:title\" content=\"Apoyo pedag\u00f3gico- Preuniversitario Cumbre - El Preu de Pe\u00f1alol\u00e9n\" \/>\n<meta property=\"og:description\" content=\"Nuestro servicio de apoyo pedag\u00f3gico est\u00e1 dise\u00f1ado para identificar, abordar y superar los problemas de aprendizaje y d\u00e9ficit de atenci\u00f3n con \u00e9xito...\" \/>\n<meta property=\"og:url\" content=\"https:\/\/www.preuniversitariocumbre.com\/ws\/apoyo\/\" \/>\n<meta property=\"og:site_name\" content=\"Preuniversitario Cumbre\" \/>\n<meta property=\"article:publisher\" content=\"https:\/\/www.facebook.com\/cumbre.preuniversitario\/\" \/>\n<meta property=\"article:modified_time\" content=\"2019-05-23T01:16:19+00:00\" \/>\n<meta property=\"og:image\" content=\"https:\/\/www.preuniversitariocumbre.com\/ws\/wp-content\/uploads\/2016\/10\/Psicopedagogia-Face.jpg\" \/>\n\t<meta property=\"og:image:width\" content=\"1000\" \/>\n\t<meta property=\"og:image:height\" content=\"522\" \/>\n\t<meta property=\"og:image:type\" content=\"image\/jpeg\" \/>\n<meta name=\"twitter:card\" content=\"summary_large_image\" \/>\n<meta name=\"twitter:site\" content=\"@PSUCumbre\" \/>\n<meta name=\"twitter:label1\" content=\"Tiempo estimado de lectura\" \/>\n\t<meta name=\"twitter:data1\" content=\"1 minuto\" \/>\n<script type=\"application\/ld+json\" class=\"yoast-schema-graph\">{\"@context\":\"https:\/\/schema.org\",\"@graph\":[{\"@type\":\"WebPage\",\"@id\":\"https:\/\/www.preuniversitariocumbre.com\/ws\/apoyo\/\",\"url\":\"https:\/\/www.preuniversitariocumbre.com\/ws\/apoyo\/\",\"name\":\"Apoyo pedag\u00f3gico- Preuniversitario Cumbre - El Preu de Pe\u00f1alol\u00e9n\",\"isPartOf\":{\"@id\":\"https:\/\/www.preuniversitariocumbre.com\/ws\/#website\"},\"primaryImageOfPage\":{\"@id\":\"https:\/\/www.preuniversitariocumbre.com\/ws\/apoyo\/#primaryimage\"},\"image\":{\"@id\":\"https:\/\/www.preuniversitariocumbre.com\/ws\/apoyo\/#primaryimage\"},\"thumbnailUrl\":\"http:\/\/www.preuniversitariocumbre.com\/ws\/wp-content\/uploads\/2017\/01\/WhatsApp-Image-2018-12-15-at-14.45.36-336x252.jpeg\",\"datePublished\":\"2016-10-26T18:21:29+00:00\",\"dateModified\":\"2019-05-23T01:16:19+00:00\",\"description\":\"Nuestro servicio de apoyo pedag\u00f3gico est\u00e1 dise\u00f1ado para identificar, abordar y superar los problemas de aprendizaje y d\u00e9ficit de atenci\u00f3n con \u00e9xito...\",\"breadcrumb\":{\"@id\":\"https:\/\/www.preuniversitariocumbre.com\/ws\/apoyo\/#breadcrumb\"},\"inLanguage\":\"es-CL\",\"potentialAction\":[{\"@type\":\"ReadAction\",\"target\":[\"https:\/\/www.preuniversitariocumbre.com\/ws\/apoyo\/\"]}]},{\"@type\":\"ImageObject\",\"inLanguage\":\"es-CL\",\"@id\":\"https:\/\/www.preuniversitariocumbre.com\/ws\/apoyo\/#primaryimage\",\"url\":\"http:\/\/www.preuniversitariocumbre.com\/ws\/wp-content\/uploads\/2017\/01\/WhatsApp-Image-2018-12-15-at-14.45.36-336x252.jpeg\",\"contentUrl\":\"http:\/\/www.preuniversitariocumbre.com\/ws\/wp-content\/uploads\/2017\/01\/WhatsApp-Image-2018-12-15-at-14.45.36-336x252.jpeg\"},{\"@type\":\"BreadcrumbList\",\"@id\":\"https:\/\/www.preuniversitariocumbre.com\/ws\/apoyo\/#breadcrumb\",\"itemListElement\":[{\"@type\":\"ListItem\",\"position\":1,\"name\":\"Home\",\"item\":\"https:\/\/www.preuniversitariocumbre.com\/ws\/\"},{\"@type\":\"ListItem\",\"position\":2,\"name\":\"Apoyo pedag\u00f3gico\"}]},{\"@type\":\"WebSite\",\"@id\":\"https:\/\/www.preuniversitariocumbre.com\/ws\/#website\",\"url\":\"https:\/\/www.preuniversitariocumbre.com\/ws\/\",\"name\":\"Preuniversitario Cumbre\",\"description\":\"El Mejor Preu 100% Personalizado de Chile\",\"publisher\":{\"@id\":\"https:\/\/www.preuniversitariocumbre.com\/ws\/#organization\"},\"potentialAction\":[{\"@type\":\"SearchAction\",\"target\":{\"@type\":\"EntryPoint\",\"urlTemplate\":\"https:\/\/www.preuniversitariocumbre.com\/ws\/?s={search_term_string}\"},\"query-input\":{\"@type\":\"PropertyValueSpecification\",\"valueRequired\":true,\"valueName\":\"search_term_string\"}}],\"inLanguage\":\"es-CL\"},{\"@type\":\"Organization\",\"@id\":\"https:\/\/www.preuniversitariocumbre.com\/ws\/#organization\",\"name\":\"Preuniversitario Cumbre\",\"url\":\"https:\/\/www.preuniversitariocumbre.com\/ws\/\",\"logo\":{\"@type\":\"ImageObject\",\"inLanguage\":\"es-CL\",\"@id\":\"https:\/\/www.preuniversitariocumbre.com\/ws\/#\/schema\/logo\/image\/\",\"url\":\"https:\/\/www.preuniversitariocumbre.com\/ws\/wp-content\/uploads\/2017\/06\/Logo-new-web2.png\",\"contentUrl\":\"https:\/\/www.preuniversitariocumbre.com\/ws\/wp-content\/uploads\/2017\/06\/Logo-new-web2.png\",\"width\":545,\"height\":238,\"caption\":\"Preuniversitario Cumbre\"},\"image\":{\"@id\":\"https:\/\/www.preuniversitariocumbre.com\/ws\/#\/schema\/logo\/image\/\"},\"sameAs\":[\"https:\/\/www.facebook.com\/cumbre.preuniversitario\/\",\"https:\/\/x.com\/PSUCumbre\",\"https:\/\/www.instagram.com\/preucumbre\/\"]}]}<\/script>\n<!-- \/ Yoast SEO plugin. -->","yoast_head_json":{"title":"Apoyo pedag\u00f3gico- Preuniversitario Cumbre - El Preu de Pe\u00f1alol\u00e9n","description":"Nuestro servicio de apoyo pedag\u00f3gico est\u00e1 dise\u00f1ado para identificar, abordar y superar los problemas de aprendizaje y d\u00e9ficit de atenci\u00f3n con \u00e9xito...","robots":{"index":"index","follow":"follow","max-snippet":"max-snippet:-1","max-image-preview":"max-image-preview:large","max-video-preview":"max-video-preview:-1"},"canonical":"https:\/\/www.preuniversitariocumbre.com\/ws\/apoyo\/","og_locale":"es_ES","og_type":"article","og_title":"Apoyo pedag\u00f3gico- Preuniversitario Cumbre - El Preu de Pe\u00f1alol\u00e9n","og_description":"Nuestro servicio de apoyo pedag\u00f3gico est\u00e1 dise\u00f1ado para identificar, abordar y superar los problemas de aprendizaje y d\u00e9ficit de atenci\u00f3n con \u00e9xito...","og_url":"https:\/\/www.preuniversitariocumbre.com\/ws\/apoyo\/","og_site_name":"Preuniversitario Cumbre","article_publisher":"https:\/\/www.facebook.com\/cumbre.preuniversitario\/","article_modified_time":"2019-05-23T01:16:19+00:00","og_image":[{"width":1000,"height":522,"url":"https:\/\/www.preuniversitariocumbre.com\/ws\/wp-content\/uploads\/2016\/10\/Psicopedagogia-Face.jpg","type":"image\/jpeg"}],"twitter_card":"summary_large_image","twitter_site":"@PSUCumbre","twitter_misc":{"Tiempo estimado de lectura":"1 minuto"},"schema":{"@context":"https:\/\/schema.org","@graph":[{"@type":"WebPage","@id":"https:\/\/www.preuniversitariocumbre.com\/ws\/apoyo\/","url":"https:\/\/www.preuniversitariocumbre.com\/ws\/apoyo\/","name":"Apoyo pedag\u00f3gico- Preuniversitario Cumbre - El Preu de Pe\u00f1alol\u00e9n","isPartOf":{"@id":"https:\/\/www.preuniversitariocumbre.com\/ws\/#website"},"primaryImageOfPage":{"@id":"https:\/\/www.preuniversitariocumbre.com\/ws\/apoyo\/#primaryimage"},"image":{"@id":"https:\/\/www.preuniversitariocumbre.com\/ws\/apoyo\/#primaryimage"},"thumbnailUrl":"http:\/\/www.preuniversitariocumbre.com\/ws\/wp-content\/uploads\/2017\/01\/WhatsApp-Image-2018-12-15-at-14.45.36-336x252.jpeg","datePublished":"2016-10-26T18:21:29+00:00","dateModified":"2019-05-23T01:16:19+00:00","description":"Nuestro servicio de apoyo pedag\u00f3gico est\u00e1 dise\u00f1ado para identificar, abordar y superar los problemas de aprendizaje y d\u00e9ficit de atenci\u00f3n con \u00e9xito...","breadcrumb":{"@id":"https:\/\/www.preuniversitariocumbre.com\/ws\/apoyo\/#breadcrumb"},"inLanguage":"es-CL","potentialAction":[{"@type":"ReadAction","target":["https:\/\/www.preuniversitariocumbre.com\/ws\/apoyo\/"]}]},{"@type":"ImageObject","inLanguage":"es-CL","@id":"https:\/\/www.preuniversitariocumbre.com\/ws\/apoyo\/#primaryimage","url":"http:\/\/www.preuniversitariocumbre.com\/ws\/wp-content\/uploads\/2017\/01\/WhatsApp-Image-2018-12-15-at-14.45.36-336x252.jpeg","contentUrl":"http:\/\/www.preuniversitariocumbre.com\/ws\/wp-content\/uploads\/2017\/01\/WhatsApp-Image-2018-12-15-at-14.45.36-336x252.jpeg"},{"@type":"BreadcrumbList","@id":"https:\/\/www.preuniversitariocumbre.com\/ws\/apoyo\/#breadcrumb","itemListElement":[{"@type":"ListItem","position":1,"name":"Home","item":"https:\/\/www.preuniversitariocumbre.com\/ws\/"},{"@type":"ListItem","position":2,"name":"Apoyo pedag\u00f3gico"}]},{"@type":"WebSite","@id":"https:\/\/www.preuniversitariocumbre.com\/ws\/#website","url":"https:\/\/www.preuniversitariocumbre.com\/ws\/","name":"Preuniversitario Cumbre","description":"El Mejor Preu 100% Personalizado de Chile","publisher":{"@id":"https:\/\/www.preuniversitariocumbre.com\/ws\/#organization"},"potentialAction":[{"@type":"SearchAction","target":{"@type":"EntryPoint","urlTemplate":"https:\/\/www.preuniversitariocumbre.com\/ws\/?s={search_term_string}"},"query-input":{"@type":"PropertyValueSpecification","valueRequired":true,"valueName":"search_term_string"}}],"inLanguage":"es-CL"},{"@type":"Organization","@id":"https:\/\/www.preuniversitariocumbre.com\/ws\/#organization","name":"Preuniversitario Cumbre","url":"https:\/\/www.preuniversitariocumbre.com\/ws\/","logo":{"@type":"ImageObject","inLanguage":"es-CL","@id":"https:\/\/www.preuniversitariocumbre.com\/ws\/#\/schema\/logo\/image\/","url":"https:\/\/www.preuniversitariocumbre.com\/ws\/wp-content\/uploads\/2017\/06\/Logo-new-web2.png","contentUrl":"https:\/\/www.preuniversitariocumbre.com\/ws\/wp-content\/uploads\/2017\/06\/Logo-new-web2.png","width":545,"height":238,"caption":"Preuniversitario Cumbre"},"image":{"@id":"https:\/\/www.preuniversitariocumbre.com\/ws\/#\/schema\/logo\/image\/"},"sameAs":["https:\/\/www.facebook.com\/cumbre.preuniversitario\/","https:\/\/x.com\/PSUCumbre","https:\/\/www.instagram.com\/preucumbre\/"]}]}},"_links":{"self":[{"href":"https:\/\/www.preuniversitariocumbre.com\/ws\/wp-json\/wp\/v2\/pages\/1034","targetHints":{"allow":["GET"]}}],"collection":[{"href":"https:\/\/www.preuniversitariocumbre.com\/ws\/wp-json\/wp\/v2\/pages"}],"about":[{"href":"https:\/\/www.preuniversitariocumbre.com\/ws\/wp-json\/wp\/v2\/types\/page"}],"author":[{"embeddable":true,"href":"https:\/\/www.preuniversitariocumbre.com\/ws\/wp-json\/wp\/v2\/users\/1"}],"replies":[{"embeddable":true,"href":"https:\/\/www.preuniversitariocumbre.com\/ws\/wp-json\/wp\/v2\/comments?post=1034"}],"version-history":[{"count":14,"href":"https:\/\/www.preuniversitariocumbre.com\/ws\/wp-json\/wp\/v2\/pages\/1034\/revisions"}],"predecessor-version":[{"id":2480,"href":"https:\/\/www.preuniversitariocumbre.com\/ws\/wp-json\/wp\/v2\/pages\/1034\/revisions\/2480"}],"wp:attachment":[{"href":"https:\/\/www.preuniversitariocumbre.com\/ws\/wp-json\/wp\/v2\/media?parent=1034"}],"curies":[{"name":"wp","href":"https:\/\/api.w.org\/{rel}","templated":true}]}}