{"id":1815,"date":"2017-09-23T19:14:58","date_gmt":"2017-09-23T22:14:58","guid":{"rendered":"http:\/\/www.preuniversitariocumbre.com\/ws\/?page_id=1815"},"modified":"2018-12-15T14:57:22","modified_gmt":"2018-12-15T17:57:22","slug":"admision-psu-2018","status":"publish","type":"page","link":"https:\/\/www.preuniversitariocumbre.com\/ws\/admision-psu-2018\/","title":{"rendered":"Admisi\u00f3n PSU 2018"},"content":{"rendered":"\t\t<div data-elementor-type=\"wp-post\" data-elementor-id=\"1815\" class=\"elementor elementor-1815 elementor-bc-flex-widget\">\n\t\t\t\t\t\t<div class=\"elementor-inner\">\n\t\t\t\t<div class=\"elementor-section-wrap\">\n\t\t\t\t\t\t\t\t\t<section class=\"elementor-section elementor-top-section elementor-element elementor-element-fa3rriz elementor-section-full_width elementor-section-height-default elementor-section-height-default\" data-id=\"fa3rriz\" data-element_type=\"section\">\n\t\t\t\t\t\t<div class=\"elementor-container elementor-column-gap-default\">\n\t\t\t\t\t\t\t<div class=\"elementor-row\">\n\t\t\t\t\t<div class=\"elementor-column elementor-col-100 elementor-top-column elementor-element elementor-element-aivn9ea\" data-id=\"aivn9ea\" data-element_type=\"column\">\n\t\t\t<div class=\"elementor-column-wrap elementor-element-populated\">\n\t\t\t\t\t\t\t<div class=\"elementor-widget-wrap\">\n\t\t\t\t\t\t<div class=\"elementor-element elementor-element-9xqi1zh elementor-widget elementor-widget-image\" data-id=\"9xqi1zh\" data-element_type=\"widget\" data-widget_type=\"image.default\">\n\t\t\t\t<div class=\"elementor-widget-container\">\n\t\t\t\t\t\t\t\t<div class=\"elementor-image\">\n\t\t\t\t\t\t\t\t\t\t\t\t<img decoding=\"async\" width=\"1000\" height=\"666\" src=\"https:\/\/www.preuniversitariocumbre.com\/ws\/wp-content\/uploads\/2017\/11\/Admision-2018-e1510144735243.png\" class=\"attachment-full size-full\" alt=\"\" srcset=\"https:\/\/www.preuniversitariocumbre.com\/ws\/wp-content\/uploads\/2017\/11\/Admision-2018-e1510144735243.png 1000w, https:\/\/www.preuniversitariocumbre.com\/ws\/wp-content\/uploads\/2017\/11\/Admision-2018-e1510144735243-600x400.png 600w\" sizes=\"(max-width: 1000px) 100vw, 1000px\" \/>\t\t\t\t\t\t\t\t\t\t\t\t\t\t<\/div>\n\t\t\t\t\t\t<\/div>\n\t\t\t\t<\/div>\n\t\t\t\t\t\t<\/div>\n\t\t\t\t\t<\/div>\n\t\t<\/div>\n\t\t\t\t\t\t\t\t<\/div>\n\t\t\t\t\t<\/div>\n\t\t<\/section>\n\t\t\t\t<section class=\"elementor-section elementor-top-section elementor-element elementor-element-ylcrory elementor-section-boxed elementor-section-height-default elementor-section-height-default\" data-id=\"ylcrory\" data-element_type=\"section\">\n\t\t\t\t\t\t<div class=\"elementor-container elementor-column-gap-default\">\n\t\t\t\t\t\t\t<div class=\"elementor-row\">\n\t\t\t\t\t<div class=\"elementor-column elementor-col-50 elementor-top-column elementor-element elementor-element-eeqgumk\" data-id=\"eeqgumk\" data-element_type=\"column\">\n\t\t\t<div class=\"elementor-column-wrap elementor-element-populated\">\n\t\t\t\t\t\t\t<div class=\"elementor-widget-wrap\">\n\t\t\t\t\t\t<div class=\"elementor-element elementor-element-gnmbrrg elementor-widget elementor-widget-text-editor\" data-id=\"gnmbrrg\" data-element_type=\"widget\" data-widget_type=\"text-editor.default\">\n\t\t\t\t<div class=\"elementor-widget-container\">\n\t\t\t\t\t\t\t\t<div class=\"elementor-text-editor elementor-clearfix\">\n\t\t\t\t<p style=\"text-align: left;\">Ya puedes matricularte para preparar la PSU 2019 con los mejores de Pe\u00f1alol\u00e9n. Nuestro proceso de admisi\u00f3n 2019 comenz\u00f3 y venimos m\u00e1s fuertes que nunca.<\/p><h2 style=\"text-align: left;\">\u00a0<strong><span style=\"color: #002464;\">\u00bfPOR QU\u00c9 ESTUDIAR EN CUMBRE?<\/span><\/strong><\/h2><p>La preparaci\u00f3n completa en cada una de las asignaturas, con profesores calificados y ensayos constantes en condiciones reales son la clave para vencer en la PSU, lograr el puntaje que necesitas y entrar a la universidad que deseas.<\/p><p>Nuestros planes de estudio est\u00e1n dise\u00f1ados para adaptarse a tus necesidades particulares, detectar tus debilidades y ayudarte a superarlas.<\/p><p style=\"text-align: justify;\"><span style=\"color: #002464;\"><strong>PERSONALIZACI\u00d3N<\/strong><\/span><\/p><p style=\"text-align: justify;\">Nuestra metodolog\u00eda se basa en la personalizaci\u00f3n de la educaci\u00f3n, d\u00e1ndole la atenci\u00f3n y el apoyo necesario a cada uno de nuestros estudiantes.<\/p><p style=\"text-align: justify;\"><span style=\"color: #002464;\"><strong>ENSAYOS CONSTANTES<\/strong><strong><br \/> <\/strong><\/span><\/p><p style=\"text-align: justify;\">Realizamos ensayos de PSU todos los meses, para evaluar tu desempe\u00f1o, detectar tus posibles debilidades y trabajar contigo para superarlas.<\/p><p style=\"text-align: justify;\"><span style=\"color: #002464;\"><strong>PROFESORES CALIFICADOS<br \/> <\/strong><\/span><\/p><p style=\"text-align: justify;\">Contamos con profesores de amplia y comprobada experiencia para cada una de las asignaturas, garantizando una preparaci\u00f3n de calidad, dise\u00f1ada para ayudarte a comprender y dominar todos los contenidos de la PSU.<\/p><p style=\"text-align: justify;\"><span style=\"color: #082260;\"><strong>COACHING<\/strong><\/span><\/p><p style=\"text-align: justify;\">Realizamos sesiones de coaching grupales todos los meses para ayudarte a organizar y manejar mejor tu tiempo, apoyarte\u00a0en la gesti\u00f3n de tus emociones, en el mejoramiento de tu nivel acad\u00e9mico y en el adelanto de tus destrezas sociales. Adem\u00e1s, realizamos sesiones para guiarte en la elecci\u00f3n de la carrera que m\u00e1s se ajuste a tu vocaci\u00f3n y organizamos talleres de relajaci\u00f3n para manejar el estr\u00e9s y los nervios previos a la prueba.<\/p><p style=\"text-align: justify;\"><span style=\"color: #002464;\"><strong>RESULTADOS<\/strong><\/span><\/p><p style=\"text-align: justify;\">El mas del 80% de nuestros estudiantes logra entrar a la carrera que eligi\u00f3 en la universidad de su preferencia. <a href=\"http:\/\/www.preuniversitariocumbre.com\/ws\/2016\/12\/29\/resultados-cumbre-2016\/\">Nuestros resultados<\/a> hablan por si mismos.<\/p><p style=\"text-align: left;\"><span style=\"color: #002464;\"><strong>ACCESO A NOTAS EN L\u00cdNEA<br \/> <\/strong><\/span><\/p><p style=\"text-align: left;\">A trav\u00e9s de nuestro &#8220;Portal Alumno&#8221; tanto t\u00fa como tus apoderados tendr\u00e1n acceso las 24 horas del d\u00eda a notas y desempe\u00f1o en cada una de las actividades que realizamos.<\/p><p style=\"text-align: center;\"><a href=\"http:\/\/www.preuniversitariocumbre.com\/ws\/nuestra-ubicacion\/\"><img decoding=\"async\" class=\"alignnone size-full wp-image-417\" src=\"http:\/\/www.preuniversitariocumbre.com\/ws\/wp-content\/uploads\/2015\/09\/Boton-Contactanos.png\" alt=\"Boton Contactanos\" width=\"262\" height=\"62\" \/><\/a><\/p><h2 style=\"text-align: left;\"><span style=\"color: #002464;\">MATR\u00cdCULA PSU 2019 ABIERTA<\/span><\/h2><p style=\"text-align: left;\">Ya puedes inscribirte y prepararte con los mejores para la PSU 2019. Llena\u00a0tus datos en la opci\u00f3n &#8220;Contacto&#8221; y con gusto te contactaremos para completar el proceso.<\/p>\t\t\t\t\t<\/div>\n\t\t\t\t\t\t<\/div>\n\t\t\t\t<\/div>\n\t\t\t\t\t\t<\/div>\n\t\t\t\t\t<\/div>\n\t\t<\/div>\n\t\t\t\t<div class=\"elementor-column elementor-col-50 elementor-top-column elementor-element elementor-element-83n71tt\" data-id=\"83n71tt\" data-element_type=\"column\" data-settings=\"{&quot;background_background&quot;:&quot;classic&quot;}\">\n\t\t\t<div class=\"elementor-column-wrap elementor-element-populated\">\n\t\t\t\t\t\t\t<div class=\"elementor-widget-wrap\">\n\t\t\t\t\t\t<div class=\"elementor-element elementor-element-vntyzkk elementor-widget elementor-widget-text-editor\" data-id=\"vntyzkk\" data-element_type=\"widget\" data-widget_type=\"text-editor.default\">\n\t\t\t\t<div class=\"elementor-widget-container\">\n\t\t\t\t\t\t\t\t<div class=\"elementor-text-editor elementor-clearfix\">\n\t\t\t\t<h2 style=\"text-align: center;\"><span style=\"color: #092360;\"><strong>PRE-INSRIPCI\u00d3N<\/strong><\/span><\/h2>[ninja_form id=1]\t\t\t\t\t<\/div>\n\t\t\t\t\t\t<\/div>\n\t\t\t\t<\/div>\n\t\t\t\t\t\t<\/div>\n\t\t\t\t\t<\/div>\n\t\t<\/div>\n\t\t\t\t\t\t\t\t<\/div>\n\t\t\t\t\t<\/div>\n\t\t<\/section>\n\t\t\t\t\t\t\t\t\t<\/div>\n\t\t\t<\/div>\n\t\t\t\t\t<\/div>\n\t\t","protected":false},"excerpt":{"rendered":"<p>Ya puedes matricularte para preparar la PSU 2019 con los mejores de Pe\u00f1alol\u00e9n. Nuestro proceso de admisi\u00f3n 2019 comenz\u00f3 y venimos m\u00e1s fuertes que nunca. \u00a0\u00bfPOR QU\u00c9 ESTUDIAR EN CUMBRE? La preparaci\u00f3n completa en cada una de las asignaturas, con profesores calificados y ensayos constantes en condiciones reales son la clave para vencer en la<a href=\"https:\/\/www.preuniversitariocumbre.com\/ws\/admision-psu-2018\/\">[&#8230;]<\/a><\/p>\n","protected":false},"author":1,"featured_media":0,"parent":0,"menu_order":0,"comment_status":"closed","ping_status":"closed","template":"","meta":{"_joinchat":[],"footnotes":""},"class_list":["post-1815","page","type-page","status-publish","hentry"],"yoast_head":"<!-- This site is optimized with the Yoast SEO plugin v24.2 - https:\/\/yoast.com\/wordpress\/plugins\/seo\/ -->\n<title>Admisi\u00f3n PSU 2018 - Preuniversitario Cumbre<\/title>\n<meta name=\"robots\" content=\"index, follow, max-snippet:-1, max-image-preview:large, max-video-preview:-1\" \/>\n<link rel=\"canonical\" href=\"https:\/\/www.preuniversitariocumbre.com\/ws\/admision-psu-2018\/\" \/>\n<meta property=\"og:locale\" content=\"es_ES\" \/>\n<meta property=\"og:type\" content=\"article\" \/>\n<meta property=\"og:title\" content=\"Admisi\u00f3n PSU 2018 - Preuniversitario Cumbre\" \/>\n<meta property=\"og:description\" content=\"Ya puedes matricularte para preparar la PSU 2019 con los mejores de Pe\u00f1alol\u00e9n. Nuestro proceso de admisi\u00f3n 2019 comenz\u00f3 y venimos m\u00e1s fuertes que nunca. \u00a0\u00bfPOR QU\u00c9 ESTUDIAR EN CUMBRE? La preparaci\u00f3n completa en cada una de las asignaturas, con profesores calificados y ensayos constantes en condiciones reales son la clave para vencer en la[...]\" \/>\n<meta property=\"og:url\" content=\"https:\/\/www.preuniversitariocumbre.com\/ws\/admision-psu-2018\/\" \/>\n<meta property=\"og:site_name\" content=\"Preuniversitario Cumbre\" \/>\n<meta property=\"article:publisher\" content=\"https:\/\/www.facebook.com\/cumbre.preuniversitario\/\" \/>\n<meta property=\"article:modified_time\" content=\"2018-12-15T17:57:22+00:00\" \/>\n<meta property=\"og:image\" content=\"http:\/\/www.preuniversitariocumbre.com\/ws\/wp-content\/uploads\/2017\/11\/Admision-2018-e1510144735243.png\" \/>\n<meta name=\"twitter:card\" content=\"summary_large_image\" \/>\n<meta name=\"twitter:site\" content=\"@PSUCumbre\" \/>\n<meta name=\"twitter:label1\" content=\"Tiempo estimado de lectura\" \/>\n\t<meta name=\"twitter:data1\" content=\"2 minutos\" \/>\n<script type=\"application\/ld+json\" class=\"yoast-schema-graph\">{\"@context\":\"https:\/\/schema.org\",\"@graph\":[{\"@type\":\"WebPage\",\"@id\":\"https:\/\/www.preuniversitariocumbre.com\/ws\/admision-psu-2018\/\",\"url\":\"https:\/\/www.preuniversitariocumbre.com\/ws\/admision-psu-2018\/\",\"name\":\"Admisi\u00f3n PSU 2018 - Preuniversitario Cumbre\",\"isPartOf\":{\"@id\":\"https:\/\/www.preuniversitariocumbre.com\/ws\/#website\"},\"primaryImageOfPage\":{\"@id\":\"https:\/\/www.preuniversitariocumbre.com\/ws\/admision-psu-2018\/#primaryimage\"},\"image\":{\"@id\":\"https:\/\/www.preuniversitariocumbre.com\/ws\/admision-psu-2018\/#primaryimage\"},\"thumbnailUrl\":\"http:\/\/www.preuniversitariocumbre.com\/ws\/wp-content\/uploads\/2017\/11\/Admision-2018-e1510144735243.png\",\"datePublished\":\"2017-09-23T22:14:58+00:00\",\"dateModified\":\"2018-12-15T17:57:22+00:00\",\"breadcrumb\":{\"@id\":\"https:\/\/www.preuniversitariocumbre.com\/ws\/admision-psu-2018\/#breadcrumb\"},\"inLanguage\":\"es-CL\",\"potentialAction\":[{\"@type\":\"ReadAction\",\"target\":[\"https:\/\/www.preuniversitariocumbre.com\/ws\/admision-psu-2018\/\"]}]},{\"@type\":\"ImageObject\",\"inLanguage\":\"es-CL\",\"@id\":\"https:\/\/www.preuniversitariocumbre.com\/ws\/admision-psu-2018\/#primaryimage\",\"url\":\"http:\/\/www.preuniversitariocumbre.com\/ws\/wp-content\/uploads\/2017\/11\/Admision-2018-e1510144735243.png\",\"contentUrl\":\"http:\/\/www.preuniversitariocumbre.com\/ws\/wp-content\/uploads\/2017\/11\/Admision-2018-e1510144735243.png\"},{\"@type\":\"BreadcrumbList\",\"@id\":\"https:\/\/www.preuniversitariocumbre.com\/ws\/admision-psu-2018\/#breadcrumb\",\"itemListElement\":[{\"@type\":\"ListItem\",\"position\":1,\"name\":\"Home\",\"item\":\"https:\/\/www.preuniversitariocumbre.com\/ws\/\"},{\"@type\":\"ListItem\",\"position\":2,\"name\":\"Admisi\u00f3n PSU 2018\"}]},{\"@type\":\"WebSite\",\"@id\":\"https:\/\/www.preuniversitariocumbre.com\/ws\/#website\",\"url\":\"https:\/\/www.preuniversitariocumbre.com\/ws\/\",\"name\":\"Preuniversitario Cumbre\",\"description\":\"El Mejor Preu 100% Personalizado de Chile\",\"publisher\":{\"@id\":\"https:\/\/www.preuniversitariocumbre.com\/ws\/#organization\"},\"potentialAction\":[{\"@type\":\"SearchAction\",\"target\":{\"@type\":\"EntryPoint\",\"urlTemplate\":\"https:\/\/www.preuniversitariocumbre.com\/ws\/?s={search_term_string}\"},\"query-input\":{\"@type\":\"PropertyValueSpecification\",\"valueRequired\":true,\"valueName\":\"search_term_string\"}}],\"inLanguage\":\"es-CL\"},{\"@type\":\"Organization\",\"@id\":\"https:\/\/www.preuniversitariocumbre.com\/ws\/#organization\",\"name\":\"Preuniversitario Cumbre\",\"url\":\"https:\/\/www.preuniversitariocumbre.com\/ws\/\",\"logo\":{\"@type\":\"ImageObject\",\"inLanguage\":\"es-CL\",\"@id\":\"https:\/\/www.preuniversitariocumbre.com\/ws\/#\/schema\/logo\/image\/\",\"url\":\"https:\/\/www.preuniversitariocumbre.com\/ws\/wp-content\/uploads\/2017\/06\/Logo-new-web2.png\",\"contentUrl\":\"https:\/\/www.preuniversitariocumbre.com\/ws\/wp-content\/uploads\/2017\/06\/Logo-new-web2.png\",\"width\":545,\"height\":238,\"caption\":\"Preuniversitario Cumbre\"},\"image\":{\"@id\":\"https:\/\/www.preuniversitariocumbre.com\/ws\/#\/schema\/logo\/image\/\"},\"sameAs\":[\"https:\/\/www.facebook.com\/cumbre.preuniversitario\/\",\"https:\/\/x.com\/PSUCumbre\",\"https:\/\/www.instagram.com\/preucumbre\/\"]}]}<\/script>\n<!-- \/ Yoast SEO plugin. -->","yoast_head_json":{"title":"Admisi\u00f3n PSU 2018 - Preuniversitario Cumbre","robots":{"index":"index","follow":"follow","max-snippet":"max-snippet:-1","max-image-preview":"max-image-preview:large","max-video-preview":"max-video-preview:-1"},"canonical":"https:\/\/www.preuniversitariocumbre.com\/ws\/admision-psu-2018\/","og_locale":"es_ES","og_type":"article","og_title":"Admisi\u00f3n PSU 2018 - Preuniversitario Cumbre","og_description":"Ya puedes matricularte para preparar la PSU 2019 con los mejores de Pe\u00f1alol\u00e9n. Nuestro proceso de admisi\u00f3n 2019 comenz\u00f3 y venimos m\u00e1s fuertes que nunca. \u00a0\u00bfPOR QU\u00c9 ESTUDIAR EN CUMBRE? La preparaci\u00f3n completa en cada una de las asignaturas, con profesores calificados y ensayos constantes en condiciones reales son la clave para vencer en la[...]","og_url":"https:\/\/www.preuniversitariocumbre.com\/ws\/admision-psu-2018\/","og_site_name":"Preuniversitario Cumbre","article_publisher":"https:\/\/www.facebook.com\/cumbre.preuniversitario\/","article_modified_time":"2018-12-15T17:57:22+00:00","og_image":[{"url":"http:\/\/www.preuniversitariocumbre.com\/ws\/wp-content\/uploads\/2017\/11\/Admision-2018-e1510144735243.png","type":"","width":"","height":""}],"twitter_card":"summary_large_image","twitter_site":"@PSUCumbre","twitter_misc":{"Tiempo estimado de lectura":"2 minutos"},"schema":{"@context":"https:\/\/schema.org","@graph":[{"@type":"WebPage","@id":"https:\/\/www.preuniversitariocumbre.com\/ws\/admision-psu-2018\/","url":"https:\/\/www.preuniversitariocumbre.com\/ws\/admision-psu-2018\/","name":"Admisi\u00f3n PSU 2018 - Preuniversitario Cumbre","isPartOf":{"@id":"https:\/\/www.preuniversitariocumbre.com\/ws\/#website"},"primaryImageOfPage":{"@id":"https:\/\/www.preuniversitariocumbre.com\/ws\/admision-psu-2018\/#primaryimage"},"image":{"@id":"https:\/\/www.preuniversitariocumbre.com\/ws\/admision-psu-2018\/#primaryimage"},"thumbnailUrl":"http:\/\/www.preuniversitariocumbre.com\/ws\/wp-content\/uploads\/2017\/11\/Admision-2018-e1510144735243.png","datePublished":"2017-09-23T22:14:58+00:00","dateModified":"2018-12-15T17:57:22+00:00","breadcrumb":{"@id":"https:\/\/www.preuniversitariocumbre.com\/ws\/admision-psu-2018\/#breadcrumb"},"inLanguage":"es-CL","potentialAction":[{"@type":"ReadAction","target":["https:\/\/www.preuniversitariocumbre.com\/ws\/admision-psu-2018\/"]}]},{"@type":"ImageObject","inLanguage":"es-CL","@id":"https:\/\/www.preuniversitariocumbre.com\/ws\/admision-psu-2018\/#primaryimage","url":"http:\/\/www.preuniversitariocumbre.com\/ws\/wp-content\/uploads\/2017\/11\/Admision-2018-e1510144735243.png","contentUrl":"http:\/\/www.preuniversitariocumbre.com\/ws\/wp-content\/uploads\/2017\/11\/Admision-2018-e1510144735243.png"},{"@type":"BreadcrumbList","@id":"https:\/\/www.preuniversitariocumbre.com\/ws\/admision-psu-2018\/#breadcrumb","itemListElement":[{"@type":"ListItem","position":1,"name":"Home","item":"https:\/\/www.preuniversitariocumbre.com\/ws\/"},{"@type":"ListItem","position":2,"name":"Admisi\u00f3n PSU 2018"}]},{"@type":"WebSite","@id":"https:\/\/www.preuniversitariocumbre.com\/ws\/#website","url":"https:\/\/www.preuniversitariocumbre.com\/ws\/","name":"Preuniversitario Cumbre","description":"El Mejor Preu 100% Personalizado de Chile","publisher":{"@id":"https:\/\/www.preuniversitariocumbre.com\/ws\/#organization"},"potentialAction":[{"@type":"SearchAction","target":{"@type":"EntryPoint","urlTemplate":"https:\/\/www.preuniversitariocumbre.com\/ws\/?s={search_term_string}"},"query-input":{"@type":"PropertyValueSpecification","valueRequired":true,"valueName":"search_term_string"}}],"inLanguage":"es-CL"},{"@type":"Organization","@id":"https:\/\/www.preuniversitariocumbre.com\/ws\/#organization","name":"Preuniversitario Cumbre","url":"https:\/\/www.preuniversitariocumbre.com\/ws\/","logo":{"@type":"ImageObject","inLanguage":"es-CL","@id":"https:\/\/www.preuniversitariocumbre.com\/ws\/#\/schema\/logo\/image\/","url":"https:\/\/www.preuniversitariocumbre.com\/ws\/wp-content\/uploads\/2017\/06\/Logo-new-web2.png","contentUrl":"https:\/\/www.preuniversitariocumbre.com\/ws\/wp-content\/uploads\/2017\/06\/Logo-new-web2.png","width":545,"height":238,"caption":"Preuniversitario Cumbre"},"image":{"@id":"https:\/\/www.preuniversitariocumbre.com\/ws\/#\/schema\/logo\/image\/"},"sameAs":["https:\/\/www.facebook.com\/cumbre.preuniversitario\/","https:\/\/x.com\/PSUCumbre","https:\/\/www.instagram.com\/preucumbre\/"]}]}},"_links":{"self":[{"href":"https:\/\/www.preuniversitariocumbre.com\/ws\/wp-json\/wp\/v2\/pages\/1815","targetHints":{"allow":["GET"]}}],"collection":[{"href":"https:\/\/www.preuniversitariocumbre.com\/ws\/wp-json\/wp\/v2\/pages"}],"about":[{"href":"https:\/\/www.preuniversitariocumbre.com\/ws\/wp-json\/wp\/v2\/types\/page"}],"author":[{"embeddable":true,"href":"https:\/\/www.preuniversitariocumbre.com\/ws\/wp-json\/wp\/v2\/users\/1"}],"replies":[{"embeddable":true,"href":"https:\/\/www.preuniversitariocumbre.com\/ws\/wp-json\/wp\/v2\/comments?post=1815"}],"version-history":[{"count":14,"href":"https:\/\/www.preuniversitariocumbre.com\/ws\/wp-json\/wp\/v2\/pages\/1815\/revisions"}],"predecessor-version":[{"id":2211,"href":"https:\/\/www.preuniversitariocumbre.com\/ws\/wp-json\/wp\/v2\/pages\/1815\/revisions\/2211"}],"wp:attachment":[{"href":"https:\/\/www.preuniversitariocumbre.com\/ws\/wp-json\/wp\/v2\/media?parent=1815"}],"curies":[{"name":"wp","href":"https:\/\/api.w.org\/{rel}","templated":true}]}}