{"id":188,"date":"2015-10-04T23:07:03","date_gmt":"2015-10-05T02:07:03","guid":{"rendered":"http:\/\/www.preuniversitariocumbre.com\/ws\/?page_id=188"},"modified":"2017-11-14T18:14:16","modified_gmt":"2017-11-14T21:14:16","slug":"clases-particulares","status":"publish","type":"page","link":"https:\/\/www.preuniversitariocumbre.com\/ws\/clases-particulares\/","title":{"rendered":"Clases Particulares"},"content":{"rendered":"<p><img decoding=\"async\" class=\"aligncenter size-full wp-image-1496\" src=\"http:\/\/www.preuniversitariocumbre.com\/ws\/wp-content\/uploads\/2015\/10\/Clases-particulares-Flyer.jpg\" alt=\"Clases Particulares Personalizadas\" width=\"1113\" height=\"680\" \/><\/p>\n<p>Lograr un buen desempe\u00f1o escolar durante todo el a\u00f1o y mantener las notas altas puede resultar dif\u00edcil. Es por esto que en Cumbre ofrecemos clases particulares para ni\u00f1os y j\u00f3venes desde preescolar (con estimulaci\u00f3n motriz y desarrollos de las habilidades psicomotoras), pasando por la educaci\u00f3n b\u00e1sica y media hasta la universidad, en todas las asignaturas, ayudando a reforzar los conocimientos adquiridos y mejorar sus notas.<\/p>\n<h3><strong><span style=\"color: #092380;\">LOS MEJORES PROFESORES<\/span><\/strong><\/h3>\n<p><img decoding=\"async\" class=\"alignright wp-image-1490\" src=\"http:\/\/www.preuniversitariocumbre.com\/ws\/wp-content\/uploads\/2015\/10\/Clases-Particulares-Chica3.jpg\" alt=\"Clases Particulares Cumbre\" width=\"370\" height=\"370\" srcset=\"https:\/\/www.preuniversitariocumbre.com\/ws\/wp-content\/uploads\/2015\/10\/Clases-Particulares-Chica3.jpg 1000w, https:\/\/www.preuniversitariocumbre.com\/ws\/wp-content\/uploads\/2015\/10\/Clases-Particulares-Chica3-300x300.jpg 300w, https:\/\/www.preuniversitariocumbre.com\/ws\/wp-content\/uploads\/2015\/10\/Clases-Particulares-Chica3-100x100.jpg 100w, https:\/\/www.preuniversitariocumbre.com\/ws\/wp-content\/uploads\/2015\/10\/Clases-Particulares-Chica3-600x600.jpg 600w, https:\/\/www.preuniversitariocumbre.com\/ws\/wp-content\/uploads\/2015\/10\/Clases-Particulares-Chica3-150x150.jpg 150w, https:\/\/www.preuniversitariocumbre.com\/ws\/wp-content\/uploads\/2015\/10\/Clases-Particulares-Chica3-252x252.jpg 252w, https:\/\/www.preuniversitariocumbre.com\/ws\/wp-content\/uploads\/2015\/10\/Clases-Particulares-Chica3-73x73.jpg 73w, https:\/\/www.preuniversitariocumbre.com\/ws\/wp-content\/uploads\/2015\/10\/Clases-Particulares-Chica3-174x174.jpg 174w, https:\/\/www.preuniversitariocumbre.com\/ws\/wp-content\/uploads\/2015\/10\/Clases-Particulares-Chica3-250x250.jpg 250w\" sizes=\"(max-width: 370px) 100vw, 370px\" \/>Contamos con profesores de todas las asignaturas y niveles, de gran experiencia pedag\u00f3gica, que atienden a ni\u00f1os y j\u00f3venes en los colegios m\u00e1s exigentes de Santiago. Las clases se realizan en nuestras dependencias, de acuerdo a la disponibilidad horaria del alumno, de manera totalmente personalizada.<\/p>\n<p style=\"text-align: left;\">En nuestro <a href=\"http:\/\/www.preuniversitariocumbre.com\/ws\/#team\">staff docente<\/a> no participan estudiantes que ense\u00f1en a otros, pues\u00a0creemos firmemente que nuestra\u00a0ense\u00f1anza debe ser impartida por profesionales que estudiaron para ello.<\/p>\n<p style=\"text-align: left;\">Si deseas subir tus notas, cotiza hoy con nosotros llenando el siguiente formulario:<\/p>\n<p style=\"text-align: justify;\">[ninja_forms id=12]\n<p>&nbsp;<\/p>\n[soliloquy slug=&#8221;clasesslider&#8221;]\n<p>&nbsp;<\/p>\n","protected":false},"excerpt":{"rendered":"<p>Lograr un buen desempe\u00f1o escolar durante todo el a\u00f1o y mantener las notas altas puede resultar dif\u00edcil. Es por esto que en Cumbre ofrecemos clases particulares para ni\u00f1os y j\u00f3venes desde preescolar (con estimulaci\u00f3n motriz y desarrollos de las habilidades psicomotoras), pasando por la educaci\u00f3n b\u00e1sica y media hasta la universidad, en todas las asignaturas,<a href=\"https:\/\/www.preuniversitariocumbre.com\/ws\/clases-particulares\/\">[&#8230;]<\/a><\/p>\n","protected":false},"author":1,"featured_media":954,"parent":0,"menu_order":0,"comment_status":"closed","ping_status":"closed","template":"","meta":{"_joinchat":[],"footnotes":""},"class_list":["post-188","page","type-page","status-publish","has-post-thumbnail","hentry"],"yoast_head":"<!-- This site is optimized with the Yoast SEO plugin v24.2 - https:\/\/yoast.com\/wordpress\/plugins\/seo\/ -->\n<title>Clases Particulares - Apoyo escolar - Pe\u00f1alol\u00e9n - Preuniversitario Cumbre<\/title>\n<meta name=\"description\" content=\"Matem\u00e1tica, lenguaje, historia, ciencias, f\u00edsica... Clases particulares de calidad en todas las asignaturas, desde 1ero b\u00e1sico hasta la universidad.\" \/>\n<meta name=\"robots\" content=\"index, follow, max-snippet:-1, max-image-preview:large, max-video-preview:-1\" \/>\n<link rel=\"canonical\" href=\"https:\/\/www.preuniversitariocumbre.com\/ws\/clases-particulares\/\" \/>\n<meta property=\"og:locale\" content=\"es_ES\" \/>\n<meta property=\"og:type\" content=\"article\" \/>\n<meta property=\"og:title\" content=\"Clases Particulares - Apoyo escolar - Pe\u00f1alol\u00e9n - Preuniversitario Cumbre\" \/>\n<meta property=\"og:description\" content=\"Matem\u00e1tica, lenguaje, historia, ciencias, f\u00edsica... Clases particulares de calidad en todas las asignaturas, desde 1ero b\u00e1sico hasta la universidad.\" \/>\n<meta property=\"og:url\" content=\"https:\/\/www.preuniversitariocumbre.com\/ws\/clases-particulares\/\" \/>\n<meta property=\"og:site_name\" content=\"Preuniversitario Cumbre\" \/>\n<meta property=\"article:publisher\" content=\"https:\/\/www.facebook.com\/cumbre.preuniversitario\/\" \/>\n<meta property=\"article:modified_time\" content=\"2017-11-14T21:14:16+00:00\" \/>\n<meta property=\"og:image\" content=\"https:\/\/www.preuniversitariocumbre.com\/ws\/wp-content\/uploads\/2015\/10\/Estudiar-solo-face-logo.jpg\" \/>\n\t<meta property=\"og:image:width\" content=\"650\" \/>\n\t<meta property=\"og:image:height\" content=\"339\" \/>\n\t<meta property=\"og:image:type\" content=\"image\/jpeg\" \/>\n<meta name=\"twitter:card\" content=\"summary_large_image\" \/>\n<meta name=\"twitter:site\" content=\"@PSUCumbre\" \/>\n<meta name=\"twitter:label1\" content=\"Tiempo estimado de lectura\" \/>\n\t<meta name=\"twitter:data1\" content=\"1 minuto\" \/>\n<script type=\"application\/ld+json\" class=\"yoast-schema-graph\">{\"@context\":\"https:\/\/schema.org\",\"@graph\":[{\"@type\":\"WebPage\",\"@id\":\"https:\/\/www.preuniversitariocumbre.com\/ws\/clases-particulares\/\",\"url\":\"https:\/\/www.preuniversitariocumbre.com\/ws\/clases-particulares\/\",\"name\":\"Clases Particulares - Apoyo escolar - Pe\u00f1alol\u00e9n - Preuniversitario Cumbre\",\"isPartOf\":{\"@id\":\"https:\/\/www.preuniversitariocumbre.com\/ws\/#website\"},\"primaryImageOfPage\":{\"@id\":\"https:\/\/www.preuniversitariocumbre.com\/ws\/clases-particulares\/#primaryimage\"},\"image\":{\"@id\":\"https:\/\/www.preuniversitariocumbre.com\/ws\/clases-particulares\/#primaryimage\"},\"thumbnailUrl\":\"https:\/\/www.preuniversitariocumbre.com\/ws\/wp-content\/uploads\/2015\/10\/Estudiar-solo-face-logo.jpg\",\"datePublished\":\"2015-10-05T02:07:03+00:00\",\"dateModified\":\"2017-11-14T21:14:16+00:00\",\"description\":\"Matem\u00e1tica, lenguaje, historia, ciencias, f\u00edsica... Clases particulares de calidad en todas las asignaturas, desde 1ero b\u00e1sico hasta la universidad.\",\"breadcrumb\":{\"@id\":\"https:\/\/www.preuniversitariocumbre.com\/ws\/clases-particulares\/#breadcrumb\"},\"inLanguage\":\"es-CL\",\"potentialAction\":[{\"@type\":\"ReadAction\",\"target\":[\"https:\/\/www.preuniversitariocumbre.com\/ws\/clases-particulares\/\"]}]},{\"@type\":\"ImageObject\",\"inLanguage\":\"es-CL\",\"@id\":\"https:\/\/www.preuniversitariocumbre.com\/ws\/clases-particulares\/#primaryimage\",\"url\":\"https:\/\/www.preuniversitariocumbre.com\/ws\/wp-content\/uploads\/2015\/10\/Estudiar-solo-face-logo.jpg\",\"contentUrl\":\"https:\/\/www.preuniversitariocumbre.com\/ws\/wp-content\/uploads\/2015\/10\/Estudiar-solo-face-logo.jpg\",\"width\":650,\"height\":339},{\"@type\":\"BreadcrumbList\",\"@id\":\"https:\/\/www.preuniversitariocumbre.com\/ws\/clases-particulares\/#breadcrumb\",\"itemListElement\":[{\"@type\":\"ListItem\",\"position\":1,\"name\":\"Home\",\"item\":\"https:\/\/www.preuniversitariocumbre.com\/ws\/\"},{\"@type\":\"ListItem\",\"position\":2,\"name\":\"Clases Particulares\"}]},{\"@type\":\"WebSite\",\"@id\":\"https:\/\/www.preuniversitariocumbre.com\/ws\/#website\",\"url\":\"https:\/\/www.preuniversitariocumbre.com\/ws\/\",\"name\":\"Preuniversitario Cumbre\",\"description\":\"El Mejor Preu 100% Personalizado de Chile\",\"publisher\":{\"@id\":\"https:\/\/www.preuniversitariocumbre.com\/ws\/#organization\"},\"potentialAction\":[{\"@type\":\"SearchAction\",\"target\":{\"@type\":\"EntryPoint\",\"urlTemplate\":\"https:\/\/www.preuniversitariocumbre.com\/ws\/?s={search_term_string}\"},\"query-input\":{\"@type\":\"PropertyValueSpecification\",\"valueRequired\":true,\"valueName\":\"search_term_string\"}}],\"inLanguage\":\"es-CL\"},{\"@type\":\"Organization\",\"@id\":\"https:\/\/www.preuniversitariocumbre.com\/ws\/#organization\",\"name\":\"Preuniversitario Cumbre\",\"url\":\"https:\/\/www.preuniversitariocumbre.com\/ws\/\",\"logo\":{\"@type\":\"ImageObject\",\"inLanguage\":\"es-CL\",\"@id\":\"https:\/\/www.preuniversitariocumbre.com\/ws\/#\/schema\/logo\/image\/\",\"url\":\"https:\/\/www.preuniversitariocumbre.com\/ws\/wp-content\/uploads\/2017\/06\/Logo-new-web2.png\",\"contentUrl\":\"https:\/\/www.preuniversitariocumbre.com\/ws\/wp-content\/uploads\/2017\/06\/Logo-new-web2.png\",\"width\":545,\"height\":238,\"caption\":\"Preuniversitario Cumbre\"},\"image\":{\"@id\":\"https:\/\/www.preuniversitariocumbre.com\/ws\/#\/schema\/logo\/image\/\"},\"sameAs\":[\"https:\/\/www.facebook.com\/cumbre.preuniversitario\/\",\"https:\/\/x.com\/PSUCumbre\",\"https:\/\/www.instagram.com\/preucumbre\/\"]}]}<\/script>\n<!-- \/ Yoast SEO plugin. -->","yoast_head_json":{"title":"Clases Particulares - Apoyo escolar - Pe\u00f1alol\u00e9n - Preuniversitario Cumbre","description":"Matem\u00e1tica, lenguaje, historia, ciencias, f\u00edsica... Clases particulares de calidad en todas las asignaturas, desde 1ero b\u00e1sico hasta la universidad.","robots":{"index":"index","follow":"follow","max-snippet":"max-snippet:-1","max-image-preview":"max-image-preview:large","max-video-preview":"max-video-preview:-1"},"canonical":"https:\/\/www.preuniversitariocumbre.com\/ws\/clases-particulares\/","og_locale":"es_ES","og_type":"article","og_title":"Clases Particulares - Apoyo escolar - Pe\u00f1alol\u00e9n - Preuniversitario Cumbre","og_description":"Matem\u00e1tica, lenguaje, historia, ciencias, f\u00edsica... Clases particulares de calidad en todas las asignaturas, desde 1ero b\u00e1sico hasta la universidad.","og_url":"https:\/\/www.preuniversitariocumbre.com\/ws\/clases-particulares\/","og_site_name":"Preuniversitario Cumbre","article_publisher":"https:\/\/www.facebook.com\/cumbre.preuniversitario\/","article_modified_time":"2017-11-14T21:14:16+00:00","og_image":[{"width":650,"height":339,"url":"https:\/\/www.preuniversitariocumbre.com\/ws\/wp-content\/uploads\/2015\/10\/Estudiar-solo-face-logo.jpg","type":"image\/jpeg"}],"twitter_card":"summary_large_image","twitter_site":"@PSUCumbre","twitter_misc":{"Tiempo estimado de lectura":"1 minuto"},"schema":{"@context":"https:\/\/schema.org","@graph":[{"@type":"WebPage","@id":"https:\/\/www.preuniversitariocumbre.com\/ws\/clases-particulares\/","url":"https:\/\/www.preuniversitariocumbre.com\/ws\/clases-particulares\/","name":"Clases Particulares - Apoyo escolar - Pe\u00f1alol\u00e9n - Preuniversitario Cumbre","isPartOf":{"@id":"https:\/\/www.preuniversitariocumbre.com\/ws\/#website"},"primaryImageOfPage":{"@id":"https:\/\/www.preuniversitariocumbre.com\/ws\/clases-particulares\/#primaryimage"},"image":{"@id":"https:\/\/www.preuniversitariocumbre.com\/ws\/clases-particulares\/#primaryimage"},"thumbnailUrl":"https:\/\/www.preuniversitariocumbre.com\/ws\/wp-content\/uploads\/2015\/10\/Estudiar-solo-face-logo.jpg","datePublished":"2015-10-05T02:07:03+00:00","dateModified":"2017-11-14T21:14:16+00:00","description":"Matem\u00e1tica, lenguaje, historia, ciencias, f\u00edsica... Clases particulares de calidad en todas las asignaturas, desde 1ero b\u00e1sico hasta la universidad.","breadcrumb":{"@id":"https:\/\/www.preuniversitariocumbre.com\/ws\/clases-particulares\/#breadcrumb"},"inLanguage":"es-CL","potentialAction":[{"@type":"ReadAction","target":["https:\/\/www.preuniversitariocumbre.com\/ws\/clases-particulares\/"]}]},{"@type":"ImageObject","inLanguage":"es-CL","@id":"https:\/\/www.preuniversitariocumbre.com\/ws\/clases-particulares\/#primaryimage","url":"https:\/\/www.preuniversitariocumbre.com\/ws\/wp-content\/uploads\/2015\/10\/Estudiar-solo-face-logo.jpg","contentUrl":"https:\/\/www.preuniversitariocumbre.com\/ws\/wp-content\/uploads\/2015\/10\/Estudiar-solo-face-logo.jpg","width":650,"height":339},{"@type":"BreadcrumbList","@id":"https:\/\/www.preuniversitariocumbre.com\/ws\/clases-particulares\/#breadcrumb","itemListElement":[{"@type":"ListItem","position":1,"name":"Home","item":"https:\/\/www.preuniversitariocumbre.com\/ws\/"},{"@type":"ListItem","position":2,"name":"Clases Particulares"}]},{"@type":"WebSite","@id":"https:\/\/www.preuniversitariocumbre.com\/ws\/#website","url":"https:\/\/www.preuniversitariocumbre.com\/ws\/","name":"Preuniversitario Cumbre","description":"El Mejor Preu 100% Personalizado de Chile","publisher":{"@id":"https:\/\/www.preuniversitariocumbre.com\/ws\/#organization"},"potentialAction":[{"@type":"SearchAction","target":{"@type":"EntryPoint","urlTemplate":"https:\/\/www.preuniversitariocumbre.com\/ws\/?s={search_term_string}"},"query-input":{"@type":"PropertyValueSpecification","valueRequired":true,"valueName":"search_term_string"}}],"inLanguage":"es-CL"},{"@type":"Organization","@id":"https:\/\/www.preuniversitariocumbre.com\/ws\/#organization","name":"Preuniversitario Cumbre","url":"https:\/\/www.preuniversitariocumbre.com\/ws\/","logo":{"@type":"ImageObject","inLanguage":"es-CL","@id":"https:\/\/www.preuniversitariocumbre.com\/ws\/#\/schema\/logo\/image\/","url":"https:\/\/www.preuniversitariocumbre.com\/ws\/wp-content\/uploads\/2017\/06\/Logo-new-web2.png","contentUrl":"https:\/\/www.preuniversitariocumbre.com\/ws\/wp-content\/uploads\/2017\/06\/Logo-new-web2.png","width":545,"height":238,"caption":"Preuniversitario Cumbre"},"image":{"@id":"https:\/\/www.preuniversitariocumbre.com\/ws\/#\/schema\/logo\/image\/"},"sameAs":["https:\/\/www.facebook.com\/cumbre.preuniversitario\/","https:\/\/x.com\/PSUCumbre","https:\/\/www.instagram.com\/preucumbre\/"]}]}},"_links":{"self":[{"href":"https:\/\/www.preuniversitariocumbre.com\/ws\/wp-json\/wp\/v2\/pages\/188","targetHints":{"allow":["GET"]}}],"collection":[{"href":"https:\/\/www.preuniversitariocumbre.com\/ws\/wp-json\/wp\/v2\/pages"}],"about":[{"href":"https:\/\/www.preuniversitariocumbre.com\/ws\/wp-json\/wp\/v2\/types\/page"}],"author":[{"embeddable":true,"href":"https:\/\/www.preuniversitariocumbre.com\/ws\/wp-json\/wp\/v2\/users\/1"}],"replies":[{"embeddable":true,"href":"https:\/\/www.preuniversitariocumbre.com\/ws\/wp-json\/wp\/v2\/comments?post=188"}],"version-history":[{"count":20,"href":"https:\/\/www.preuniversitariocumbre.com\/ws\/wp-json\/wp\/v2\/pages\/188\/revisions"}],"predecessor-version":[{"id":1498,"href":"https:\/\/www.preuniversitariocumbre.com\/ws\/wp-json\/wp\/v2\/pages\/188\/revisions\/1498"}],"wp:featuredmedia":[{"embeddable":true,"href":"https:\/\/www.preuniversitariocumbre.com\/ws\/wp-json\/wp\/v2\/media\/954"}],"wp:attachment":[{"href":"https:\/\/www.preuniversitariocumbre.com\/ws\/wp-json\/wp\/v2\/media?parent=188"}],"curies":[{"name":"wp","href":"https:\/\/api.w.org\/{rel}","templated":true}]}}