{"id":2220,"date":"2018-12-18T19:27:12","date_gmt":"2018-12-18T22:27:12","guid":{"rendered":"http:\/\/www.preuniversitariocumbre.com\/ws\/?page_id=2220"},"modified":"2019-05-25T20:21:39","modified_gmt":"2019-05-25T23:21:39","slug":"plan-anual","status":"publish","type":"page","link":"https:\/\/www.preuniversitariocumbre.com\/ws\/plan-anual\/","title":{"rendered":"Plan anual"},"content":{"rendered":"<p><a href=\"http:\/\/www.preuniversitariocumbre.com\/ws\/wp-content\/uploads\/2016\/12\/puntajes800-e1545171867662.png\"><img decoding=\"async\" class=\"aligncenter size-full wp-image-2029\" src=\"http:\/\/www.preuniversitariocumbre.com\/ws\/wp-content\/uploads\/2016\/12\/puntajes800-e1545171867662.png\" alt=\"\" width=\"990\" height=\"373\" srcset=\"https:\/\/www.preuniversitariocumbre.com\/ws\/wp-content\/uploads\/2016\/12\/puntajes800-e1545171867662.png 990w, https:\/\/www.preuniversitariocumbre.com\/ws\/wp-content\/uploads\/2016\/12\/puntajes800-e1545171867662-600x226.png 600w\" sizes=\"(max-width: 990px) 100vw, 990px\" \/><\/a><\/p>\n<p>\u00a0<\/p>\n<h2>\u00bfPara qui\u00e9n es este plan?<\/h2>\n<p>El plan anual est\u00e1 dirigido a todos los alumnos que desean lograr sus objetivos en la PSU a trav\u00e9s de una preparaci\u00f3n completa en lenguaje, matem\u00e1tica, historia y\/o ciencias. La cercan\u00eda y el grado de responsabilidad que deben tomar los estudiantes, hacen de este plan un puente entre la ense\u00f1anza media y el primer a\u00f1o de universidad.<\/p>\n<p><strong>METODOLOG\u00cdA<\/strong><\/p>\n<p>Se asiste de lunes a viernes a sesiones te\u00f3ricas de una hora cronol\u00f3gica dos veces por semana y talleres pr\u00e1cticos de una hora y media pedag\u00f3gica\u00a0de duraci\u00f3n, con un alto grado de exigencia, en los cuales se incluye entrega de material de calidad.<\/p>\n<p>Se realizan ensayos mensuales por asignatura, los cuales son rendidos los d\u00edas s\u00e1bado.<\/p>\n<p><strong>\u00bfCU\u00c1NDO Y C\u00d3MO ME INSCRIBO?<\/strong><\/p>\n<p>La matr\u00edcula ya se encuentra abierta. Puedes inscribirte personalmente en cualquiera de nuestras sedes (<a href=\"http:\/\/www.preuniversitariocumbre.com\/ws\/nuestra-ubicacion\/\">Ver ubicaci\u00f3n y horarios de atenci\u00f3n<\/a>), o tambi\u00e9n puedes llenar la siguiente\u00a0planilla y con gusto te contactaremos.<\/p>\n<p>\u00a0<\/p>\n<h2>Planilla de pre-inscripci\u00f3n<\/h2>\n[ninja_form id=1]\n\n\n<p><\/p>\n","protected":false},"excerpt":{"rendered":"<p>\u00a0 \u00bfPara qui\u00e9n es este plan? El plan anual est\u00e1 dirigido a todos los alumnos que desean lograr sus objetivos en la PSU a trav\u00e9s de una preparaci\u00f3n completa en lenguaje, matem\u00e1tica, historia y\/o ciencias. La cercan\u00eda y el grado de responsabilidad que deben tomar los estudiantes, hacen de este plan un puente entre la<a href=\"https:\/\/www.preuniversitariocumbre.com\/ws\/plan-anual\/\">[&#8230;]<\/a><\/p>\n","protected":false},"author":1,"featured_media":0,"parent":0,"menu_order":0,"comment_status":"closed","ping_status":"closed","template":"template-fullwidth.php","meta":{"_joinchat":[],"footnotes":""},"class_list":["post-2220","page","type-page","status-publish","hentry"],"yoast_head":"<!-- This site is optimized with the Yoast SEO plugin v24.2 - https:\/\/yoast.com\/wordpress\/plugins\/seo\/ -->\n<title>Plan anual - Preuniversitario Cumbre - El Preu de Pe\u00f1alol\u00e9n<\/title>\n<meta name=\"description\" content=\"\u00bfQu\u00e9 estas esperando? con el plan anual lograr\u00e1s tus objetivos en la PSU mediante una preparaci\u00f3n completa en lenguaje, matem\u00e1tica, historia y\/o ciencias.\" \/>\n<meta name=\"robots\" content=\"index, follow, max-snippet:-1, max-image-preview:large, max-video-preview:-1\" \/>\n<link rel=\"canonical\" href=\"https:\/\/www.preuniversitariocumbre.com\/ws\/plan-anual\/\" \/>\n<meta property=\"og:locale\" content=\"es_ES\" \/>\n<meta property=\"og:type\" content=\"article\" \/>\n<meta property=\"og:title\" content=\"Plan anual - Preuniversitario Cumbre - El Preu de Pe\u00f1alol\u00e9n\" \/>\n<meta property=\"og:description\" content=\"\u00bfQu\u00e9 estas esperando? con el plan anual lograr\u00e1s tus objetivos en la PSU mediante una preparaci\u00f3n completa en lenguaje, matem\u00e1tica, historia y\/o ciencias.\" \/>\n<meta property=\"og:url\" content=\"https:\/\/www.preuniversitariocumbre.com\/ws\/plan-anual\/\" \/>\n<meta property=\"og:site_name\" content=\"Preuniversitario Cumbre\" \/>\n<meta property=\"article:publisher\" content=\"https:\/\/www.facebook.com\/cumbre.preuniversitario\/\" \/>\n<meta property=\"article:modified_time\" content=\"2019-05-25T23:21:39+00:00\" \/>\n<meta property=\"og:image\" content=\"https:\/\/www.preuniversitariocumbre.com\/ws\/wp-content\/uploads\/2016\/12\/puntajes800-e1545171867662.png\" \/>\n\t<meta property=\"og:image:width\" content=\"990\" \/>\n\t<meta property=\"og:image:height\" content=\"373\" \/>\n\t<meta property=\"og:image:type\" content=\"image\/png\" \/>\n<meta name=\"twitter:card\" content=\"summary_large_image\" \/>\n<meta name=\"twitter:site\" content=\"@PSUCumbre\" \/>\n<meta name=\"twitter:label1\" content=\"Tiempo estimado de lectura\" \/>\n\t<meta name=\"twitter:data1\" content=\"1 minuto\" \/>\n<script type=\"application\/ld+json\" class=\"yoast-schema-graph\">{\"@context\":\"https:\/\/schema.org\",\"@graph\":[{\"@type\":\"WebPage\",\"@id\":\"https:\/\/www.preuniversitariocumbre.com\/ws\/plan-anual\/\",\"url\":\"https:\/\/www.preuniversitariocumbre.com\/ws\/plan-anual\/\",\"name\":\"Plan anual - Preuniversitario Cumbre - El Preu de Pe\u00f1alol\u00e9n\",\"isPartOf\":{\"@id\":\"https:\/\/www.preuniversitariocumbre.com\/ws\/#website\"},\"primaryImageOfPage\":{\"@id\":\"https:\/\/www.preuniversitariocumbre.com\/ws\/plan-anual\/#primaryimage\"},\"image\":{\"@id\":\"https:\/\/www.preuniversitariocumbre.com\/ws\/plan-anual\/#primaryimage\"},\"thumbnailUrl\":\"http:\/\/www.preuniversitariocumbre.com\/ws\/wp-content\/uploads\/2016\/12\/puntajes800-e1545171867662.png\",\"datePublished\":\"2018-12-18T22:27:12+00:00\",\"dateModified\":\"2019-05-25T23:21:39+00:00\",\"description\":\"\u00bfQu\u00e9 estas esperando? con el plan anual lograr\u00e1s tus objetivos en la PSU mediante una preparaci\u00f3n completa en lenguaje, matem\u00e1tica, historia y\/o ciencias.\",\"breadcrumb\":{\"@id\":\"https:\/\/www.preuniversitariocumbre.com\/ws\/plan-anual\/#breadcrumb\"},\"inLanguage\":\"es-CL\",\"potentialAction\":[{\"@type\":\"ReadAction\",\"target\":[\"https:\/\/www.preuniversitariocumbre.com\/ws\/plan-anual\/\"]}]},{\"@type\":\"ImageObject\",\"inLanguage\":\"es-CL\",\"@id\":\"https:\/\/www.preuniversitariocumbre.com\/ws\/plan-anual\/#primaryimage\",\"url\":\"http:\/\/www.preuniversitariocumbre.com\/ws\/wp-content\/uploads\/2016\/12\/puntajes800-e1545171867662.png\",\"contentUrl\":\"http:\/\/www.preuniversitariocumbre.com\/ws\/wp-content\/uploads\/2016\/12\/puntajes800-e1545171867662.png\"},{\"@type\":\"BreadcrumbList\",\"@id\":\"https:\/\/www.preuniversitariocumbre.com\/ws\/plan-anual\/#breadcrumb\",\"itemListElement\":[{\"@type\":\"ListItem\",\"position\":1,\"name\":\"Home\",\"item\":\"https:\/\/www.preuniversitariocumbre.com\/ws\/\"},{\"@type\":\"ListItem\",\"position\":2,\"name\":\"Plan anual\"}]},{\"@type\":\"WebSite\",\"@id\":\"https:\/\/www.preuniversitariocumbre.com\/ws\/#website\",\"url\":\"https:\/\/www.preuniversitariocumbre.com\/ws\/\",\"name\":\"Preuniversitario Cumbre\",\"description\":\"El Mejor Preu 100% Personalizado de Chile\",\"publisher\":{\"@id\":\"https:\/\/www.preuniversitariocumbre.com\/ws\/#organization\"},\"potentialAction\":[{\"@type\":\"SearchAction\",\"target\":{\"@type\":\"EntryPoint\",\"urlTemplate\":\"https:\/\/www.preuniversitariocumbre.com\/ws\/?s={search_term_string}\"},\"query-input\":{\"@type\":\"PropertyValueSpecification\",\"valueRequired\":true,\"valueName\":\"search_term_string\"}}],\"inLanguage\":\"es-CL\"},{\"@type\":\"Organization\",\"@id\":\"https:\/\/www.preuniversitariocumbre.com\/ws\/#organization\",\"name\":\"Preuniversitario Cumbre\",\"url\":\"https:\/\/www.preuniversitariocumbre.com\/ws\/\",\"logo\":{\"@type\":\"ImageObject\",\"inLanguage\":\"es-CL\",\"@id\":\"https:\/\/www.preuniversitariocumbre.com\/ws\/#\/schema\/logo\/image\/\",\"url\":\"https:\/\/www.preuniversitariocumbre.com\/ws\/wp-content\/uploads\/2017\/06\/Logo-new-web2.png\",\"contentUrl\":\"https:\/\/www.preuniversitariocumbre.com\/ws\/wp-content\/uploads\/2017\/06\/Logo-new-web2.png\",\"width\":545,\"height\":238,\"caption\":\"Preuniversitario Cumbre\"},\"image\":{\"@id\":\"https:\/\/www.preuniversitariocumbre.com\/ws\/#\/schema\/logo\/image\/\"},\"sameAs\":[\"https:\/\/www.facebook.com\/cumbre.preuniversitario\/\",\"https:\/\/x.com\/PSUCumbre\",\"https:\/\/www.instagram.com\/preucumbre\/\"]}]}<\/script>\n<!-- \/ Yoast SEO plugin. -->","yoast_head_json":{"title":"Plan anual - Preuniversitario Cumbre - El Preu de Pe\u00f1alol\u00e9n","description":"\u00bfQu\u00e9 estas esperando? con el plan anual lograr\u00e1s tus objetivos en la PSU mediante una preparaci\u00f3n completa en lenguaje, matem\u00e1tica, historia y\/o ciencias.","robots":{"index":"index","follow":"follow","max-snippet":"max-snippet:-1","max-image-preview":"max-image-preview:large","max-video-preview":"max-video-preview:-1"},"canonical":"https:\/\/www.preuniversitariocumbre.com\/ws\/plan-anual\/","og_locale":"es_ES","og_type":"article","og_title":"Plan anual - Preuniversitario Cumbre - El Preu de Pe\u00f1alol\u00e9n","og_description":"\u00bfQu\u00e9 estas esperando? con el plan anual lograr\u00e1s tus objetivos en la PSU mediante una preparaci\u00f3n completa en lenguaje, matem\u00e1tica, historia y\/o ciencias.","og_url":"https:\/\/www.preuniversitariocumbre.com\/ws\/plan-anual\/","og_site_name":"Preuniversitario Cumbre","article_publisher":"https:\/\/www.facebook.com\/cumbre.preuniversitario\/","article_modified_time":"2019-05-25T23:21:39+00:00","og_image":[{"width":990,"height":373,"url":"https:\/\/www.preuniversitariocumbre.com\/ws\/wp-content\/uploads\/2016\/12\/puntajes800-e1545171867662.png","type":"image\/png"}],"twitter_card":"summary_large_image","twitter_site":"@PSUCumbre","twitter_misc":{"Tiempo estimado de lectura":"1 minuto"},"schema":{"@context":"https:\/\/schema.org","@graph":[{"@type":"WebPage","@id":"https:\/\/www.preuniversitariocumbre.com\/ws\/plan-anual\/","url":"https:\/\/www.preuniversitariocumbre.com\/ws\/plan-anual\/","name":"Plan anual - Preuniversitario Cumbre - El Preu de Pe\u00f1alol\u00e9n","isPartOf":{"@id":"https:\/\/www.preuniversitariocumbre.com\/ws\/#website"},"primaryImageOfPage":{"@id":"https:\/\/www.preuniversitariocumbre.com\/ws\/plan-anual\/#primaryimage"},"image":{"@id":"https:\/\/www.preuniversitariocumbre.com\/ws\/plan-anual\/#primaryimage"},"thumbnailUrl":"http:\/\/www.preuniversitariocumbre.com\/ws\/wp-content\/uploads\/2016\/12\/puntajes800-e1545171867662.png","datePublished":"2018-12-18T22:27:12+00:00","dateModified":"2019-05-25T23:21:39+00:00","description":"\u00bfQu\u00e9 estas esperando? con el plan anual lograr\u00e1s tus objetivos en la PSU mediante una preparaci\u00f3n completa en lenguaje, matem\u00e1tica, historia y\/o ciencias.","breadcrumb":{"@id":"https:\/\/www.preuniversitariocumbre.com\/ws\/plan-anual\/#breadcrumb"},"inLanguage":"es-CL","potentialAction":[{"@type":"ReadAction","target":["https:\/\/www.preuniversitariocumbre.com\/ws\/plan-anual\/"]}]},{"@type":"ImageObject","inLanguage":"es-CL","@id":"https:\/\/www.preuniversitariocumbre.com\/ws\/plan-anual\/#primaryimage","url":"http:\/\/www.preuniversitariocumbre.com\/ws\/wp-content\/uploads\/2016\/12\/puntajes800-e1545171867662.png","contentUrl":"http:\/\/www.preuniversitariocumbre.com\/ws\/wp-content\/uploads\/2016\/12\/puntajes800-e1545171867662.png"},{"@type":"BreadcrumbList","@id":"https:\/\/www.preuniversitariocumbre.com\/ws\/plan-anual\/#breadcrumb","itemListElement":[{"@type":"ListItem","position":1,"name":"Home","item":"https:\/\/www.preuniversitariocumbre.com\/ws\/"},{"@type":"ListItem","position":2,"name":"Plan anual"}]},{"@type":"WebSite","@id":"https:\/\/www.preuniversitariocumbre.com\/ws\/#website","url":"https:\/\/www.preuniversitariocumbre.com\/ws\/","name":"Preuniversitario Cumbre","description":"El Mejor Preu 100% Personalizado de Chile","publisher":{"@id":"https:\/\/www.preuniversitariocumbre.com\/ws\/#organization"},"potentialAction":[{"@type":"SearchAction","target":{"@type":"EntryPoint","urlTemplate":"https:\/\/www.preuniversitariocumbre.com\/ws\/?s={search_term_string}"},"query-input":{"@type":"PropertyValueSpecification","valueRequired":true,"valueName":"search_term_string"}}],"inLanguage":"es-CL"},{"@type":"Organization","@id":"https:\/\/www.preuniversitariocumbre.com\/ws\/#organization","name":"Preuniversitario Cumbre","url":"https:\/\/www.preuniversitariocumbre.com\/ws\/","logo":{"@type":"ImageObject","inLanguage":"es-CL","@id":"https:\/\/www.preuniversitariocumbre.com\/ws\/#\/schema\/logo\/image\/","url":"https:\/\/www.preuniversitariocumbre.com\/ws\/wp-content\/uploads\/2017\/06\/Logo-new-web2.png","contentUrl":"https:\/\/www.preuniversitariocumbre.com\/ws\/wp-content\/uploads\/2017\/06\/Logo-new-web2.png","width":545,"height":238,"caption":"Preuniversitario Cumbre"},"image":{"@id":"https:\/\/www.preuniversitariocumbre.com\/ws\/#\/schema\/logo\/image\/"},"sameAs":["https:\/\/www.facebook.com\/cumbre.preuniversitario\/","https:\/\/x.com\/PSUCumbre","https:\/\/www.instagram.com\/preucumbre\/"]}]}},"_links":{"self":[{"href":"https:\/\/www.preuniversitariocumbre.com\/ws\/wp-json\/wp\/v2\/pages\/2220","targetHints":{"allow":["GET"]}}],"collection":[{"href":"https:\/\/www.preuniversitariocumbre.com\/ws\/wp-json\/wp\/v2\/pages"}],"about":[{"href":"https:\/\/www.preuniversitariocumbre.com\/ws\/wp-json\/wp\/v2\/types\/page"}],"author":[{"embeddable":true,"href":"https:\/\/www.preuniversitariocumbre.com\/ws\/wp-json\/wp\/v2\/users\/1"}],"replies":[{"embeddable":true,"href":"https:\/\/www.preuniversitariocumbre.com\/ws\/wp-json\/wp\/v2\/comments?post=2220"}],"version-history":[{"count":4,"href":"https:\/\/www.preuniversitariocumbre.com\/ws\/wp-json\/wp\/v2\/pages\/2220\/revisions"}],"predecessor-version":[{"id":2493,"href":"https:\/\/www.preuniversitariocumbre.com\/ws\/wp-json\/wp\/v2\/pages\/2220\/revisions\/2493"}],"wp:attachment":[{"href":"https:\/\/www.preuniversitariocumbre.com\/ws\/wp-json\/wp\/v2\/media?parent=2220"}],"curies":[{"name":"wp","href":"https:\/\/api.w.org\/{rel}","templated":true}]}}