{"id":2233,"date":"2018-12-21T16:34:06","date_gmt":"2018-12-21T19:34:06","guid":{"rendered":"http:\/\/www.preuniversitariocumbre.com\/ws\/?page_id=2233"},"modified":"2019-05-21T18:02:21","modified_gmt":"2019-05-21T21:02:21","slug":"vision","status":"publish","type":"page","link":"https:\/\/www.preuniversitariocumbre.com\/ws\/vision\/","title":{"rendered":"Visi\u00f3n"},"content":{"rendered":"<p><img decoding=\"async\" class=\"alignleft\" src=\"http:\/\/www.preuniversitariocumbre.com\/ws\/wp-content\/uploads\/2019\/05\/52253330_2342807752406876_729398468925194240_n-750x500.jpg\" alt=\"\" width=\"516\" height=\"344\" \/>Preuniversitario Cumbre se funda hace m\u00e1s de veinte a\u00f1os, de acuerdo a las necesidades propias de los alumnos que atiende.<\/p>\n<p style=\"text-align: justify;\">A partir de esta realidad, se formula un modelo de ense\u00f1anza basado en tres principios pedag\u00f3gicos fundamentales: personalizaci\u00f3n, exigencia y responsabilidad. Tambi\u00e9n, est\u00e1 centrado en dos grandes objetivos, que son permitir el ingreso a la universidad de la gran mayor\u00eda de nuestros alumnos y desarrollar en ellos una disciplina acad\u00e9mica e intelectual que permita el \u00e9xito en su primer a\u00f1o de educaci\u00f3n superior.<\/p>\n<p style=\"text-align: justify;\">Del mismo modo, nos parece fundamental la calidad de nuestros profesores, la vocaci\u00f3n y su alto desempe\u00f1o, pues contribuye a la obtenci\u00f3n de los resultados que en suma mejoran la calidad del servicio entregado. Asimismo, contamos con la infraestructura necesaria y salas perfectamente equipadas, de tal forma que nuestras dependencias permitan un ambiente c\u00f3modo y grato para el trabajo.<\/p>\n<p style=\"text-align: justify;\">Confiados en que nuestros resultados nos avalan, los invitamos a sumarse a nuestro proyecto.<\/p>\n","protected":false},"excerpt":{"rendered":"<p>Preuniversitario Cumbre se funda hace m\u00e1s de veinte a\u00f1os, de acuerdo a las necesidades propias de los alumnos que atiende. A partir de esta realidad, se formula un modelo de ense\u00f1anza basado en tres principios pedag\u00f3gicos fundamentales: personalizaci\u00f3n, exigencia y responsabilidad. Tambi\u00e9n, est\u00e1 centrado en dos grandes objetivos, que son permitir el ingreso a la<a href=\"https:\/\/www.preuniversitariocumbre.com\/ws\/vision\/\">[&#8230;]<\/a><\/p>\n","protected":false},"author":1,"featured_media":0,"parent":0,"menu_order":0,"comment_status":"closed","ping_status":"closed","template":"template-fullwidth.php","meta":{"_joinchat":[],"footnotes":""},"class_list":["post-2233","page","type-page","status-publish","hentry"],"yoast_head":"<!-- This site is optimized with the Yoast SEO plugin v24.2 - https:\/\/yoast.com\/wordpress\/plugins\/seo\/ -->\n<title>Visi\u00f3n - Preuniversitario Cumbre<\/title>\n<meta name=\"robots\" content=\"index, follow, max-snippet:-1, max-image-preview:large, max-video-preview:-1\" \/>\n<link rel=\"canonical\" href=\"https:\/\/www.preuniversitariocumbre.com\/ws\/vision\/\" \/>\n<meta property=\"og:locale\" content=\"es_ES\" \/>\n<meta property=\"og:type\" content=\"article\" \/>\n<meta property=\"og:title\" content=\"Visi\u00f3n - Preuniversitario Cumbre\" \/>\n<meta property=\"og:description\" content=\"Preuniversitario Cumbre se funda hace m\u00e1s de veinte a\u00f1os, de acuerdo a las necesidades propias de los alumnos que atiende. A partir de esta realidad, se formula un modelo de ense\u00f1anza basado en tres principios pedag\u00f3gicos fundamentales: personalizaci\u00f3n, exigencia y responsabilidad. Tambi\u00e9n, est\u00e1 centrado en dos grandes objetivos, que son permitir el ingreso a la[...]\" \/>\n<meta property=\"og:url\" content=\"https:\/\/www.preuniversitariocumbre.com\/ws\/vision\/\" \/>\n<meta property=\"og:site_name\" content=\"Preuniversitario Cumbre\" \/>\n<meta property=\"article:publisher\" content=\"https:\/\/www.facebook.com\/cumbre.preuniversitario\/\" \/>\n<meta property=\"article:modified_time\" content=\"2019-05-21T21:02:21+00:00\" \/>\n<meta property=\"og:image\" content=\"http:\/\/www.preuniversitariocumbre.com\/ws\/wp-content\/uploads\/2019\/05\/52253330_2342807752406876_729398468925194240_n-750x500.jpg\" \/>\n<meta name=\"twitter:card\" content=\"summary_large_image\" \/>\n<meta name=\"twitter:site\" content=\"@PSUCumbre\" \/>\n<meta name=\"twitter:label1\" content=\"Tiempo estimado de lectura\" \/>\n\t<meta name=\"twitter:data1\" content=\"1 minuto\" \/>\n<script type=\"application\/ld+json\" class=\"yoast-schema-graph\">{\"@context\":\"https:\/\/schema.org\",\"@graph\":[{\"@type\":\"WebPage\",\"@id\":\"https:\/\/www.preuniversitariocumbre.com\/ws\/vision\/\",\"url\":\"https:\/\/www.preuniversitariocumbre.com\/ws\/vision\/\",\"name\":\"Visi\u00f3n - Preuniversitario Cumbre\",\"isPartOf\":{\"@id\":\"https:\/\/www.preuniversitariocumbre.com\/ws\/#website\"},\"primaryImageOfPage\":{\"@id\":\"https:\/\/www.preuniversitariocumbre.com\/ws\/vision\/#primaryimage\"},\"image\":{\"@id\":\"https:\/\/www.preuniversitariocumbre.com\/ws\/vision\/#primaryimage\"},\"thumbnailUrl\":\"http:\/\/www.preuniversitariocumbre.com\/ws\/wp-content\/uploads\/2019\/05\/52253330_2342807752406876_729398468925194240_n-750x500.jpg\",\"datePublished\":\"2018-12-21T19:34:06+00:00\",\"dateModified\":\"2019-05-21T21:02:21+00:00\",\"breadcrumb\":{\"@id\":\"https:\/\/www.preuniversitariocumbre.com\/ws\/vision\/#breadcrumb\"},\"inLanguage\":\"es-CL\",\"potentialAction\":[{\"@type\":\"ReadAction\",\"target\":[\"https:\/\/www.preuniversitariocumbre.com\/ws\/vision\/\"]}]},{\"@type\":\"ImageObject\",\"inLanguage\":\"es-CL\",\"@id\":\"https:\/\/www.preuniversitariocumbre.com\/ws\/vision\/#primaryimage\",\"url\":\"http:\/\/www.preuniversitariocumbre.com\/ws\/wp-content\/uploads\/2019\/05\/52253330_2342807752406876_729398468925194240_n-750x500.jpg\",\"contentUrl\":\"http:\/\/www.preuniversitariocumbre.com\/ws\/wp-content\/uploads\/2019\/05\/52253330_2342807752406876_729398468925194240_n-750x500.jpg\"},{\"@type\":\"BreadcrumbList\",\"@id\":\"https:\/\/www.preuniversitariocumbre.com\/ws\/vision\/#breadcrumb\",\"itemListElement\":[{\"@type\":\"ListItem\",\"position\":1,\"name\":\"Home\",\"item\":\"https:\/\/www.preuniversitariocumbre.com\/ws\/\"},{\"@type\":\"ListItem\",\"position\":2,\"name\":\"Visi\u00f3n\"}]},{\"@type\":\"WebSite\",\"@id\":\"https:\/\/www.preuniversitariocumbre.com\/ws\/#website\",\"url\":\"https:\/\/www.preuniversitariocumbre.com\/ws\/\",\"name\":\"Preuniversitario Cumbre\",\"description\":\"El Mejor Preu 100% Personalizado de Chile\",\"publisher\":{\"@id\":\"https:\/\/www.preuniversitariocumbre.com\/ws\/#organization\"},\"potentialAction\":[{\"@type\":\"SearchAction\",\"target\":{\"@type\":\"EntryPoint\",\"urlTemplate\":\"https:\/\/www.preuniversitariocumbre.com\/ws\/?s={search_term_string}\"},\"query-input\":{\"@type\":\"PropertyValueSpecification\",\"valueRequired\":true,\"valueName\":\"search_term_string\"}}],\"inLanguage\":\"es-CL\"},{\"@type\":\"Organization\",\"@id\":\"https:\/\/www.preuniversitariocumbre.com\/ws\/#organization\",\"name\":\"Preuniversitario Cumbre\",\"url\":\"https:\/\/www.preuniversitariocumbre.com\/ws\/\",\"logo\":{\"@type\":\"ImageObject\",\"inLanguage\":\"es-CL\",\"@id\":\"https:\/\/www.preuniversitariocumbre.com\/ws\/#\/schema\/logo\/image\/\",\"url\":\"https:\/\/www.preuniversitariocumbre.com\/ws\/wp-content\/uploads\/2017\/06\/Logo-new-web2.png\",\"contentUrl\":\"https:\/\/www.preuniversitariocumbre.com\/ws\/wp-content\/uploads\/2017\/06\/Logo-new-web2.png\",\"width\":545,\"height\":238,\"caption\":\"Preuniversitario Cumbre\"},\"image\":{\"@id\":\"https:\/\/www.preuniversitariocumbre.com\/ws\/#\/schema\/logo\/image\/\"},\"sameAs\":[\"https:\/\/www.facebook.com\/cumbre.preuniversitario\/\",\"https:\/\/x.com\/PSUCumbre\",\"https:\/\/www.instagram.com\/preucumbre\/\"]}]}<\/script>\n<!-- \/ Yoast SEO plugin. -->","yoast_head_json":{"title":"Visi\u00f3n - Preuniversitario Cumbre","robots":{"index":"index","follow":"follow","max-snippet":"max-snippet:-1","max-image-preview":"max-image-preview:large","max-video-preview":"max-video-preview:-1"},"canonical":"https:\/\/www.preuniversitariocumbre.com\/ws\/vision\/","og_locale":"es_ES","og_type":"article","og_title":"Visi\u00f3n - Preuniversitario Cumbre","og_description":"Preuniversitario Cumbre se funda hace m\u00e1s de veinte a\u00f1os, de acuerdo a las necesidades propias de los alumnos que atiende. A partir de esta realidad, se formula un modelo de ense\u00f1anza basado en tres principios pedag\u00f3gicos fundamentales: personalizaci\u00f3n, exigencia y responsabilidad. Tambi\u00e9n, est\u00e1 centrado en dos grandes objetivos, que son permitir el ingreso a la[...]","og_url":"https:\/\/www.preuniversitariocumbre.com\/ws\/vision\/","og_site_name":"Preuniversitario Cumbre","article_publisher":"https:\/\/www.facebook.com\/cumbre.preuniversitario\/","article_modified_time":"2019-05-21T21:02:21+00:00","og_image":[{"url":"http:\/\/www.preuniversitariocumbre.com\/ws\/wp-content\/uploads\/2019\/05\/52253330_2342807752406876_729398468925194240_n-750x500.jpg","type":"","width":"","height":""}],"twitter_card":"summary_large_image","twitter_site":"@PSUCumbre","twitter_misc":{"Tiempo estimado de lectura":"1 minuto"},"schema":{"@context":"https:\/\/schema.org","@graph":[{"@type":"WebPage","@id":"https:\/\/www.preuniversitariocumbre.com\/ws\/vision\/","url":"https:\/\/www.preuniversitariocumbre.com\/ws\/vision\/","name":"Visi\u00f3n - Preuniversitario Cumbre","isPartOf":{"@id":"https:\/\/www.preuniversitariocumbre.com\/ws\/#website"},"primaryImageOfPage":{"@id":"https:\/\/www.preuniversitariocumbre.com\/ws\/vision\/#primaryimage"},"image":{"@id":"https:\/\/www.preuniversitariocumbre.com\/ws\/vision\/#primaryimage"},"thumbnailUrl":"http:\/\/www.preuniversitariocumbre.com\/ws\/wp-content\/uploads\/2019\/05\/52253330_2342807752406876_729398468925194240_n-750x500.jpg","datePublished":"2018-12-21T19:34:06+00:00","dateModified":"2019-05-21T21:02:21+00:00","breadcrumb":{"@id":"https:\/\/www.preuniversitariocumbre.com\/ws\/vision\/#breadcrumb"},"inLanguage":"es-CL","potentialAction":[{"@type":"ReadAction","target":["https:\/\/www.preuniversitariocumbre.com\/ws\/vision\/"]}]},{"@type":"ImageObject","inLanguage":"es-CL","@id":"https:\/\/www.preuniversitariocumbre.com\/ws\/vision\/#primaryimage","url":"http:\/\/www.preuniversitariocumbre.com\/ws\/wp-content\/uploads\/2019\/05\/52253330_2342807752406876_729398468925194240_n-750x500.jpg","contentUrl":"http:\/\/www.preuniversitariocumbre.com\/ws\/wp-content\/uploads\/2019\/05\/52253330_2342807752406876_729398468925194240_n-750x500.jpg"},{"@type":"BreadcrumbList","@id":"https:\/\/www.preuniversitariocumbre.com\/ws\/vision\/#breadcrumb","itemListElement":[{"@type":"ListItem","position":1,"name":"Home","item":"https:\/\/www.preuniversitariocumbre.com\/ws\/"},{"@type":"ListItem","position":2,"name":"Visi\u00f3n"}]},{"@type":"WebSite","@id":"https:\/\/www.preuniversitariocumbre.com\/ws\/#website","url":"https:\/\/www.preuniversitariocumbre.com\/ws\/","name":"Preuniversitario Cumbre","description":"El Mejor Preu 100% Personalizado de Chile","publisher":{"@id":"https:\/\/www.preuniversitariocumbre.com\/ws\/#organization"},"potentialAction":[{"@type":"SearchAction","target":{"@type":"EntryPoint","urlTemplate":"https:\/\/www.preuniversitariocumbre.com\/ws\/?s={search_term_string}"},"query-input":{"@type":"PropertyValueSpecification","valueRequired":true,"valueName":"search_term_string"}}],"inLanguage":"es-CL"},{"@type":"Organization","@id":"https:\/\/www.preuniversitariocumbre.com\/ws\/#organization","name":"Preuniversitario Cumbre","url":"https:\/\/www.preuniversitariocumbre.com\/ws\/","logo":{"@type":"ImageObject","inLanguage":"es-CL","@id":"https:\/\/www.preuniversitariocumbre.com\/ws\/#\/schema\/logo\/image\/","url":"https:\/\/www.preuniversitariocumbre.com\/ws\/wp-content\/uploads\/2017\/06\/Logo-new-web2.png","contentUrl":"https:\/\/www.preuniversitariocumbre.com\/ws\/wp-content\/uploads\/2017\/06\/Logo-new-web2.png","width":545,"height":238,"caption":"Preuniversitario Cumbre"},"image":{"@id":"https:\/\/www.preuniversitariocumbre.com\/ws\/#\/schema\/logo\/image\/"},"sameAs":["https:\/\/www.facebook.com\/cumbre.preuniversitario\/","https:\/\/x.com\/PSUCumbre","https:\/\/www.instagram.com\/preucumbre\/"]}]}},"_links":{"self":[{"href":"https:\/\/www.preuniversitariocumbre.com\/ws\/wp-json\/wp\/v2\/pages\/2233","targetHints":{"allow":["GET"]}}],"collection":[{"href":"https:\/\/www.preuniversitariocumbre.com\/ws\/wp-json\/wp\/v2\/pages"}],"about":[{"href":"https:\/\/www.preuniversitariocumbre.com\/ws\/wp-json\/wp\/v2\/types\/page"}],"author":[{"embeddable":true,"href":"https:\/\/www.preuniversitariocumbre.com\/ws\/wp-json\/wp\/v2\/users\/1"}],"replies":[{"embeddable":true,"href":"https:\/\/www.preuniversitariocumbre.com\/ws\/wp-json\/wp\/v2\/comments?post=2233"}],"version-history":[{"count":19,"href":"https:\/\/www.preuniversitariocumbre.com\/ws\/wp-json\/wp\/v2\/pages\/2233\/revisions"}],"predecessor-version":[{"id":2470,"href":"https:\/\/www.preuniversitariocumbre.com\/ws\/wp-json\/wp\/v2\/pages\/2233\/revisions\/2470"}],"wp:attachment":[{"href":"https:\/\/www.preuniversitariocumbre.com\/ws\/wp-json\/wp\/v2\/media?parent=2233"}],"curies":[{"name":"wp","href":"https:\/\/api.w.org\/{rel}","templated":true}]}}