{"id":225,"date":"2015-09-23T14:23:29","date_gmt":"2015-09-23T17:23:29","guid":{"rendered":"http:\/\/www.preuniversitariocumbre.com\/ws\/?page_id=225"},"modified":"2019-06-20T00:09:40","modified_gmt":"2019-06-20T03:09:40","slug":"plan-egresados-cuarto-medio","status":"publish","type":"page","link":"https:\/\/www.preuniversitariocumbre.com\/ws\/plan-egresados-cuarto-medio\/","title":{"rendered":"Plan Egresados Cuarto Medio"},"content":{"rendered":"\t\t<div data-elementor-type=\"wp-post\" data-elementor-id=\"225\" class=\"elementor elementor-225\">\n\t\t\t\t\t\t<div class=\"elementor-inner\">\n\t\t\t\t<div class=\"elementor-section-wrap\">\n\t\t\t\t\t\t\t\t\t<section class=\"elementor-section elementor-top-section elementor-element elementor-element-4b12bd66 elementor-section-boxed elementor-section-height-default elementor-section-height-default\" data-id=\"4b12bd66\" data-element_type=\"section\">\n\t\t\t\t\t\t<div class=\"elementor-container elementor-column-gap-default\">\n\t\t\t\t\t\t\t<div class=\"elementor-row\">\n\t\t\t\t\t<div class=\"elementor-column elementor-col-100 elementor-top-column elementor-element elementor-element-1c789cb8\" data-id=\"1c789cb8\" data-element_type=\"column\">\n\t\t\t<div class=\"elementor-column-wrap elementor-element-populated\">\n\t\t\t\t\t\t\t<div class=\"elementor-widget-wrap\">\n\t\t\t\t\t\t<div class=\"elementor-element elementor-element-448a9c66 elementor-widget elementor-widget-text-editor\" data-id=\"448a9c66\" data-element_type=\"widget\" data-widget_type=\"text-editor.default\">\n\t\t\t\t<div class=\"elementor-widget-container\">\n\t\t\t\t\t\t\t\t<div class=\"elementor-text-editor elementor-clearfix\">\n\t\t\t\t<p><a href=\"http:\/\/www.preuniversitariocumbre.com\/ws\/wp-content\/uploads\/2019\/05\/Egresados-4to-Generico.jpg\"><img decoding=\"async\" class=\"aligncenter size-full wp-image-2508\" src=\"http:\/\/www.preuniversitariocumbre.com\/ws\/wp-content\/uploads\/2019\/05\/Egresados-4to-Generico.jpg\" alt=\"\" width=\"1000\" height=\"1000\" srcset=\"https:\/\/www.preuniversitariocumbre.com\/ws\/wp-content\/uploads\/2019\/05\/Egresados-4to-Generico.jpg 1000w, https:\/\/www.preuniversitariocumbre.com\/ws\/wp-content\/uploads\/2019\/05\/Egresados-4to-Generico-300x300.jpg 300w, https:\/\/www.preuniversitariocumbre.com\/ws\/wp-content\/uploads\/2019\/05\/Egresados-4to-Generico-100x100.jpg 100w, https:\/\/www.preuniversitariocumbre.com\/ws\/wp-content\/uploads\/2019\/05\/Egresados-4to-Generico-600x600.jpg 600w, https:\/\/www.preuniversitariocumbre.com\/ws\/wp-content\/uploads\/2019\/05\/Egresados-4to-Generico-150x150.jpg 150w, https:\/\/www.preuniversitariocumbre.com\/ws\/wp-content\/uploads\/2019\/05\/Egresados-4to-Generico-252x252.jpg 252w, https:\/\/www.preuniversitariocumbre.com\/ws\/wp-content\/uploads\/2019\/05\/Egresados-4to-Generico-768x768.jpg 768w, https:\/\/www.preuniversitariocumbre.com\/ws\/wp-content\/uploads\/2019\/05\/Egresados-4to-Generico-73x73.jpg 73w, https:\/\/www.preuniversitariocumbre.com\/ws\/wp-content\/uploads\/2019\/05\/Egresados-4to-Generico-174x174.jpg 174w, https:\/\/www.preuniversitariocumbre.com\/ws\/wp-content\/uploads\/2019\/05\/Egresados-4to-Generico-250x250.jpg 250w\" sizes=\"(max-width: 1000px) 100vw, 1000px\" \/><\/a><\/p><h2><span style=\"color: #082260;\">\u00bfPARA QUI\u00c9N ES ESTE PLAN?<\/span><\/h2><p>El plan egresados cuarto medio est\u00e1 dirigido a aquellos alumnos que desean lograr sus objetivos en la PSU a trav\u00e9s de una preparaci\u00f3n superior en lenguaje y matem\u00e1tica. El horario en que se dicta y el grado de responsabilidad que deben tomar los estudiantes, hacen de este plan un puente entre el cuarto a\u00f1o de ense\u00f1anza media y el primer a\u00f1o de universidad.<\/p><p>\u00a0<\/p><center><iframe src=\"https:\/\/www.youtube.com\/embed\/Shjx254QVFg\" width=\"640\" height=\"360\" frameborder=\"0\" allowfullscreen=\"allowfullscreen\"><\/iframe><\/center><p>\u00a0<\/p><p><strong><span style=\"color: #082260;\">METODOLOG\u00cdA<\/span><\/strong><\/p><p>Se asiste de lunes a viernes a sesiones te\u00f3ricas de una hora pedag\u00f3gica y talleres pr\u00e1cticos de una hora pedag\u00f3gica\u00a0de duraci\u00f3n, con un alto grado de exigencia, en los cuales se incluye entrega de material de calidad.<\/p><p>Se realizan diez ensayos por asignatura, los cuales son rendidos los d\u00edas viernes.<\/p><p><strong><span style=\"color: #082260;\">\u00bfCU\u00c1NDO Y C\u00d3MO ME INSCRIBO?<\/span><\/strong><\/p><p>La matr\u00edcula ya se encuentra abierta. Puedes inscribirte personalmente en cualquiera de nuestras sedes (<a href=\"http:\/\/www.preuniversitariocumbre.com\/ws\/nuestra-ubicacion\/\">Ver ubicaci\u00f3n y horarios de atenci\u00f3n<\/a>), o tambi\u00e9n puedes llenar la siguiente\u00a0planilla y con gusto te contactaremos.<\/p><h2><span style=\"color: #082260;\">PLANILLA DE PRE-INSCRIPCI\u00d3N<\/span><\/h2>[ninja_form id=1]\t\t\t\t\t<\/div>\n\t\t\t\t\t\t<\/div>\n\t\t\t\t<\/div>\n\t\t\t\t\t\t<\/div>\n\t\t\t\t\t<\/div>\n\t\t<\/div>\n\t\t\t\t\t\t\t\t<\/div>\n\t\t\t\t\t<\/div>\n\t\t<\/section>\n\t\t\t\t\t\t\t\t\t<\/div>\n\t\t\t<\/div>\n\t\t\t\t\t<\/div>\n\t\t","protected":false},"excerpt":{"rendered":"<p>\u00bfPARA QUI\u00c9N ES ESTE PLAN? El plan egresados cuarto medio est\u00e1 dirigido a aquellos alumnos que desean lograr sus objetivos en la PSU a trav\u00e9s de una preparaci\u00f3n superior en lenguaje y matem\u00e1tica. El horario en que se dicta y el grado de responsabilidad que deben tomar los estudiantes, hacen de este plan un puente<a href=\"https:\/\/www.preuniversitariocumbre.com\/ws\/plan-egresados-cuarto-medio\/\">[&#8230;]<\/a><\/p>\n","protected":false},"author":1,"featured_media":1381,"parent":0,"menu_order":0,"comment_status":"closed","ping_status":"closed","template":"template-fullwidth.php","meta":{"_joinchat":[],"footnotes":""},"class_list":["post-225","page","type-page","status-publish","has-post-thumbnail","hentry"],"yoast_head":"<!-- This site is optimized with the Yoast SEO plugin v24.2 - https:\/\/yoast.com\/wordpress\/plugins\/seo\/ -->\n<title>Plan Egresados 4to Medio - Preuniversitario Cumbre, El Preu de Pe\u00f1alol\u00e9n<\/title>\n<meta name=\"description\" content=\"Una segunda oportunidad para superar la PSU. Si ya egresaste de 4to medio, este plan es para ti. Supera la prueba con el mejor puntaje y alcanza tus metas.\" \/>\n<meta name=\"robots\" content=\"index, follow, max-snippet:-1, max-image-preview:large, max-video-preview:-1\" \/>\n<link rel=\"canonical\" href=\"https:\/\/www.preuniversitariocumbre.com\/ws\/plan-egresados-cuarto-medio\/\" \/>\n<meta property=\"og:locale\" content=\"es_ES\" \/>\n<meta property=\"og:type\" content=\"article\" \/>\n<meta property=\"og:title\" content=\"Plan Egresados 4to Medio - Preuniversitario Cumbre, El Preu de Pe\u00f1alol\u00e9n\" \/>\n<meta property=\"og:description\" content=\"Una segunda oportunidad para superar la PSU. Si ya egresaste de 4to medio, este plan es para ti. Supera la prueba con el mejor puntaje y alcanza tus metas.\" \/>\n<meta property=\"og:url\" content=\"https:\/\/www.preuniversitariocumbre.com\/ws\/plan-egresados-cuarto-medio\/\" \/>\n<meta property=\"og:site_name\" content=\"Preuniversitario Cumbre\" \/>\n<meta property=\"article:publisher\" content=\"https:\/\/www.facebook.com\/cumbre.preuniversitario\/\" \/>\n<meta property=\"article:modified_time\" content=\"2019-06-20T03:09:40+00:00\" \/>\n<meta property=\"og:image\" content=\"https:\/\/www.preuniversitariocumbre.com\/ws\/wp-content\/uploads\/2015\/09\/Plan-egresados-4to-Face-generico.jpg\" \/>\n\t<meta property=\"og:image:width\" content=\"1000\" \/>\n\t<meta property=\"og:image:height\" content=\"522\" \/>\n\t<meta property=\"og:image:type\" content=\"image\/jpeg\" \/>\n<meta name=\"twitter:card\" content=\"summary_large_image\" \/>\n<meta name=\"twitter:description\" content=\"Una segunda oportunidad para superar la PSU. Si ya egresaste de 4to medio, este plan es para ti. Supera la prueba con el mejor puntaje y alcanza tus metas.\" \/>\n<meta name=\"twitter:site\" content=\"@PSUCumbre\" \/>\n<meta name=\"twitter:label1\" content=\"Tiempo estimado de lectura\" \/>\n\t<meta name=\"twitter:data1\" content=\"1 minuto\" \/>\n<script type=\"application\/ld+json\" class=\"yoast-schema-graph\">{\"@context\":\"https:\/\/schema.org\",\"@graph\":[{\"@type\":\"WebPage\",\"@id\":\"https:\/\/www.preuniversitariocumbre.com\/ws\/plan-egresados-cuarto-medio\/\",\"url\":\"https:\/\/www.preuniversitariocumbre.com\/ws\/plan-egresados-cuarto-medio\/\",\"name\":\"Plan Egresados 4to Medio - Preuniversitario Cumbre, El Preu de Pe\u00f1alol\u00e9n\",\"isPartOf\":{\"@id\":\"https:\/\/www.preuniversitariocumbre.com\/ws\/#website\"},\"primaryImageOfPage\":{\"@id\":\"https:\/\/www.preuniversitariocumbre.com\/ws\/plan-egresados-cuarto-medio\/#primaryimage\"},\"image\":{\"@id\":\"https:\/\/www.preuniversitariocumbre.com\/ws\/plan-egresados-cuarto-medio\/#primaryimage\"},\"thumbnailUrl\":\"https:\/\/www.preuniversitariocumbre.com\/ws\/wp-content\/uploads\/2015\/09\/Plan-egresados-4to-Face-generico.jpg\",\"datePublished\":\"2015-09-23T17:23:29+00:00\",\"dateModified\":\"2019-06-20T03:09:40+00:00\",\"description\":\"Una segunda oportunidad para superar la PSU. Si ya egresaste de 4to medio, este plan es para ti. Supera la prueba con el mejor puntaje y alcanza tus metas.\",\"breadcrumb\":{\"@id\":\"https:\/\/www.preuniversitariocumbre.com\/ws\/plan-egresados-cuarto-medio\/#breadcrumb\"},\"inLanguage\":\"es-CL\",\"potentialAction\":[{\"@type\":\"ReadAction\",\"target\":[\"https:\/\/www.preuniversitariocumbre.com\/ws\/plan-egresados-cuarto-medio\/\"]}]},{\"@type\":\"ImageObject\",\"inLanguage\":\"es-CL\",\"@id\":\"https:\/\/www.preuniversitariocumbre.com\/ws\/plan-egresados-cuarto-medio\/#primaryimage\",\"url\":\"https:\/\/www.preuniversitariocumbre.com\/ws\/wp-content\/uploads\/2015\/09\/Plan-egresados-4to-Face-generico.jpg\",\"contentUrl\":\"https:\/\/www.preuniversitariocumbre.com\/ws\/wp-content\/uploads\/2015\/09\/Plan-egresados-4to-Face-generico.jpg\",\"width\":1000,\"height\":522},{\"@type\":\"BreadcrumbList\",\"@id\":\"https:\/\/www.preuniversitariocumbre.com\/ws\/plan-egresados-cuarto-medio\/#breadcrumb\",\"itemListElement\":[{\"@type\":\"ListItem\",\"position\":1,\"name\":\"Home\",\"item\":\"https:\/\/www.preuniversitariocumbre.com\/ws\/\"},{\"@type\":\"ListItem\",\"position\":2,\"name\":\"Plan Egresados Cuarto Medio\"}]},{\"@type\":\"WebSite\",\"@id\":\"https:\/\/www.preuniversitariocumbre.com\/ws\/#website\",\"url\":\"https:\/\/www.preuniversitariocumbre.com\/ws\/\",\"name\":\"Preuniversitario Cumbre\",\"description\":\"El Mejor Preu 100% Personalizado de Chile\",\"publisher\":{\"@id\":\"https:\/\/www.preuniversitariocumbre.com\/ws\/#organization\"},\"potentialAction\":[{\"@type\":\"SearchAction\",\"target\":{\"@type\":\"EntryPoint\",\"urlTemplate\":\"https:\/\/www.preuniversitariocumbre.com\/ws\/?s={search_term_string}\"},\"query-input\":{\"@type\":\"PropertyValueSpecification\",\"valueRequired\":true,\"valueName\":\"search_term_string\"}}],\"inLanguage\":\"es-CL\"},{\"@type\":\"Organization\",\"@id\":\"https:\/\/www.preuniversitariocumbre.com\/ws\/#organization\",\"name\":\"Preuniversitario Cumbre\",\"url\":\"https:\/\/www.preuniversitariocumbre.com\/ws\/\",\"logo\":{\"@type\":\"ImageObject\",\"inLanguage\":\"es-CL\",\"@id\":\"https:\/\/www.preuniversitariocumbre.com\/ws\/#\/schema\/logo\/image\/\",\"url\":\"https:\/\/www.preuniversitariocumbre.com\/ws\/wp-content\/uploads\/2017\/06\/Logo-new-web2.png\",\"contentUrl\":\"https:\/\/www.preuniversitariocumbre.com\/ws\/wp-content\/uploads\/2017\/06\/Logo-new-web2.png\",\"width\":545,\"height\":238,\"caption\":\"Preuniversitario Cumbre\"},\"image\":{\"@id\":\"https:\/\/www.preuniversitariocumbre.com\/ws\/#\/schema\/logo\/image\/\"},\"sameAs\":[\"https:\/\/www.facebook.com\/cumbre.preuniversitario\/\",\"https:\/\/x.com\/PSUCumbre\",\"https:\/\/www.instagram.com\/preucumbre\/\"]}]}<\/script>\n<!-- \/ Yoast SEO plugin. -->","yoast_head_json":{"title":"Plan Egresados 4to Medio - Preuniversitario Cumbre, El Preu de Pe\u00f1alol\u00e9n","description":"Una segunda oportunidad para superar la PSU. Si ya egresaste de 4to medio, este plan es para ti. Supera la prueba con el mejor puntaje y alcanza tus metas.","robots":{"index":"index","follow":"follow","max-snippet":"max-snippet:-1","max-image-preview":"max-image-preview:large","max-video-preview":"max-video-preview:-1"},"canonical":"https:\/\/www.preuniversitariocumbre.com\/ws\/plan-egresados-cuarto-medio\/","og_locale":"es_ES","og_type":"article","og_title":"Plan Egresados 4to Medio - Preuniversitario Cumbre, El Preu de Pe\u00f1alol\u00e9n","og_description":"Una segunda oportunidad para superar la PSU. Si ya egresaste de 4to medio, este plan es para ti. Supera la prueba con el mejor puntaje y alcanza tus metas.","og_url":"https:\/\/www.preuniversitariocumbre.com\/ws\/plan-egresados-cuarto-medio\/","og_site_name":"Preuniversitario Cumbre","article_publisher":"https:\/\/www.facebook.com\/cumbre.preuniversitario\/","article_modified_time":"2019-06-20T03:09:40+00:00","og_image":[{"width":1000,"height":522,"url":"https:\/\/www.preuniversitariocumbre.com\/ws\/wp-content\/uploads\/2015\/09\/Plan-egresados-4to-Face-generico.jpg","type":"image\/jpeg"}],"twitter_card":"summary_large_image","twitter_description":"Una segunda oportunidad para superar la PSU. Si ya egresaste de 4to medio, este plan es para ti. Supera la prueba con el mejor puntaje y alcanza tus metas.","twitter_site":"@PSUCumbre","twitter_misc":{"Tiempo estimado de lectura":"1 minuto"},"schema":{"@context":"https:\/\/schema.org","@graph":[{"@type":"WebPage","@id":"https:\/\/www.preuniversitariocumbre.com\/ws\/plan-egresados-cuarto-medio\/","url":"https:\/\/www.preuniversitariocumbre.com\/ws\/plan-egresados-cuarto-medio\/","name":"Plan Egresados 4to Medio - Preuniversitario Cumbre, El Preu de Pe\u00f1alol\u00e9n","isPartOf":{"@id":"https:\/\/www.preuniversitariocumbre.com\/ws\/#website"},"primaryImageOfPage":{"@id":"https:\/\/www.preuniversitariocumbre.com\/ws\/plan-egresados-cuarto-medio\/#primaryimage"},"image":{"@id":"https:\/\/www.preuniversitariocumbre.com\/ws\/plan-egresados-cuarto-medio\/#primaryimage"},"thumbnailUrl":"https:\/\/www.preuniversitariocumbre.com\/ws\/wp-content\/uploads\/2015\/09\/Plan-egresados-4to-Face-generico.jpg","datePublished":"2015-09-23T17:23:29+00:00","dateModified":"2019-06-20T03:09:40+00:00","description":"Una segunda oportunidad para superar la PSU. Si ya egresaste de 4to medio, este plan es para ti. Supera la prueba con el mejor puntaje y alcanza tus metas.","breadcrumb":{"@id":"https:\/\/www.preuniversitariocumbre.com\/ws\/plan-egresados-cuarto-medio\/#breadcrumb"},"inLanguage":"es-CL","potentialAction":[{"@type":"ReadAction","target":["https:\/\/www.preuniversitariocumbre.com\/ws\/plan-egresados-cuarto-medio\/"]}]},{"@type":"ImageObject","inLanguage":"es-CL","@id":"https:\/\/www.preuniversitariocumbre.com\/ws\/plan-egresados-cuarto-medio\/#primaryimage","url":"https:\/\/www.preuniversitariocumbre.com\/ws\/wp-content\/uploads\/2015\/09\/Plan-egresados-4to-Face-generico.jpg","contentUrl":"https:\/\/www.preuniversitariocumbre.com\/ws\/wp-content\/uploads\/2015\/09\/Plan-egresados-4to-Face-generico.jpg","width":1000,"height":522},{"@type":"BreadcrumbList","@id":"https:\/\/www.preuniversitariocumbre.com\/ws\/plan-egresados-cuarto-medio\/#breadcrumb","itemListElement":[{"@type":"ListItem","position":1,"name":"Home","item":"https:\/\/www.preuniversitariocumbre.com\/ws\/"},{"@type":"ListItem","position":2,"name":"Plan Egresados Cuarto Medio"}]},{"@type":"WebSite","@id":"https:\/\/www.preuniversitariocumbre.com\/ws\/#website","url":"https:\/\/www.preuniversitariocumbre.com\/ws\/","name":"Preuniversitario Cumbre","description":"El Mejor Preu 100% Personalizado de Chile","publisher":{"@id":"https:\/\/www.preuniversitariocumbre.com\/ws\/#organization"},"potentialAction":[{"@type":"SearchAction","target":{"@type":"EntryPoint","urlTemplate":"https:\/\/www.preuniversitariocumbre.com\/ws\/?s={search_term_string}"},"query-input":{"@type":"PropertyValueSpecification","valueRequired":true,"valueName":"search_term_string"}}],"inLanguage":"es-CL"},{"@type":"Organization","@id":"https:\/\/www.preuniversitariocumbre.com\/ws\/#organization","name":"Preuniversitario Cumbre","url":"https:\/\/www.preuniversitariocumbre.com\/ws\/","logo":{"@type":"ImageObject","inLanguage":"es-CL","@id":"https:\/\/www.preuniversitariocumbre.com\/ws\/#\/schema\/logo\/image\/","url":"https:\/\/www.preuniversitariocumbre.com\/ws\/wp-content\/uploads\/2017\/06\/Logo-new-web2.png","contentUrl":"https:\/\/www.preuniversitariocumbre.com\/ws\/wp-content\/uploads\/2017\/06\/Logo-new-web2.png","width":545,"height":238,"caption":"Preuniversitario Cumbre"},"image":{"@id":"https:\/\/www.preuniversitariocumbre.com\/ws\/#\/schema\/logo\/image\/"},"sameAs":["https:\/\/www.facebook.com\/cumbre.preuniversitario\/","https:\/\/x.com\/PSUCumbre","https:\/\/www.instagram.com\/preucumbre\/"]}]}},"_links":{"self":[{"href":"https:\/\/www.preuniversitariocumbre.com\/ws\/wp-json\/wp\/v2\/pages\/225","targetHints":{"allow":["GET"]}}],"collection":[{"href":"https:\/\/www.preuniversitariocumbre.com\/ws\/wp-json\/wp\/v2\/pages"}],"about":[{"href":"https:\/\/www.preuniversitariocumbre.com\/ws\/wp-json\/wp\/v2\/types\/page"}],"author":[{"embeddable":true,"href":"https:\/\/www.preuniversitariocumbre.com\/ws\/wp-json\/wp\/v2\/users\/1"}],"replies":[{"embeddable":true,"href":"https:\/\/www.preuniversitariocumbre.com\/ws\/wp-json\/wp\/v2\/comments?post=225"}],"version-history":[{"count":30,"href":"https:\/\/www.preuniversitariocumbre.com\/ws\/wp-json\/wp\/v2\/pages\/225\/revisions"}],"predecessor-version":[{"id":2569,"href":"https:\/\/www.preuniversitariocumbre.com\/ws\/wp-json\/wp\/v2\/pages\/225\/revisions\/2569"}],"wp:featuredmedia":[{"embeddable":true,"href":"https:\/\/www.preuniversitariocumbre.com\/ws\/wp-json\/wp\/v2\/media\/1381"}],"wp:attachment":[{"href":"https:\/\/www.preuniversitariocumbre.com\/ws\/wp-json\/wp\/v2\/media?parent=225"}],"curies":[{"name":"wp","href":"https:\/\/api.w.org\/{rel}","templated":true}]}}