{"id":2261,"date":"2018-12-21T17:37:09","date_gmt":"2018-12-21T20:37:09","guid":{"rendered":"http:\/\/www.preuniversitariocumbre.com\/ws\/?page_id=2261"},"modified":"2019-01-10T20:05:30","modified_gmt":"2019-01-10T23:05:30","slug":"resultados","status":"publish","type":"page","link":"https:\/\/www.preuniversitariocumbre.com\/ws\/resultados\/","title":{"rendered":"Resultados"},"content":{"rendered":"<p><span style=\"color: #000080;\"><a href=\"http:\/\/www.preuniversitariocumbre.com\/ws\/wp-content\/uploads\/2018\/12\/Puntajes-800.jpg\"><img decoding=\"async\" class=\"aligncenter size-full wp-image-2282\" src=\"http:\/\/www.preuniversitariocumbre.com\/ws\/wp-content\/uploads\/2018\/12\/Puntajes-800.jpg\" alt=\"\" width=\"1000\" height=\"562\" srcset=\"https:\/\/www.preuniversitariocumbre.com\/ws\/wp-content\/uploads\/2018\/12\/Puntajes-800.jpg 1000w, https:\/\/www.preuniversitariocumbre.com\/ws\/wp-content\/uploads\/2018\/12\/Puntajes-800-600x337.jpg 600w, https:\/\/www.preuniversitariocumbre.com\/ws\/wp-content\/uploads\/2018\/12\/Puntajes-800-448x252.jpg 448w, https:\/\/www.preuniversitariocumbre.com\/ws\/wp-content\/uploads\/2018\/12\/Puntajes-800-768x432.jpg 768w\" sizes=\"(max-width: 1000px) 100vw, 1000px\" \/><\/a><\/span><\/p>\n<p><span style=\"color: #000080;\">En Cumbre nos sentimos muy orgullosos del trabajo realizado y del \u00e9xito de nuestros estudiantes este a\u00f1o. Este a\u00f1o menos de un 13% de los estudiantes que rindieron la PSU a nivel nacional obtuvo\u00a0600 o m\u00e1s puntos. Sin embargo, en Cumbre <strong>m\u00e1s del 85% de\u00a0nuestros alumnos logr\u00f3 resultados sobre los 600 puntos en la PSU 2018<\/strong>.<\/span><\/p>\n<h1><span style=\"color: #000080;\"><a href=\"http:\/\/www.preuniversitariocumbre.com\/ws\/wp-content\/uploads\/2018\/12\/600-PTS.jpg\"><img decoding=\"async\" class=\"aligncenter size-full wp-image-2284\" src=\"http:\/\/www.preuniversitariocumbre.com\/ws\/wp-content\/uploads\/2018\/12\/600-PTS.jpg\" alt=\"\" width=\"1024\" height=\"672\" srcset=\"https:\/\/www.preuniversitariocumbre.com\/ws\/wp-content\/uploads\/2018\/12\/600-PTS.jpg 1024w, https:\/\/www.preuniversitariocumbre.com\/ws\/wp-content\/uploads\/2018\/12\/600-PTS-600x394.jpg 600w, https:\/\/www.preuniversitariocumbre.com\/ws\/wp-content\/uploads\/2018\/12\/600-PTS-384x252.jpg 384w, https:\/\/www.preuniversitariocumbre.com\/ws\/wp-content\/uploads\/2018\/12\/600-PTS-768x504.jpg 768w\" sizes=\"(max-width: 1024px) 100vw, 1024px\" \/><\/a><\/span><\/h1>\n<h1><span style=\"color: #000080;\">GRANDES AVANCES<\/span><\/h1>\n<p><span style=\"color: #000080;\">Nuestros alumnos realizan un ensayo diagn\u00f3stico de PSU al comenzar en Cumbre, para medir su estado inicial. Al comparar los resultados de ese ensayo con los puntajes finales de la PSU 2018, el avance promedio de nuestros estudiantes fue excelente en cada una de las asignaturas.<\/span><\/p>\n<h1><a href=\"http:\/\/www.preuniversitariocumbre.com\/ws\/wp-content\/uploads\/2018\/12\/RESULTADOS-2018.jpg\"><img decoding=\"async\" class=\"aligncenter size-full wp-image-2285\" src=\"http:\/\/www.preuniversitariocumbre.com\/ws\/wp-content\/uploads\/2018\/12\/RESULTADOS-2018.jpg\" alt=\"\" width=\"818\" height=\"385\" srcset=\"https:\/\/www.preuniversitariocumbre.com\/ws\/wp-content\/uploads\/2018\/12\/RESULTADOS-2018.jpg 818w, https:\/\/www.preuniversitariocumbre.com\/ws\/wp-content\/uploads\/2018\/12\/RESULTADOS-2018-600x282.jpg 600w, https:\/\/www.preuniversitariocumbre.com\/ws\/wp-content\/uploads\/2018\/12\/RESULTADOS-2018-483x227.jpg 483w, https:\/\/www.preuniversitariocumbre.com\/ws\/wp-content\/uploads\/2018\/12\/RESULTADOS-2018-768x361.jpg 768w\" sizes=\"(max-width: 818px) 100vw, 818px\" \/><\/a><\/h1>\n<h1><span style=\"color: #000080;\">\u00a0\u00a0ALTOS PUNTAJES<\/span><\/h1>\n<p><span style=\"color: #000080;\">El promedio de nuestros estudiantes en cada asignatura super\u00f3 los 620 puntos:<\/span><span style=\"color: #000080;\">\u00a0<\/span><\/p>\n<h1><span style=\"color: #000080;\">S\u00c9 PARTE DE NUESTRA FAMILIA<\/span><\/h1>\n<p><span style=\"color: #000080;\">Ellos cumplieron su sue\u00f1o, t\u00fa tambi\u00e9n puedes. Cont\u00e1ctanos y perm\u00edtenos ayudarte a lograr tus metas.<\/span><\/p>\n<p><span style=\"color: #000080;\"><a href=\"http:\/\/www.preuniversitariocumbre.com\/ws\/wp-content\/uploads\/2018\/12\/Puntajes.jpg\"><img decoding=\"async\" class=\"aligncenter size-full wp-image-2286\" src=\"http:\/\/www.preuniversitariocumbre.com\/ws\/wp-content\/uploads\/2018\/12\/Puntajes.jpg\" alt=\"\" width=\"1024\" height=\"584\" srcset=\"https:\/\/www.preuniversitariocumbre.com\/ws\/wp-content\/uploads\/2018\/12\/Puntajes.jpg 1024w, https:\/\/www.preuniversitariocumbre.com\/ws\/wp-content\/uploads\/2018\/12\/Puntajes-600x342.jpg 600w, https:\/\/www.preuniversitariocumbre.com\/ws\/wp-content\/uploads\/2018\/12\/Puntajes-442x252.jpg 442w, https:\/\/www.preuniversitariocumbre.com\/ws\/wp-content\/uploads\/2018\/12\/Puntajes-768x438.jpg 768w\" sizes=\"(max-width: 1024px) 100vw, 1024px\" \/><\/a><\/span><\/p>\n","protected":false},"excerpt":{"rendered":"<p>En Cumbre nos sentimos muy orgullosos del trabajo realizado y del \u00e9xito de nuestros estudiantes este a\u00f1o. Este a\u00f1o menos de un 13% de los estudiantes que rindieron la PSU a nivel nacional obtuvo\u00a0600 o m\u00e1s puntos. Sin embargo, en Cumbre m\u00e1s del 85% de\u00a0nuestros alumnos logr\u00f3 resultados sobre los 600 puntos en la PSU<a href=\"https:\/\/www.preuniversitariocumbre.com\/ws\/resultados\/\">[&#8230;]<\/a><\/p>\n","protected":false},"author":1,"featured_media":0,"parent":0,"menu_order":0,"comment_status":"closed","ping_status":"closed","template":"template-fullwidth.php","meta":{"_joinchat":[],"footnotes":""},"class_list":["post-2261","page","type-page","status-publish","hentry"],"yoast_head":"<!-- This site is optimized with the Yoast SEO plugin v24.2 - https:\/\/yoast.com\/wordpress\/plugins\/seo\/ -->\n<title>Resultados - Preuniversitario Cumbre<\/title>\n<meta name=\"robots\" content=\"index, follow, max-snippet:-1, max-image-preview:large, max-video-preview:-1\" \/>\n<link rel=\"canonical\" href=\"https:\/\/www.preuniversitariocumbre.com\/ws\/resultados\/\" \/>\n<meta property=\"og:locale\" content=\"es_ES\" \/>\n<meta property=\"og:type\" content=\"article\" \/>\n<meta property=\"og:title\" content=\"Resultados - Preuniversitario Cumbre\" \/>\n<meta property=\"og:description\" content=\"En Cumbre nos sentimos muy orgullosos del trabajo realizado y del \u00e9xito de nuestros estudiantes este a\u00f1o. Este a\u00f1o menos de un 13% de los estudiantes que rindieron la PSU a nivel nacional obtuvo\u00a0600 o m\u00e1s puntos. Sin embargo, en Cumbre m\u00e1s del 85% de\u00a0nuestros alumnos logr\u00f3 resultados sobre los 600 puntos en la PSU[...]\" \/>\n<meta property=\"og:url\" content=\"https:\/\/www.preuniversitariocumbre.com\/ws\/resultados\/\" \/>\n<meta property=\"og:site_name\" content=\"Preuniversitario Cumbre\" \/>\n<meta property=\"article:publisher\" content=\"https:\/\/www.facebook.com\/cumbre.preuniversitario\/\" \/>\n<meta property=\"article:modified_time\" content=\"2019-01-10T23:05:30+00:00\" \/>\n<meta property=\"og:image\" content=\"https:\/\/www.preuniversitariocumbre.com\/ws\/wp-content\/uploads\/2018\/12\/Puntajes-800.jpg\" \/>\n\t<meta property=\"og:image:width\" content=\"1000\" \/>\n\t<meta property=\"og:image:height\" content=\"562\" \/>\n\t<meta property=\"og:image:type\" content=\"image\/jpeg\" \/>\n<meta name=\"twitter:card\" content=\"summary_large_image\" \/>\n<meta name=\"twitter:site\" content=\"@PSUCumbre\" \/>\n<meta name=\"twitter:label1\" content=\"Tiempo estimado de lectura\" \/>\n\t<meta name=\"twitter:data1\" content=\"1 minuto\" \/>\n<script type=\"application\/ld+json\" class=\"yoast-schema-graph\">{\"@context\":\"https:\/\/schema.org\",\"@graph\":[{\"@type\":\"WebPage\",\"@id\":\"https:\/\/www.preuniversitariocumbre.com\/ws\/resultados\/\",\"url\":\"https:\/\/www.preuniversitariocumbre.com\/ws\/resultados\/\",\"name\":\"Resultados - Preuniversitario Cumbre\",\"isPartOf\":{\"@id\":\"https:\/\/www.preuniversitariocumbre.com\/ws\/#website\"},\"primaryImageOfPage\":{\"@id\":\"https:\/\/www.preuniversitariocumbre.com\/ws\/resultados\/#primaryimage\"},\"image\":{\"@id\":\"https:\/\/www.preuniversitariocumbre.com\/ws\/resultados\/#primaryimage\"},\"thumbnailUrl\":\"http:\/\/www.preuniversitariocumbre.com\/ws\/wp-content\/uploads\/2018\/12\/Puntajes-800.jpg\",\"datePublished\":\"2018-12-21T20:37:09+00:00\",\"dateModified\":\"2019-01-10T23:05:30+00:00\",\"breadcrumb\":{\"@id\":\"https:\/\/www.preuniversitariocumbre.com\/ws\/resultados\/#breadcrumb\"},\"inLanguage\":\"es-CL\",\"potentialAction\":[{\"@type\":\"ReadAction\",\"target\":[\"https:\/\/www.preuniversitariocumbre.com\/ws\/resultados\/\"]}]},{\"@type\":\"ImageObject\",\"inLanguage\":\"es-CL\",\"@id\":\"https:\/\/www.preuniversitariocumbre.com\/ws\/resultados\/#primaryimage\",\"url\":\"http:\/\/www.preuniversitariocumbre.com\/ws\/wp-content\/uploads\/2018\/12\/Puntajes-800.jpg\",\"contentUrl\":\"http:\/\/www.preuniversitariocumbre.com\/ws\/wp-content\/uploads\/2018\/12\/Puntajes-800.jpg\"},{\"@type\":\"BreadcrumbList\",\"@id\":\"https:\/\/www.preuniversitariocumbre.com\/ws\/resultados\/#breadcrumb\",\"itemListElement\":[{\"@type\":\"ListItem\",\"position\":1,\"name\":\"Home\",\"item\":\"https:\/\/www.preuniversitariocumbre.com\/ws\/\"},{\"@type\":\"ListItem\",\"position\":2,\"name\":\"Resultados\"}]},{\"@type\":\"WebSite\",\"@id\":\"https:\/\/www.preuniversitariocumbre.com\/ws\/#website\",\"url\":\"https:\/\/www.preuniversitariocumbre.com\/ws\/\",\"name\":\"Preuniversitario Cumbre\",\"description\":\"El Mejor Preu 100% Personalizado de Chile\",\"publisher\":{\"@id\":\"https:\/\/www.preuniversitariocumbre.com\/ws\/#organization\"},\"potentialAction\":[{\"@type\":\"SearchAction\",\"target\":{\"@type\":\"EntryPoint\",\"urlTemplate\":\"https:\/\/www.preuniversitariocumbre.com\/ws\/?s={search_term_string}\"},\"query-input\":{\"@type\":\"PropertyValueSpecification\",\"valueRequired\":true,\"valueName\":\"search_term_string\"}}],\"inLanguage\":\"es-CL\"},{\"@type\":\"Organization\",\"@id\":\"https:\/\/www.preuniversitariocumbre.com\/ws\/#organization\",\"name\":\"Preuniversitario Cumbre\",\"url\":\"https:\/\/www.preuniversitariocumbre.com\/ws\/\",\"logo\":{\"@type\":\"ImageObject\",\"inLanguage\":\"es-CL\",\"@id\":\"https:\/\/www.preuniversitariocumbre.com\/ws\/#\/schema\/logo\/image\/\",\"url\":\"https:\/\/www.preuniversitariocumbre.com\/ws\/wp-content\/uploads\/2017\/06\/Logo-new-web2.png\",\"contentUrl\":\"https:\/\/www.preuniversitariocumbre.com\/ws\/wp-content\/uploads\/2017\/06\/Logo-new-web2.png\",\"width\":545,\"height\":238,\"caption\":\"Preuniversitario Cumbre\"},\"image\":{\"@id\":\"https:\/\/www.preuniversitariocumbre.com\/ws\/#\/schema\/logo\/image\/\"},\"sameAs\":[\"https:\/\/www.facebook.com\/cumbre.preuniversitario\/\",\"https:\/\/x.com\/PSUCumbre\",\"https:\/\/www.instagram.com\/preucumbre\/\"]}]}<\/script>\n<!-- \/ Yoast SEO plugin. -->","yoast_head_json":{"title":"Resultados - Preuniversitario Cumbre","robots":{"index":"index","follow":"follow","max-snippet":"max-snippet:-1","max-image-preview":"max-image-preview:large","max-video-preview":"max-video-preview:-1"},"canonical":"https:\/\/www.preuniversitariocumbre.com\/ws\/resultados\/","og_locale":"es_ES","og_type":"article","og_title":"Resultados - Preuniversitario Cumbre","og_description":"En Cumbre nos sentimos muy orgullosos del trabajo realizado y del \u00e9xito de nuestros estudiantes este a\u00f1o. Este a\u00f1o menos de un 13% de los estudiantes que rindieron la PSU a nivel nacional obtuvo\u00a0600 o m\u00e1s puntos. Sin embargo, en Cumbre m\u00e1s del 85% de\u00a0nuestros alumnos logr\u00f3 resultados sobre los 600 puntos en la PSU[...]","og_url":"https:\/\/www.preuniversitariocumbre.com\/ws\/resultados\/","og_site_name":"Preuniversitario Cumbre","article_publisher":"https:\/\/www.facebook.com\/cumbre.preuniversitario\/","article_modified_time":"2019-01-10T23:05:30+00:00","og_image":[{"width":1000,"height":562,"url":"https:\/\/www.preuniversitariocumbre.com\/ws\/wp-content\/uploads\/2018\/12\/Puntajes-800.jpg","type":"image\/jpeg"}],"twitter_card":"summary_large_image","twitter_site":"@PSUCumbre","twitter_misc":{"Tiempo estimado de lectura":"1 minuto"},"schema":{"@context":"https:\/\/schema.org","@graph":[{"@type":"WebPage","@id":"https:\/\/www.preuniversitariocumbre.com\/ws\/resultados\/","url":"https:\/\/www.preuniversitariocumbre.com\/ws\/resultados\/","name":"Resultados - Preuniversitario Cumbre","isPartOf":{"@id":"https:\/\/www.preuniversitariocumbre.com\/ws\/#website"},"primaryImageOfPage":{"@id":"https:\/\/www.preuniversitariocumbre.com\/ws\/resultados\/#primaryimage"},"image":{"@id":"https:\/\/www.preuniversitariocumbre.com\/ws\/resultados\/#primaryimage"},"thumbnailUrl":"http:\/\/www.preuniversitariocumbre.com\/ws\/wp-content\/uploads\/2018\/12\/Puntajes-800.jpg","datePublished":"2018-12-21T20:37:09+00:00","dateModified":"2019-01-10T23:05:30+00:00","breadcrumb":{"@id":"https:\/\/www.preuniversitariocumbre.com\/ws\/resultados\/#breadcrumb"},"inLanguage":"es-CL","potentialAction":[{"@type":"ReadAction","target":["https:\/\/www.preuniversitariocumbre.com\/ws\/resultados\/"]}]},{"@type":"ImageObject","inLanguage":"es-CL","@id":"https:\/\/www.preuniversitariocumbre.com\/ws\/resultados\/#primaryimage","url":"http:\/\/www.preuniversitariocumbre.com\/ws\/wp-content\/uploads\/2018\/12\/Puntajes-800.jpg","contentUrl":"http:\/\/www.preuniversitariocumbre.com\/ws\/wp-content\/uploads\/2018\/12\/Puntajes-800.jpg"},{"@type":"BreadcrumbList","@id":"https:\/\/www.preuniversitariocumbre.com\/ws\/resultados\/#breadcrumb","itemListElement":[{"@type":"ListItem","position":1,"name":"Home","item":"https:\/\/www.preuniversitariocumbre.com\/ws\/"},{"@type":"ListItem","position":2,"name":"Resultados"}]},{"@type":"WebSite","@id":"https:\/\/www.preuniversitariocumbre.com\/ws\/#website","url":"https:\/\/www.preuniversitariocumbre.com\/ws\/","name":"Preuniversitario Cumbre","description":"El Mejor Preu 100% Personalizado de Chile","publisher":{"@id":"https:\/\/www.preuniversitariocumbre.com\/ws\/#organization"},"potentialAction":[{"@type":"SearchAction","target":{"@type":"EntryPoint","urlTemplate":"https:\/\/www.preuniversitariocumbre.com\/ws\/?s={search_term_string}"},"query-input":{"@type":"PropertyValueSpecification","valueRequired":true,"valueName":"search_term_string"}}],"inLanguage":"es-CL"},{"@type":"Organization","@id":"https:\/\/www.preuniversitariocumbre.com\/ws\/#organization","name":"Preuniversitario Cumbre","url":"https:\/\/www.preuniversitariocumbre.com\/ws\/","logo":{"@type":"ImageObject","inLanguage":"es-CL","@id":"https:\/\/www.preuniversitariocumbre.com\/ws\/#\/schema\/logo\/image\/","url":"https:\/\/www.preuniversitariocumbre.com\/ws\/wp-content\/uploads\/2017\/06\/Logo-new-web2.png","contentUrl":"https:\/\/www.preuniversitariocumbre.com\/ws\/wp-content\/uploads\/2017\/06\/Logo-new-web2.png","width":545,"height":238,"caption":"Preuniversitario Cumbre"},"image":{"@id":"https:\/\/www.preuniversitariocumbre.com\/ws\/#\/schema\/logo\/image\/"},"sameAs":["https:\/\/www.facebook.com\/cumbre.preuniversitario\/","https:\/\/x.com\/PSUCumbre","https:\/\/www.instagram.com\/preucumbre\/"]}]}},"_links":{"self":[{"href":"https:\/\/www.preuniversitariocumbre.com\/ws\/wp-json\/wp\/v2\/pages\/2261","targetHints":{"allow":["GET"]}}],"collection":[{"href":"https:\/\/www.preuniversitariocumbre.com\/ws\/wp-json\/wp\/v2\/pages"}],"about":[{"href":"https:\/\/www.preuniversitariocumbre.com\/ws\/wp-json\/wp\/v2\/types\/page"}],"author":[{"embeddable":true,"href":"https:\/\/www.preuniversitariocumbre.com\/ws\/wp-json\/wp\/v2\/users\/1"}],"replies":[{"embeddable":true,"href":"https:\/\/www.preuniversitariocumbre.com\/ws\/wp-json\/wp\/v2\/comments?post=2261"}],"version-history":[{"count":4,"href":"https:\/\/www.preuniversitariocumbre.com\/ws\/wp-json\/wp\/v2\/pages\/2261\/revisions"}],"predecessor-version":[{"id":2287,"href":"https:\/\/www.preuniversitariocumbre.com\/ws\/wp-json\/wp\/v2\/pages\/2261\/revisions\/2287"}],"wp:attachment":[{"href":"https:\/\/www.preuniversitariocumbre.com\/ws\/wp-json\/wp\/v2\/media?parent=2261"}],"curies":[{"name":"wp","href":"https:\/\/api.w.org\/{rel}","templated":true}]}}