{"id":3080,"date":"2021-02-18T12:03:42","date_gmt":"2021-02-18T15:03:42","guid":{"rendered":"https:\/\/www.preuniversitariocumbre.com\/ws\/?page_id=3080"},"modified":"2026-01-08T20:04:46","modified_gmt":"2026-01-08T23:04:46","slug":"preuniversitario-online-y-presencial","status":"publish","type":"page","link":"https:\/\/www.preuniversitariocumbre.com\/ws\/","title":{"rendered":"INICIO"},"content":{"rendered":"\t\t<div data-elementor-type=\"wp-page\" data-elementor-id=\"3080\" class=\"elementor elementor-3080\">\n\t\t\t\t\t\t<div class=\"elementor-inner\">\n\t\t\t\t<div class=\"elementor-section-wrap\">\n\t\t\t\t\t\t\t\t\t<section class=\"elementor-section elementor-top-section elementor-element elementor-element-1de20498 elementor-section-boxed elementor-section-height-default elementor-section-height-default\" data-id=\"1de20498\" data-element_type=\"section\">\n\t\t\t\t\t\t<div class=\"elementor-container elementor-column-gap-default\">\n\t\t\t\t\t\t\t<div class=\"elementor-row\">\n\t\t\t\t\t<div class=\"elementor-column elementor-col-100 elementor-top-column elementor-element elementor-element-6b75a61f\" data-id=\"6b75a61f\" data-element_type=\"column\">\n\t\t\t<div class=\"elementor-column-wrap elementor-element-populated\">\n\t\t\t\t\t\t\t<div class=\"elementor-widget-wrap\">\n\t\t\t\t\t\t<div class=\"elementor-element elementor-element-55fbd5aa elementor-widget elementor-widget-text-editor\" data-id=\"55fbd5aa\" data-element_type=\"widget\" data-widget_type=\"text-editor.default\">\n\t\t\t\t<div class=\"elementor-widget-container\">\n\t\t\t\t\t\t\t\t<div class=\"elementor-text-editor elementor-clearfix\">\n\t\t\t\t<!-- wp:fl-builder\/layout -->\n\n\t<p><strong>BIENVENIDOS A PREUNIVERSITARIO CUMBRE<\/strong><\/p>\n\t<p>PREUNIVERSITARIO CUMBRE<\/p>\n\t<p>ADMISI\u00d3N 2026<\/p>\n\t<p><strong>PREP\u00c1RATE CON LOS MEJORES, LOGRA TUS OBJETIVOS<\/strong><\/p>\n\t<p><strong>Alcanzar tu sue\u00f1o nunca estuvo tan cerca<\/strong><\/p>\n\t\t\t<a href=\"https:\/\/www.preuniversitariocumbre.com\/ws\/contacto\/\" target=\"_self\">\n\t\t\t\t\t\t\tCotiza Online\n\t\t\t\t\t<\/a>\n\t<p><strong>&#8220;Nuestro modelo de ense\u00f1anza est\u00e1 basado en tres principios pedag\u00f3gicos fundamentales: personalizaci\u00f3n, exigencia y responsabilidad&#8221;<\/strong><\/p>\n\t<p><strong>Solange Ogaz Santelices, Fundadora<\/strong><\/p>\n\t<p><strong>PROGRAMAS DE ESTUDIO<\/strong><\/p>\n\t<p>Los dos objetivos principales del Preuniversitario Cumbre, y el de cada uno de nuestros planes de estudio, es permitir el ingreso a la Universidad de preferencia de la gran mayor\u00eda de nuestros alumnos y desarrollar en ellos una disciplina acad\u00e9mica e intelectual que permita el \u00e9xito en su primer a\u00f1o de educaci\u00f3n superior.<\/p>\n<p>Son varias las necesidades de nuestros alumnos y aqu\u00ed podr\u00e1s conocer con m\u00e1s detalle nuestros programas enfocados en apoyarlos:<\/p>\n\t<p><strong>Nuestros Programas<\/strong><\/p>\n\t<p>ANUAL TARDE<\/p>\n\t<p>Ideal para los alumnos en educaci\u00f3n media desde 1\u00ba hasta 4\u00ba.<\/p>\n\t\t\t<a href=\"https:\/\/www.preuniversitariocumbre.com\/ws\/anual-tarde\" target=\"_self\">\n\t\t\t\t\t\t\tVER M\u00c1S\n\t\t\t\t\t<\/a>\n\t<p>EGRESADOS INVIERNO<\/p>\n\t<p>Pensado para los alumnos Egresados de 4\u00ba Medio que desean rendir su prueba a mitad de a\u00f1o.<\/p>\n\t\t\t<a href=\"https:\/\/www.preuniversitariocumbre.com\/ws\/plan-egresados-invierno\/\" target=\"_self\">\n\t\t\t\t\t\t\tVER M\u00c1S\n\t\t\t\t\t<\/a>\n\t<p>EGRESADOS PLUS<\/p>\n\t<p>Especial para los alumnos Egresados de 4\u00ba medio que desean rendir la prueba tanto en invierno como en verano.<\/p>\n\t\t\t<a href=\"https:\/\/www.preuniversitariocumbre.com\/ws\/plan-egresados-plus\/\" target=\"_self\">\n\t\t\t\t\t\t\tVER M\u00c1S\n\t\t\t\t\t<\/a>\n\t<p>SEGUNDO SEMESTRE<\/p>\n\t<p>Intensivo que parte para todos los cursos desde el mes de Agosto.<\/p>\n\t\t\t<a href=\"https:\/\/www.preuniversitariocumbre.com\/ws\/segundo-semestre\/\" target=\"_self\">\n\t\t\t\t\t\t\tVER M\u00c1S\n\t\t\t\t\t<\/a>\n\t<p>PERSONALIZADO (Clases Individuales)<\/p>\n\t<p>Curso particular donde el alumno tendr\u00e1 clases 1 a 1 con un profesor.<\/p>\n\t\t\t<a href=\"https:\/\/www.preuniversitariocumbre.com\/ws\/personalizado\" target=\"_self\">\n\t\t\t\t\t\t\tVER M\u00c1S\n\t\t\t\t\t<\/a>\n\t<p><strong>Modalidades<\/strong><\/p>\n\t<p>PRESENCIAL<\/p>\n\t<p>Clases presenciales dentro de nuestras salas en la sede f\u00edsica.<\/p>\n\t\t\t<a href=\"https:\/\/www.preuniversitariocumbre.com\/ws\/planes-online\" target=\"_self\">\n\t\t\t\t\t\t\tVER M\u00c1S\n\t\t\t\t\t<\/a>\n\t<p>ON-LINE LIVE<\/p>\n\t<p>Clases ON-LINE en vivo, pensado en los alumnos que ven nuestras clases desde la distancia.<\/p>\n\t\t\t<a href=\"https:\/\/www.preuniversitariocumbre.com\/ws\/planes-online\" target=\"_self\">\n\t\t\t\t\t\t\tVER M\u00c1S\n\t\t\t\t\t<\/a>\n\t<p>ON-LINE \u00b7 REC<\/p>\n\t<p>Clases grabadas, pensado en una mayor flexibilidad de disponibilidad horaria.<\/p>\n\t\t\t<a href=\"https:\/\/www.preuniversitariocumbre.com\/ws\/planes-rec\" target=\"_self\">\n\t\t\t\t\t\t\tVER M\u00c1S\n\t\t\t\t\t<\/a>\n\t<p>CLASES PARTICULARES<\/p>\n\t\t\t<a href=\"https:\/\/promedio7.com\/\" target=\"_self\">\n\t\t\t\t\t\t\tM\u00e1s Informaci\u00f3n\n\t\t\t\t\t<\/a>\n\t<p>EX\u00c1MENES LIBRES<\/p>\n\t\t\t<a href=\"https:\/\/www.preuniversitariocumbre.com\/ws\/examenes-libres-2\/\" target=\"_self\">\n\t\t\t\t\t\t\tM\u00e1s Informaci\u00f3n\n\t\t\t\t\t<\/a>\n\t<p><strong>RESULTADOS ADMISI\u00d3N 2026<\/strong><\/p>\n\t\t\t\t<img decoding=\"async\" src=\"https:\/\/www.preuniversitariocumbre.com\/ws\/wp-content\/uploads\/2021\/02\/stars.png\" alt=\"stars\" itemprop=\"image\" height=\"64\" width=\"338\" title=\"stars\" onerror=\"this.style.display='none'\"  \/>\n\t<p>&#8220;Gracias por la buena base que me dieron, en esta prueba pude aplicar de buena forma todo lo que me ense\u00f1aron \u00a1Gracias Totales!&#8221;<\/p>\n\t<p>92%<\/p>\n\t<p>De nuestros alumnos ingres\u00f3 a la carrera de sus sue\u00f1os en la universidad de su preferencia<\/p>\n\t<p>En promedio, nuestros alumnos suben entre<\/p>\n\t<p>170 &#8211; 230<\/p>\n\t<p>puntos<\/p>\n\t<p>Te invitamos a so\u00f1ar en grande como nuestros alumnos y te desafiamos a que logres la excelencia<\/p>\n\t<p>COTIZA TU PLAN<\/p>\n\n<!-- \/wp:fl-builder\/layout -->\t\t\t\t\t<\/div>\n\t\t\t\t\t\t<\/div>\n\t\t\t\t<\/div>\n\t\t\t\t\t\t<\/div>\n\t\t\t\t\t<\/div>\n\t\t<\/div>\n\t\t\t\t\t\t\t\t<\/div>\n\t\t\t\t\t<\/div>\n\t\t<\/section>\n\t\t\t\t<section class=\"elementor-section elementor-top-section elementor-element elementor-element-0a73ddf elementor-section-content-middle elementor-section-boxed elementor-section-height-default elementor-section-height-default\" data-id=\"0a73ddf\" data-element_type=\"section\">\n\t\t\t\t\t\t<div class=\"elementor-container elementor-column-gap-default\">\n\t\t\t\t\t\t\t<div class=\"elementor-row\">\n\t\t\t\t\t<div class=\"elementor-column elementor-col-100 elementor-top-column elementor-element elementor-element-1531cda\" data-id=\"1531cda\" data-element_type=\"column\">\n\t\t\t<div class=\"elementor-column-wrap elementor-element-populated\">\n\t\t\t\t\t\t\t<div class=\"elementor-widget-wrap\">\n\t\t\t\t\t\t<div class=\"elementor-element elementor-element-b92e86d elementor-widget elementor-widget-html\" data-id=\"b92e86d\" data-element_type=\"widget\" data-widget_type=\"html.default\">\n\t\t\t\t<div class=\"elementor-widget-container\">\n\t\t\t<script>!function(a,m,o,c,r,m){a[o+c]=a[o+c]||{setMeta:function(p){this.params=(this.params||[]).concat([p])}},a[o+r]=a[o+r]||function(f){a[o+r].f=(a[o+r].f||[]).concat([f])},a[o+r]({id:\"1641399\",hash:\"a14c3564e437084a70ef8b12cc5e18c8\",locale:\"es\"}),a[o+m]=a[o+m]||function(f,k){a[o+m].f=(a[o+m].f||[]).concat([[f,k]])}}(window,0,\"amo_forms_\",\"params\",\"load\",\"loaded\");<\/script><script id=\"amoforms_script_1641399\" async=\"async\" charset=\"utf-8\" src=\"https:\/\/forms.kommo.com\/forms\/assets\/js\/amoforms.js?1767913003\"><\/script>\t\t<\/div>\n\t\t\t\t<\/div>\n\t\t\t\t\t\t<\/div>\n\t\t\t\t\t<\/div>\n\t\t<\/div>\n\t\t\t\t\t\t\t\t<\/div>\n\t\t\t\t\t<\/div>\n\t\t<\/section>\n\t\t\t\t\t\t\t\t\t<\/div>\n\t\t\t<\/div>\n\t\t\t\t\t<\/div>\n\t\t","protected":false},"excerpt":{"rendered":"<p>BIENVENIDOS A PREUNIVERSITARIO CUMBRE PREUNIVERSITARIO CUMBRE ADMISI\u00d3N 2026 PREP\u00c1RATE CON LOS MEJORES, LOGRA TUS OBJETIVOS Alcanzar tu sue\u00f1o nunca estuvo tan cerca Cotiza Online &#8220;Nuestro modelo de ense\u00f1anza est\u00e1 basado en tres principios pedag\u00f3gicos fundamentales: personalizaci\u00f3n, exigencia y responsabilidad&#8221; Solange Ogaz Santelices, Fundadora PROGRAMAS DE ESTUDIO Los dos objetivos principales del Preuniversitario Cumbre, y el<a href=\"https:\/\/www.preuniversitariocumbre.com\/ws\/\">[&#8230;]<\/a><\/p>\n","protected":false},"author":1,"featured_media":0,"parent":0,"menu_order":0,"comment_status":"closed","ping_status":"closed","template":"template-fullwidth.php","meta":{"_joinchat":[],"footnotes":""},"class_list":["post-3080","page","type-page","status-publish","hentry"],"yoast_head":"<!-- This site is optimized with the Yoast SEO plugin v24.2 - https:\/\/yoast.com\/wordpress\/plugins\/seo\/ -->\n<title>Preuniversitario Cumbre<\/title>\n<meta name=\"description\" content=\"El Preuniversitario Online m\u00e1s personalizado de Chile.\" \/>\n<meta name=\"robots\" content=\"index, follow, max-snippet:-1, max-image-preview:large, max-video-preview:-1\" \/>\n<link rel=\"canonical\" href=\"https:\/\/www.preuniversitariocumbre.com\/ws\/\" \/>\n<meta property=\"og:locale\" content=\"es_ES\" \/>\n<meta property=\"og:type\" content=\"article\" \/>\n<meta property=\"og:title\" content=\"Preuniversitario Cumbre\" \/>\n<meta property=\"og:description\" content=\"El Preuniversitario Online m\u00e1s personalizado de Chile.\" \/>\n<meta property=\"og:url\" content=\"https:\/\/www.preuniversitariocumbre.com\/ws\/\" \/>\n<meta property=\"og:site_name\" content=\"Preuniversitario Cumbre\" \/>\n<meta property=\"article:publisher\" content=\"https:\/\/www.facebook.com\/cumbre.preuniversitario\/\" \/>\n<meta property=\"article:modified_time\" content=\"2026-01-08T23:04:46+00:00\" \/>\n<meta property=\"og:image\" content=\"https:\/\/www.preuniversitariocumbre.com\/ws\/wp-content\/uploads\/2021\/02\/stars.png\" \/>\n<meta name=\"twitter:card\" content=\"summary_large_image\" \/>\n<meta name=\"twitter:site\" content=\"@PSUCumbre\" \/>\n<meta name=\"twitter:label1\" content=\"Tiempo estimado de lectura\" \/>\n\t<meta name=\"twitter:data1\" content=\"2 minutos\" \/>\n<script type=\"application\/ld+json\" class=\"yoast-schema-graph\">{\"@context\":\"https:\/\/schema.org\",\"@graph\":[{\"@type\":\"WebPage\",\"@id\":\"https:\/\/www.preuniversitariocumbre.com\/ws\/\",\"url\":\"https:\/\/www.preuniversitariocumbre.com\/ws\/\",\"name\":\"Preuniversitario Cumbre\",\"isPartOf\":{\"@id\":\"https:\/\/www.preuniversitariocumbre.com\/ws\/#website\"},\"primaryImageOfPage\":{\"@id\":\"https:\/\/www.preuniversitariocumbre.com\/ws\/#primaryimage\"},\"image\":{\"@id\":\"https:\/\/www.preuniversitariocumbre.com\/ws\/#primaryimage\"},\"thumbnailUrl\":\"https:\/\/www.preuniversitariocumbre.com\/ws\/wp-content\/uploads\/2021\/02\/stars.png\",\"datePublished\":\"2021-02-18T15:03:42+00:00\",\"dateModified\":\"2026-01-08T23:04:46+00:00\",\"description\":\"El Preuniversitario Online m\u00e1s personalizado de Chile.\",\"breadcrumb\":{\"@id\":\"https:\/\/www.preuniversitariocumbre.com\/ws\/#breadcrumb\"},\"inLanguage\":\"es-CL\",\"potentialAction\":[{\"@type\":\"ReadAction\",\"target\":[\"https:\/\/www.preuniversitariocumbre.com\/ws\/\"]}]},{\"@type\":\"ImageObject\",\"inLanguage\":\"es-CL\",\"@id\":\"https:\/\/www.preuniversitariocumbre.com\/ws\/#primaryimage\",\"url\":\"https:\/\/www.preuniversitariocumbre.com\/ws\/wp-content\/uploads\/2021\/02\/stars.png\",\"contentUrl\":\"https:\/\/www.preuniversitariocumbre.com\/ws\/wp-content\/uploads\/2021\/02\/stars.png\",\"width\":338,\"height\":64},{\"@type\":\"BreadcrumbList\",\"@id\":\"https:\/\/www.preuniversitariocumbre.com\/ws\/#breadcrumb\",\"itemListElement\":[{\"@type\":\"ListItem\",\"position\":1,\"name\":\"Home\",\"item\":\"https:\/\/www.preuniversitariocumbre.com\/ws\/\"},{\"@type\":\"ListItem\",\"position\":2,\"name\":\"INICIO\"}]},{\"@type\":\"WebSite\",\"@id\":\"https:\/\/www.preuniversitariocumbre.com\/ws\/#website\",\"url\":\"https:\/\/www.preuniversitariocumbre.com\/ws\/\",\"name\":\"Preuniversitario Cumbre\",\"description\":\"El Mejor Preu 100% Personalizado de Chile\",\"publisher\":{\"@id\":\"https:\/\/www.preuniversitariocumbre.com\/ws\/#organization\"},\"potentialAction\":[{\"@type\":\"SearchAction\",\"target\":{\"@type\":\"EntryPoint\",\"urlTemplate\":\"https:\/\/www.preuniversitariocumbre.com\/ws\/?s={search_term_string}\"},\"query-input\":{\"@type\":\"PropertyValueSpecification\",\"valueRequired\":true,\"valueName\":\"search_term_string\"}}],\"inLanguage\":\"es-CL\"},{\"@type\":\"Organization\",\"@id\":\"https:\/\/www.preuniversitariocumbre.com\/ws\/#organization\",\"name\":\"Preuniversitario Cumbre\",\"url\":\"https:\/\/www.preuniversitariocumbre.com\/ws\/\",\"logo\":{\"@type\":\"ImageObject\",\"inLanguage\":\"es-CL\",\"@id\":\"https:\/\/www.preuniversitariocumbre.com\/ws\/#\/schema\/logo\/image\/\",\"url\":\"https:\/\/www.preuniversitariocumbre.com\/ws\/wp-content\/uploads\/2017\/06\/Logo-new-web2.png\",\"contentUrl\":\"https:\/\/www.preuniversitariocumbre.com\/ws\/wp-content\/uploads\/2017\/06\/Logo-new-web2.png\",\"width\":545,\"height\":238,\"caption\":\"Preuniversitario Cumbre\"},\"image\":{\"@id\":\"https:\/\/www.preuniversitariocumbre.com\/ws\/#\/schema\/logo\/image\/\"},\"sameAs\":[\"https:\/\/www.facebook.com\/cumbre.preuniversitario\/\",\"https:\/\/x.com\/PSUCumbre\",\"https:\/\/www.instagram.com\/preucumbre\/\"]}]}<\/script>\n<!-- \/ Yoast SEO plugin. -->","yoast_head_json":{"title":"Preuniversitario Cumbre","description":"El Preuniversitario Online m\u00e1s personalizado de Chile.","robots":{"index":"index","follow":"follow","max-snippet":"max-snippet:-1","max-image-preview":"max-image-preview:large","max-video-preview":"max-video-preview:-1"},"canonical":"https:\/\/www.preuniversitariocumbre.com\/ws\/","og_locale":"es_ES","og_type":"article","og_title":"Preuniversitario Cumbre","og_description":"El Preuniversitario Online m\u00e1s personalizado de Chile.","og_url":"https:\/\/www.preuniversitariocumbre.com\/ws\/","og_site_name":"Preuniversitario Cumbre","article_publisher":"https:\/\/www.facebook.com\/cumbre.preuniversitario\/","article_modified_time":"2026-01-08T23:04:46+00:00","og_image":[{"url":"https:\/\/www.preuniversitariocumbre.com\/ws\/wp-content\/uploads\/2021\/02\/stars.png","type":"","width":"","height":""}],"twitter_card":"summary_large_image","twitter_site":"@PSUCumbre","twitter_misc":{"Tiempo estimado de lectura":"2 minutos"},"schema":{"@context":"https:\/\/schema.org","@graph":[{"@type":"WebPage","@id":"https:\/\/www.preuniversitariocumbre.com\/ws\/","url":"https:\/\/www.preuniversitariocumbre.com\/ws\/","name":"Preuniversitario Cumbre","isPartOf":{"@id":"https:\/\/www.preuniversitariocumbre.com\/ws\/#website"},"primaryImageOfPage":{"@id":"https:\/\/www.preuniversitariocumbre.com\/ws\/#primaryimage"},"image":{"@id":"https:\/\/www.preuniversitariocumbre.com\/ws\/#primaryimage"},"thumbnailUrl":"https:\/\/www.preuniversitariocumbre.com\/ws\/wp-content\/uploads\/2021\/02\/stars.png","datePublished":"2021-02-18T15:03:42+00:00","dateModified":"2026-01-08T23:04:46+00:00","description":"El Preuniversitario Online m\u00e1s personalizado de Chile.","breadcrumb":{"@id":"https:\/\/www.preuniversitariocumbre.com\/ws\/#breadcrumb"},"inLanguage":"es-CL","potentialAction":[{"@type":"ReadAction","target":["https:\/\/www.preuniversitariocumbre.com\/ws\/"]}]},{"@type":"ImageObject","inLanguage":"es-CL","@id":"https:\/\/www.preuniversitariocumbre.com\/ws\/#primaryimage","url":"https:\/\/www.preuniversitariocumbre.com\/ws\/wp-content\/uploads\/2021\/02\/stars.png","contentUrl":"https:\/\/www.preuniversitariocumbre.com\/ws\/wp-content\/uploads\/2021\/02\/stars.png","width":338,"height":64},{"@type":"BreadcrumbList","@id":"https:\/\/www.preuniversitariocumbre.com\/ws\/#breadcrumb","itemListElement":[{"@type":"ListItem","position":1,"name":"Home","item":"https:\/\/www.preuniversitariocumbre.com\/ws\/"},{"@type":"ListItem","position":2,"name":"INICIO"}]},{"@type":"WebSite","@id":"https:\/\/www.preuniversitariocumbre.com\/ws\/#website","url":"https:\/\/www.preuniversitariocumbre.com\/ws\/","name":"Preuniversitario Cumbre","description":"El Mejor Preu 100% Personalizado de Chile","publisher":{"@id":"https:\/\/www.preuniversitariocumbre.com\/ws\/#organization"},"potentialAction":[{"@type":"SearchAction","target":{"@type":"EntryPoint","urlTemplate":"https:\/\/www.preuniversitariocumbre.com\/ws\/?s={search_term_string}"},"query-input":{"@type":"PropertyValueSpecification","valueRequired":true,"valueName":"search_term_string"}}],"inLanguage":"es-CL"},{"@type":"Organization","@id":"https:\/\/www.preuniversitariocumbre.com\/ws\/#organization","name":"Preuniversitario Cumbre","url":"https:\/\/www.preuniversitariocumbre.com\/ws\/","logo":{"@type":"ImageObject","inLanguage":"es-CL","@id":"https:\/\/www.preuniversitariocumbre.com\/ws\/#\/schema\/logo\/image\/","url":"https:\/\/www.preuniversitariocumbre.com\/ws\/wp-content\/uploads\/2017\/06\/Logo-new-web2.png","contentUrl":"https:\/\/www.preuniversitariocumbre.com\/ws\/wp-content\/uploads\/2017\/06\/Logo-new-web2.png","width":545,"height":238,"caption":"Preuniversitario Cumbre"},"image":{"@id":"https:\/\/www.preuniversitariocumbre.com\/ws\/#\/schema\/logo\/image\/"},"sameAs":["https:\/\/www.facebook.com\/cumbre.preuniversitario\/","https:\/\/x.com\/PSUCumbre","https:\/\/www.instagram.com\/preucumbre\/"]}]}},"_links":{"self":[{"href":"https:\/\/www.preuniversitariocumbre.com\/ws\/wp-json\/wp\/v2\/pages\/3080","targetHints":{"allow":["GET"]}}],"collection":[{"href":"https:\/\/www.preuniversitariocumbre.com\/ws\/wp-json\/wp\/v2\/pages"}],"about":[{"href":"https:\/\/www.preuniversitariocumbre.com\/ws\/wp-json\/wp\/v2\/types\/page"}],"author":[{"embeddable":true,"href":"https:\/\/www.preuniversitariocumbre.com\/ws\/wp-json\/wp\/v2\/users\/1"}],"replies":[{"embeddable":true,"href":"https:\/\/www.preuniversitariocumbre.com\/ws\/wp-json\/wp\/v2\/comments?post=3080"}],"version-history":[{"count":140,"href":"https:\/\/www.preuniversitariocumbre.com\/ws\/wp-json\/wp\/v2\/pages\/3080\/revisions"}],"predecessor-version":[{"id":3812,"href":"https:\/\/www.preuniversitariocumbre.com\/ws\/wp-json\/wp\/v2\/pages\/3080\/revisions\/3812"}],"wp:attachment":[{"href":"https:\/\/www.preuniversitariocumbre.com\/ws\/wp-json\/wp\/v2\/media?parent=3080"}],"curies":[{"name":"wp","href":"https:\/\/api.w.org\/{rel}","templated":true}]}}