{"id":3155,"date":"2021-02-18T12:21:06","date_gmt":"2021-02-18T15:21:06","guid":{"rendered":"https:\/\/www.preuniversitariocumbre.com\/ws\/?page_id=3155"},"modified":"2022-12-20T17:05:31","modified_gmt":"2022-12-20T20:05:31","slug":"planes-online","status":"publish","type":"page","link":"https:\/\/www.preuniversitariocumbre.com\/ws\/planes-online\/","title":{"rendered":"PREUNIVERSITARIO ONLINE"},"content":{"rendered":"\n<p>TODOS NUESTROS PLANES<\/p>\n\t<p>PRESENCIAL, ONLINE Y GRABADOS<\/p>\n\t<p>La opci\u00f3n Online fue creada para cubrir las necesidades de aquellos alumnos que busquen una preparaci\u00f3n completa para rendir su PAES y no tengan la opci\u00f3n de asistir de forma presencial a cualquiera de nuestros planes.<\/p>\n\t<p>Es un sistema que les permita mejorar su rendimiento escolar, manteniendo una cercan\u00eda sin perder la interacci\u00f3n, adem\u00e1s de un buen equilibrio entre el \u00e1mbito acad\u00e9mico y desarrollo personal.<\/p>\n\t<p>COTIZA TU PLAN<\/p>\n","protected":false},"excerpt":{"rendered":"<p>TODOS NUESTROS PLANES PRESENCIAL, ONLINE Y GRABADOS La opci\u00f3n Online fue creada para cubrir las necesidades de aquellos alumnos que busquen una preparaci\u00f3n completa para rendir su PAES y no tengan la opci\u00f3n de asistir de forma presencial a cualquiera de nuestros planes. Es un sistema que les permita mejorar su rendimiento escolar, manteniendo una<a href=\"https:\/\/www.preuniversitariocumbre.com\/ws\/planes-online\/\">[&#8230;]<\/a><\/p>\n","protected":false},"author":1,"featured_media":0,"parent":0,"menu_order":0,"comment_status":"closed","ping_status":"closed","template":"template-fullwidth.php","meta":{"_joinchat":[],"footnotes":""},"class_list":["post-3155","page","type-page","status-publish","hentry"],"yoast_head":"<!-- This site is optimized with the Yoast SEO plugin v24.2 - https:\/\/yoast.com\/wordpress\/plugins\/seo\/ -->\n<title>PREUNIVERSITARIO ONLINE - Preuniversitario Cumbre<\/title>\n<meta name=\"robots\" content=\"index, follow, max-snippet:-1, max-image-preview:large, max-video-preview:-1\" \/>\n<link rel=\"canonical\" href=\"https:\/\/www.preuniversitariocumbre.com\/ws\/planes-online\/\" \/>\n<meta property=\"og:locale\" content=\"es_ES\" \/>\n<meta property=\"og:type\" content=\"article\" \/>\n<meta property=\"og:title\" content=\"PREUNIVERSITARIO ONLINE - Preuniversitario Cumbre\" \/>\n<meta property=\"og:description\" content=\"TODOS NUESTROS PLANES PRESENCIAL, ONLINE Y GRABADOS La opci\u00f3n Online fue creada para cubrir las necesidades de aquellos alumnos que busquen una preparaci\u00f3n completa para rendir su PAES y no tengan la opci\u00f3n de asistir de forma presencial a cualquiera de nuestros planes. Es un sistema que les permita mejorar su rendimiento escolar, manteniendo una[...]\" \/>\n<meta property=\"og:url\" content=\"https:\/\/www.preuniversitariocumbre.com\/ws\/planes-online\/\" \/>\n<meta property=\"og:site_name\" content=\"Preuniversitario Cumbre\" \/>\n<meta property=\"article:publisher\" content=\"https:\/\/www.facebook.com\/cumbre.preuniversitario\/\" \/>\n<meta property=\"article:modified_time\" content=\"2022-12-20T20:05:31+00:00\" \/>\n<meta name=\"twitter:card\" content=\"summary_large_image\" \/>\n<meta name=\"twitter:site\" content=\"@PSUCumbre\" \/>\n<meta name=\"twitter:label1\" content=\"Tiempo estimado de lectura\" \/>\n\t<meta name=\"twitter:data1\" content=\"1 minuto\" \/>\n<script type=\"application\/ld+json\" class=\"yoast-schema-graph\">{\"@context\":\"https:\/\/schema.org\",\"@graph\":[{\"@type\":\"WebPage\",\"@id\":\"https:\/\/www.preuniversitariocumbre.com\/ws\/planes-online\/\",\"url\":\"https:\/\/www.preuniversitariocumbre.com\/ws\/planes-online\/\",\"name\":\"PREUNIVERSITARIO ONLINE - Preuniversitario Cumbre\",\"isPartOf\":{\"@id\":\"https:\/\/www.preuniversitariocumbre.com\/ws\/#website\"},\"datePublished\":\"2021-02-18T15:21:06+00:00\",\"dateModified\":\"2022-12-20T20:05:31+00:00\",\"breadcrumb\":{\"@id\":\"https:\/\/www.preuniversitariocumbre.com\/ws\/planes-online\/#breadcrumb\"},\"inLanguage\":\"es-CL\",\"potentialAction\":[{\"@type\":\"ReadAction\",\"target\":[\"https:\/\/www.preuniversitariocumbre.com\/ws\/planes-online\/\"]}]},{\"@type\":\"BreadcrumbList\",\"@id\":\"https:\/\/www.preuniversitariocumbre.com\/ws\/planes-online\/#breadcrumb\",\"itemListElement\":[{\"@type\":\"ListItem\",\"position\":1,\"name\":\"Home\",\"item\":\"https:\/\/www.preuniversitariocumbre.com\/ws\/\"},{\"@type\":\"ListItem\",\"position\":2,\"name\":\"PREUNIVERSITARIO ONLINE\"}]},{\"@type\":\"WebSite\",\"@id\":\"https:\/\/www.preuniversitariocumbre.com\/ws\/#website\",\"url\":\"https:\/\/www.preuniversitariocumbre.com\/ws\/\",\"name\":\"Preuniversitario Cumbre\",\"description\":\"El Mejor Preu 100% Personalizado de Chile\",\"publisher\":{\"@id\":\"https:\/\/www.preuniversitariocumbre.com\/ws\/#organization\"},\"potentialAction\":[{\"@type\":\"SearchAction\",\"target\":{\"@type\":\"EntryPoint\",\"urlTemplate\":\"https:\/\/www.preuniversitariocumbre.com\/ws\/?s={search_term_string}\"},\"query-input\":{\"@type\":\"PropertyValueSpecification\",\"valueRequired\":true,\"valueName\":\"search_term_string\"}}],\"inLanguage\":\"es-CL\"},{\"@type\":\"Organization\",\"@id\":\"https:\/\/www.preuniversitariocumbre.com\/ws\/#organization\",\"name\":\"Preuniversitario Cumbre\",\"url\":\"https:\/\/www.preuniversitariocumbre.com\/ws\/\",\"logo\":{\"@type\":\"ImageObject\",\"inLanguage\":\"es-CL\",\"@id\":\"https:\/\/www.preuniversitariocumbre.com\/ws\/#\/schema\/logo\/image\/\",\"url\":\"https:\/\/www.preuniversitariocumbre.com\/ws\/wp-content\/uploads\/2017\/06\/Logo-new-web2.png\",\"contentUrl\":\"https:\/\/www.preuniversitariocumbre.com\/ws\/wp-content\/uploads\/2017\/06\/Logo-new-web2.png\",\"width\":545,\"height\":238,\"caption\":\"Preuniversitario Cumbre\"},\"image\":{\"@id\":\"https:\/\/www.preuniversitariocumbre.com\/ws\/#\/schema\/logo\/image\/\"},\"sameAs\":[\"https:\/\/www.facebook.com\/cumbre.preuniversitario\/\",\"https:\/\/x.com\/PSUCumbre\",\"https:\/\/www.instagram.com\/preucumbre\/\"]}]}<\/script>\n<!-- \/ Yoast SEO plugin. -->","yoast_head_json":{"title":"PREUNIVERSITARIO ONLINE - Preuniversitario Cumbre","robots":{"index":"index","follow":"follow","max-snippet":"max-snippet:-1","max-image-preview":"max-image-preview:large","max-video-preview":"max-video-preview:-1"},"canonical":"https:\/\/www.preuniversitariocumbre.com\/ws\/planes-online\/","og_locale":"es_ES","og_type":"article","og_title":"PREUNIVERSITARIO ONLINE - Preuniversitario Cumbre","og_description":"TODOS NUESTROS PLANES PRESENCIAL, ONLINE Y GRABADOS La opci\u00f3n Online fue creada para cubrir las necesidades de aquellos alumnos que busquen una preparaci\u00f3n completa para rendir su PAES y no tengan la opci\u00f3n de asistir de forma presencial a cualquiera de nuestros planes. Es un sistema que les permita mejorar su rendimiento escolar, manteniendo una[...]","og_url":"https:\/\/www.preuniversitariocumbre.com\/ws\/planes-online\/","og_site_name":"Preuniversitario Cumbre","article_publisher":"https:\/\/www.facebook.com\/cumbre.preuniversitario\/","article_modified_time":"2022-12-20T20:05:31+00:00","twitter_card":"summary_large_image","twitter_site":"@PSUCumbre","twitter_misc":{"Tiempo estimado de lectura":"1 minuto"},"schema":{"@context":"https:\/\/schema.org","@graph":[{"@type":"WebPage","@id":"https:\/\/www.preuniversitariocumbre.com\/ws\/planes-online\/","url":"https:\/\/www.preuniversitariocumbre.com\/ws\/planes-online\/","name":"PREUNIVERSITARIO ONLINE - Preuniversitario Cumbre","isPartOf":{"@id":"https:\/\/www.preuniversitariocumbre.com\/ws\/#website"},"datePublished":"2021-02-18T15:21:06+00:00","dateModified":"2022-12-20T20:05:31+00:00","breadcrumb":{"@id":"https:\/\/www.preuniversitariocumbre.com\/ws\/planes-online\/#breadcrumb"},"inLanguage":"es-CL","potentialAction":[{"@type":"ReadAction","target":["https:\/\/www.preuniversitariocumbre.com\/ws\/planes-online\/"]}]},{"@type":"BreadcrumbList","@id":"https:\/\/www.preuniversitariocumbre.com\/ws\/planes-online\/#breadcrumb","itemListElement":[{"@type":"ListItem","position":1,"name":"Home","item":"https:\/\/www.preuniversitariocumbre.com\/ws\/"},{"@type":"ListItem","position":2,"name":"PREUNIVERSITARIO ONLINE"}]},{"@type":"WebSite","@id":"https:\/\/www.preuniversitariocumbre.com\/ws\/#website","url":"https:\/\/www.preuniversitariocumbre.com\/ws\/","name":"Preuniversitario Cumbre","description":"El Mejor Preu 100% Personalizado de Chile","publisher":{"@id":"https:\/\/www.preuniversitariocumbre.com\/ws\/#organization"},"potentialAction":[{"@type":"SearchAction","target":{"@type":"EntryPoint","urlTemplate":"https:\/\/www.preuniversitariocumbre.com\/ws\/?s={search_term_string}"},"query-input":{"@type":"PropertyValueSpecification","valueRequired":true,"valueName":"search_term_string"}}],"inLanguage":"es-CL"},{"@type":"Organization","@id":"https:\/\/www.preuniversitariocumbre.com\/ws\/#organization","name":"Preuniversitario Cumbre","url":"https:\/\/www.preuniversitariocumbre.com\/ws\/","logo":{"@type":"ImageObject","inLanguage":"es-CL","@id":"https:\/\/www.preuniversitariocumbre.com\/ws\/#\/schema\/logo\/image\/","url":"https:\/\/www.preuniversitariocumbre.com\/ws\/wp-content\/uploads\/2017\/06\/Logo-new-web2.png","contentUrl":"https:\/\/www.preuniversitariocumbre.com\/ws\/wp-content\/uploads\/2017\/06\/Logo-new-web2.png","width":545,"height":238,"caption":"Preuniversitario Cumbre"},"image":{"@id":"https:\/\/www.preuniversitariocumbre.com\/ws\/#\/schema\/logo\/image\/"},"sameAs":["https:\/\/www.facebook.com\/cumbre.preuniversitario\/","https:\/\/x.com\/PSUCumbre","https:\/\/www.instagram.com\/preucumbre\/"]}]}},"_links":{"self":[{"href":"https:\/\/www.preuniversitariocumbre.com\/ws\/wp-json\/wp\/v2\/pages\/3155","targetHints":{"allow":["GET"]}}],"collection":[{"href":"https:\/\/www.preuniversitariocumbre.com\/ws\/wp-json\/wp\/v2\/pages"}],"about":[{"href":"https:\/\/www.preuniversitariocumbre.com\/ws\/wp-json\/wp\/v2\/types\/page"}],"author":[{"embeddable":true,"href":"https:\/\/www.preuniversitariocumbre.com\/ws\/wp-json\/wp\/v2\/users\/1"}],"replies":[{"embeddable":true,"href":"https:\/\/www.preuniversitariocumbre.com\/ws\/wp-json\/wp\/v2\/comments?post=3155"}],"version-history":[{"count":19,"href":"https:\/\/www.preuniversitariocumbre.com\/ws\/wp-json\/wp\/v2\/pages\/3155\/revisions"}],"predecessor-version":[{"id":3710,"href":"https:\/\/www.preuniversitariocumbre.com\/ws\/wp-json\/wp\/v2\/pages\/3155\/revisions\/3710"}],"wp:attachment":[{"href":"https:\/\/www.preuniversitariocumbre.com\/ws\/wp-json\/wp\/v2\/media?parent=3155"}],"curies":[{"name":"wp","href":"https:\/\/api.w.org\/{rel}","templated":true}]}}