{"id":3160,"date":"2021-02-18T12:14:48","date_gmt":"2021-02-18T15:14:48","guid":{"rendered":"https:\/\/www.preuniversitariocumbre.com\/ws\/?page_id=3160"},"modified":"2022-10-14T21:00:27","modified_gmt":"2022-10-15T00:00:27","slug":"segundo-semestre","status":"publish","type":"page","link":"https:\/\/www.preuniversitariocumbre.com\/ws\/segundo-semestre\/","title":{"rendered":"SEGUNDO SEMESTRE"},"content":{"rendered":"\n\n\t<p>INVIERTE TU TIEMPO INTELIGENTEMENTE<\/p>\n\t<p>EN PLAN INTENSIVO<\/p>\n\t<p>Una formaci\u00f3n intensiva enfocada en alumnos que hayan decidido realizar su preparaci\u00f3n para la prueba a partir del segundo semestre y que busquen una preparaci\u00f3n completa para rendir su Prueba de Acceso a la Educaci\u00f3n Superior (PAES). Es un sistema que les permite mejorar su rendimiento escolar, adem\u00e1s de un buen equilibrio entre el \u00e1mbito acad\u00e9mico y desarrollo personal<\/p>\n\t<p>PLAN DE ESTUDIO<\/p>\n\t<p>FECHAS IMPORTANTES<\/p>\n\t<p>El curso comienza sus actividades en julio y finalizan el d\u00eda previo al reconocimiento de salas de la PAES.<\/p>\n\t<p>M\u00c9TRICAS DE PROGRESO<\/p>\n\t<p>Se comienza con un ensayo diagn\u00f3stico y se rinden ensayos todos los meses para as\u00ed medir el nivel de progreso de cada alumno y compararlo con sus propias exigencias y requerimientos. Adem\u00e1s, los alumnos tendr\u00e1n que rendir controles por unidad de contenidos vistos.<\/p>\n\t<p>CUPOS Y HORARIOS<\/p>\n\t<p>Grupos presenciales y online de un m\u00e1ximo de 15 alumnos por clase.<\/p>\n<p>Todos los cursos tienen 2 bloques de clases a la semana adem\u00e1s de actividades de evaluaci\u00f3n, reforzamiento y repaso.<\/p>\n\t<p>ACTIVIDADES DE REFORZAMIENTO<\/p>\n\t<p>Los alumnos podr\u00e1n asistir a actividades de reforzamiento, tales como: nivelaci\u00f3n, ejercitaci\u00f3n general, ejercitaci\u00f3n avanzada, y tambi\u00e9n a jornadas de repaso para sintetizar los contenidos vistos en clase. Estas actividades se programan los d\u00edas s\u00e1bado con acceso total seg\u00fan la asignatura inscrita.<\/p>\n\t<p>RESULTADOS ONLINE<\/p>\n\t<p>Todo el material de trabajo y los resultados de rendici\u00f3n de ensayos, controles, tareas, asistencia a clases, cumplimiento de tareas y la grabaci\u00f3n de cada clase se entrega a trav\u00e9s del portal de alumnos al que tienen acceso tanto estudiantes como apoderados.<\/p>\n\t<p>RECURSOS<\/p>\n\t<p>Para cualquier asignatura\u00a0 tomada le entregamos a nuestros alumnos material que considera el contenido te\u00f3rico y ejercicios para trabajar clase a clase.<\/p>\n\t\t\t\t<img decoding=\"async\" src=\"https:\/\/www.preuniversitariocumbre.com\/ws\/wp-content\/uploads\/2021\/02\/test-1-150x150.png\" alt=\"test (1)\" itemprop=\"image\" height=\"150\" width=\"150\" height=\"150\" width=\"150\" title=\"test (1)\" onerror=\"this.style.display='none'\"  \/>\n\t<p>Para todas las evaluaciones rendidas se entrega un informe detallado con el porcentaje de rendimiento de cada eje evaluado y as\u00ed detectar donde priorizar el estudio, adem\u00e1s de una comparaci\u00f3n entre el logro esperado y obtenido seg\u00fan el puntaje objetivo de cada uno.<\/p>\n\t\t\t\t<img decoding=\"async\" src=\"https:\/\/www.preuniversitariocumbre.com\/ws\/wp-content\/uploads\/2021\/02\/open-book-1-150x150.png\" alt=\"open-book (1)\" itemprop=\"image\" height=\"150\" width=\"150\" height=\"150\" width=\"150\" title=\"open-book (1)\" onerror=\"this.style.display='none'\"  \/>\n\t<p>Adem\u00e1s, nuestros alumnos rinden ensayos mensuales con la duraci\u00f3n de tiempo completo, cantidad de preguntas, habilidades y contenidos oficiales seg\u00fan el temario DEMRE publicado.<\/p>\n\t\t\t\t<img decoding=\"async\" src=\"https:\/\/www.preuniversitariocumbre.com\/ws\/wp-content\/uploads\/2021\/02\/dashboard-150x150.png\" alt=\"dashboard\" itemprop=\"image\" height=\"150\" width=\"150\" height=\"150\" width=\"150\" title=\"dashboard\" onerror=\"this.style.display='none'\"  \/>\n\t<p>EDUCACI\u00d3N PERSONALIZADA<\/p>\n\t<p>Se cuenta con c\u00f3modas salas con formato de reuni\u00f3n, climatizadas generando un grato ambiente de estudio y tecnolog\u00eda \u00f3ptima para las exigencias actuales, distribuidas en grupos peque\u00f1os para que as\u00ed cada profesor realice un seguimiento cercano a cada alumno.<\/p>\n<p>Como complemento, le brindamos a los alumnos:<\/p>\n<ul>\n<li>Una serie de Coaching, programados a lo largo del a\u00f1o, enfocados en orientaci\u00f3n vocacional y pedag\u00f3gica, funcionamiento t\u00e9cnico del proceso de postulaci\u00f3n, admisi\u00f3n y otros aspectos extraacad\u00e9micos.<\/li>\n<li>Sesiones individuales para cubrir cualquier necesidad.<\/li>\n<\/ul>\n\t\t\t\t<img decoding=\"async\" src=\"https:\/\/www.preuniversitariocumbre.com\/ws\/wp-content\/uploads\/2021\/02\/actividad_especial01-1-1.png\" alt=\"actividad_especial01-1\" itemprop=\"image\" height=\"619\" width=\"500\" title=\"actividad_especial01-1\" onerror=\"this.style.display='none'\"  \/>\n\t<p>CONTIZA TU PLAN<\/p>\n\n","protected":false},"excerpt":{"rendered":"<p>INVIERTE TU TIEMPO INTELIGENTEMENTE EN PLAN INTENSIVO Una formaci\u00f3n intensiva enfocada en alumnos que hayan decidido realizar su preparaci\u00f3n para la prueba a partir del segundo semestre y que busquen una preparaci\u00f3n completa para rendir su Prueba de Acceso a la Educaci\u00f3n Superior (PAES). Es un sistema que les permite mejorar su rendimiento escolar, adem\u00e1s<a href=\"https:\/\/www.preuniversitariocumbre.com\/ws\/segundo-semestre\/\">[&#8230;]<\/a><\/p>\n","protected":false},"author":1,"featured_media":0,"parent":0,"menu_order":0,"comment_status":"closed","ping_status":"closed","template":"template-fullwidth.php","meta":{"_joinchat":[],"footnotes":""},"class_list":["post-3160","page","type-page","status-publish","hentry"],"yoast_head":"<!-- This site is optimized with the Yoast SEO plugin v24.2 - https:\/\/yoast.com\/wordpress\/plugins\/seo\/ -->\n<title>SEGUNDO SEMESTRE - Preuniversitario Cumbre<\/title>\n<meta name=\"robots\" content=\"index, follow, max-snippet:-1, max-image-preview:large, max-video-preview:-1\" \/>\n<link rel=\"canonical\" href=\"https:\/\/www.preuniversitariocumbre.com\/ws\/segundo-semestre\/\" \/>\n<meta property=\"og:locale\" content=\"es_ES\" \/>\n<meta property=\"og:type\" content=\"article\" \/>\n<meta property=\"og:title\" content=\"SEGUNDO SEMESTRE - Preuniversitario Cumbre\" \/>\n<meta property=\"og:description\" content=\"INVIERTE TU TIEMPO INTELIGENTEMENTE EN PLAN INTENSIVO Una formaci\u00f3n intensiva enfocada en alumnos que hayan decidido realizar su preparaci\u00f3n para la prueba a partir del segundo semestre y que busquen una preparaci\u00f3n completa para rendir su Prueba de Acceso a la Educaci\u00f3n Superior (PAES). Es un sistema que les permite mejorar su rendimiento escolar, adem\u00e1s[...]\" \/>\n<meta property=\"og:url\" content=\"https:\/\/www.preuniversitariocumbre.com\/ws\/segundo-semestre\/\" \/>\n<meta property=\"og:site_name\" content=\"Preuniversitario Cumbre\" \/>\n<meta property=\"article:publisher\" content=\"https:\/\/www.facebook.com\/cumbre.preuniversitario\/\" \/>\n<meta property=\"article:modified_time\" content=\"2022-10-15T00:00:27+00:00\" \/>\n<meta property=\"og:image\" content=\"https:\/\/www.preuniversitariocumbre.com\/ws\/wp-content\/uploads\/2021\/02\/test-1-150x150.png\" \/>\n<meta name=\"twitter:card\" content=\"summary_large_image\" \/>\n<meta name=\"twitter:site\" content=\"@PSUCumbre\" \/>\n<meta name=\"twitter:label1\" content=\"Tiempo estimado de lectura\" \/>\n\t<meta name=\"twitter:data1\" content=\"3 minutos\" \/>\n<script type=\"application\/ld+json\" class=\"yoast-schema-graph\">{\"@context\":\"https:\/\/schema.org\",\"@graph\":[{\"@type\":\"WebPage\",\"@id\":\"https:\/\/www.preuniversitariocumbre.com\/ws\/segundo-semestre\/\",\"url\":\"https:\/\/www.preuniversitariocumbre.com\/ws\/segundo-semestre\/\",\"name\":\"SEGUNDO SEMESTRE - Preuniversitario Cumbre\",\"isPartOf\":{\"@id\":\"https:\/\/www.preuniversitariocumbre.com\/ws\/#website\"},\"primaryImageOfPage\":{\"@id\":\"https:\/\/www.preuniversitariocumbre.com\/ws\/segundo-semestre\/#primaryimage\"},\"image\":{\"@id\":\"https:\/\/www.preuniversitariocumbre.com\/ws\/segundo-semestre\/#primaryimage\"},\"thumbnailUrl\":\"https:\/\/www.preuniversitariocumbre.com\/ws\/wp-content\/uploads\/2021\/02\/test-1-150x150.png\",\"datePublished\":\"2021-02-18T15:14:48+00:00\",\"dateModified\":\"2022-10-15T00:00:27+00:00\",\"breadcrumb\":{\"@id\":\"https:\/\/www.preuniversitariocumbre.com\/ws\/segundo-semestre\/#breadcrumb\"},\"inLanguage\":\"es-CL\",\"potentialAction\":[{\"@type\":\"ReadAction\",\"target\":[\"https:\/\/www.preuniversitariocumbre.com\/ws\/segundo-semestre\/\"]}]},{\"@type\":\"ImageObject\",\"inLanguage\":\"es-CL\",\"@id\":\"https:\/\/www.preuniversitariocumbre.com\/ws\/segundo-semestre\/#primaryimage\",\"url\":\"https:\/\/www.preuniversitariocumbre.com\/ws\/wp-content\/uploads\/2021\/02\/test-1.png\",\"contentUrl\":\"https:\/\/www.preuniversitariocumbre.com\/ws\/wp-content\/uploads\/2021\/02\/test-1.png\",\"width\":512,\"height\":512},{\"@type\":\"BreadcrumbList\",\"@id\":\"https:\/\/www.preuniversitariocumbre.com\/ws\/segundo-semestre\/#breadcrumb\",\"itemListElement\":[{\"@type\":\"ListItem\",\"position\":1,\"name\":\"Home\",\"item\":\"https:\/\/www.preuniversitariocumbre.com\/ws\/\"},{\"@type\":\"ListItem\",\"position\":2,\"name\":\"SEGUNDO SEMESTRE\"}]},{\"@type\":\"WebSite\",\"@id\":\"https:\/\/www.preuniversitariocumbre.com\/ws\/#website\",\"url\":\"https:\/\/www.preuniversitariocumbre.com\/ws\/\",\"name\":\"Preuniversitario Cumbre\",\"description\":\"El Mejor Preu 100% Personalizado de Chile\",\"publisher\":{\"@id\":\"https:\/\/www.preuniversitariocumbre.com\/ws\/#organization\"},\"potentialAction\":[{\"@type\":\"SearchAction\",\"target\":{\"@type\":\"EntryPoint\",\"urlTemplate\":\"https:\/\/www.preuniversitariocumbre.com\/ws\/?s={search_term_string}\"},\"query-input\":{\"@type\":\"PropertyValueSpecification\",\"valueRequired\":true,\"valueName\":\"search_term_string\"}}],\"inLanguage\":\"es-CL\"},{\"@type\":\"Organization\",\"@id\":\"https:\/\/www.preuniversitariocumbre.com\/ws\/#organization\",\"name\":\"Preuniversitario Cumbre\",\"url\":\"https:\/\/www.preuniversitariocumbre.com\/ws\/\",\"logo\":{\"@type\":\"ImageObject\",\"inLanguage\":\"es-CL\",\"@id\":\"https:\/\/www.preuniversitariocumbre.com\/ws\/#\/schema\/logo\/image\/\",\"url\":\"https:\/\/www.preuniversitariocumbre.com\/ws\/wp-content\/uploads\/2017\/06\/Logo-new-web2.png\",\"contentUrl\":\"https:\/\/www.preuniversitariocumbre.com\/ws\/wp-content\/uploads\/2017\/06\/Logo-new-web2.png\",\"width\":545,\"height\":238,\"caption\":\"Preuniversitario Cumbre\"},\"image\":{\"@id\":\"https:\/\/www.preuniversitariocumbre.com\/ws\/#\/schema\/logo\/image\/\"},\"sameAs\":[\"https:\/\/www.facebook.com\/cumbre.preuniversitario\/\",\"https:\/\/x.com\/PSUCumbre\",\"https:\/\/www.instagram.com\/preucumbre\/\"]}]}<\/script>\n<!-- \/ Yoast SEO plugin. -->","yoast_head_json":{"title":"SEGUNDO SEMESTRE - Preuniversitario Cumbre","robots":{"index":"index","follow":"follow","max-snippet":"max-snippet:-1","max-image-preview":"max-image-preview:large","max-video-preview":"max-video-preview:-1"},"canonical":"https:\/\/www.preuniversitariocumbre.com\/ws\/segundo-semestre\/","og_locale":"es_ES","og_type":"article","og_title":"SEGUNDO SEMESTRE - Preuniversitario Cumbre","og_description":"INVIERTE TU TIEMPO INTELIGENTEMENTE EN PLAN INTENSIVO Una formaci\u00f3n intensiva enfocada en alumnos que hayan decidido realizar su preparaci\u00f3n para la prueba a partir del segundo semestre y que busquen una preparaci\u00f3n completa para rendir su Prueba de Acceso a la Educaci\u00f3n Superior (PAES). Es un sistema que les permite mejorar su rendimiento escolar, adem\u00e1s[...]","og_url":"https:\/\/www.preuniversitariocumbre.com\/ws\/segundo-semestre\/","og_site_name":"Preuniversitario Cumbre","article_publisher":"https:\/\/www.facebook.com\/cumbre.preuniversitario\/","article_modified_time":"2022-10-15T00:00:27+00:00","og_image":[{"url":"https:\/\/www.preuniversitariocumbre.com\/ws\/wp-content\/uploads\/2021\/02\/test-1-150x150.png","type":"","width":"","height":""}],"twitter_card":"summary_large_image","twitter_site":"@PSUCumbre","twitter_misc":{"Tiempo estimado de lectura":"3 minutos"},"schema":{"@context":"https:\/\/schema.org","@graph":[{"@type":"WebPage","@id":"https:\/\/www.preuniversitariocumbre.com\/ws\/segundo-semestre\/","url":"https:\/\/www.preuniversitariocumbre.com\/ws\/segundo-semestre\/","name":"SEGUNDO SEMESTRE - Preuniversitario Cumbre","isPartOf":{"@id":"https:\/\/www.preuniversitariocumbre.com\/ws\/#website"},"primaryImageOfPage":{"@id":"https:\/\/www.preuniversitariocumbre.com\/ws\/segundo-semestre\/#primaryimage"},"image":{"@id":"https:\/\/www.preuniversitariocumbre.com\/ws\/segundo-semestre\/#primaryimage"},"thumbnailUrl":"https:\/\/www.preuniversitariocumbre.com\/ws\/wp-content\/uploads\/2021\/02\/test-1-150x150.png","datePublished":"2021-02-18T15:14:48+00:00","dateModified":"2022-10-15T00:00:27+00:00","breadcrumb":{"@id":"https:\/\/www.preuniversitariocumbre.com\/ws\/segundo-semestre\/#breadcrumb"},"inLanguage":"es-CL","potentialAction":[{"@type":"ReadAction","target":["https:\/\/www.preuniversitariocumbre.com\/ws\/segundo-semestre\/"]}]},{"@type":"ImageObject","inLanguage":"es-CL","@id":"https:\/\/www.preuniversitariocumbre.com\/ws\/segundo-semestre\/#primaryimage","url":"https:\/\/www.preuniversitariocumbre.com\/ws\/wp-content\/uploads\/2021\/02\/test-1.png","contentUrl":"https:\/\/www.preuniversitariocumbre.com\/ws\/wp-content\/uploads\/2021\/02\/test-1.png","width":512,"height":512},{"@type":"BreadcrumbList","@id":"https:\/\/www.preuniversitariocumbre.com\/ws\/segundo-semestre\/#breadcrumb","itemListElement":[{"@type":"ListItem","position":1,"name":"Home","item":"https:\/\/www.preuniversitariocumbre.com\/ws\/"},{"@type":"ListItem","position":2,"name":"SEGUNDO SEMESTRE"}]},{"@type":"WebSite","@id":"https:\/\/www.preuniversitariocumbre.com\/ws\/#website","url":"https:\/\/www.preuniversitariocumbre.com\/ws\/","name":"Preuniversitario Cumbre","description":"El Mejor Preu 100% Personalizado de Chile","publisher":{"@id":"https:\/\/www.preuniversitariocumbre.com\/ws\/#organization"},"potentialAction":[{"@type":"SearchAction","target":{"@type":"EntryPoint","urlTemplate":"https:\/\/www.preuniversitariocumbre.com\/ws\/?s={search_term_string}"},"query-input":{"@type":"PropertyValueSpecification","valueRequired":true,"valueName":"search_term_string"}}],"inLanguage":"es-CL"},{"@type":"Organization","@id":"https:\/\/www.preuniversitariocumbre.com\/ws\/#organization","name":"Preuniversitario Cumbre","url":"https:\/\/www.preuniversitariocumbre.com\/ws\/","logo":{"@type":"ImageObject","inLanguage":"es-CL","@id":"https:\/\/www.preuniversitariocumbre.com\/ws\/#\/schema\/logo\/image\/","url":"https:\/\/www.preuniversitariocumbre.com\/ws\/wp-content\/uploads\/2017\/06\/Logo-new-web2.png","contentUrl":"https:\/\/www.preuniversitariocumbre.com\/ws\/wp-content\/uploads\/2017\/06\/Logo-new-web2.png","width":545,"height":238,"caption":"Preuniversitario Cumbre"},"image":{"@id":"https:\/\/www.preuniversitariocumbre.com\/ws\/#\/schema\/logo\/image\/"},"sameAs":["https:\/\/www.facebook.com\/cumbre.preuniversitario\/","https:\/\/x.com\/PSUCumbre","https:\/\/www.instagram.com\/preucumbre\/"]}]}},"_links":{"self":[{"href":"https:\/\/www.preuniversitariocumbre.com\/ws\/wp-json\/wp\/v2\/pages\/3160","targetHints":{"allow":["GET"]}}],"collection":[{"href":"https:\/\/www.preuniversitariocumbre.com\/ws\/wp-json\/wp\/v2\/pages"}],"about":[{"href":"https:\/\/www.preuniversitariocumbre.com\/ws\/wp-json\/wp\/v2\/types\/page"}],"author":[{"embeddable":true,"href":"https:\/\/www.preuniversitariocumbre.com\/ws\/wp-json\/wp\/v2\/users\/1"}],"replies":[{"embeddable":true,"href":"https:\/\/www.preuniversitariocumbre.com\/ws\/wp-json\/wp\/v2\/comments?post=3160"}],"version-history":[{"count":14,"href":"https:\/\/www.preuniversitariocumbre.com\/ws\/wp-json\/wp\/v2\/pages\/3160\/revisions"}],"predecessor-version":[{"id":3700,"href":"https:\/\/www.preuniversitariocumbre.com\/ws\/wp-json\/wp\/v2\/pages\/3160\/revisions\/3700"}],"wp:attachment":[{"href":"https:\/\/www.preuniversitariocumbre.com\/ws\/wp-json\/wp\/v2\/media?parent=3160"}],"curies":[{"name":"wp","href":"https:\/\/api.w.org\/{rel}","templated":true}]}}