{"id":3265,"date":"2021-02-25T17:38:23","date_gmt":"2021-02-25T20:38:23","guid":{"rendered":"https:\/\/www.preuniversitariocumbre.com\/ws\/?page_id=3265"},"modified":"2022-10-14T21:01:31","modified_gmt":"2022-10-15T00:01:31","slug":"logros-de-nuestros-estudiantes","status":"publish","type":"page","link":"https:\/\/www.preuniversitariocumbre.com\/ws\/logros-de-nuestros-estudiantes\/","title":{"rendered":"LOGROS DE NUESTROS ESTUDIANTES"},"content":{"rendered":"\n\n\t<p>ORGULLOSOS DE NUESTROS<\/p>\n\t<p>ESTUDIANTES<\/p>\n\t<p>Confiados en que nuestros resultados nos avalan, los invitamos a sumarse a nuestro proyecto<\/p>\n\t\t\t<a href=\"https:\/\/www.preuniversitariocumbre.com\/ws\/contacto\/\" target=\"_self\" role=\"button\" rel=\"noopener\">\n\t\t\t\t\t\t\tCotiza Online\n\t\t\t\t\t<\/a>\n\t<p>&#8220;Buscamos que todos nuestros alumnos puedan adquirir herramientas para un aprendizaje significativo en los contenidos esenciales de la prueba, adem\u00e1s de t\u00e9cnicas concretas para afrontar cada asignatura, motivo por el cual adaptamos a\u00f1o a a\u00f1o el detalle de nuestros planes, adecu\u00e1ndonos a lo publicado por DEMRE.&#8221;<\/p>\n\t<p>Solange Ogaz Santelices, Fundadora<\/p>\n\t<p>FELICITACIONES ALUMNOS<\/p>\n\t<p>Resultados Admisi\u00f3n 2022<\/p>\n\t<p>Te invitamos a so\u00f1ar en grande como nuestros alumnos y te desafiamos a que logres la excelencia<\/p>\n\t<p>COTIZA TU PLAN<\/p>\n\n","protected":false},"excerpt":{"rendered":"<p>ORGULLOSOS DE NUESTROS ESTUDIANTES Confiados en que nuestros resultados nos avalan, los invitamos a sumarse a nuestro proyecto Cotiza Online &#8220;Buscamos que todos nuestros alumnos puedan adquirir herramientas para un aprendizaje significativo en los contenidos esenciales de la prueba, adem\u00e1s de t\u00e9cnicas concretas para afrontar cada asignatura, motivo por el cual adaptamos a\u00f1o a a\u00f1o<a href=\"https:\/\/www.preuniversitariocumbre.com\/ws\/logros-de-nuestros-estudiantes\/\">[&#8230;]<\/a><\/p>\n","protected":false},"author":1,"featured_media":0,"parent":0,"menu_order":0,"comment_status":"closed","ping_status":"closed","template":"template-fullwidth.php","meta":{"_joinchat":[],"footnotes":""},"class_list":["post-3265","page","type-page","status-publish","hentry"],"yoast_head":"<!-- This site is optimized with the Yoast SEO plugin v24.2 - https:\/\/yoast.com\/wordpress\/plugins\/seo\/ -->\n<title>LOGROS DE NUESTROS ESTUDIANTES - Preuniversitario Cumbre<\/title>\n<meta name=\"robots\" content=\"index, follow, max-snippet:-1, max-image-preview:large, max-video-preview:-1\" \/>\n<link rel=\"canonical\" href=\"https:\/\/www.preuniversitariocumbre.com\/ws\/logros-de-nuestros-estudiantes\/\" \/>\n<meta property=\"og:locale\" content=\"es_ES\" \/>\n<meta property=\"og:type\" content=\"article\" \/>\n<meta property=\"og:title\" content=\"LOGROS DE NUESTROS ESTUDIANTES - Preuniversitario Cumbre\" \/>\n<meta property=\"og:description\" content=\"ORGULLOSOS DE NUESTROS ESTUDIANTES Confiados en que nuestros resultados nos avalan, los invitamos a sumarse a nuestro proyecto Cotiza Online &#8220;Buscamos que todos nuestros alumnos puedan adquirir herramientas para un aprendizaje significativo en los contenidos esenciales de la prueba, adem\u00e1s de t\u00e9cnicas concretas para afrontar cada asignatura, motivo por el cual adaptamos a\u00f1o a a\u00f1o[...]\" \/>\n<meta property=\"og:url\" content=\"https:\/\/www.preuniversitariocumbre.com\/ws\/logros-de-nuestros-estudiantes\/\" \/>\n<meta property=\"og:site_name\" content=\"Preuniversitario Cumbre\" \/>\n<meta property=\"article:publisher\" content=\"https:\/\/www.facebook.com\/cumbre.preuniversitario\/\" \/>\n<meta property=\"article:modified_time\" content=\"2022-10-15T00:01:31+00:00\" \/>\n<meta name=\"twitter:card\" content=\"summary_large_image\" \/>\n<meta name=\"twitter:site\" content=\"@PSUCumbre\" \/>\n<meta name=\"twitter:label1\" content=\"Tiempo estimado de lectura\" \/>\n\t<meta name=\"twitter:data1\" content=\"1 minuto\" \/>\n<script type=\"application\/ld+json\" class=\"yoast-schema-graph\">{\"@context\":\"https:\/\/schema.org\",\"@graph\":[{\"@type\":\"WebPage\",\"@id\":\"https:\/\/www.preuniversitariocumbre.com\/ws\/logros-de-nuestros-estudiantes\/\",\"url\":\"https:\/\/www.preuniversitariocumbre.com\/ws\/logros-de-nuestros-estudiantes\/\",\"name\":\"LOGROS DE NUESTROS ESTUDIANTES - Preuniversitario Cumbre\",\"isPartOf\":{\"@id\":\"https:\/\/www.preuniversitariocumbre.com\/ws\/#website\"},\"datePublished\":\"2021-02-25T20:38:23+00:00\",\"dateModified\":\"2022-10-15T00:01:31+00:00\",\"breadcrumb\":{\"@id\":\"https:\/\/www.preuniversitariocumbre.com\/ws\/logros-de-nuestros-estudiantes\/#breadcrumb\"},\"inLanguage\":\"es-CL\",\"potentialAction\":[{\"@type\":\"ReadAction\",\"target\":[\"https:\/\/www.preuniversitariocumbre.com\/ws\/logros-de-nuestros-estudiantes\/\"]}]},{\"@type\":\"BreadcrumbList\",\"@id\":\"https:\/\/www.preuniversitariocumbre.com\/ws\/logros-de-nuestros-estudiantes\/#breadcrumb\",\"itemListElement\":[{\"@type\":\"ListItem\",\"position\":1,\"name\":\"Home\",\"item\":\"https:\/\/www.preuniversitariocumbre.com\/ws\/\"},{\"@type\":\"ListItem\",\"position\":2,\"name\":\"LOGROS DE NUESTROS ESTUDIANTES\"}]},{\"@type\":\"WebSite\",\"@id\":\"https:\/\/www.preuniversitariocumbre.com\/ws\/#website\",\"url\":\"https:\/\/www.preuniversitariocumbre.com\/ws\/\",\"name\":\"Preuniversitario Cumbre\",\"description\":\"El Mejor Preu 100% Personalizado de Chile\",\"publisher\":{\"@id\":\"https:\/\/www.preuniversitariocumbre.com\/ws\/#organization\"},\"potentialAction\":[{\"@type\":\"SearchAction\",\"target\":{\"@type\":\"EntryPoint\",\"urlTemplate\":\"https:\/\/www.preuniversitariocumbre.com\/ws\/?s={search_term_string}\"},\"query-input\":{\"@type\":\"PropertyValueSpecification\",\"valueRequired\":true,\"valueName\":\"search_term_string\"}}],\"inLanguage\":\"es-CL\"},{\"@type\":\"Organization\",\"@id\":\"https:\/\/www.preuniversitariocumbre.com\/ws\/#organization\",\"name\":\"Preuniversitario Cumbre\",\"url\":\"https:\/\/www.preuniversitariocumbre.com\/ws\/\",\"logo\":{\"@type\":\"ImageObject\",\"inLanguage\":\"es-CL\",\"@id\":\"https:\/\/www.preuniversitariocumbre.com\/ws\/#\/schema\/logo\/image\/\",\"url\":\"https:\/\/www.preuniversitariocumbre.com\/ws\/wp-content\/uploads\/2017\/06\/Logo-new-web2.png\",\"contentUrl\":\"https:\/\/www.preuniversitariocumbre.com\/ws\/wp-content\/uploads\/2017\/06\/Logo-new-web2.png\",\"width\":545,\"height\":238,\"caption\":\"Preuniversitario Cumbre\"},\"image\":{\"@id\":\"https:\/\/www.preuniversitariocumbre.com\/ws\/#\/schema\/logo\/image\/\"},\"sameAs\":[\"https:\/\/www.facebook.com\/cumbre.preuniversitario\/\",\"https:\/\/x.com\/PSUCumbre\",\"https:\/\/www.instagram.com\/preucumbre\/\"]}]}<\/script>\n<!-- \/ Yoast SEO plugin. -->","yoast_head_json":{"title":"LOGROS DE NUESTROS ESTUDIANTES - Preuniversitario Cumbre","robots":{"index":"index","follow":"follow","max-snippet":"max-snippet:-1","max-image-preview":"max-image-preview:large","max-video-preview":"max-video-preview:-1"},"canonical":"https:\/\/www.preuniversitariocumbre.com\/ws\/logros-de-nuestros-estudiantes\/","og_locale":"es_ES","og_type":"article","og_title":"LOGROS DE NUESTROS ESTUDIANTES - Preuniversitario Cumbre","og_description":"ORGULLOSOS DE NUESTROS ESTUDIANTES Confiados en que nuestros resultados nos avalan, los invitamos a sumarse a nuestro proyecto Cotiza Online &#8220;Buscamos que todos nuestros alumnos puedan adquirir herramientas para un aprendizaje significativo en los contenidos esenciales de la prueba, adem\u00e1s de t\u00e9cnicas concretas para afrontar cada asignatura, motivo por el cual adaptamos a\u00f1o a a\u00f1o[...]","og_url":"https:\/\/www.preuniversitariocumbre.com\/ws\/logros-de-nuestros-estudiantes\/","og_site_name":"Preuniversitario Cumbre","article_publisher":"https:\/\/www.facebook.com\/cumbre.preuniversitario\/","article_modified_time":"2022-10-15T00:01:31+00:00","twitter_card":"summary_large_image","twitter_site":"@PSUCumbre","twitter_misc":{"Tiempo estimado de lectura":"1 minuto"},"schema":{"@context":"https:\/\/schema.org","@graph":[{"@type":"WebPage","@id":"https:\/\/www.preuniversitariocumbre.com\/ws\/logros-de-nuestros-estudiantes\/","url":"https:\/\/www.preuniversitariocumbre.com\/ws\/logros-de-nuestros-estudiantes\/","name":"LOGROS DE NUESTROS ESTUDIANTES - Preuniversitario Cumbre","isPartOf":{"@id":"https:\/\/www.preuniversitariocumbre.com\/ws\/#website"},"datePublished":"2021-02-25T20:38:23+00:00","dateModified":"2022-10-15T00:01:31+00:00","breadcrumb":{"@id":"https:\/\/www.preuniversitariocumbre.com\/ws\/logros-de-nuestros-estudiantes\/#breadcrumb"},"inLanguage":"es-CL","potentialAction":[{"@type":"ReadAction","target":["https:\/\/www.preuniversitariocumbre.com\/ws\/logros-de-nuestros-estudiantes\/"]}]},{"@type":"BreadcrumbList","@id":"https:\/\/www.preuniversitariocumbre.com\/ws\/logros-de-nuestros-estudiantes\/#breadcrumb","itemListElement":[{"@type":"ListItem","position":1,"name":"Home","item":"https:\/\/www.preuniversitariocumbre.com\/ws\/"},{"@type":"ListItem","position":2,"name":"LOGROS DE NUESTROS ESTUDIANTES"}]},{"@type":"WebSite","@id":"https:\/\/www.preuniversitariocumbre.com\/ws\/#website","url":"https:\/\/www.preuniversitariocumbre.com\/ws\/","name":"Preuniversitario Cumbre","description":"El Mejor Preu 100% Personalizado de Chile","publisher":{"@id":"https:\/\/www.preuniversitariocumbre.com\/ws\/#organization"},"potentialAction":[{"@type":"SearchAction","target":{"@type":"EntryPoint","urlTemplate":"https:\/\/www.preuniversitariocumbre.com\/ws\/?s={search_term_string}"},"query-input":{"@type":"PropertyValueSpecification","valueRequired":true,"valueName":"search_term_string"}}],"inLanguage":"es-CL"},{"@type":"Organization","@id":"https:\/\/www.preuniversitariocumbre.com\/ws\/#organization","name":"Preuniversitario Cumbre","url":"https:\/\/www.preuniversitariocumbre.com\/ws\/","logo":{"@type":"ImageObject","inLanguage":"es-CL","@id":"https:\/\/www.preuniversitariocumbre.com\/ws\/#\/schema\/logo\/image\/","url":"https:\/\/www.preuniversitariocumbre.com\/ws\/wp-content\/uploads\/2017\/06\/Logo-new-web2.png","contentUrl":"https:\/\/www.preuniversitariocumbre.com\/ws\/wp-content\/uploads\/2017\/06\/Logo-new-web2.png","width":545,"height":238,"caption":"Preuniversitario Cumbre"},"image":{"@id":"https:\/\/www.preuniversitariocumbre.com\/ws\/#\/schema\/logo\/image\/"},"sameAs":["https:\/\/www.facebook.com\/cumbre.preuniversitario\/","https:\/\/x.com\/PSUCumbre","https:\/\/www.instagram.com\/preucumbre\/"]}]}},"_links":{"self":[{"href":"https:\/\/www.preuniversitariocumbre.com\/ws\/wp-json\/wp\/v2\/pages\/3265","targetHints":{"allow":["GET"]}}],"collection":[{"href":"https:\/\/www.preuniversitariocumbre.com\/ws\/wp-json\/wp\/v2\/pages"}],"about":[{"href":"https:\/\/www.preuniversitariocumbre.com\/ws\/wp-json\/wp\/v2\/types\/page"}],"author":[{"embeddable":true,"href":"https:\/\/www.preuniversitariocumbre.com\/ws\/wp-json\/wp\/v2\/users\/1"}],"replies":[{"embeddable":true,"href":"https:\/\/www.preuniversitariocumbre.com\/ws\/wp-json\/wp\/v2\/comments?post=3265"}],"version-history":[{"count":26,"href":"https:\/\/www.preuniversitariocumbre.com\/ws\/wp-json\/wp\/v2\/pages\/3265\/revisions"}],"predecessor-version":[{"id":3702,"href":"https:\/\/www.preuniversitariocumbre.com\/ws\/wp-json\/wp\/v2\/pages\/3265\/revisions\/3702"}],"wp:attachment":[{"href":"https:\/\/www.preuniversitariocumbre.com\/ws\/wp-json\/wp\/v2\/media?parent=3265"}],"curies":[{"name":"wp","href":"https:\/\/api.w.org\/{rel}","templated":true}]}}