{"id":3372,"date":"2021-03-04T12:26:40","date_gmt":"2021-03-04T15:26:40","guid":{"rendered":"https:\/\/www.preuniversitariocumbre.com\/ws\/?page_id=3372"},"modified":"2021-03-09T11:49:33","modified_gmt":"2021-03-09T14:49:33","slug":"clases-particulares-2","status":"publish","type":"page","link":"https:\/\/www.preuniversitariocumbre.com\/ws\/clases-particulares-2\/","title":{"rendered":"CLASES PARTICULARES"},"content":{"rendered":"\n\n\t<p>MEJORA TU RENDIMIENTO ACAD\u00c9MICO CON<\/p>\n\t<p>CLASES PARTICULARES<\/p>\n\t<p>ENSE\u00d1ANZA<\/p>\n<p>B\u00c1SICA<\/p>\n\t<p>ENSE\u00d1ANZA<\/p>\n<p>MEDIA<\/p>\n\t<p>ENSE\u00d1ANZA<\/p>\n<p>UNIVERSITARIA<\/p>\n\t<p>Cada alumno tiene necesidades y dificultades distintas, de las cuales nos hacemos cargo y le damos soluci\u00f3n a trav\u00e9s de un apoyo pedag\u00f3gico constante. Orientado a todos alumnos\u00a0 de ense\u00f1anza\u00a0 b\u00e1sica, media \u00a0 y\u00a0 universitaria\u00a0 que requieran apoyo pedag\u00f3gico.<\/p>\n\t\t\t\t<img decoding=\"async\" src=\"https:\/\/www.preuniversitariocumbre.com\/ws\/wp-content\/uploads\/2021\/03\/profesora.png\" alt=\"profesora\" itemprop=\"image\" height=\"440\" width=\"560\" title=\"profesora\" onerror=\"this.style.display='none'\"  \/>\n\t<p>NUESTRO OBJETIVO ES QUE LOS ALUMNOS:<\/p>\n\t\t\t\t<img decoding=\"async\" src=\"https:\/\/www.preuniversitariocumbre.com\/ws\/wp-content\/uploads\/2021\/03\/check1-1024x414.png\" alt=\"check1\" itemprop=\"image\" height=\"259\" width=\"640\" title=\"check1\" onerror=\"this.style.display='none'\"  \/>\n\t\t\t\t<img decoding=\"async\" src=\"https:\/\/www.preuniversitariocumbre.com\/ws\/wp-content\/uploads\/2021\/03\/check5-1024x414.png\" alt=\"check5\" itemprop=\"image\" height=\"259\" width=\"640\" title=\"check5\" onerror=\"this.style.display='none'\"  \/>\n\t\t\t\t<img decoding=\"async\" src=\"https:\/\/www.preuniversitariocumbre.com\/ws\/wp-content\/uploads\/2021\/03\/check2-1024x414.png\" alt=\"check2\" itemprop=\"image\" height=\"259\" width=\"640\" title=\"check2\" onerror=\"this.style.display='none'\"  \/>\n\t\t\t\t<img decoding=\"async\" src=\"https:\/\/www.preuniversitariocumbre.com\/ws\/wp-content\/uploads\/2021\/03\/check4-1024x414.png\" alt=\"check4\" itemprop=\"image\" height=\"259\" width=\"640\" title=\"check4\" onerror=\"this.style.display='none'\"  \/>\n\t<p>METODOLOG\u00cdA<\/p>\n\t<p>FLEXIBILIDAD<\/p>\n\t<p>Nos adaptamos a tus planes de estudio y preparamos lo que requieras para rendir con \u00e9xito tus evaluaciones.<\/p>\n\t<p>PERSONALIZACI\u00d3N<\/p>\n\t<p>Las clases se realizan de manera individual, un estudiante y un profesor.<\/p>\n\t<p>D\u00cdAS Y HORARIOS<\/p>\n\t<p>El estudiante junto a sus apoderados elige los d\u00edas y horarios en que quiere tener clases y nosotros nos encargamos de agendarlas con los profesores que m\u00e1s se adapten a las necesidades del estudiante.<\/p>\n\t<p>DURACI\u00d3N<\/p>\n\t<p>Cada clase tiene una duraci\u00f3n de 60 minutos.<\/p>\n\t<p>UBICACI\u00d3N<\/p>\n\t<p>Existe la modalidad online y presencial, \u00e9sta es elegida por el estudiante.<\/p>\n\t<p>RECURSOS<\/p>\n\t<p>Se\u00a0 entrega material de acuerdo a las\u00a0 necesidades propias\u00a0 del alumno.<\/p>\n\t\t\t\t<img decoding=\"async\" src=\"https:\/\/www.preuniversitariocumbre.com\/ws\/wp-content\/uploads\/2021\/02\/open-book-1-150x150.png\" alt=\"open-book (1)\" itemprop=\"image\" height=\"150\" width=\"150\" height=\"150\" width=\"150\" title=\"open-book (1)\" onerror=\"this.style.display='none'\"  \/>\n\t<p>Se realizan evaluciones permanentes.<\/p>\n\t\t\t\t<img decoding=\"async\" src=\"https:\/\/www.preuniversitariocumbre.com\/ws\/wp-content\/uploads\/2021\/02\/test-1-150x150.png\" alt=\"test (1)\" itemprop=\"image\" height=\"150\" width=\"150\" height=\"150\" width=\"150\" title=\"test (1)\" onerror=\"this.style.display='none'\"  \/>\n\t<p>Se env\u00eda un informe al apoderado que tiene por objetivo informar los avances alcanzados.<\/p>\n\t\t\t\t<img decoding=\"async\" src=\"https:\/\/www.preuniversitariocumbre.com\/ws\/wp-content\/uploads\/2021\/02\/dashboard-150x150.png\" alt=\"dashboard\" itemprop=\"image\" height=\"150\" width=\"150\" height=\"150\" width=\"150\" title=\"dashboard\" onerror=\"this.style.display='none'\"  \/>\n\t<p>REFORZAMIENTO PERSONALIZADA<\/p>\n\t<p>El reforzamiento escolar que ofrecemos es personalizado de acuerdo a las necesidades del alumno y su familia.<\/p>\n<p>Debes considerar que las clases las realiza un selecto grupo de profesores titulados, no existen estudiantes que ense\u00f1en a otros, pues nuestro principio radica en considerar que la mejor ense\u00f1anza est\u00e1 dada por quienes estudiaron para ello.<\/p>\n<p>Se cuenta con c\u00f3modas salas con formato de reuni\u00f3n, climatizadas generando un grato ambiente de estudio y tecnolog\u00eda \u00f3ptima para las exigencias actuales.<\/p>\n\t\t\t\t<img decoding=\"async\" src=\"https:\/\/www.preuniversitariocumbre.com\/ws\/wp-content\/uploads\/2021\/02\/actividad_especial01-1-1.png\" alt=\"actividad_especial01-1\" itemprop=\"image\" height=\"619\" width=\"500\" title=\"actividad_especial01-1\" onerror=\"this.style.display='none'\"  \/>\n\t<p>PREP\u00c1RATE CON NOSOTROS<\/p>\n\t<p>Cotiza plan de Clases Particulares<\/p>\n\t\t\t\t<img decoding=\"async\" src=\"https:\/\/www.preuniversitariocumbre.com\/ws\/wp-content\/plugins\/beaver-builder-lite-version\/img\/pixel.png\" alt=\"\" itemprop=\"image\" onerror=\"this.style.display='none'\"  \/>\n\n","protected":false},"excerpt":{"rendered":"<p>MEJORA TU RENDIMIENTO ACAD\u00c9MICO CON CLASES PARTICULARES ENSE\u00d1ANZA B\u00c1SICA ENSE\u00d1ANZA MEDIA ENSE\u00d1ANZA UNIVERSITARIA Cada alumno tiene necesidades y dificultades distintas, de las cuales nos hacemos cargo y le damos soluci\u00f3n a trav\u00e9s de un apoyo pedag\u00f3gico constante. Orientado a todos alumnos\u00a0 de ense\u00f1anza\u00a0 b\u00e1sica, media \u00a0 y\u00a0 universitaria\u00a0 que requieran apoyo pedag\u00f3gico. NUESTRO OBJETIVO ES<a href=\"https:\/\/www.preuniversitariocumbre.com\/ws\/clases-particulares-2\/\">[&#8230;]<\/a><\/p>\n","protected":false},"author":1,"featured_media":0,"parent":0,"menu_order":0,"comment_status":"closed","ping_status":"closed","template":"template-fullwidth.php","meta":{"_joinchat":[],"footnotes":""},"class_list":["post-3372","page","type-page","status-publish","hentry"],"yoast_head":"<!-- This site is optimized with the Yoast SEO plugin v24.2 - https:\/\/yoast.com\/wordpress\/plugins\/seo\/ -->\n<title>CLASES PARTICULARES - Preuniversitario Cumbre<\/title>\n<meta name=\"robots\" content=\"index, follow, max-snippet:-1, max-image-preview:large, max-video-preview:-1\" \/>\n<link rel=\"canonical\" href=\"https:\/\/www.preuniversitariocumbre.com\/ws\/clases-particulares-2\/\" \/>\n<meta property=\"og:locale\" content=\"es_ES\" \/>\n<meta property=\"og:type\" content=\"article\" \/>\n<meta property=\"og:title\" content=\"CLASES PARTICULARES - Preuniversitario Cumbre\" \/>\n<meta property=\"og:description\" content=\"MEJORA TU RENDIMIENTO ACAD\u00c9MICO CON CLASES PARTICULARES ENSE\u00d1ANZA B\u00c1SICA ENSE\u00d1ANZA MEDIA ENSE\u00d1ANZA UNIVERSITARIA Cada alumno tiene necesidades y dificultades distintas, de las cuales nos hacemos cargo y le damos soluci\u00f3n a trav\u00e9s de un apoyo pedag\u00f3gico constante. Orientado a todos alumnos\u00a0 de ense\u00f1anza\u00a0 b\u00e1sica, media \u00a0 y\u00a0 universitaria\u00a0 que requieran apoyo pedag\u00f3gico. NUESTRO OBJETIVO ES[...]\" \/>\n<meta property=\"og:url\" content=\"https:\/\/www.preuniversitariocumbre.com\/ws\/clases-particulares-2\/\" \/>\n<meta property=\"og:site_name\" content=\"Preuniversitario Cumbre\" \/>\n<meta property=\"article:publisher\" content=\"https:\/\/www.facebook.com\/cumbre.preuniversitario\/\" \/>\n<meta property=\"article:modified_time\" content=\"2021-03-09T14:49:33+00:00\" \/>\n<meta property=\"og:image\" content=\"https:\/\/www.preuniversitariocumbre.com\/ws\/wp-content\/uploads\/2021\/03\/profesora.png\" \/>\n<meta name=\"twitter:card\" content=\"summary_large_image\" \/>\n<meta name=\"twitter:site\" content=\"@PSUCumbre\" \/>\n<meta name=\"twitter:label1\" content=\"Tiempo estimado de lectura\" \/>\n\t<meta name=\"twitter:data1\" content=\"1 minuto\" \/>\n<script type=\"application\/ld+json\" class=\"yoast-schema-graph\">{\"@context\":\"https:\/\/schema.org\",\"@graph\":[{\"@type\":\"WebPage\",\"@id\":\"https:\/\/www.preuniversitariocumbre.com\/ws\/clases-particulares-2\/\",\"url\":\"https:\/\/www.preuniversitariocumbre.com\/ws\/clases-particulares-2\/\",\"name\":\"CLASES PARTICULARES - Preuniversitario Cumbre\",\"isPartOf\":{\"@id\":\"https:\/\/www.preuniversitariocumbre.com\/ws\/#website\"},\"primaryImageOfPage\":{\"@id\":\"https:\/\/www.preuniversitariocumbre.com\/ws\/clases-particulares-2\/#primaryimage\"},\"image\":{\"@id\":\"https:\/\/www.preuniversitariocumbre.com\/ws\/clases-particulares-2\/#primaryimage\"},\"thumbnailUrl\":\"https:\/\/www.preuniversitariocumbre.com\/ws\/wp-content\/uploads\/2021\/03\/profesora.png\",\"datePublished\":\"2021-03-04T15:26:40+00:00\",\"dateModified\":\"2021-03-09T14:49:33+00:00\",\"breadcrumb\":{\"@id\":\"https:\/\/www.preuniversitariocumbre.com\/ws\/clases-particulares-2\/#breadcrumb\"},\"inLanguage\":\"es-CL\",\"potentialAction\":[{\"@type\":\"ReadAction\",\"target\":[\"https:\/\/www.preuniversitariocumbre.com\/ws\/clases-particulares-2\/\"]}]},{\"@type\":\"ImageObject\",\"inLanguage\":\"es-CL\",\"@id\":\"https:\/\/www.preuniversitariocumbre.com\/ws\/clases-particulares-2\/#primaryimage\",\"url\":\"https:\/\/www.preuniversitariocumbre.com\/ws\/wp-content\/uploads\/2021\/03\/profesora.png\",\"contentUrl\":\"https:\/\/www.preuniversitariocumbre.com\/ws\/wp-content\/uploads\/2021\/03\/profesora.png\",\"width\":560,\"height\":440},{\"@type\":\"BreadcrumbList\",\"@id\":\"https:\/\/www.preuniversitariocumbre.com\/ws\/clases-particulares-2\/#breadcrumb\",\"itemListElement\":[{\"@type\":\"ListItem\",\"position\":1,\"name\":\"Home\",\"item\":\"https:\/\/www.preuniversitariocumbre.com\/ws\/\"},{\"@type\":\"ListItem\",\"position\":2,\"name\":\"CLASES PARTICULARES\"}]},{\"@type\":\"WebSite\",\"@id\":\"https:\/\/www.preuniversitariocumbre.com\/ws\/#website\",\"url\":\"https:\/\/www.preuniversitariocumbre.com\/ws\/\",\"name\":\"Preuniversitario Cumbre\",\"description\":\"El Mejor Preu 100% Personalizado de Chile\",\"publisher\":{\"@id\":\"https:\/\/www.preuniversitariocumbre.com\/ws\/#organization\"},\"potentialAction\":[{\"@type\":\"SearchAction\",\"target\":{\"@type\":\"EntryPoint\",\"urlTemplate\":\"https:\/\/www.preuniversitariocumbre.com\/ws\/?s={search_term_string}\"},\"query-input\":{\"@type\":\"PropertyValueSpecification\",\"valueRequired\":true,\"valueName\":\"search_term_string\"}}],\"inLanguage\":\"es-CL\"},{\"@type\":\"Organization\",\"@id\":\"https:\/\/www.preuniversitariocumbre.com\/ws\/#organization\",\"name\":\"Preuniversitario Cumbre\",\"url\":\"https:\/\/www.preuniversitariocumbre.com\/ws\/\",\"logo\":{\"@type\":\"ImageObject\",\"inLanguage\":\"es-CL\",\"@id\":\"https:\/\/www.preuniversitariocumbre.com\/ws\/#\/schema\/logo\/image\/\",\"url\":\"https:\/\/www.preuniversitariocumbre.com\/ws\/wp-content\/uploads\/2017\/06\/Logo-new-web2.png\",\"contentUrl\":\"https:\/\/www.preuniversitariocumbre.com\/ws\/wp-content\/uploads\/2017\/06\/Logo-new-web2.png\",\"width\":545,\"height\":238,\"caption\":\"Preuniversitario Cumbre\"},\"image\":{\"@id\":\"https:\/\/www.preuniversitariocumbre.com\/ws\/#\/schema\/logo\/image\/\"},\"sameAs\":[\"https:\/\/www.facebook.com\/cumbre.preuniversitario\/\",\"https:\/\/x.com\/PSUCumbre\",\"https:\/\/www.instagram.com\/preucumbre\/\"]}]}<\/script>\n<!-- \/ Yoast SEO plugin. -->","yoast_head_json":{"title":"CLASES PARTICULARES - Preuniversitario Cumbre","robots":{"index":"index","follow":"follow","max-snippet":"max-snippet:-1","max-image-preview":"max-image-preview:large","max-video-preview":"max-video-preview:-1"},"canonical":"https:\/\/www.preuniversitariocumbre.com\/ws\/clases-particulares-2\/","og_locale":"es_ES","og_type":"article","og_title":"CLASES PARTICULARES - Preuniversitario Cumbre","og_description":"MEJORA TU RENDIMIENTO ACAD\u00c9MICO CON CLASES PARTICULARES ENSE\u00d1ANZA B\u00c1SICA ENSE\u00d1ANZA MEDIA ENSE\u00d1ANZA UNIVERSITARIA Cada alumno tiene necesidades y dificultades distintas, de las cuales nos hacemos cargo y le damos soluci\u00f3n a trav\u00e9s de un apoyo pedag\u00f3gico constante. Orientado a todos alumnos\u00a0 de ense\u00f1anza\u00a0 b\u00e1sica, media \u00a0 y\u00a0 universitaria\u00a0 que requieran apoyo pedag\u00f3gico. NUESTRO OBJETIVO ES[...]","og_url":"https:\/\/www.preuniversitariocumbre.com\/ws\/clases-particulares-2\/","og_site_name":"Preuniversitario Cumbre","article_publisher":"https:\/\/www.facebook.com\/cumbre.preuniversitario\/","article_modified_time":"2021-03-09T14:49:33+00:00","og_image":[{"url":"https:\/\/www.preuniversitariocumbre.com\/ws\/wp-content\/uploads\/2021\/03\/profesora.png","type":"","width":"","height":""}],"twitter_card":"summary_large_image","twitter_site":"@PSUCumbre","twitter_misc":{"Tiempo estimado de lectura":"1 minuto"},"schema":{"@context":"https:\/\/schema.org","@graph":[{"@type":"WebPage","@id":"https:\/\/www.preuniversitariocumbre.com\/ws\/clases-particulares-2\/","url":"https:\/\/www.preuniversitariocumbre.com\/ws\/clases-particulares-2\/","name":"CLASES PARTICULARES - Preuniversitario Cumbre","isPartOf":{"@id":"https:\/\/www.preuniversitariocumbre.com\/ws\/#website"},"primaryImageOfPage":{"@id":"https:\/\/www.preuniversitariocumbre.com\/ws\/clases-particulares-2\/#primaryimage"},"image":{"@id":"https:\/\/www.preuniversitariocumbre.com\/ws\/clases-particulares-2\/#primaryimage"},"thumbnailUrl":"https:\/\/www.preuniversitariocumbre.com\/ws\/wp-content\/uploads\/2021\/03\/profesora.png","datePublished":"2021-03-04T15:26:40+00:00","dateModified":"2021-03-09T14:49:33+00:00","breadcrumb":{"@id":"https:\/\/www.preuniversitariocumbre.com\/ws\/clases-particulares-2\/#breadcrumb"},"inLanguage":"es-CL","potentialAction":[{"@type":"ReadAction","target":["https:\/\/www.preuniversitariocumbre.com\/ws\/clases-particulares-2\/"]}]},{"@type":"ImageObject","inLanguage":"es-CL","@id":"https:\/\/www.preuniversitariocumbre.com\/ws\/clases-particulares-2\/#primaryimage","url":"https:\/\/www.preuniversitariocumbre.com\/ws\/wp-content\/uploads\/2021\/03\/profesora.png","contentUrl":"https:\/\/www.preuniversitariocumbre.com\/ws\/wp-content\/uploads\/2021\/03\/profesora.png","width":560,"height":440},{"@type":"BreadcrumbList","@id":"https:\/\/www.preuniversitariocumbre.com\/ws\/clases-particulares-2\/#breadcrumb","itemListElement":[{"@type":"ListItem","position":1,"name":"Home","item":"https:\/\/www.preuniversitariocumbre.com\/ws\/"},{"@type":"ListItem","position":2,"name":"CLASES PARTICULARES"}]},{"@type":"WebSite","@id":"https:\/\/www.preuniversitariocumbre.com\/ws\/#website","url":"https:\/\/www.preuniversitariocumbre.com\/ws\/","name":"Preuniversitario Cumbre","description":"El Mejor Preu 100% Personalizado de Chile","publisher":{"@id":"https:\/\/www.preuniversitariocumbre.com\/ws\/#organization"},"potentialAction":[{"@type":"SearchAction","target":{"@type":"EntryPoint","urlTemplate":"https:\/\/www.preuniversitariocumbre.com\/ws\/?s={search_term_string}"},"query-input":{"@type":"PropertyValueSpecification","valueRequired":true,"valueName":"search_term_string"}}],"inLanguage":"es-CL"},{"@type":"Organization","@id":"https:\/\/www.preuniversitariocumbre.com\/ws\/#organization","name":"Preuniversitario Cumbre","url":"https:\/\/www.preuniversitariocumbre.com\/ws\/","logo":{"@type":"ImageObject","inLanguage":"es-CL","@id":"https:\/\/www.preuniversitariocumbre.com\/ws\/#\/schema\/logo\/image\/","url":"https:\/\/www.preuniversitariocumbre.com\/ws\/wp-content\/uploads\/2017\/06\/Logo-new-web2.png","contentUrl":"https:\/\/www.preuniversitariocumbre.com\/ws\/wp-content\/uploads\/2017\/06\/Logo-new-web2.png","width":545,"height":238,"caption":"Preuniversitario Cumbre"},"image":{"@id":"https:\/\/www.preuniversitariocumbre.com\/ws\/#\/schema\/logo\/image\/"},"sameAs":["https:\/\/www.facebook.com\/cumbre.preuniversitario\/","https:\/\/x.com\/PSUCumbre","https:\/\/www.instagram.com\/preucumbre\/"]}]}},"_links":{"self":[{"href":"https:\/\/www.preuniversitariocumbre.com\/ws\/wp-json\/wp\/v2\/pages\/3372","targetHints":{"allow":["GET"]}}],"collection":[{"href":"https:\/\/www.preuniversitariocumbre.com\/ws\/wp-json\/wp\/v2\/pages"}],"about":[{"href":"https:\/\/www.preuniversitariocumbre.com\/ws\/wp-json\/wp\/v2\/types\/page"}],"author":[{"embeddable":true,"href":"https:\/\/www.preuniversitariocumbre.com\/ws\/wp-json\/wp\/v2\/users\/1"}],"replies":[{"embeddable":true,"href":"https:\/\/www.preuniversitariocumbre.com\/ws\/wp-json\/wp\/v2\/comments?post=3372"}],"version-history":[{"count":17,"href":"https:\/\/www.preuniversitariocumbre.com\/ws\/wp-json\/wp\/v2\/pages\/3372\/revisions"}],"predecessor-version":[{"id":3437,"href":"https:\/\/www.preuniversitariocumbre.com\/ws\/wp-json\/wp\/v2\/pages\/3372\/revisions\/3437"}],"wp:attachment":[{"href":"https:\/\/www.preuniversitariocumbre.com\/ws\/wp-json\/wp\/v2\/media?parent=3372"}],"curies":[{"name":"wp","href":"https:\/\/api.w.org\/{rel}","templated":true}]}}