{"id":3390,"date":"2021-03-04T14:52:07","date_gmt":"2021-03-04T17:52:07","guid":{"rendered":"https:\/\/www.preuniversitariocumbre.com\/ws\/?page_id=3390"},"modified":"2022-10-14T20:42:16","modified_gmt":"2022-10-14T23:42:16","slug":"examenes-libres-2","status":"publish","type":"page","link":"https:\/\/www.preuniversitariocumbre.com\/ws\/examenes-libres-2\/","title":{"rendered":"EX\u00c1MENES LIBRES"},"content":{"rendered":"\n\n\t<p>PREP\u00c1RATE Y PASA DE CURSO DANDO<\/p>\n\t<p>EX\u00c1MENES LIBRES<\/p>\n\t<p>Desarrollado para estudiantes que deciden estudiar en sus casas y rendir un examen final el cual equivale a su promedio general del curso rendido.<\/p>\n\t<p>Nos centramos en entregar el conocimiento y habilidades necesarias a los estudiantes que deciden dar ex\u00e1menes libres, a trav\u00e9s de una preparaci\u00f3n individual enfocada en las necesidades que este posea.<\/p>\n\t<p>Destinado a que el alumno pase de curso con el mejor de los resultados, adem\u00e1s de aprender lo requerido en su nivel.<\/p>\n\t<p>METODOLOG\u00cdA<\/p>\n\t<p>DIAGN\u00d3STICO<\/p>\n\t<p>Los alumnos dan una prueba diagn\u00f3stica de las asignaturas que deseen preparar en nuestro centro de estudios, para as\u00ed poder tener conocimiento que es lo que se debe trabajar con el alumno y en cuanta profundidad.<\/p>\n\t<p>PROGRESO<\/p>\n\t<p>Cada cierta cantidad de clases se realiza una evaluaci\u00f3n de avance, de esta manera podemos saber que es lo que realmente aprendi\u00f3 y que debe repasar.<\/p>\n\t<p>TAREAS<\/p>\n\t<p>Clase a clase se env\u00edan tareas, \u00e9stas son fundamentales, pues no bastar\u00e1 s\u00f3lo con las clases, sino que tambi\u00e9n se necesita de un estudio de parte del alumno.<\/p>\n\t<p>D\u00cdAS Y HORARIOS<\/p>\n\t<p>El programa de ex\u00e1menes libres se adapta totalmente a los requerimientos de cada uno de los estudiantes, pues eligen los d\u00edas y horarios de su preferencia.<\/p>\n\t<p>APOYO CONTINUO<\/p>\n\t<p>Acompa\u00f1amos a nuestros estudiantes de ex\u00e1menes libres desde el momento en el que se inscriben en la Provincial de Educaci\u00f3n del ministerio de educaci\u00f3n, hasta que van a rendir sus ex\u00e1menes, si es necesario los acompa\u00f1amos.<\/p>\n\t<p>RECURSOS<\/p>\n\t<p>Los alumnos utilizar\u00e1n los textos de estudio que da el ministerio de educaci\u00f3n, pues en ellos se basan para hacer los ex\u00e1menes.<\/p>\n\t\t\t\t<img decoding=\"async\" src=\"https:\/\/www.preuniversitariocumbre.com\/ws\/wp-content\/uploads\/2021\/02\/open-book-1-150x150.png\" alt=\"open-book (1)\" itemprop=\"image\" height=\"150\" width=\"150\" height=\"150\" width=\"150\" title=\"open-book (1)\" onerror=\"this.style.display='none'\"  \/>\n\t<p>Clase a clase, los alumnos reciben una gu\u00eda de resumen y ejercicios para ser trabajada en clases o en sus casas.<\/p>\n\t\t\t\t<img decoding=\"async\" src=\"https:\/\/www.preuniversitariocumbre.com\/ws\/wp-content\/uploads\/2021\/02\/test-1-150x150.png\" alt=\"test (1)\" itemprop=\"image\" height=\"150\" width=\"150\" height=\"150\" width=\"150\" title=\"test (1)\" onerror=\"this.style.display='none'\"  \/>\n\t<p>El profesor del alumno emite un informe pedag\u00f3gico el cual informa sobre el contenido, las actividades y la disposici\u00f3n que tuvo el alumno frente a la clase.<\/p>\n\t\t\t\t<img decoding=\"async\" src=\"https:\/\/www.preuniversitariocumbre.com\/ws\/wp-content\/uploads\/2021\/02\/dashboard-150x150.png\" alt=\"dashboard\" itemprop=\"image\" height=\"150\" width=\"150\" height=\"150\" width=\"150\" title=\"dashboard\" onerror=\"this.style.display='none'\"  \/>\n\t<p>REFORZAMIENTO PERSONALIZADO<\/p>\n\t<p>La red de apoyo que debe tener un estudiante de ex\u00e1menes libres es esencial, pues no basta s\u00f3lo con entregar el contenido, sino que buscar las herramientas para que pueda rendir sus pruebas con \u00e9xito.<\/p>\n<p>Contamos con salas equipadas para poder entregar clases multimedia, proyector, computador, pizarra inteligente y climatizadas.<\/p>\n<p>Ademas del apoyo constante de la orientadora y coordinadora del preuniversitario, quien siempre est\u00e1 disponible para conversar con los estudiantes.<\/p>\n\t\t\t\t<img decoding=\"async\" src=\"https:\/\/www.preuniversitariocumbre.com\/ws\/wp-content\/uploads\/2021\/02\/actividad_especial01-1-1.png\" alt=\"actividad_especial01-1\" itemprop=\"image\" height=\"619\" width=\"500\" title=\"actividad_especial01-1\" onerror=\"this.style.display='none'\"  \/>\n\t<p>PREP\u00c1RATE CON NOSOTROS<\/p>\n\t<p>Cotiza plan de Ex\u00e1menes Libres<\/p>\n\n","protected":false},"excerpt":{"rendered":"<p>PREP\u00c1RATE Y PASA DE CURSO DANDO EX\u00c1MENES LIBRES Desarrollado para estudiantes que deciden estudiar en sus casas y rendir un examen final el cual equivale a su promedio general del curso rendido. Nos centramos en entregar el conocimiento y habilidades necesarias a los estudiantes que deciden dar ex\u00e1menes libres, a trav\u00e9s de una preparaci\u00f3n individual<a href=\"https:\/\/www.preuniversitariocumbre.com\/ws\/examenes-libres-2\/\">[&#8230;]<\/a><\/p>\n","protected":false},"author":1,"featured_media":0,"parent":0,"menu_order":0,"comment_status":"closed","ping_status":"closed","template":"template-fullwidth.php","meta":{"_joinchat":[],"footnotes":""},"class_list":["post-3390","page","type-page","status-publish","hentry"],"yoast_head":"<!-- This site is optimized with the Yoast SEO plugin v24.2 - https:\/\/yoast.com\/wordpress\/plugins\/seo\/ -->\n<title>EX\u00c1MENES LIBRES - Preuniversitario Cumbre<\/title>\n<meta name=\"robots\" content=\"index, follow, max-snippet:-1, max-image-preview:large, max-video-preview:-1\" \/>\n<link rel=\"canonical\" href=\"https:\/\/www.preuniversitariocumbre.com\/ws\/examenes-libres-2\/\" \/>\n<meta property=\"og:locale\" content=\"es_ES\" \/>\n<meta property=\"og:type\" content=\"article\" \/>\n<meta property=\"og:title\" content=\"EX\u00c1MENES LIBRES - Preuniversitario Cumbre\" \/>\n<meta property=\"og:description\" content=\"PREP\u00c1RATE Y PASA DE CURSO DANDO EX\u00c1MENES LIBRES Desarrollado para estudiantes que deciden estudiar en sus casas y rendir un examen final el cual equivale a su promedio general del curso rendido. Nos centramos en entregar el conocimiento y habilidades necesarias a los estudiantes que deciden dar ex\u00e1menes libres, a trav\u00e9s de una preparaci\u00f3n individual[...]\" \/>\n<meta property=\"og:url\" content=\"https:\/\/www.preuniversitariocumbre.com\/ws\/examenes-libres-2\/\" \/>\n<meta property=\"og:site_name\" content=\"Preuniversitario Cumbre\" \/>\n<meta property=\"article:publisher\" content=\"https:\/\/www.facebook.com\/cumbre.preuniversitario\/\" \/>\n<meta property=\"article:modified_time\" content=\"2022-10-14T23:42:16+00:00\" \/>\n<meta property=\"og:image\" content=\"https:\/\/www.preuniversitariocumbre.com\/ws\/wp-content\/uploads\/2021\/02\/open-book-1-150x150.png\" \/>\n<meta name=\"twitter:card\" content=\"summary_large_image\" \/>\n<meta name=\"twitter:site\" content=\"@PSUCumbre\" \/>\n<meta name=\"twitter:label1\" content=\"Tiempo estimado de lectura\" \/>\n\t<meta name=\"twitter:data1\" content=\"2 minutos\" \/>\n<script type=\"application\/ld+json\" class=\"yoast-schema-graph\">{\"@context\":\"https:\/\/schema.org\",\"@graph\":[{\"@type\":\"WebPage\",\"@id\":\"https:\/\/www.preuniversitariocumbre.com\/ws\/examenes-libres-2\/\",\"url\":\"https:\/\/www.preuniversitariocumbre.com\/ws\/examenes-libres-2\/\",\"name\":\"EX\u00c1MENES LIBRES - Preuniversitario Cumbre\",\"isPartOf\":{\"@id\":\"https:\/\/www.preuniversitariocumbre.com\/ws\/#website\"},\"primaryImageOfPage\":{\"@id\":\"https:\/\/www.preuniversitariocumbre.com\/ws\/examenes-libres-2\/#primaryimage\"},\"image\":{\"@id\":\"https:\/\/www.preuniversitariocumbre.com\/ws\/examenes-libres-2\/#primaryimage\"},\"thumbnailUrl\":\"https:\/\/www.preuniversitariocumbre.com\/ws\/wp-content\/uploads\/2021\/02\/open-book-1-150x150.png\",\"datePublished\":\"2021-03-04T17:52:07+00:00\",\"dateModified\":\"2022-10-14T23:42:16+00:00\",\"breadcrumb\":{\"@id\":\"https:\/\/www.preuniversitariocumbre.com\/ws\/examenes-libres-2\/#breadcrumb\"},\"inLanguage\":\"es-CL\",\"potentialAction\":[{\"@type\":\"ReadAction\",\"target\":[\"https:\/\/www.preuniversitariocumbre.com\/ws\/examenes-libres-2\/\"]}]},{\"@type\":\"ImageObject\",\"inLanguage\":\"es-CL\",\"@id\":\"https:\/\/www.preuniversitariocumbre.com\/ws\/examenes-libres-2\/#primaryimage\",\"url\":\"https:\/\/www.preuniversitariocumbre.com\/ws\/wp-content\/uploads\/2021\/02\/open-book-1.png\",\"contentUrl\":\"https:\/\/www.preuniversitariocumbre.com\/ws\/wp-content\/uploads\/2021\/02\/open-book-1.png\",\"width\":512,\"height\":512},{\"@type\":\"BreadcrumbList\",\"@id\":\"https:\/\/www.preuniversitariocumbre.com\/ws\/examenes-libres-2\/#breadcrumb\",\"itemListElement\":[{\"@type\":\"ListItem\",\"position\":1,\"name\":\"Home\",\"item\":\"https:\/\/www.preuniversitariocumbre.com\/ws\/\"},{\"@type\":\"ListItem\",\"position\":2,\"name\":\"EX\u00c1MENES LIBRES\"}]},{\"@type\":\"WebSite\",\"@id\":\"https:\/\/www.preuniversitariocumbre.com\/ws\/#website\",\"url\":\"https:\/\/www.preuniversitariocumbre.com\/ws\/\",\"name\":\"Preuniversitario Cumbre\",\"description\":\"El Mejor Preu 100% Personalizado de Chile\",\"publisher\":{\"@id\":\"https:\/\/www.preuniversitariocumbre.com\/ws\/#organization\"},\"potentialAction\":[{\"@type\":\"SearchAction\",\"target\":{\"@type\":\"EntryPoint\",\"urlTemplate\":\"https:\/\/www.preuniversitariocumbre.com\/ws\/?s={search_term_string}\"},\"query-input\":{\"@type\":\"PropertyValueSpecification\",\"valueRequired\":true,\"valueName\":\"search_term_string\"}}],\"inLanguage\":\"es-CL\"},{\"@type\":\"Organization\",\"@id\":\"https:\/\/www.preuniversitariocumbre.com\/ws\/#organization\",\"name\":\"Preuniversitario Cumbre\",\"url\":\"https:\/\/www.preuniversitariocumbre.com\/ws\/\",\"logo\":{\"@type\":\"ImageObject\",\"inLanguage\":\"es-CL\",\"@id\":\"https:\/\/www.preuniversitariocumbre.com\/ws\/#\/schema\/logo\/image\/\",\"url\":\"https:\/\/www.preuniversitariocumbre.com\/ws\/wp-content\/uploads\/2017\/06\/Logo-new-web2.png\",\"contentUrl\":\"https:\/\/www.preuniversitariocumbre.com\/ws\/wp-content\/uploads\/2017\/06\/Logo-new-web2.png\",\"width\":545,\"height\":238,\"caption\":\"Preuniversitario Cumbre\"},\"image\":{\"@id\":\"https:\/\/www.preuniversitariocumbre.com\/ws\/#\/schema\/logo\/image\/\"},\"sameAs\":[\"https:\/\/www.facebook.com\/cumbre.preuniversitario\/\",\"https:\/\/x.com\/PSUCumbre\",\"https:\/\/www.instagram.com\/preucumbre\/\"]}]}<\/script>\n<!-- \/ Yoast SEO plugin. -->","yoast_head_json":{"title":"EX\u00c1MENES LIBRES - Preuniversitario Cumbre","robots":{"index":"index","follow":"follow","max-snippet":"max-snippet:-1","max-image-preview":"max-image-preview:large","max-video-preview":"max-video-preview:-1"},"canonical":"https:\/\/www.preuniversitariocumbre.com\/ws\/examenes-libres-2\/","og_locale":"es_ES","og_type":"article","og_title":"EX\u00c1MENES LIBRES - Preuniversitario Cumbre","og_description":"PREP\u00c1RATE Y PASA DE CURSO DANDO EX\u00c1MENES LIBRES Desarrollado para estudiantes que deciden estudiar en sus casas y rendir un examen final el cual equivale a su promedio general del curso rendido. Nos centramos en entregar el conocimiento y habilidades necesarias a los estudiantes que deciden dar ex\u00e1menes libres, a trav\u00e9s de una preparaci\u00f3n individual[...]","og_url":"https:\/\/www.preuniversitariocumbre.com\/ws\/examenes-libres-2\/","og_site_name":"Preuniversitario Cumbre","article_publisher":"https:\/\/www.facebook.com\/cumbre.preuniversitario\/","article_modified_time":"2022-10-14T23:42:16+00:00","og_image":[{"url":"https:\/\/www.preuniversitariocumbre.com\/ws\/wp-content\/uploads\/2021\/02\/open-book-1-150x150.png","type":"","width":"","height":""}],"twitter_card":"summary_large_image","twitter_site":"@PSUCumbre","twitter_misc":{"Tiempo estimado de lectura":"2 minutos"},"schema":{"@context":"https:\/\/schema.org","@graph":[{"@type":"WebPage","@id":"https:\/\/www.preuniversitariocumbre.com\/ws\/examenes-libres-2\/","url":"https:\/\/www.preuniversitariocumbre.com\/ws\/examenes-libres-2\/","name":"EX\u00c1MENES LIBRES - Preuniversitario Cumbre","isPartOf":{"@id":"https:\/\/www.preuniversitariocumbre.com\/ws\/#website"},"primaryImageOfPage":{"@id":"https:\/\/www.preuniversitariocumbre.com\/ws\/examenes-libres-2\/#primaryimage"},"image":{"@id":"https:\/\/www.preuniversitariocumbre.com\/ws\/examenes-libres-2\/#primaryimage"},"thumbnailUrl":"https:\/\/www.preuniversitariocumbre.com\/ws\/wp-content\/uploads\/2021\/02\/open-book-1-150x150.png","datePublished":"2021-03-04T17:52:07+00:00","dateModified":"2022-10-14T23:42:16+00:00","breadcrumb":{"@id":"https:\/\/www.preuniversitariocumbre.com\/ws\/examenes-libres-2\/#breadcrumb"},"inLanguage":"es-CL","potentialAction":[{"@type":"ReadAction","target":["https:\/\/www.preuniversitariocumbre.com\/ws\/examenes-libres-2\/"]}]},{"@type":"ImageObject","inLanguage":"es-CL","@id":"https:\/\/www.preuniversitariocumbre.com\/ws\/examenes-libres-2\/#primaryimage","url":"https:\/\/www.preuniversitariocumbre.com\/ws\/wp-content\/uploads\/2021\/02\/open-book-1.png","contentUrl":"https:\/\/www.preuniversitariocumbre.com\/ws\/wp-content\/uploads\/2021\/02\/open-book-1.png","width":512,"height":512},{"@type":"BreadcrumbList","@id":"https:\/\/www.preuniversitariocumbre.com\/ws\/examenes-libres-2\/#breadcrumb","itemListElement":[{"@type":"ListItem","position":1,"name":"Home","item":"https:\/\/www.preuniversitariocumbre.com\/ws\/"},{"@type":"ListItem","position":2,"name":"EX\u00c1MENES LIBRES"}]},{"@type":"WebSite","@id":"https:\/\/www.preuniversitariocumbre.com\/ws\/#website","url":"https:\/\/www.preuniversitariocumbre.com\/ws\/","name":"Preuniversitario Cumbre","description":"El Mejor Preu 100% Personalizado de Chile","publisher":{"@id":"https:\/\/www.preuniversitariocumbre.com\/ws\/#organization"},"potentialAction":[{"@type":"SearchAction","target":{"@type":"EntryPoint","urlTemplate":"https:\/\/www.preuniversitariocumbre.com\/ws\/?s={search_term_string}"},"query-input":{"@type":"PropertyValueSpecification","valueRequired":true,"valueName":"search_term_string"}}],"inLanguage":"es-CL"},{"@type":"Organization","@id":"https:\/\/www.preuniversitariocumbre.com\/ws\/#organization","name":"Preuniversitario Cumbre","url":"https:\/\/www.preuniversitariocumbre.com\/ws\/","logo":{"@type":"ImageObject","inLanguage":"es-CL","@id":"https:\/\/www.preuniversitariocumbre.com\/ws\/#\/schema\/logo\/image\/","url":"https:\/\/www.preuniversitariocumbre.com\/ws\/wp-content\/uploads\/2017\/06\/Logo-new-web2.png","contentUrl":"https:\/\/www.preuniversitariocumbre.com\/ws\/wp-content\/uploads\/2017\/06\/Logo-new-web2.png","width":545,"height":238,"caption":"Preuniversitario Cumbre"},"image":{"@id":"https:\/\/www.preuniversitariocumbre.com\/ws\/#\/schema\/logo\/image\/"},"sameAs":["https:\/\/www.facebook.com\/cumbre.preuniversitario\/","https:\/\/x.com\/PSUCumbre","https:\/\/www.instagram.com\/preucumbre\/"]}]}},"_links":{"self":[{"href":"https:\/\/www.preuniversitariocumbre.com\/ws\/wp-json\/wp\/v2\/pages\/3390","targetHints":{"allow":["GET"]}}],"collection":[{"href":"https:\/\/www.preuniversitariocumbre.com\/ws\/wp-json\/wp\/v2\/pages"}],"about":[{"href":"https:\/\/www.preuniversitariocumbre.com\/ws\/wp-json\/wp\/v2\/types\/page"}],"author":[{"embeddable":true,"href":"https:\/\/www.preuniversitariocumbre.com\/ws\/wp-json\/wp\/v2\/users\/1"}],"replies":[{"embeddable":true,"href":"https:\/\/www.preuniversitariocumbre.com\/ws\/wp-json\/wp\/v2\/comments?post=3390"}],"version-history":[{"count":15,"href":"https:\/\/www.preuniversitariocumbre.com\/ws\/wp-json\/wp\/v2\/pages\/3390\/revisions"}],"predecessor-version":[{"id":3694,"href":"https:\/\/www.preuniversitariocumbre.com\/ws\/wp-json\/wp\/v2\/pages\/3390\/revisions\/3694"}],"wp:attachment":[{"href":"https:\/\/www.preuniversitariocumbre.com\/ws\/wp-json\/wp\/v2\/media?parent=3390"}],"curies":[{"name":"wp","href":"https:\/\/api.w.org\/{rel}","templated":true}]}}