{"id":592,"date":"2016-01-30T17:24:17","date_gmt":"2016-01-30T20:24:17","guid":{"rendered":"http:\/\/www.preuniversitariocumbre.com\/ws\/?page_id=592"},"modified":"2016-03-25T15:08:00","modified_gmt":"2016-03-25T18:08:00","slug":"matricula-landing","status":"publish","type":"page","link":"https:\/\/www.preuniversitariocumbre.com\/ws\/matricula-landing\/","title":{"rendered":"Matricula"},"content":{"rendered":"<p style=\"text-align: justify;\"><img decoding=\"async\" class=\"alignnone size-full wp-image-412\" src=\"http:\/\/www.preuniversitariocumbre.com\/ws\/wp-content\/uploads\/2015\/09\/Matricula-2016-Face.jpg\" alt=\"Matricula 2016 Face\" width=\"960\" height=\"501\" srcset=\"https:\/\/www.preuniversitariocumbre.com\/ws\/wp-content\/uploads\/2015\/09\/Matricula-2016-Face.jpg 960w, https:\/\/www.preuniversitariocumbre.com\/ws\/wp-content\/uploads\/2015\/09\/Matricula-2016-Face-600x313.jpg 600w, https:\/\/www.preuniversitariocumbre.com\/ws\/wp-content\/uploads\/2015\/09\/Matricula-2016-Face-483x252.jpg 483w\" sizes=\"(max-width: 960px) 100vw, 960px\" \/><\/p>\n<p style=\"text-align: justify;\">Para alcanzar el \u00e9xito hay que trabajar muy duro y en Cumbre no descansamos nunca en nuestra misi\u00f3n de ayudarte a lograrlo. <!--more-->La preparaci\u00f3n completa en cada una de las asignaturas, con profesores calificados y ensayos constantes en condiciones reales son la clave para vencer en la PSU, lograr el puntaje que necesitas y entrar a la universidad que deseas.<\/p>\n<p style=\"text-align: justify;\">Nuestros planes de estudio est\u00e1n dise\u00f1ados para adaptarse a tus necesidades particulares, detectar tus debilidades y ayudarte a superarlas.<\/p>\n<h2 style=\"text-align: center;\"><a href=\"http:\/\/www.preuniversitariocumbre.com\/ws\/#testimonials\"><img decoding=\"async\" class=\"alignnone size-full wp-image-416\" src=\"http:\/\/www.preuniversitariocumbre.com\/ws\/wp-content\/uploads\/2015\/09\/Boton-planes.png\" alt=\"Boton planes\" width=\"262\" height=\"62\" \/><\/a><\/h2>\n<p>&nbsp;<\/p>\n<h1><span style=\"color: #002464;\">\u00bfPOR QU\u00c9 ESTUDIAR EN CUMBRE?<\/span><\/h1>\n<p>&nbsp;<\/p>\n<div id=\"attachment_653\" style=\"width: 496px\" class=\"wp-caption alignright\"><a href=\"http:\/\/www.preuniversitariocumbre.com\/ws\/wp-content\/uploads\/2015\/09\/Matricula-2016-02.jpg\"><img decoding=\"async\" aria-describedby=\"caption-attachment-653\" class=\"wp-image-653\" src=\"http:\/\/www.preuniversitariocumbre.com\/ws\/wp-content\/uploads\/2015\/09\/Descuento-especial-5-Mail2.jpg\" alt=\"Presenta esta imagen impresa o en tu celular y obt\u00e9n matr\u00edcula gratis y un descuento especial en tu matr\u00edcula anual\u2026\" width=\"486\" height=\"486\" srcset=\"https:\/\/www.preuniversitariocumbre.com\/ws\/wp-content\/uploads\/2015\/09\/Descuento-especial-5-Mail2.jpg 1000w, https:\/\/www.preuniversitariocumbre.com\/ws\/wp-content\/uploads\/2015\/09\/Descuento-especial-5-Mail2-300x300.jpg 300w, https:\/\/www.preuniversitariocumbre.com\/ws\/wp-content\/uploads\/2015\/09\/Descuento-especial-5-Mail2-100x100.jpg 100w, https:\/\/www.preuniversitariocumbre.com\/ws\/wp-content\/uploads\/2015\/09\/Descuento-especial-5-Mail2-600x600.jpg 600w, https:\/\/www.preuniversitariocumbre.com\/ws\/wp-content\/uploads\/2015\/09\/Descuento-especial-5-Mail2-150x150.jpg 150w, https:\/\/www.preuniversitariocumbre.com\/ws\/wp-content\/uploads\/2015\/09\/Descuento-especial-5-Mail2-252x252.jpg 252w, https:\/\/www.preuniversitariocumbre.com\/ws\/wp-content\/uploads\/2015\/09\/Descuento-especial-5-Mail2-73x73.jpg 73w, https:\/\/www.preuniversitariocumbre.com\/ws\/wp-content\/uploads\/2015\/09\/Descuento-especial-5-Mail2-174x174.jpg 174w, https:\/\/www.preuniversitariocumbre.com\/ws\/wp-content\/uploads\/2015\/09\/Descuento-especial-5-Mail2-250x250.jpg 250w\" sizes=\"(max-width: 486px) 100vw, 486px\" \/><\/a><p id=\"caption-attachment-653\" class=\"wp-caption-text\">Presenta esta imagen impresa o en tu celular y obt\u00e9n matr\u00edcula gratis y un descuento especial en tu matr\u00edcula anual\u2026<\/p><\/div>\n<p style=\"text-align: justify;\"><span style=\"color: #002464;\"><strong>PERSONALIZACI\u00d3N<\/strong><\/span><\/p>\n<p style=\"text-align: justify;\">Nuestra metodolog\u00eda se basa en la personalizaci\u00f3n de la educaci\u00f3n, d\u00e1ndole la atenci\u00f3n y el apoyo necesario a cada uno de nuestros estudiantes.<\/p>\n<p style=\"text-align: justify;\"><span style=\"color: #002464;\"><strong>ENSAYOS CONSTANTES<\/strong><strong><br \/>\n<\/strong><\/span><\/p>\n<p style=\"text-align: justify;\">Realizamos ensayos de PSU todos los meses, para evaluar tu desempe\u00f1o, detectar tus posibles debilidades y trabajar contigo para superarlas.<\/p>\n<p style=\"text-align: justify;\"><span style=\"color: #002464;\"><strong>PROFESORES CALIFICADOS<br \/>\n<\/strong><\/span><\/p>\n<p style=\"text-align: justify;\">Contamos con profesores de amplia y comprobada experiencia para cada una de las asignaturas, garantizando una preparaci\u00f3n de calidad, dise\u00f1ada para ayudarte a comprender y dominar todos los contenidos de la PSU.<\/p>\n<p style=\"text-align: justify;\"><span style=\"color: #082260;\"><strong>COACHING<\/strong><\/span><\/p>\n<p style=\"text-align: justify;\">Realizamos sesiones de coaching grupales todos los meses para ayudarte a organizar y manejar mejor tu tiempo, apoyarte\u00a0en la gesti\u00f3n de tus emociones, en el mejoramiento de tu nivel acad\u00e9mico y en el adelanto de tus destrezas sociales. Adem\u00e1s, realizamos sesiones para guiarte en la elecci\u00f3n de la carrera que m\u00e1s se ajuste a tu vocaci\u00f3n y organizamos talleres de relajaci\u00f3n para manejar el estr\u00e9s y los nervios previos a la prueba.<\/p>\n<p style=\"text-align: justify;\"><span style=\"color: #002464;\"><strong>RESULTADOS<\/strong><\/span><\/p>\n<p style=\"text-align: justify;\">El mas del 80% de nuestros estudiantes logra entrar a la carrera que eligi\u00f3 en la universidad de su preferencia. <a href=\"http:\/\/www.preuniversitariocumbre.com\/ws\/#aboutus\">Nuestros resultados<\/a> hablan por si mismos.<\/p>\n<p style=\"text-align: left;\"><span style=\"color: #002464;\"><strong>ACCESO A NOTAS EN L\u00cdNEA<br \/>\n<\/strong><\/span><\/p>\n<p style=\"text-align: left;\">A trav\u00e9s de nuestro &#8220;Portal Alumno&#8221; tanto t\u00fa como tus apoderados tendr\u00e1n acceso las 24 horas del d\u00eda a notas y desempe\u00f1o en cada una de las actividades que realizamos.<\/p>\n<p style=\"text-align: center;\"><a href=\"http:\/\/www.preuniversitariocumbre.com\/ws\/nuestra-ubicacion\/\"><img decoding=\"async\" class=\"alignnone size-full wp-image-417\" src=\"http:\/\/www.preuniversitariocumbre.com\/ws\/wp-content\/uploads\/2015\/09\/Boton-Contactanos.png\" alt=\"Boton Contactanos\" width=\"262\" height=\"62\" \/><\/a><\/p>\n<h2 style=\"text-align: left;\"><span style=\"color: #002464;\">MATR\u00cdCULA ABIERTA<\/span><\/h2>\n<p style=\"text-align: left;\">Ya puedes inscribirte y prepararte con los mejores para la PSU 2016.<\/p>\n<p style=\"text-align: justify;\">Si lo deseas, puedes llenar la siguiente planilla de pre-inscripci\u00f3n y con gusto te contactaremos para completar el proceso.<\/p>\n<h2 style=\"text-align: left;\"><span style=\"color: #002464;\">Pre-inscripci\u00f3n<\/span><\/h2>\n<p style=\"text-align: left;\">[ninja_form id=7]\n","protected":false},"excerpt":{"rendered":"<p>Para alcanzar el \u00e9xito hay que trabajar muy duro y en Cumbre no descansamos nunca en nuestra misi\u00f3n de ayudarte a lograrlo.<\/p>\n","protected":false},"author":1,"featured_media":0,"parent":0,"menu_order":0,"comment_status":"closed","ping_status":"closed","template":"","meta":{"_joinchat":[],"footnotes":""},"class_list":["post-592","page","type-page","status-publish","hentry"],"yoast_head":"<!-- This site is optimized with the Yoast SEO plugin v24.2 - https:\/\/yoast.com\/wordpress\/plugins\/seo\/ -->\n<title>Matricula - Preuniversitario Cumbre<\/title>\n<meta name=\"robots\" content=\"index, follow, max-snippet:-1, max-image-preview:large, max-video-preview:-1\" \/>\n<link rel=\"canonical\" href=\"https:\/\/www.preuniversitariocumbre.com\/ws\/matricula-landing\/\" \/>\n<meta property=\"og:locale\" content=\"es_ES\" \/>\n<meta property=\"og:type\" content=\"article\" \/>\n<meta property=\"og:title\" content=\"Matricula - Preuniversitario Cumbre\" \/>\n<meta property=\"og:description\" content=\"Para alcanzar el \u00e9xito hay que trabajar muy duro y en Cumbre no descansamos nunca en nuestra misi\u00f3n de ayudarte a lograrlo.\" \/>\n<meta property=\"og:url\" content=\"https:\/\/www.preuniversitariocumbre.com\/ws\/matricula-landing\/\" \/>\n<meta property=\"og:site_name\" content=\"Preuniversitario Cumbre\" \/>\n<meta property=\"article:publisher\" content=\"https:\/\/www.facebook.com\/cumbre.preuniversitario\/\" \/>\n<meta property=\"article:modified_time\" content=\"2016-03-25T18:08:00+00:00\" \/>\n<meta property=\"og:image\" content=\"https:\/\/www.preuniversitariocumbre.com\/ws\/wp-content\/uploads\/2015\/09\/Matricula-2016-Face.jpg\" \/>\n\t<meta property=\"og:image:width\" content=\"960\" \/>\n\t<meta property=\"og:image:height\" content=\"501\" \/>\n\t<meta property=\"og:image:type\" content=\"image\/jpeg\" \/>\n<meta name=\"twitter:card\" content=\"summary_large_image\" \/>\n<meta name=\"twitter:site\" content=\"@PSUCumbre\" \/>\n<meta name=\"twitter:label1\" content=\"Tiempo estimado de lectura\" \/>\n\t<meta name=\"twitter:data1\" content=\"2 minutos\" \/>\n<script type=\"application\/ld+json\" class=\"yoast-schema-graph\">{\"@context\":\"https:\/\/schema.org\",\"@graph\":[{\"@type\":\"WebPage\",\"@id\":\"https:\/\/www.preuniversitariocumbre.com\/ws\/matricula-landing\/\",\"url\":\"https:\/\/www.preuniversitariocumbre.com\/ws\/matricula-landing\/\",\"name\":\"Matricula - Preuniversitario Cumbre\",\"isPartOf\":{\"@id\":\"https:\/\/www.preuniversitariocumbre.com\/ws\/#website\"},\"primaryImageOfPage\":{\"@id\":\"https:\/\/www.preuniversitariocumbre.com\/ws\/matricula-landing\/#primaryimage\"},\"image\":{\"@id\":\"https:\/\/www.preuniversitariocumbre.com\/ws\/matricula-landing\/#primaryimage\"},\"thumbnailUrl\":\"http:\/\/www.preuniversitariocumbre.com\/ws\/wp-content\/uploads\/2015\/09\/Matricula-2016-Face.jpg\",\"datePublished\":\"2016-01-30T20:24:17+00:00\",\"dateModified\":\"2016-03-25T18:08:00+00:00\",\"breadcrumb\":{\"@id\":\"https:\/\/www.preuniversitariocumbre.com\/ws\/matricula-landing\/#breadcrumb\"},\"inLanguage\":\"es-CL\",\"potentialAction\":[{\"@type\":\"ReadAction\",\"target\":[\"https:\/\/www.preuniversitariocumbre.com\/ws\/matricula-landing\/\"]}]},{\"@type\":\"ImageObject\",\"inLanguage\":\"es-CL\",\"@id\":\"https:\/\/www.preuniversitariocumbre.com\/ws\/matricula-landing\/#primaryimage\",\"url\":\"http:\/\/www.preuniversitariocumbre.com\/ws\/wp-content\/uploads\/2015\/09\/Matricula-2016-Face.jpg\",\"contentUrl\":\"http:\/\/www.preuniversitariocumbre.com\/ws\/wp-content\/uploads\/2015\/09\/Matricula-2016-Face.jpg\"},{\"@type\":\"BreadcrumbList\",\"@id\":\"https:\/\/www.preuniversitariocumbre.com\/ws\/matricula-landing\/#breadcrumb\",\"itemListElement\":[{\"@type\":\"ListItem\",\"position\":1,\"name\":\"Home\",\"item\":\"https:\/\/www.preuniversitariocumbre.com\/ws\/\"},{\"@type\":\"ListItem\",\"position\":2,\"name\":\"Matricula\"}]},{\"@type\":\"WebSite\",\"@id\":\"https:\/\/www.preuniversitariocumbre.com\/ws\/#website\",\"url\":\"https:\/\/www.preuniversitariocumbre.com\/ws\/\",\"name\":\"Preuniversitario Cumbre\",\"description\":\"El Mejor Preu 100% Personalizado de Chile\",\"publisher\":{\"@id\":\"https:\/\/www.preuniversitariocumbre.com\/ws\/#organization\"},\"potentialAction\":[{\"@type\":\"SearchAction\",\"target\":{\"@type\":\"EntryPoint\",\"urlTemplate\":\"https:\/\/www.preuniversitariocumbre.com\/ws\/?s={search_term_string}\"},\"query-input\":{\"@type\":\"PropertyValueSpecification\",\"valueRequired\":true,\"valueName\":\"search_term_string\"}}],\"inLanguage\":\"es-CL\"},{\"@type\":\"Organization\",\"@id\":\"https:\/\/www.preuniversitariocumbre.com\/ws\/#organization\",\"name\":\"Preuniversitario Cumbre\",\"url\":\"https:\/\/www.preuniversitariocumbre.com\/ws\/\",\"logo\":{\"@type\":\"ImageObject\",\"inLanguage\":\"es-CL\",\"@id\":\"https:\/\/www.preuniversitariocumbre.com\/ws\/#\/schema\/logo\/image\/\",\"url\":\"https:\/\/www.preuniversitariocumbre.com\/ws\/wp-content\/uploads\/2017\/06\/Logo-new-web2.png\",\"contentUrl\":\"https:\/\/www.preuniversitariocumbre.com\/ws\/wp-content\/uploads\/2017\/06\/Logo-new-web2.png\",\"width\":545,\"height\":238,\"caption\":\"Preuniversitario Cumbre\"},\"image\":{\"@id\":\"https:\/\/www.preuniversitariocumbre.com\/ws\/#\/schema\/logo\/image\/\"},\"sameAs\":[\"https:\/\/www.facebook.com\/cumbre.preuniversitario\/\",\"https:\/\/x.com\/PSUCumbre\",\"https:\/\/www.instagram.com\/preucumbre\/\"]}]}<\/script>\n<!-- \/ Yoast SEO plugin. -->","yoast_head_json":{"title":"Matricula - Preuniversitario Cumbre","robots":{"index":"index","follow":"follow","max-snippet":"max-snippet:-1","max-image-preview":"max-image-preview:large","max-video-preview":"max-video-preview:-1"},"canonical":"https:\/\/www.preuniversitariocumbre.com\/ws\/matricula-landing\/","og_locale":"es_ES","og_type":"article","og_title":"Matricula - Preuniversitario Cumbre","og_description":"Para alcanzar el \u00e9xito hay que trabajar muy duro y en Cumbre no descansamos nunca en nuestra misi\u00f3n de ayudarte a lograrlo.","og_url":"https:\/\/www.preuniversitariocumbre.com\/ws\/matricula-landing\/","og_site_name":"Preuniversitario Cumbre","article_publisher":"https:\/\/www.facebook.com\/cumbre.preuniversitario\/","article_modified_time":"2016-03-25T18:08:00+00:00","og_image":[{"width":960,"height":501,"url":"https:\/\/www.preuniversitariocumbre.com\/ws\/wp-content\/uploads\/2015\/09\/Matricula-2016-Face.jpg","type":"image\/jpeg"}],"twitter_card":"summary_large_image","twitter_site":"@PSUCumbre","twitter_misc":{"Tiempo estimado de lectura":"2 minutos"},"schema":{"@context":"https:\/\/schema.org","@graph":[{"@type":"WebPage","@id":"https:\/\/www.preuniversitariocumbre.com\/ws\/matricula-landing\/","url":"https:\/\/www.preuniversitariocumbre.com\/ws\/matricula-landing\/","name":"Matricula - Preuniversitario Cumbre","isPartOf":{"@id":"https:\/\/www.preuniversitariocumbre.com\/ws\/#website"},"primaryImageOfPage":{"@id":"https:\/\/www.preuniversitariocumbre.com\/ws\/matricula-landing\/#primaryimage"},"image":{"@id":"https:\/\/www.preuniversitariocumbre.com\/ws\/matricula-landing\/#primaryimage"},"thumbnailUrl":"http:\/\/www.preuniversitariocumbre.com\/ws\/wp-content\/uploads\/2015\/09\/Matricula-2016-Face.jpg","datePublished":"2016-01-30T20:24:17+00:00","dateModified":"2016-03-25T18:08:00+00:00","breadcrumb":{"@id":"https:\/\/www.preuniversitariocumbre.com\/ws\/matricula-landing\/#breadcrumb"},"inLanguage":"es-CL","potentialAction":[{"@type":"ReadAction","target":["https:\/\/www.preuniversitariocumbre.com\/ws\/matricula-landing\/"]}]},{"@type":"ImageObject","inLanguage":"es-CL","@id":"https:\/\/www.preuniversitariocumbre.com\/ws\/matricula-landing\/#primaryimage","url":"http:\/\/www.preuniversitariocumbre.com\/ws\/wp-content\/uploads\/2015\/09\/Matricula-2016-Face.jpg","contentUrl":"http:\/\/www.preuniversitariocumbre.com\/ws\/wp-content\/uploads\/2015\/09\/Matricula-2016-Face.jpg"},{"@type":"BreadcrumbList","@id":"https:\/\/www.preuniversitariocumbre.com\/ws\/matricula-landing\/#breadcrumb","itemListElement":[{"@type":"ListItem","position":1,"name":"Home","item":"https:\/\/www.preuniversitariocumbre.com\/ws\/"},{"@type":"ListItem","position":2,"name":"Matricula"}]},{"@type":"WebSite","@id":"https:\/\/www.preuniversitariocumbre.com\/ws\/#website","url":"https:\/\/www.preuniversitariocumbre.com\/ws\/","name":"Preuniversitario Cumbre","description":"El Mejor Preu 100% Personalizado de Chile","publisher":{"@id":"https:\/\/www.preuniversitariocumbre.com\/ws\/#organization"},"potentialAction":[{"@type":"SearchAction","target":{"@type":"EntryPoint","urlTemplate":"https:\/\/www.preuniversitariocumbre.com\/ws\/?s={search_term_string}"},"query-input":{"@type":"PropertyValueSpecification","valueRequired":true,"valueName":"search_term_string"}}],"inLanguage":"es-CL"},{"@type":"Organization","@id":"https:\/\/www.preuniversitariocumbre.com\/ws\/#organization","name":"Preuniversitario Cumbre","url":"https:\/\/www.preuniversitariocumbre.com\/ws\/","logo":{"@type":"ImageObject","inLanguage":"es-CL","@id":"https:\/\/www.preuniversitariocumbre.com\/ws\/#\/schema\/logo\/image\/","url":"https:\/\/www.preuniversitariocumbre.com\/ws\/wp-content\/uploads\/2017\/06\/Logo-new-web2.png","contentUrl":"https:\/\/www.preuniversitariocumbre.com\/ws\/wp-content\/uploads\/2017\/06\/Logo-new-web2.png","width":545,"height":238,"caption":"Preuniversitario Cumbre"},"image":{"@id":"https:\/\/www.preuniversitariocumbre.com\/ws\/#\/schema\/logo\/image\/"},"sameAs":["https:\/\/www.facebook.com\/cumbre.preuniversitario\/","https:\/\/x.com\/PSUCumbre","https:\/\/www.instagram.com\/preucumbre\/"]}]}},"_links":{"self":[{"href":"https:\/\/www.preuniversitariocumbre.com\/ws\/wp-json\/wp\/v2\/pages\/592","targetHints":{"allow":["GET"]}}],"collection":[{"href":"https:\/\/www.preuniversitariocumbre.com\/ws\/wp-json\/wp\/v2\/pages"}],"about":[{"href":"https:\/\/www.preuniversitariocumbre.com\/ws\/wp-json\/wp\/v2\/types\/page"}],"author":[{"embeddable":true,"href":"https:\/\/www.preuniversitariocumbre.com\/ws\/wp-json\/wp\/v2\/users\/1"}],"replies":[{"embeddable":true,"href":"https:\/\/www.preuniversitariocumbre.com\/ws\/wp-json\/wp\/v2\/comments?post=592"}],"version-history":[{"count":4,"href":"https:\/\/www.preuniversitariocumbre.com\/ws\/wp-json\/wp\/v2\/pages\/592\/revisions"}],"predecessor-version":[{"id":666,"href":"https:\/\/www.preuniversitariocumbre.com\/ws\/wp-json\/wp\/v2\/pages\/592\/revisions\/666"}],"wp:attachment":[{"href":"https:\/\/www.preuniversitariocumbre.com\/ws\/wp-json\/wp\/v2\/media?parent=592"}],"curies":[{"name":"wp","href":"https:\/\/api.w.org\/{rel}","templated":true}]}}