{"id":596,"date":"2016-01-31T12:00:53","date_gmt":"2016-01-31T15:00:53","guid":{"rendered":"http:\/\/www.preuniversitariocumbre.com\/ws\/?page_id=596"},"modified":"2016-01-31T12:00:53","modified_gmt":"2016-01-31T15:00:53","slug":"introduccion-al-calculo-landing","status":"publish","type":"page","link":"https:\/\/www.preuniversitariocumbre.com\/ws\/introduccion-al-calculo-landing\/","title":{"rendered":"Introducci\u00f3n al C\u00e1lculo"},"content":{"rendered":"<p><img decoding=\"async\" class=\"aligncenter wp-image-574 size-full\" src=\"http:\/\/www.preuniversitariocumbre.com\/ws\/wp-content\/uploads\/2016\/01\/Curso-Calculo-2da-Banner.jpg\" alt=\"\" width=\"960\" height=\"300\" srcset=\"https:\/\/www.preuniversitariocumbre.com\/ws\/wp-content\/uploads\/2016\/01\/Curso-Calculo-2da-Banner.jpg 960w, https:\/\/www.preuniversitariocumbre.com\/ws\/wp-content\/uploads\/2016\/01\/Curso-Calculo-2da-Banner-600x188.jpg 600w, https:\/\/www.preuniversitariocumbre.com\/ws\/wp-content\/uploads\/2016\/01\/Curso-Calculo-2da-Banner-483x151.jpg 483w\" sizes=\"(max-width: 960px) 100vw, 960px\" \/><\/p>\n<p>Tras el \u00e9xito de la primera edici\u00f3n, vuelve el curso de Introducci\u00f3n al c\u00e1lculo a Cumbre. Este\u00a0curso tiene por objeto entregarte las competencias y habilidades necesarias para enfrentar tu primer a\u00f1o de universidad en forma \u00f3ptima, d\u00e1ndote\u00a0los contenidos m\u00ednimos de C\u00e1lculo I y II.<!--more--><\/p>\n<p>Est\u00e1 dirigido a todos los estudiantes que cursen carreras universitarias tales como ingenier\u00eda, medicina, arquitectura o enfermer\u00eda, entre otras.<\/p>\n<blockquote>\n<h1 style=\"text-align: center;\">&#8220;El 90 % de las carreras de educaci\u00f3n superior incluye c\u00e1lculo o un derivado de \u00e9ste.&#8221;<\/h1>\n<\/blockquote>\n<p>El taller consta de 24 horas divididas en 12 horas semanales, distribuidas de lunes a jueves en 3 horas diarias. Los contenidos son los siguientes:<\/p>\n[vtftable ]\n{f1}<span style=\"color: #002464;\"><strong>Clases 1 y 2<\/strong><\/span>;;;Sucesiones y series.{;n}Progresiones aritm\u00e9ticas y geom\u00e9tricas, sumatorias.{;n}Inducci\u00f3n matem\u00e1tica.{;n}Fracciones parciales.;nn;<br \/>\n{f1}<span style=\"color: #002464;\"><strong>Clases 3 y 4<\/strong><\/span>;;;Limites. {;n}Continuidad de una funci\u00f3n. {;n}Derivadas.;nn;<br \/>\n{f1}<span style=\"color: #002464;\"><strong>Clases 5 y 6<\/strong><\/span>;;;Derivadas parciales.{;n}Puntos m\u00e1ximos y m\u00ednimos.{;n}Problemas de maximizaci\u00f3n y minimizaci\u00f3n geom\u00e9tricos y econ\u00f3micos.;nn;<br \/>\n{f1}<span style=\"color: #002464;\"><strong>Clases 7 y 8<\/strong><\/span>;;;Integrales indefinidas.{;n}Integrales definidas.{;n}Serie de Riemann.{;n}\u00c1rea bajo la curva volumen de revoluci\u00f3n.{;n}Longitud del arco.;nn;<br \/>\n[\/vtftable]\n<p><a href=\"http:\/\/www.preuniversitariocumbre.com\/ws\/nuestra-ubicacion\/\"><img decoding=\"async\" class=\"aligncenter size-full wp-image-417\" src=\"http:\/\/www.preuniversitariocumbre.com\/ws\/wp-content\/uploads\/2015\/09\/Boton-Contactanos.png\" alt=\"Boton Contactanos\" width=\"262\" height=\"62\" \/><\/a><\/p>\n<p>El curso comienza el lunes 15 de febrero\u00a0y finaliza el viernes\u00a026 del mismo mes. Los primeros 5 matriculados obtendr\u00e1n un 20% de descuento en su arancel y participar\u00e1n en el sorteo de un libro de c\u00e1lculo.<\/p>\n<p>Si est\u00e1s interesado, puedes <a href=\"http:\/\/www.preuniversitariocumbre.com\/ws\/nuestra-ubicacion\/\">contactarnos aqu\u00ed<\/a>, o tambi\u00e9n puedes llenar la siguiente planilla de pre-inscripci\u00f3n y nos comunicaremos contigo para darte toda la informaci\u00f3n que necesites.<\/p>\n<h2><span style=\"color: #002464;\">Planilla de pre-inscripci\u00f3n<\/span><\/h2>\n[ninja_form id=7]\n","protected":false},"excerpt":{"rendered":"<p>Tras el \u00e9xito de la primera edici\u00f3n, vuelve el curso de Introducci\u00f3n al c\u00e1lculo a Cumbre. Este\u00a0curso tiene por objeto entregarte las competencias y habilidades necesarias para enfrentar tu primer a\u00f1o de universidad en forma \u00f3ptima, d\u00e1ndote\u00a0los contenidos m\u00ednimos de C\u00e1lculo I y II.<\/p>\n","protected":false},"author":1,"featured_media":0,"parent":0,"menu_order":0,"comment_status":"closed","ping_status":"closed","template":"","meta":{"_joinchat":[],"footnotes":""},"class_list":["post-596","page","type-page","status-publish","hentry"],"yoast_head":"<!-- This site is optimized with the Yoast SEO plugin v24.2 - https:\/\/yoast.com\/wordpress\/plugins\/seo\/ -->\n<title>Introducci\u00f3n al C\u00e1lculo - Preuniversitario Cumbre<\/title>\n<meta name=\"robots\" content=\"index, follow, max-snippet:-1, max-image-preview:large, max-video-preview:-1\" \/>\n<link rel=\"canonical\" href=\"https:\/\/www.preuniversitariocumbre.com\/ws\/introduccion-al-calculo-landing\/\" \/>\n<meta property=\"og:locale\" content=\"es_ES\" \/>\n<meta property=\"og:type\" content=\"article\" \/>\n<meta property=\"og:title\" content=\"Introducci\u00f3n al C\u00e1lculo - Preuniversitario Cumbre\" \/>\n<meta property=\"og:description\" content=\"Tras el \u00e9xito de la primera edici\u00f3n, vuelve el curso de Introducci\u00f3n al c\u00e1lculo a Cumbre. Este\u00a0curso tiene por objeto entregarte las competencias y habilidades necesarias para enfrentar tu primer a\u00f1o de universidad en forma \u00f3ptima, d\u00e1ndote\u00a0los contenidos m\u00ednimos de C\u00e1lculo I y II.\" \/>\n<meta property=\"og:url\" content=\"https:\/\/www.preuniversitariocumbre.com\/ws\/introduccion-al-calculo-landing\/\" \/>\n<meta property=\"og:site_name\" content=\"Preuniversitario Cumbre\" \/>\n<meta property=\"article:publisher\" content=\"https:\/\/www.facebook.com\/cumbre.preuniversitario\/\" \/>\n<meta property=\"og:image\" content=\"https:\/\/www.preuniversitariocumbre.com\/ws\/wp-content\/uploads\/2016\/01\/Curso-Calculo-2da-Banner.jpg\" \/>\n\t<meta property=\"og:image:width\" content=\"960\" \/>\n\t<meta property=\"og:image:height\" content=\"300\" \/>\n\t<meta property=\"og:image:type\" content=\"image\/jpeg\" \/>\n<meta name=\"twitter:card\" content=\"summary_large_image\" \/>\n<meta name=\"twitter:site\" content=\"@PSUCumbre\" \/>\n<meta name=\"twitter:label1\" content=\"Tiempo estimado de lectura\" \/>\n\t<meta name=\"twitter:data1\" content=\"1 minuto\" \/>\n<script type=\"application\/ld+json\" class=\"yoast-schema-graph\">{\"@context\":\"https:\/\/schema.org\",\"@graph\":[{\"@type\":\"WebPage\",\"@id\":\"https:\/\/www.preuniversitariocumbre.com\/ws\/introduccion-al-calculo-landing\/\",\"url\":\"https:\/\/www.preuniversitariocumbre.com\/ws\/introduccion-al-calculo-landing\/\",\"name\":\"Introducci\u00f3n al C\u00e1lculo - Preuniversitario Cumbre\",\"isPartOf\":{\"@id\":\"https:\/\/www.preuniversitariocumbre.com\/ws\/#website\"},\"primaryImageOfPage\":{\"@id\":\"https:\/\/www.preuniversitariocumbre.com\/ws\/introduccion-al-calculo-landing\/#primaryimage\"},\"image\":{\"@id\":\"https:\/\/www.preuniversitariocumbre.com\/ws\/introduccion-al-calculo-landing\/#primaryimage\"},\"thumbnailUrl\":\"http:\/\/www.preuniversitariocumbre.com\/ws\/wp-content\/uploads\/2016\/01\/Curso-Calculo-2da-Banner.jpg\",\"datePublished\":\"2016-01-31T15:00:53+00:00\",\"dateModified\":\"2016-01-31T15:00:53+00:00\",\"breadcrumb\":{\"@id\":\"https:\/\/www.preuniversitariocumbre.com\/ws\/introduccion-al-calculo-landing\/#breadcrumb\"},\"inLanguage\":\"es-CL\",\"potentialAction\":[{\"@type\":\"ReadAction\",\"target\":[\"https:\/\/www.preuniversitariocumbre.com\/ws\/introduccion-al-calculo-landing\/\"]}]},{\"@type\":\"ImageObject\",\"inLanguage\":\"es-CL\",\"@id\":\"https:\/\/www.preuniversitariocumbre.com\/ws\/introduccion-al-calculo-landing\/#primaryimage\",\"url\":\"http:\/\/www.preuniversitariocumbre.com\/ws\/wp-content\/uploads\/2016\/01\/Curso-Calculo-2da-Banner.jpg\",\"contentUrl\":\"http:\/\/www.preuniversitariocumbre.com\/ws\/wp-content\/uploads\/2016\/01\/Curso-Calculo-2da-Banner.jpg\"},{\"@type\":\"BreadcrumbList\",\"@id\":\"https:\/\/www.preuniversitariocumbre.com\/ws\/introduccion-al-calculo-landing\/#breadcrumb\",\"itemListElement\":[{\"@type\":\"ListItem\",\"position\":1,\"name\":\"Home\",\"item\":\"https:\/\/www.preuniversitariocumbre.com\/ws\/\"},{\"@type\":\"ListItem\",\"position\":2,\"name\":\"Introducci\u00f3n al C\u00e1lculo\"}]},{\"@type\":\"WebSite\",\"@id\":\"https:\/\/www.preuniversitariocumbre.com\/ws\/#website\",\"url\":\"https:\/\/www.preuniversitariocumbre.com\/ws\/\",\"name\":\"Preuniversitario Cumbre\",\"description\":\"El Mejor Preu 100% Personalizado de Chile\",\"publisher\":{\"@id\":\"https:\/\/www.preuniversitariocumbre.com\/ws\/#organization\"},\"potentialAction\":[{\"@type\":\"SearchAction\",\"target\":{\"@type\":\"EntryPoint\",\"urlTemplate\":\"https:\/\/www.preuniversitariocumbre.com\/ws\/?s={search_term_string}\"},\"query-input\":{\"@type\":\"PropertyValueSpecification\",\"valueRequired\":true,\"valueName\":\"search_term_string\"}}],\"inLanguage\":\"es-CL\"},{\"@type\":\"Organization\",\"@id\":\"https:\/\/www.preuniversitariocumbre.com\/ws\/#organization\",\"name\":\"Preuniversitario Cumbre\",\"url\":\"https:\/\/www.preuniversitariocumbre.com\/ws\/\",\"logo\":{\"@type\":\"ImageObject\",\"inLanguage\":\"es-CL\",\"@id\":\"https:\/\/www.preuniversitariocumbre.com\/ws\/#\/schema\/logo\/image\/\",\"url\":\"https:\/\/www.preuniversitariocumbre.com\/ws\/wp-content\/uploads\/2017\/06\/Logo-new-web2.png\",\"contentUrl\":\"https:\/\/www.preuniversitariocumbre.com\/ws\/wp-content\/uploads\/2017\/06\/Logo-new-web2.png\",\"width\":545,\"height\":238,\"caption\":\"Preuniversitario Cumbre\"},\"image\":{\"@id\":\"https:\/\/www.preuniversitariocumbre.com\/ws\/#\/schema\/logo\/image\/\"},\"sameAs\":[\"https:\/\/www.facebook.com\/cumbre.preuniversitario\/\",\"https:\/\/x.com\/PSUCumbre\",\"https:\/\/www.instagram.com\/preucumbre\/\"]}]}<\/script>\n<!-- \/ Yoast SEO plugin. -->","yoast_head_json":{"title":"Introducci\u00f3n al C\u00e1lculo - Preuniversitario Cumbre","robots":{"index":"index","follow":"follow","max-snippet":"max-snippet:-1","max-image-preview":"max-image-preview:large","max-video-preview":"max-video-preview:-1"},"canonical":"https:\/\/www.preuniversitariocumbre.com\/ws\/introduccion-al-calculo-landing\/","og_locale":"es_ES","og_type":"article","og_title":"Introducci\u00f3n al C\u00e1lculo - Preuniversitario Cumbre","og_description":"Tras el \u00e9xito de la primera edici\u00f3n, vuelve el curso de Introducci\u00f3n al c\u00e1lculo a Cumbre. Este\u00a0curso tiene por objeto entregarte las competencias y habilidades necesarias para enfrentar tu primer a\u00f1o de universidad en forma \u00f3ptima, d\u00e1ndote\u00a0los contenidos m\u00ednimos de C\u00e1lculo I y II.","og_url":"https:\/\/www.preuniversitariocumbre.com\/ws\/introduccion-al-calculo-landing\/","og_site_name":"Preuniversitario Cumbre","article_publisher":"https:\/\/www.facebook.com\/cumbre.preuniversitario\/","og_image":[{"width":960,"height":300,"url":"https:\/\/www.preuniversitariocumbre.com\/ws\/wp-content\/uploads\/2016\/01\/Curso-Calculo-2da-Banner.jpg","type":"image\/jpeg"}],"twitter_card":"summary_large_image","twitter_site":"@PSUCumbre","twitter_misc":{"Tiempo estimado de lectura":"1 minuto"},"schema":{"@context":"https:\/\/schema.org","@graph":[{"@type":"WebPage","@id":"https:\/\/www.preuniversitariocumbre.com\/ws\/introduccion-al-calculo-landing\/","url":"https:\/\/www.preuniversitariocumbre.com\/ws\/introduccion-al-calculo-landing\/","name":"Introducci\u00f3n al C\u00e1lculo - Preuniversitario Cumbre","isPartOf":{"@id":"https:\/\/www.preuniversitariocumbre.com\/ws\/#website"},"primaryImageOfPage":{"@id":"https:\/\/www.preuniversitariocumbre.com\/ws\/introduccion-al-calculo-landing\/#primaryimage"},"image":{"@id":"https:\/\/www.preuniversitariocumbre.com\/ws\/introduccion-al-calculo-landing\/#primaryimage"},"thumbnailUrl":"http:\/\/www.preuniversitariocumbre.com\/ws\/wp-content\/uploads\/2016\/01\/Curso-Calculo-2da-Banner.jpg","datePublished":"2016-01-31T15:00:53+00:00","dateModified":"2016-01-31T15:00:53+00:00","breadcrumb":{"@id":"https:\/\/www.preuniversitariocumbre.com\/ws\/introduccion-al-calculo-landing\/#breadcrumb"},"inLanguage":"es-CL","potentialAction":[{"@type":"ReadAction","target":["https:\/\/www.preuniversitariocumbre.com\/ws\/introduccion-al-calculo-landing\/"]}]},{"@type":"ImageObject","inLanguage":"es-CL","@id":"https:\/\/www.preuniversitariocumbre.com\/ws\/introduccion-al-calculo-landing\/#primaryimage","url":"http:\/\/www.preuniversitariocumbre.com\/ws\/wp-content\/uploads\/2016\/01\/Curso-Calculo-2da-Banner.jpg","contentUrl":"http:\/\/www.preuniversitariocumbre.com\/ws\/wp-content\/uploads\/2016\/01\/Curso-Calculo-2da-Banner.jpg"},{"@type":"BreadcrumbList","@id":"https:\/\/www.preuniversitariocumbre.com\/ws\/introduccion-al-calculo-landing\/#breadcrumb","itemListElement":[{"@type":"ListItem","position":1,"name":"Home","item":"https:\/\/www.preuniversitariocumbre.com\/ws\/"},{"@type":"ListItem","position":2,"name":"Introducci\u00f3n al C\u00e1lculo"}]},{"@type":"WebSite","@id":"https:\/\/www.preuniversitariocumbre.com\/ws\/#website","url":"https:\/\/www.preuniversitariocumbre.com\/ws\/","name":"Preuniversitario Cumbre","description":"El Mejor Preu 100% Personalizado de Chile","publisher":{"@id":"https:\/\/www.preuniversitariocumbre.com\/ws\/#organization"},"potentialAction":[{"@type":"SearchAction","target":{"@type":"EntryPoint","urlTemplate":"https:\/\/www.preuniversitariocumbre.com\/ws\/?s={search_term_string}"},"query-input":{"@type":"PropertyValueSpecification","valueRequired":true,"valueName":"search_term_string"}}],"inLanguage":"es-CL"},{"@type":"Organization","@id":"https:\/\/www.preuniversitariocumbre.com\/ws\/#organization","name":"Preuniversitario Cumbre","url":"https:\/\/www.preuniversitariocumbre.com\/ws\/","logo":{"@type":"ImageObject","inLanguage":"es-CL","@id":"https:\/\/www.preuniversitariocumbre.com\/ws\/#\/schema\/logo\/image\/","url":"https:\/\/www.preuniversitariocumbre.com\/ws\/wp-content\/uploads\/2017\/06\/Logo-new-web2.png","contentUrl":"https:\/\/www.preuniversitariocumbre.com\/ws\/wp-content\/uploads\/2017\/06\/Logo-new-web2.png","width":545,"height":238,"caption":"Preuniversitario Cumbre"},"image":{"@id":"https:\/\/www.preuniversitariocumbre.com\/ws\/#\/schema\/logo\/image\/"},"sameAs":["https:\/\/www.facebook.com\/cumbre.preuniversitario\/","https:\/\/x.com\/PSUCumbre","https:\/\/www.instagram.com\/preucumbre\/"]}]}},"_links":{"self":[{"href":"https:\/\/www.preuniversitariocumbre.com\/ws\/wp-json\/wp\/v2\/pages\/596","targetHints":{"allow":["GET"]}}],"collection":[{"href":"https:\/\/www.preuniversitariocumbre.com\/ws\/wp-json\/wp\/v2\/pages"}],"about":[{"href":"https:\/\/www.preuniversitariocumbre.com\/ws\/wp-json\/wp\/v2\/types\/page"}],"author":[{"embeddable":true,"href":"https:\/\/www.preuniversitariocumbre.com\/ws\/wp-json\/wp\/v2\/users\/1"}],"replies":[{"embeddable":true,"href":"https:\/\/www.preuniversitariocumbre.com\/ws\/wp-json\/wp\/v2\/comments?post=596"}],"version-history":[{"count":2,"href":"https:\/\/www.preuniversitariocumbre.com\/ws\/wp-json\/wp\/v2\/pages\/596\/revisions"}],"predecessor-version":[{"id":598,"href":"https:\/\/www.preuniversitariocumbre.com\/ws\/wp-json\/wp\/v2\/pages\/596\/revisions\/598"}],"wp:attachment":[{"href":"https:\/\/www.preuniversitariocumbre.com\/ws\/wp-json\/wp\/v2\/media?parent=596"}],"curies":[{"name":"wp","href":"https:\/\/api.w.org\/{rel}","templated":true}]}}