{"id":623,"date":"2016-03-09T10:49:13","date_gmt":"2016-03-09T13:49:13","guid":{"rendered":"http:\/\/www.preuniversitariocumbre.com\/ws\/?page_id=623"},"modified":"2019-05-21T20:20:20","modified_gmt":"2019-05-21T23:20:20","slug":"plan-2do-y-3ro-medio","status":"publish","type":"page","link":"https:\/\/www.preuniversitariocumbre.com\/ws\/plan-2do-y-3ro-medio\/","title":{"rendered":"Plan 2do y 3ro Medio"},"content":{"rendered":"<p><img decoding=\"async\" class=\"aligncenter size-full wp-image-630\" src=\"http:\/\/www.preuniversitariocumbre.com\/ws\/wp-content\/uploads\/2016\/03\/Baner_plan_2do_3ro_medio.jpg\" alt=\"Baner_plan_2do_3ro_medio\" width=\"960\" height=\"300\" srcset=\"https:\/\/www.preuniversitariocumbre.com\/ws\/wp-content\/uploads\/2016\/03\/Baner_plan_2do_3ro_medio.jpg 960w, https:\/\/www.preuniversitariocumbre.com\/ws\/wp-content\/uploads\/2016\/03\/Baner_plan_2do_3ro_medio-600x188.jpg 600w, https:\/\/www.preuniversitariocumbre.com\/ws\/wp-content\/uploads\/2016\/03\/Baner_plan_2do_3ro_medio-483x151.jpg 483w\" sizes=\"(max-width: 960px) 100vw, 960px\" \/><\/p>\n<h2><span style=\"color: #082260;\">\u00bfPara qui\u00e9n es este plan?<\/span><\/h2>\n<p>El plan segundo y tercero medio\u00a0est\u00e1 destinado a crear h\u00e1bitos de estudio, potenciar habilidades, consolidar conocimientos y mejorar las notas del colegio, preparando el camino hacia la PSU.<\/p>\n<p><img decoding=\"async\" class=\"alignright wp-image-628 \" src=\"http:\/\/www.preuniversitariocumbre.com\/ws\/wp-content\/uploads\/2016\/03\/Plan-2do-y-3ro-medio-campan\u0303a.jpg\" alt=\"\" width=\"503\" height=\"503\" srcset=\"https:\/\/www.preuniversitariocumbre.com\/ws\/wp-content\/uploads\/2016\/03\/Plan-2do-y-3ro-medio-campan\u0303a.jpg 1000w, https:\/\/www.preuniversitariocumbre.com\/ws\/wp-content\/uploads\/2016\/03\/Plan-2do-y-3ro-medio-campan\u0303a-300x300.jpg 300w, https:\/\/www.preuniversitariocumbre.com\/ws\/wp-content\/uploads\/2016\/03\/Plan-2do-y-3ro-medio-campan\u0303a-100x100.jpg 100w, https:\/\/www.preuniversitariocumbre.com\/ws\/wp-content\/uploads\/2016\/03\/Plan-2do-y-3ro-medio-campan\u0303a-600x600.jpg 600w, https:\/\/www.preuniversitariocumbre.com\/ws\/wp-content\/uploads\/2016\/03\/Plan-2do-y-3ro-medio-campan\u0303a-150x150.jpg 150w, https:\/\/www.preuniversitariocumbre.com\/ws\/wp-content\/uploads\/2016\/03\/Plan-2do-y-3ro-medio-campan\u0303a-252x252.jpg 252w, https:\/\/www.preuniversitariocumbre.com\/ws\/wp-content\/uploads\/2016\/03\/Plan-2do-y-3ro-medio-campan\u0303a-73x73.jpg 73w, https:\/\/www.preuniversitariocumbre.com\/ws\/wp-content\/uploads\/2016\/03\/Plan-2do-y-3ro-medio-campan\u0303a-174x174.jpg 174w, https:\/\/www.preuniversitariocumbre.com\/ws\/wp-content\/uploads\/2016\/03\/Plan-2do-y-3ro-medio-campan\u0303a-250x250.jpg 250w\" sizes=\"(max-width: 503px) 100vw, 503px\" \/><\/p>\n<p><strong><span style=\"color: #082260;\">METODOLOG\u00cdA<\/span><\/strong><\/p>\n<p><span style=\"line-height: 1.5;\">Las clases inician en marzo y se dictan los todos los d\u00edas s\u00e1bados, de 9:00 a 12:00 horas, en las cuales se incluye entrega de material de calidad.<\/span><\/p>\n<p>Se realizan nueve\u00a0cert\u00e1menes por asignatura.<\/p>\n<p>&nbsp;<\/p>\n<p><strong><span style=\"color: #082260;\">\u00bfCUANDO Y C\u00d3MO ME INSCRIBO?<\/span><\/strong><\/p>\n<p>El plan tiene un costo de $50.000, inicia clases en el mes de marzo y la matr\u00edcula ya se encuentra abierta. Puedes inscribirte personalmente en nuestra sede (<a href=\"http:\/\/www.preuniversitariocumbre.com\/ws\/nuestra-ubicacion\/\">Ver ubicaci\u00f3n y horarios de atenci\u00f3n<\/a>), o tambi\u00e9n puedes llenar la siguiente\u00a0planilla y con gusto te contactaremos.<\/p>\n<h2><span style=\"color: #082260;\">Planilla de pre-inscripci\u00f3n<\/span><\/h2>\n[ninja_form id=1]\n","protected":false},"excerpt":{"rendered":"<p>\u00bfPara qui\u00e9n es este plan? El plan segundo y tercero medio\u00a0est\u00e1 destinado a crear h\u00e1bitos de estudio, potenciar habilidades, consolidar conocimientos y mejorar las notas del colegio, preparando el camino hacia la PSU. METODOLOG\u00cdA Las clases inician en marzo y se dictan los todos los d\u00edas s\u00e1bados, de 9:00 a 12:00 horas, en las cuales<a href=\"https:\/\/www.preuniversitariocumbre.com\/ws\/plan-2do-y-3ro-medio\/\">[&#8230;]<\/a><\/p>\n","protected":false},"author":1,"featured_media":0,"parent":0,"menu_order":0,"comment_status":"closed","ping_status":"closed","template":"","meta":{"_joinchat":[],"footnotes":""},"class_list":["post-623","page","type-page","status-publish","hentry"],"yoast_head":"<!-- This site is optimized with the Yoast SEO plugin v24.2 - https:\/\/yoast.com\/wordpress\/plugins\/seo\/ -->\n<title>Plan 2do y 3ro Medio - Preuniversitario Cumbre<\/title>\n<meta name=\"robots\" content=\"index, follow, max-snippet:-1, max-image-preview:large, max-video-preview:-1\" \/>\n<link rel=\"canonical\" href=\"https:\/\/www.preuniversitariocumbre.com\/ws\/plan-2do-y-3ro-medio\/\" \/>\n<meta property=\"og:locale\" content=\"es_ES\" \/>\n<meta property=\"og:type\" content=\"article\" \/>\n<meta property=\"og:title\" content=\"Plan 2do y 3ro Medio - Preuniversitario Cumbre\" \/>\n<meta property=\"og:description\" content=\"\u00bfPara qui\u00e9n es este plan? El plan segundo y tercero medio\u00a0est\u00e1 destinado a crear h\u00e1bitos de estudio, potenciar habilidades, consolidar conocimientos y mejorar las notas del colegio, preparando el camino hacia la PSU. METODOLOG\u00cdA Las clases inician en marzo y se dictan los todos los d\u00edas s\u00e1bados, de 9:00 a 12:00 horas, en las cuales[...]\" \/>\n<meta property=\"og:url\" content=\"https:\/\/www.preuniversitariocumbre.com\/ws\/plan-2do-y-3ro-medio\/\" \/>\n<meta property=\"og:site_name\" content=\"Preuniversitario Cumbre\" \/>\n<meta property=\"article:publisher\" content=\"https:\/\/www.facebook.com\/cumbre.preuniversitario\/\" \/>\n<meta property=\"article:modified_time\" content=\"2019-05-21T23:20:20+00:00\" \/>\n<meta property=\"og:image\" content=\"https:\/\/www.preuniversitariocumbre.com\/ws\/wp-content\/uploads\/2016\/03\/Baner_plan_2do_3ro_medio.jpg\" \/>\n\t<meta property=\"og:image:width\" content=\"960\" \/>\n\t<meta property=\"og:image:height\" content=\"300\" \/>\n\t<meta property=\"og:image:type\" content=\"image\/jpeg\" \/>\n<meta name=\"twitter:card\" content=\"summary_large_image\" \/>\n<meta name=\"twitter:site\" content=\"@PSUCumbre\" \/>\n<meta name=\"twitter:label1\" content=\"Tiempo estimado de lectura\" \/>\n\t<meta name=\"twitter:data1\" content=\"1 minuto\" \/>\n<script type=\"application\/ld+json\" class=\"yoast-schema-graph\">{\"@context\":\"https:\/\/schema.org\",\"@graph\":[{\"@type\":\"WebPage\",\"@id\":\"https:\/\/www.preuniversitariocumbre.com\/ws\/plan-2do-y-3ro-medio\/\",\"url\":\"https:\/\/www.preuniversitariocumbre.com\/ws\/plan-2do-y-3ro-medio\/\",\"name\":\"Plan 2do y 3ro Medio - Preuniversitario Cumbre\",\"isPartOf\":{\"@id\":\"https:\/\/www.preuniversitariocumbre.com\/ws\/#website\"},\"primaryImageOfPage\":{\"@id\":\"https:\/\/www.preuniversitariocumbre.com\/ws\/plan-2do-y-3ro-medio\/#primaryimage\"},\"image\":{\"@id\":\"https:\/\/www.preuniversitariocumbre.com\/ws\/plan-2do-y-3ro-medio\/#primaryimage\"},\"thumbnailUrl\":\"http:\/\/www.preuniversitariocumbre.com\/ws\/wp-content\/uploads\/2016\/03\/Baner_plan_2do_3ro_medio.jpg\",\"datePublished\":\"2016-03-09T13:49:13+00:00\",\"dateModified\":\"2019-05-21T23:20:20+00:00\",\"breadcrumb\":{\"@id\":\"https:\/\/www.preuniversitariocumbre.com\/ws\/plan-2do-y-3ro-medio\/#breadcrumb\"},\"inLanguage\":\"es-CL\",\"potentialAction\":[{\"@type\":\"ReadAction\",\"target\":[\"https:\/\/www.preuniversitariocumbre.com\/ws\/plan-2do-y-3ro-medio\/\"]}]},{\"@type\":\"ImageObject\",\"inLanguage\":\"es-CL\",\"@id\":\"https:\/\/www.preuniversitariocumbre.com\/ws\/plan-2do-y-3ro-medio\/#primaryimage\",\"url\":\"http:\/\/www.preuniversitariocumbre.com\/ws\/wp-content\/uploads\/2016\/03\/Baner_plan_2do_3ro_medio.jpg\",\"contentUrl\":\"http:\/\/www.preuniversitariocumbre.com\/ws\/wp-content\/uploads\/2016\/03\/Baner_plan_2do_3ro_medio.jpg\"},{\"@type\":\"BreadcrumbList\",\"@id\":\"https:\/\/www.preuniversitariocumbre.com\/ws\/plan-2do-y-3ro-medio\/#breadcrumb\",\"itemListElement\":[{\"@type\":\"ListItem\",\"position\":1,\"name\":\"Home\",\"item\":\"https:\/\/www.preuniversitariocumbre.com\/ws\/\"},{\"@type\":\"ListItem\",\"position\":2,\"name\":\"Plan 2do y 3ro Medio\"}]},{\"@type\":\"WebSite\",\"@id\":\"https:\/\/www.preuniversitariocumbre.com\/ws\/#website\",\"url\":\"https:\/\/www.preuniversitariocumbre.com\/ws\/\",\"name\":\"Preuniversitario Cumbre\",\"description\":\"El Mejor Preu 100% Personalizado de Chile\",\"publisher\":{\"@id\":\"https:\/\/www.preuniversitariocumbre.com\/ws\/#organization\"},\"potentialAction\":[{\"@type\":\"SearchAction\",\"target\":{\"@type\":\"EntryPoint\",\"urlTemplate\":\"https:\/\/www.preuniversitariocumbre.com\/ws\/?s={search_term_string}\"},\"query-input\":{\"@type\":\"PropertyValueSpecification\",\"valueRequired\":true,\"valueName\":\"search_term_string\"}}],\"inLanguage\":\"es-CL\"},{\"@type\":\"Organization\",\"@id\":\"https:\/\/www.preuniversitariocumbre.com\/ws\/#organization\",\"name\":\"Preuniversitario Cumbre\",\"url\":\"https:\/\/www.preuniversitariocumbre.com\/ws\/\",\"logo\":{\"@type\":\"ImageObject\",\"inLanguage\":\"es-CL\",\"@id\":\"https:\/\/www.preuniversitariocumbre.com\/ws\/#\/schema\/logo\/image\/\",\"url\":\"https:\/\/www.preuniversitariocumbre.com\/ws\/wp-content\/uploads\/2017\/06\/Logo-new-web2.png\",\"contentUrl\":\"https:\/\/www.preuniversitariocumbre.com\/ws\/wp-content\/uploads\/2017\/06\/Logo-new-web2.png\",\"width\":545,\"height\":238,\"caption\":\"Preuniversitario Cumbre\"},\"image\":{\"@id\":\"https:\/\/www.preuniversitariocumbre.com\/ws\/#\/schema\/logo\/image\/\"},\"sameAs\":[\"https:\/\/www.facebook.com\/cumbre.preuniversitario\/\",\"https:\/\/x.com\/PSUCumbre\",\"https:\/\/www.instagram.com\/preucumbre\/\"]}]}<\/script>\n<!-- \/ Yoast SEO plugin. -->","yoast_head_json":{"title":"Plan 2do y 3ro Medio - Preuniversitario Cumbre","robots":{"index":"index","follow":"follow","max-snippet":"max-snippet:-1","max-image-preview":"max-image-preview:large","max-video-preview":"max-video-preview:-1"},"canonical":"https:\/\/www.preuniversitariocumbre.com\/ws\/plan-2do-y-3ro-medio\/","og_locale":"es_ES","og_type":"article","og_title":"Plan 2do y 3ro Medio - Preuniversitario Cumbre","og_description":"\u00bfPara qui\u00e9n es este plan? El plan segundo y tercero medio\u00a0est\u00e1 destinado a crear h\u00e1bitos de estudio, potenciar habilidades, consolidar conocimientos y mejorar las notas del colegio, preparando el camino hacia la PSU. METODOLOG\u00cdA Las clases inician en marzo y se dictan los todos los d\u00edas s\u00e1bados, de 9:00 a 12:00 horas, en las cuales[...]","og_url":"https:\/\/www.preuniversitariocumbre.com\/ws\/plan-2do-y-3ro-medio\/","og_site_name":"Preuniversitario Cumbre","article_publisher":"https:\/\/www.facebook.com\/cumbre.preuniversitario\/","article_modified_time":"2019-05-21T23:20:20+00:00","og_image":[{"width":960,"height":300,"url":"https:\/\/www.preuniversitariocumbre.com\/ws\/wp-content\/uploads\/2016\/03\/Baner_plan_2do_3ro_medio.jpg","type":"image\/jpeg"}],"twitter_card":"summary_large_image","twitter_site":"@PSUCumbre","twitter_misc":{"Tiempo estimado de lectura":"1 minuto"},"schema":{"@context":"https:\/\/schema.org","@graph":[{"@type":"WebPage","@id":"https:\/\/www.preuniversitariocumbre.com\/ws\/plan-2do-y-3ro-medio\/","url":"https:\/\/www.preuniversitariocumbre.com\/ws\/plan-2do-y-3ro-medio\/","name":"Plan 2do y 3ro Medio - Preuniversitario Cumbre","isPartOf":{"@id":"https:\/\/www.preuniversitariocumbre.com\/ws\/#website"},"primaryImageOfPage":{"@id":"https:\/\/www.preuniversitariocumbre.com\/ws\/plan-2do-y-3ro-medio\/#primaryimage"},"image":{"@id":"https:\/\/www.preuniversitariocumbre.com\/ws\/plan-2do-y-3ro-medio\/#primaryimage"},"thumbnailUrl":"http:\/\/www.preuniversitariocumbre.com\/ws\/wp-content\/uploads\/2016\/03\/Baner_plan_2do_3ro_medio.jpg","datePublished":"2016-03-09T13:49:13+00:00","dateModified":"2019-05-21T23:20:20+00:00","breadcrumb":{"@id":"https:\/\/www.preuniversitariocumbre.com\/ws\/plan-2do-y-3ro-medio\/#breadcrumb"},"inLanguage":"es-CL","potentialAction":[{"@type":"ReadAction","target":["https:\/\/www.preuniversitariocumbre.com\/ws\/plan-2do-y-3ro-medio\/"]}]},{"@type":"ImageObject","inLanguage":"es-CL","@id":"https:\/\/www.preuniversitariocumbre.com\/ws\/plan-2do-y-3ro-medio\/#primaryimage","url":"http:\/\/www.preuniversitariocumbre.com\/ws\/wp-content\/uploads\/2016\/03\/Baner_plan_2do_3ro_medio.jpg","contentUrl":"http:\/\/www.preuniversitariocumbre.com\/ws\/wp-content\/uploads\/2016\/03\/Baner_plan_2do_3ro_medio.jpg"},{"@type":"BreadcrumbList","@id":"https:\/\/www.preuniversitariocumbre.com\/ws\/plan-2do-y-3ro-medio\/#breadcrumb","itemListElement":[{"@type":"ListItem","position":1,"name":"Home","item":"https:\/\/www.preuniversitariocumbre.com\/ws\/"},{"@type":"ListItem","position":2,"name":"Plan 2do y 3ro Medio"}]},{"@type":"WebSite","@id":"https:\/\/www.preuniversitariocumbre.com\/ws\/#website","url":"https:\/\/www.preuniversitariocumbre.com\/ws\/","name":"Preuniversitario Cumbre","description":"El Mejor Preu 100% Personalizado de Chile","publisher":{"@id":"https:\/\/www.preuniversitariocumbre.com\/ws\/#organization"},"potentialAction":[{"@type":"SearchAction","target":{"@type":"EntryPoint","urlTemplate":"https:\/\/www.preuniversitariocumbre.com\/ws\/?s={search_term_string}"},"query-input":{"@type":"PropertyValueSpecification","valueRequired":true,"valueName":"search_term_string"}}],"inLanguage":"es-CL"},{"@type":"Organization","@id":"https:\/\/www.preuniversitariocumbre.com\/ws\/#organization","name":"Preuniversitario Cumbre","url":"https:\/\/www.preuniversitariocumbre.com\/ws\/","logo":{"@type":"ImageObject","inLanguage":"es-CL","@id":"https:\/\/www.preuniversitariocumbre.com\/ws\/#\/schema\/logo\/image\/","url":"https:\/\/www.preuniversitariocumbre.com\/ws\/wp-content\/uploads\/2017\/06\/Logo-new-web2.png","contentUrl":"https:\/\/www.preuniversitariocumbre.com\/ws\/wp-content\/uploads\/2017\/06\/Logo-new-web2.png","width":545,"height":238,"caption":"Preuniversitario Cumbre"},"image":{"@id":"https:\/\/www.preuniversitariocumbre.com\/ws\/#\/schema\/logo\/image\/"},"sameAs":["https:\/\/www.facebook.com\/cumbre.preuniversitario\/","https:\/\/x.com\/PSUCumbre","https:\/\/www.instagram.com\/preucumbre\/"]}]}},"_links":{"self":[{"href":"https:\/\/www.preuniversitariocumbre.com\/ws\/wp-json\/wp\/v2\/pages\/623","targetHints":{"allow":["GET"]}}],"collection":[{"href":"https:\/\/www.preuniversitariocumbre.com\/ws\/wp-json\/wp\/v2\/pages"}],"about":[{"href":"https:\/\/www.preuniversitariocumbre.com\/ws\/wp-json\/wp\/v2\/types\/page"}],"author":[{"embeddable":true,"href":"https:\/\/www.preuniversitariocumbre.com\/ws\/wp-json\/wp\/v2\/users\/1"}],"replies":[{"embeddable":true,"href":"https:\/\/www.preuniversitariocumbre.com\/ws\/wp-json\/wp\/v2\/comments?post=623"}],"version-history":[{"count":6,"href":"https:\/\/www.preuniversitariocumbre.com\/ws\/wp-json\/wp\/v2\/pages\/623\/revisions"}],"predecessor-version":[{"id":632,"href":"https:\/\/www.preuniversitariocumbre.com\/ws\/wp-json\/wp\/v2\/pages\/623\/revisions\/632"}],"wp:attachment":[{"href":"https:\/\/www.preuniversitariocumbre.com\/ws\/wp-json\/wp\/v2\/media?parent=623"}],"curies":[{"name":"wp","href":"https:\/\/api.w.org\/{rel}","templated":true}]}}