{"id":685,"date":"2016-03-30T12:25:34","date_gmt":"2016-03-30T15:25:34","guid":{"rendered":"http:\/\/www.preuniversitariocumbre.com\/ws\/?page_id=685"},"modified":"2019-05-25T19:20:24","modified_gmt":"2019-05-25T22:20:24","slug":"examenes-libres","status":"publish","type":"page","link":"https:\/\/www.preuniversitariocumbre.com\/ws\/examenes-libres\/","title":{"rendered":"Ex\u00e1menes Libres &#8211; Homeschooling"},"content":{"rendered":"<p><img decoding=\"async\" class=\"aligncenter size-full wp-image-689\" src=\"http:\/\/www.preuniversitariocumbre.com\/ws\/wp-content\/uploads\/2016\/03\/Banner-Examentes-libres.jpg\" alt=\"Examentes libres\" width=\"960\" height=\"300\" srcset=\"https:\/\/www.preuniversitariocumbre.com\/ws\/wp-content\/uploads\/2016\/03\/Banner-Examentes-libres.jpg 960w, https:\/\/www.preuniversitariocumbre.com\/ws\/wp-content\/uploads\/2016\/03\/Banner-Examentes-libres-600x188.jpg 600w, https:\/\/www.preuniversitariocumbre.com\/ws\/wp-content\/uploads\/2016\/03\/Banner-Examentes-libres-483x151.jpg 483w\" sizes=\"(max-width: 960px) 100vw, 960px\" \/><\/p>\n<h2><strong><span style=\"color: #082260;\">\u00bfQU\u00c9 SON LOS EX\u00c1MENES LIBRES?<\/span><\/strong><\/h2>\n<p>Los ex\u00e1menes libres (tambi\u00e9n conocidos como Homeschooling) son una opci\u00f3n para cursar la ense\u00f1anza formal a trav\u00e9s del estudio personal de los alumnos, siendo una alternativa que otorga el Ministerio de Educaci\u00f3n para todos aquellos estudiantes que por cualquier raz\u00f3n no asisten a un colegio.\u00a0Por lo general, estas pruebas son en octubre, o a m\u00e1s tardar, la primera semana de noviembre.<\/p>\n<p><img decoding=\"async\" class=\"alignright wp-image-687 \" src=\"http:\/\/www.preuniversitariocumbre.com\/ws\/wp-content\/uploads\/2016\/03\/Examenes-Libre.jpg\" alt=\"Prepara tus ex\u00e1mentes libres en Cumbre\" width=\"504\" height=\"504\" srcset=\"https:\/\/www.preuniversitariocumbre.com\/ws\/wp-content\/uploads\/2016\/03\/Examenes-Libre.jpg 1000w, https:\/\/www.preuniversitariocumbre.com\/ws\/wp-content\/uploads\/2016\/03\/Examenes-Libre-300x300.jpg 300w, https:\/\/www.preuniversitariocumbre.com\/ws\/wp-content\/uploads\/2016\/03\/Examenes-Libre-100x100.jpg 100w, https:\/\/www.preuniversitariocumbre.com\/ws\/wp-content\/uploads\/2016\/03\/Examenes-Libre-600x600.jpg 600w, https:\/\/www.preuniversitariocumbre.com\/ws\/wp-content\/uploads\/2016\/03\/Examenes-Libre-150x150.jpg 150w, https:\/\/www.preuniversitariocumbre.com\/ws\/wp-content\/uploads\/2016\/03\/Examenes-Libre-252x252.jpg 252w, https:\/\/www.preuniversitariocumbre.com\/ws\/wp-content\/uploads\/2016\/03\/Examenes-Libre-73x73.jpg 73w, https:\/\/www.preuniversitariocumbre.com\/ws\/wp-content\/uploads\/2016\/03\/Examenes-Libre-174x174.jpg 174w, https:\/\/www.preuniversitariocumbre.com\/ws\/wp-content\/uploads\/2016\/03\/Examenes-Libre-250x250.jpg 250w\" sizes=\"(max-width: 504px) 100vw, 504px\" \/><\/p>\n<p><strong><span style=\"color: #082260;\">METODOLOG\u00cdA<\/span><\/strong><\/p>\n<p>En Cumbre te ofrecemos el servicio de preparaci\u00f3n de ex\u00e1menes libres a trav\u00e9s de clases particulares, con profesores abocados a ello, quienes realizan un diagn\u00f3stico de tus\u00a0conocimientos previos, para realizar una planificaci\u00f3n anual de los contenidos, con la finalidad de verlo todo antes de la rendici\u00f3n de tus\u00a0ex\u00e1menes.<\/p>\n<p>Puedes combinar esta modalidad con nuestros planes de preparaci\u00f3n\u00a0PSU, puesto que en ellos tambi\u00e9n se ve contenido que es evaluado en ex\u00e1menes libres y s\u00f3lo\u00a0tomar clases extra para el resto de las\u00a0asignaturas.<\/p>\n<p><strong><span style=\"color: #082260;\">\u00bfCU\u00c1NDO Y C\u00d3MO ME INSCRIBO?<\/span><\/strong><\/p>\n<p>La matr\u00edcula ya se encuentra abierta. Puedes inscribirte personalmente en cualquiera de nuestras sedes (<a href=\"http:\/\/www.preuniversitariocumbre.com\/ws\/nuestra-ubicacion\/\">Ver ubicaci\u00f3n y horarios de atenci\u00f3n<\/a>), o tambi\u00e9n puedes llenar la siguiente\u00a0planilla y con gusto te contactaremos.<\/p>\n<h2><span style=\"color: #082260;\">Planilla de pre-inscripci\u00f3n<\/span><\/h2>\n[ninja_form id=1]\n","protected":false},"excerpt":{"rendered":"<p>\u00bfQU\u00c9 SON LOS EX\u00c1MENES LIBRES? Los ex\u00e1menes libres (tambi\u00e9n conocidos como Homeschooling) son una opci\u00f3n para cursar la ense\u00f1anza formal a trav\u00e9s del estudio personal de los alumnos, siendo una alternativa que otorga el Ministerio de Educaci\u00f3n para todos aquellos estudiantes que por cualquier raz\u00f3n no asisten a un colegio.\u00a0Por lo general, estas pruebas son<a href=\"https:\/\/www.preuniversitariocumbre.com\/ws\/examenes-libres\/\">[&#8230;]<\/a><\/p>\n","protected":false},"author":1,"featured_media":953,"parent":0,"menu_order":0,"comment_status":"closed","ping_status":"closed","template":"template-fullwidth.php","meta":{"_joinchat":[],"footnotes":""},"class_list":["post-685","page","type-page","status-publish","has-post-thumbnail","hentry"],"yoast_head":"<!-- This site is optimized with the Yoast SEO plugin v24.2 - https:\/\/yoast.com\/wordpress\/plugins\/seo\/ -->\n<title>Ex\u00e1menes Libres - Homeschooling - Preuniversitario Cumbre<\/title>\n<meta name=\"description\" content=\"\u00a1No tienes que hacerlo solo! Prepara tus ex\u00e1menes libres con los mejores profesores, con horarios adaptados a ti y en el mejor ambiente de Pe\u00f1alol\u00e9n...\" \/>\n<meta name=\"robots\" content=\"index, follow, max-snippet:-1, max-image-preview:large, max-video-preview:-1\" \/>\n<link rel=\"canonical\" href=\"https:\/\/www.preuniversitariocumbre.com\/ws\/examenes-libres\/\" \/>\n<meta property=\"og:locale\" content=\"es_ES\" \/>\n<meta property=\"og:type\" content=\"article\" \/>\n<meta property=\"og:title\" content=\"Ex\u00e1menes Libres - Homeschooling - Preuniversitario Cumbre\" \/>\n<meta property=\"og:description\" content=\"\u00a1No tienes que hacerlo solo! Prepara tus ex\u00e1menes libres con los mejores profesores, con horarios adaptados a ti y en el mejor ambiente de Pe\u00f1alol\u00e9n...\" \/>\n<meta property=\"og:url\" content=\"https:\/\/www.preuniversitariocumbre.com\/ws\/examenes-libres\/\" \/>\n<meta property=\"og:site_name\" content=\"Preuniversitario Cumbre\" \/>\n<meta property=\"article:publisher\" content=\"https:\/\/www.facebook.com\/cumbre.preuniversitario\/\" \/>\n<meta property=\"article:modified_time\" content=\"2019-05-25T22:20:24+00:00\" \/>\n<meta property=\"og:image\" content=\"https:\/\/www.preuniversitariocumbre.com\/ws\/wp-content\/uploads\/2016\/03\/Examenes-Libres-Facebook1.jpg\" \/>\n\t<meta property=\"og:image:width\" content=\"900\" \/>\n\t<meta property=\"og:image:height\" content=\"470\" \/>\n\t<meta property=\"og:image:type\" content=\"image\/jpeg\" \/>\n<meta name=\"twitter:card\" content=\"summary_large_image\" \/>\n<meta name=\"twitter:site\" content=\"@PSUCumbre\" \/>\n<meta name=\"twitter:label1\" content=\"Tiempo estimado de lectura\" \/>\n\t<meta name=\"twitter:data1\" content=\"1 minuto\" \/>\n<script type=\"application\/ld+json\" class=\"yoast-schema-graph\">{\"@context\":\"https:\/\/schema.org\",\"@graph\":[{\"@type\":\"WebPage\",\"@id\":\"https:\/\/www.preuniversitariocumbre.com\/ws\/examenes-libres\/\",\"url\":\"https:\/\/www.preuniversitariocumbre.com\/ws\/examenes-libres\/\",\"name\":\"Ex\u00e1menes Libres - Homeschooling - Preuniversitario Cumbre\",\"isPartOf\":{\"@id\":\"https:\/\/www.preuniversitariocumbre.com\/ws\/#website\"},\"primaryImageOfPage\":{\"@id\":\"https:\/\/www.preuniversitariocumbre.com\/ws\/examenes-libres\/#primaryimage\"},\"image\":{\"@id\":\"https:\/\/www.preuniversitariocumbre.com\/ws\/examenes-libres\/#primaryimage\"},\"thumbnailUrl\":\"https:\/\/www.preuniversitariocumbre.com\/ws\/wp-content\/uploads\/2016\/03\/Examenes-Libres-Facebook1.jpg\",\"datePublished\":\"2016-03-30T15:25:34+00:00\",\"dateModified\":\"2019-05-25T22:20:24+00:00\",\"description\":\"\u00a1No tienes que hacerlo solo! Prepara tus ex\u00e1menes libres con los mejores profesores, con horarios adaptados a ti y en el mejor ambiente de Pe\u00f1alol\u00e9n...\",\"breadcrumb\":{\"@id\":\"https:\/\/www.preuniversitariocumbre.com\/ws\/examenes-libres\/#breadcrumb\"},\"inLanguage\":\"es-CL\",\"potentialAction\":[{\"@type\":\"ReadAction\",\"target\":[\"https:\/\/www.preuniversitariocumbre.com\/ws\/examenes-libres\/\"]}]},{\"@type\":\"ImageObject\",\"inLanguage\":\"es-CL\",\"@id\":\"https:\/\/www.preuniversitariocumbre.com\/ws\/examenes-libres\/#primaryimage\",\"url\":\"https:\/\/www.preuniversitariocumbre.com\/ws\/wp-content\/uploads\/2016\/03\/Examenes-Libres-Facebook1.jpg\",\"contentUrl\":\"https:\/\/www.preuniversitariocumbre.com\/ws\/wp-content\/uploads\/2016\/03\/Examenes-Libres-Facebook1.jpg\",\"width\":900,\"height\":470},{\"@type\":\"BreadcrumbList\",\"@id\":\"https:\/\/www.preuniversitariocumbre.com\/ws\/examenes-libres\/#breadcrumb\",\"itemListElement\":[{\"@type\":\"ListItem\",\"position\":1,\"name\":\"Home\",\"item\":\"https:\/\/www.preuniversitariocumbre.com\/ws\/\"},{\"@type\":\"ListItem\",\"position\":2,\"name\":\"Ex\u00e1menes Libres &#8211; Homeschooling\"}]},{\"@type\":\"WebSite\",\"@id\":\"https:\/\/www.preuniversitariocumbre.com\/ws\/#website\",\"url\":\"https:\/\/www.preuniversitariocumbre.com\/ws\/\",\"name\":\"Preuniversitario Cumbre\",\"description\":\"El Mejor Preu 100% Personalizado de Chile\",\"publisher\":{\"@id\":\"https:\/\/www.preuniversitariocumbre.com\/ws\/#organization\"},\"potentialAction\":[{\"@type\":\"SearchAction\",\"target\":{\"@type\":\"EntryPoint\",\"urlTemplate\":\"https:\/\/www.preuniversitariocumbre.com\/ws\/?s={search_term_string}\"},\"query-input\":{\"@type\":\"PropertyValueSpecification\",\"valueRequired\":true,\"valueName\":\"search_term_string\"}}],\"inLanguage\":\"es-CL\"},{\"@type\":\"Organization\",\"@id\":\"https:\/\/www.preuniversitariocumbre.com\/ws\/#organization\",\"name\":\"Preuniversitario Cumbre\",\"url\":\"https:\/\/www.preuniversitariocumbre.com\/ws\/\",\"logo\":{\"@type\":\"ImageObject\",\"inLanguage\":\"es-CL\",\"@id\":\"https:\/\/www.preuniversitariocumbre.com\/ws\/#\/schema\/logo\/image\/\",\"url\":\"https:\/\/www.preuniversitariocumbre.com\/ws\/wp-content\/uploads\/2017\/06\/Logo-new-web2.png\",\"contentUrl\":\"https:\/\/www.preuniversitariocumbre.com\/ws\/wp-content\/uploads\/2017\/06\/Logo-new-web2.png\",\"width\":545,\"height\":238,\"caption\":\"Preuniversitario Cumbre\"},\"image\":{\"@id\":\"https:\/\/www.preuniversitariocumbre.com\/ws\/#\/schema\/logo\/image\/\"},\"sameAs\":[\"https:\/\/www.facebook.com\/cumbre.preuniversitario\/\",\"https:\/\/x.com\/PSUCumbre\",\"https:\/\/www.instagram.com\/preucumbre\/\"]}]}<\/script>\n<!-- \/ Yoast SEO plugin. -->","yoast_head_json":{"title":"Ex\u00e1menes Libres - Homeschooling - Preuniversitario Cumbre","description":"\u00a1No tienes que hacerlo solo! Prepara tus ex\u00e1menes libres con los mejores profesores, con horarios adaptados a ti y en el mejor ambiente de Pe\u00f1alol\u00e9n...","robots":{"index":"index","follow":"follow","max-snippet":"max-snippet:-1","max-image-preview":"max-image-preview:large","max-video-preview":"max-video-preview:-1"},"canonical":"https:\/\/www.preuniversitariocumbre.com\/ws\/examenes-libres\/","og_locale":"es_ES","og_type":"article","og_title":"Ex\u00e1menes Libres - Homeschooling - Preuniversitario Cumbre","og_description":"\u00a1No tienes que hacerlo solo! Prepara tus ex\u00e1menes libres con los mejores profesores, con horarios adaptados a ti y en el mejor ambiente de Pe\u00f1alol\u00e9n...","og_url":"https:\/\/www.preuniversitariocumbre.com\/ws\/examenes-libres\/","og_site_name":"Preuniversitario Cumbre","article_publisher":"https:\/\/www.facebook.com\/cumbre.preuniversitario\/","article_modified_time":"2019-05-25T22:20:24+00:00","og_image":[{"width":900,"height":470,"url":"https:\/\/www.preuniversitariocumbre.com\/ws\/wp-content\/uploads\/2016\/03\/Examenes-Libres-Facebook1.jpg","type":"image\/jpeg"}],"twitter_card":"summary_large_image","twitter_site":"@PSUCumbre","twitter_misc":{"Tiempo estimado de lectura":"1 minuto"},"schema":{"@context":"https:\/\/schema.org","@graph":[{"@type":"WebPage","@id":"https:\/\/www.preuniversitariocumbre.com\/ws\/examenes-libres\/","url":"https:\/\/www.preuniversitariocumbre.com\/ws\/examenes-libres\/","name":"Ex\u00e1menes Libres - Homeschooling - Preuniversitario Cumbre","isPartOf":{"@id":"https:\/\/www.preuniversitariocumbre.com\/ws\/#website"},"primaryImageOfPage":{"@id":"https:\/\/www.preuniversitariocumbre.com\/ws\/examenes-libres\/#primaryimage"},"image":{"@id":"https:\/\/www.preuniversitariocumbre.com\/ws\/examenes-libres\/#primaryimage"},"thumbnailUrl":"https:\/\/www.preuniversitariocumbre.com\/ws\/wp-content\/uploads\/2016\/03\/Examenes-Libres-Facebook1.jpg","datePublished":"2016-03-30T15:25:34+00:00","dateModified":"2019-05-25T22:20:24+00:00","description":"\u00a1No tienes que hacerlo solo! Prepara tus ex\u00e1menes libres con los mejores profesores, con horarios adaptados a ti y en el mejor ambiente de Pe\u00f1alol\u00e9n...","breadcrumb":{"@id":"https:\/\/www.preuniversitariocumbre.com\/ws\/examenes-libres\/#breadcrumb"},"inLanguage":"es-CL","potentialAction":[{"@type":"ReadAction","target":["https:\/\/www.preuniversitariocumbre.com\/ws\/examenes-libres\/"]}]},{"@type":"ImageObject","inLanguage":"es-CL","@id":"https:\/\/www.preuniversitariocumbre.com\/ws\/examenes-libres\/#primaryimage","url":"https:\/\/www.preuniversitariocumbre.com\/ws\/wp-content\/uploads\/2016\/03\/Examenes-Libres-Facebook1.jpg","contentUrl":"https:\/\/www.preuniversitariocumbre.com\/ws\/wp-content\/uploads\/2016\/03\/Examenes-Libres-Facebook1.jpg","width":900,"height":470},{"@type":"BreadcrumbList","@id":"https:\/\/www.preuniversitariocumbre.com\/ws\/examenes-libres\/#breadcrumb","itemListElement":[{"@type":"ListItem","position":1,"name":"Home","item":"https:\/\/www.preuniversitariocumbre.com\/ws\/"},{"@type":"ListItem","position":2,"name":"Ex\u00e1menes Libres &#8211; Homeschooling"}]},{"@type":"WebSite","@id":"https:\/\/www.preuniversitariocumbre.com\/ws\/#website","url":"https:\/\/www.preuniversitariocumbre.com\/ws\/","name":"Preuniversitario Cumbre","description":"El Mejor Preu 100% Personalizado de Chile","publisher":{"@id":"https:\/\/www.preuniversitariocumbre.com\/ws\/#organization"},"potentialAction":[{"@type":"SearchAction","target":{"@type":"EntryPoint","urlTemplate":"https:\/\/www.preuniversitariocumbre.com\/ws\/?s={search_term_string}"},"query-input":{"@type":"PropertyValueSpecification","valueRequired":true,"valueName":"search_term_string"}}],"inLanguage":"es-CL"},{"@type":"Organization","@id":"https:\/\/www.preuniversitariocumbre.com\/ws\/#organization","name":"Preuniversitario Cumbre","url":"https:\/\/www.preuniversitariocumbre.com\/ws\/","logo":{"@type":"ImageObject","inLanguage":"es-CL","@id":"https:\/\/www.preuniversitariocumbre.com\/ws\/#\/schema\/logo\/image\/","url":"https:\/\/www.preuniversitariocumbre.com\/ws\/wp-content\/uploads\/2017\/06\/Logo-new-web2.png","contentUrl":"https:\/\/www.preuniversitariocumbre.com\/ws\/wp-content\/uploads\/2017\/06\/Logo-new-web2.png","width":545,"height":238,"caption":"Preuniversitario Cumbre"},"image":{"@id":"https:\/\/www.preuniversitariocumbre.com\/ws\/#\/schema\/logo\/image\/"},"sameAs":["https:\/\/www.facebook.com\/cumbre.preuniversitario\/","https:\/\/x.com\/PSUCumbre","https:\/\/www.instagram.com\/preucumbre\/"]}]}},"_links":{"self":[{"href":"https:\/\/www.preuniversitariocumbre.com\/ws\/wp-json\/wp\/v2\/pages\/685","targetHints":{"allow":["GET"]}}],"collection":[{"href":"https:\/\/www.preuniversitariocumbre.com\/ws\/wp-json\/wp\/v2\/pages"}],"about":[{"href":"https:\/\/www.preuniversitariocumbre.com\/ws\/wp-json\/wp\/v2\/types\/page"}],"author":[{"embeddable":true,"href":"https:\/\/www.preuniversitariocumbre.com\/ws\/wp-json\/wp\/v2\/users\/1"}],"replies":[{"embeddable":true,"href":"https:\/\/www.preuniversitariocumbre.com\/ws\/wp-json\/wp\/v2\/comments?post=685"}],"version-history":[{"count":8,"href":"https:\/\/www.preuniversitariocumbre.com\/ws\/wp-json\/wp\/v2\/pages\/685\/revisions"}],"predecessor-version":[{"id":2489,"href":"https:\/\/www.preuniversitariocumbre.com\/ws\/wp-json\/wp\/v2\/pages\/685\/revisions\/2489"}],"wp:featuredmedia":[{"embeddable":true,"href":"https:\/\/www.preuniversitariocumbre.com\/ws\/wp-json\/wp\/v2\/media\/953"}],"wp:attachment":[{"href":"https:\/\/www.preuniversitariocumbre.com\/ws\/wp-json\/wp\/v2\/media?parent=685"}],"curies":[{"name":"wp","href":"https:\/\/api.w.org\/{rel}","templated":true}]}}