{"id":707,"date":"2016-05-15T15:13:26","date_gmt":"2016-05-15T18:13:26","guid":{"rendered":"http:\/\/www.preuniversitariocumbre.com\/ws\/?page_id=707"},"modified":"2019-06-20T00:11:55","modified_gmt":"2019-06-20T03:11:55","slug":"plan-intensivo","status":"publish","type":"page","link":"https:\/\/www.preuniversitariocumbre.com\/ws\/plan-intensivo\/","title":{"rendered":"Plan Intensivo"},"content":{"rendered":"\t\t<div data-elementor-type=\"wp-post\" data-elementor-id=\"707\" class=\"elementor elementor-707\">\n\t\t\t\t\t\t<div class=\"elementor-inner\">\n\t\t\t\t<div class=\"elementor-section-wrap\">\n\t\t\t\t\t\t\t\t\t<section class=\"elementor-section elementor-top-section elementor-element elementor-element-6ccc7b67 elementor-section-boxed elementor-section-height-default elementor-section-height-default\" data-id=\"6ccc7b67\" data-element_type=\"section\">\n\t\t\t\t\t\t<div class=\"elementor-container elementor-column-gap-default\">\n\t\t\t\t\t\t\t<div class=\"elementor-row\">\n\t\t\t\t\t<div class=\"elementor-column elementor-col-100 elementor-top-column elementor-element elementor-element-6cc6ad58\" data-id=\"6cc6ad58\" data-element_type=\"column\">\n\t\t\t<div class=\"elementor-column-wrap elementor-element-populated\">\n\t\t\t\t\t\t\t<div class=\"elementor-widget-wrap\">\n\t\t\t\t\t\t<div class=\"elementor-element elementor-element-6aac4ef elementor-widget elementor-widget-text-editor\" data-id=\"6aac4ef\" data-element_type=\"widget\" data-widget_type=\"text-editor.default\">\n\t\t\t\t<div class=\"elementor-widget-container\">\n\t\t\t\t\t\t\t\t<div class=\"elementor-text-editor elementor-clearfix\">\n\t\t\t\t<p><iframe src=\"https:\/\/www.youtube.com\/embed\/Nlog0LPDJF8?rel=0&amp;controls=0&amp;showinfo=0&amp;autoplay=1&amp;loop=1\" width=\"800\" height=\"450\" frameborder=\"0\" allowfullscreen=\"allowfullscreen\"><\/iframe><\/p><h2 style=\"text-align: left;\"><span style=\"color: #082260;\">\u00bfPARA QUI\u00c9N ES ESTE PLAN?<\/span><\/h2><p style=\"text-align: left;\">Nuestro\u00a0Plan PSU Intensivo est\u00e1\u00a0dise\u00f1ado especialmente para alumnos que buscan estudiar y reforzar los contenidos de una forma acotada y comprimida<\/p><p>Se realizan cinco ensayos por \u00e1rea, cuyos resultados son entregados en un informe que detalla los porcentajes de logro por eje de la PSU.<\/p><p>Se incluye entrega de material impreso en forma de libros para todas las asignaturas contratadas. Semanalmente, la asistencia y los resultados del estudiante son comunicados v\u00eda e-mail a los apoderados y a trav\u00e9s del servicio de intranet \u201cPortal del alumno\u201d, sistema en continua actualizaci\u00f3n de informaci\u00f3n.<\/p><p style=\"text-align: left;\"><strong><span style=\"color: #082260;\">\u00bfCU\u00c1NDO Y C\u00d3MO ME INSCRIBO?<\/span><\/strong><\/p><p style=\"text-align: left;\">La matr\u00edcula ya se encuentra abierta. Puedes inscribirte personalmente en cualquiera de nuestras sedes (<a href=\"http:\/\/www.preuniversitariocumbre.com\/ws\/nuestra-ubicacion\/\">Ver ubicaci\u00f3n y horarios de atenci\u00f3n<\/a>), o tambi\u00e9n puedes llenar la siguiente\u00a0planilla y con gusto te contactaremos.<\/p><h2 style=\"text-align: left;\"><span style=\"color: #082260;\">PLANILLA DE PRE-INSCRIPCI\u00d3N<\/span><\/h2><p style=\"text-align: left;\">[ninja_form id=1]\t\t\t\t\t<\/div>\n\t\t\t\t\t\t<\/div>\n\t\t\t\t<\/div>\n\t\t\t\t\t\t<\/div>\n\t\t\t\t\t<\/div>\n\t\t<\/div>\n\t\t\t\t\t\t\t\t<\/div>\n\t\t\t\t\t<\/div>\n\t\t<\/section>\n\t\t\t\t\t\t\t\t\t<\/div>\n\t\t\t<\/div>\n\t\t\t\t\t<\/div>\n\t\t","protected":false},"excerpt":{"rendered":"<p>\u00bfPARA QUI\u00c9N ES ESTE PLAN? Nuestro\u00a0Plan PSU Intensivo est\u00e1\u00a0dise\u00f1ado especialmente para alumnos que buscan estudiar y reforzar los contenidos de una forma acotada y comprimida Se realizan cinco ensayos por \u00e1rea, cuyos resultados son entregados en un informe que detalla los porcentajes de logro por eje de la PSU. Se incluye entrega de material impreso<a href=\"https:\/\/www.preuniversitariocumbre.com\/ws\/plan-intensivo\/\">[&#8230;]<\/a><\/p>\n","protected":false},"author":1,"featured_media":1691,"parent":0,"menu_order":0,"comment_status":"closed","ping_status":"closed","template":"template-fullwidth.php","meta":{"_joinchat":[],"footnotes":""},"class_list":["post-707","page","type-page","status-publish","has-post-thumbnail","hentry"],"yoast_head":"<!-- This site is optimized with the Yoast SEO plugin v24.2 - https:\/\/yoast.com\/wordpress\/plugins\/seo\/ -->\n<title>Plan PSU Intensivo - Preuniversitario Cumbre - El Preu de Pe\u00f1alol\u00e9n<\/title>\n<meta name=\"description\" content=\"A\u00fan tienes tiempo de prepararte para la PSU. Nuestro Plan intensivo te da todas las herramientas para superar la prueba con el mejor puntaje.\" \/>\n<meta name=\"robots\" content=\"index, follow, max-snippet:-1, max-image-preview:large, max-video-preview:-1\" \/>\n<link rel=\"canonical\" href=\"https:\/\/www.preuniversitariocumbre.com\/ws\/plan-intensivo\/\" \/>\n<meta property=\"og:locale\" content=\"es_ES\" \/>\n<meta property=\"og:type\" content=\"article\" \/>\n<meta property=\"og:title\" content=\"Plan PSU Intensivo - Preuniversitario Cumbre - El Preu de Pe\u00f1alol\u00e9n\" \/>\n<meta property=\"og:description\" content=\"A\u00fan tienes tiempo de prepararte para la PSU. Nuestro Plan intensivo te da todas las herramientas para superar la prueba con el mejor puntaje.\" \/>\n<meta property=\"og:url\" content=\"https:\/\/www.preuniversitariocumbre.com\/ws\/plan-intensivo\/\" \/>\n<meta property=\"og:site_name\" content=\"Preuniversitario Cumbre\" \/>\n<meta property=\"article:publisher\" content=\"https:\/\/www.facebook.com\/cumbre.preuniversitario\/\" \/>\n<meta property=\"article:modified_time\" content=\"2019-06-20T03:11:55+00:00\" \/>\n<meta property=\"og:image\" content=\"https:\/\/www.preuniversitariocumbre.com\/ws\/wp-content\/uploads\/2017\/08\/Descuentos-Javi-banner.jpg\" \/>\n\t<meta property=\"og:image:width\" content=\"1500\" \/>\n\t<meta property=\"og:image:height\" content=\"783\" \/>\n\t<meta property=\"og:image:type\" content=\"image\/jpeg\" \/>\n<meta name=\"twitter:card\" content=\"summary_large_image\" \/>\n<meta name=\"twitter:site\" content=\"@PSUCumbre\" \/>\n<meta name=\"twitter:label1\" content=\"Tiempo estimado de lectura\" \/>\n\t<meta name=\"twitter:data1\" content=\"1 minuto\" \/>\n<script type=\"application\/ld+json\" class=\"yoast-schema-graph\">{\"@context\":\"https:\/\/schema.org\",\"@graph\":[{\"@type\":\"WebPage\",\"@id\":\"https:\/\/www.preuniversitariocumbre.com\/ws\/plan-intensivo\/\",\"url\":\"https:\/\/www.preuniversitariocumbre.com\/ws\/plan-intensivo\/\",\"name\":\"Plan PSU Intensivo - Preuniversitario Cumbre - El Preu de Pe\u00f1alol\u00e9n\",\"isPartOf\":{\"@id\":\"https:\/\/www.preuniversitariocumbre.com\/ws\/#website\"},\"primaryImageOfPage\":{\"@id\":\"https:\/\/www.preuniversitariocumbre.com\/ws\/plan-intensivo\/#primaryimage\"},\"image\":{\"@id\":\"https:\/\/www.preuniversitariocumbre.com\/ws\/plan-intensivo\/#primaryimage\"},\"thumbnailUrl\":\"https:\/\/www.preuniversitariocumbre.com\/ws\/wp-content\/uploads\/2017\/08\/Descuentos-Javi-banner-scaled.jpg\",\"datePublished\":\"2016-05-15T18:13:26+00:00\",\"dateModified\":\"2019-06-20T03:11:55+00:00\",\"description\":\"A\u00fan tienes tiempo de prepararte para la PSU. Nuestro Plan intensivo te da todas las herramientas para superar la prueba con el mejor puntaje.\",\"breadcrumb\":{\"@id\":\"https:\/\/www.preuniversitariocumbre.com\/ws\/plan-intensivo\/#breadcrumb\"},\"inLanguage\":\"es-CL\",\"potentialAction\":[{\"@type\":\"ReadAction\",\"target\":[\"https:\/\/www.preuniversitariocumbre.com\/ws\/plan-intensivo\/\"]}]},{\"@type\":\"ImageObject\",\"inLanguage\":\"es-CL\",\"@id\":\"https:\/\/www.preuniversitariocumbre.com\/ws\/plan-intensivo\/#primaryimage\",\"url\":\"https:\/\/www.preuniversitariocumbre.com\/ws\/wp-content\/uploads\/2017\/08\/Descuentos-Javi-banner-scaled.jpg\",\"contentUrl\":\"https:\/\/www.preuniversitariocumbre.com\/ws\/wp-content\/uploads\/2017\/08\/Descuentos-Javi-banner-scaled.jpg\",\"width\":1080,\"height\":564},{\"@type\":\"BreadcrumbList\",\"@id\":\"https:\/\/www.preuniversitariocumbre.com\/ws\/plan-intensivo\/#breadcrumb\",\"itemListElement\":[{\"@type\":\"ListItem\",\"position\":1,\"name\":\"Home\",\"item\":\"https:\/\/www.preuniversitariocumbre.com\/ws\/\"},{\"@type\":\"ListItem\",\"position\":2,\"name\":\"Plan Intensivo\"}]},{\"@type\":\"WebSite\",\"@id\":\"https:\/\/www.preuniversitariocumbre.com\/ws\/#website\",\"url\":\"https:\/\/www.preuniversitariocumbre.com\/ws\/\",\"name\":\"Preuniversitario Cumbre\",\"description\":\"El Mejor Preu 100% Personalizado de Chile\",\"publisher\":{\"@id\":\"https:\/\/www.preuniversitariocumbre.com\/ws\/#organization\"},\"potentialAction\":[{\"@type\":\"SearchAction\",\"target\":{\"@type\":\"EntryPoint\",\"urlTemplate\":\"https:\/\/www.preuniversitariocumbre.com\/ws\/?s={search_term_string}\"},\"query-input\":{\"@type\":\"PropertyValueSpecification\",\"valueRequired\":true,\"valueName\":\"search_term_string\"}}],\"inLanguage\":\"es-CL\"},{\"@type\":\"Organization\",\"@id\":\"https:\/\/www.preuniversitariocumbre.com\/ws\/#organization\",\"name\":\"Preuniversitario Cumbre\",\"url\":\"https:\/\/www.preuniversitariocumbre.com\/ws\/\",\"logo\":{\"@type\":\"ImageObject\",\"inLanguage\":\"es-CL\",\"@id\":\"https:\/\/www.preuniversitariocumbre.com\/ws\/#\/schema\/logo\/image\/\",\"url\":\"https:\/\/www.preuniversitariocumbre.com\/ws\/wp-content\/uploads\/2017\/06\/Logo-new-web2.png\",\"contentUrl\":\"https:\/\/www.preuniversitariocumbre.com\/ws\/wp-content\/uploads\/2017\/06\/Logo-new-web2.png\",\"width\":545,\"height\":238,\"caption\":\"Preuniversitario Cumbre\"},\"image\":{\"@id\":\"https:\/\/www.preuniversitariocumbre.com\/ws\/#\/schema\/logo\/image\/\"},\"sameAs\":[\"https:\/\/www.facebook.com\/cumbre.preuniversitario\/\",\"https:\/\/x.com\/PSUCumbre\",\"https:\/\/www.instagram.com\/preucumbre\/\"]}]}<\/script>\n<!-- \/ Yoast SEO plugin. -->","yoast_head_json":{"title":"Plan PSU Intensivo - Preuniversitario Cumbre - El Preu de Pe\u00f1alol\u00e9n","description":"A\u00fan tienes tiempo de prepararte para la PSU. Nuestro Plan intensivo te da todas las herramientas para superar la prueba con el mejor puntaje.","robots":{"index":"index","follow":"follow","max-snippet":"max-snippet:-1","max-image-preview":"max-image-preview:large","max-video-preview":"max-video-preview:-1"},"canonical":"https:\/\/www.preuniversitariocumbre.com\/ws\/plan-intensivo\/","og_locale":"es_ES","og_type":"article","og_title":"Plan PSU Intensivo - Preuniversitario Cumbre - El Preu de Pe\u00f1alol\u00e9n","og_description":"A\u00fan tienes tiempo de prepararte para la PSU. Nuestro Plan intensivo te da todas las herramientas para superar la prueba con el mejor puntaje.","og_url":"https:\/\/www.preuniversitariocumbre.com\/ws\/plan-intensivo\/","og_site_name":"Preuniversitario Cumbre","article_publisher":"https:\/\/www.facebook.com\/cumbre.preuniversitario\/","article_modified_time":"2019-06-20T03:11:55+00:00","og_image":[{"width":1500,"height":783,"url":"https:\/\/www.preuniversitariocumbre.com\/ws\/wp-content\/uploads\/2017\/08\/Descuentos-Javi-banner.jpg","type":"image\/jpeg"}],"twitter_card":"summary_large_image","twitter_site":"@PSUCumbre","twitter_misc":{"Tiempo estimado de lectura":"1 minuto"},"schema":{"@context":"https:\/\/schema.org","@graph":[{"@type":"WebPage","@id":"https:\/\/www.preuniversitariocumbre.com\/ws\/plan-intensivo\/","url":"https:\/\/www.preuniversitariocumbre.com\/ws\/plan-intensivo\/","name":"Plan PSU Intensivo - Preuniversitario Cumbre - El Preu de Pe\u00f1alol\u00e9n","isPartOf":{"@id":"https:\/\/www.preuniversitariocumbre.com\/ws\/#website"},"primaryImageOfPage":{"@id":"https:\/\/www.preuniversitariocumbre.com\/ws\/plan-intensivo\/#primaryimage"},"image":{"@id":"https:\/\/www.preuniversitariocumbre.com\/ws\/plan-intensivo\/#primaryimage"},"thumbnailUrl":"https:\/\/www.preuniversitariocumbre.com\/ws\/wp-content\/uploads\/2017\/08\/Descuentos-Javi-banner-scaled.jpg","datePublished":"2016-05-15T18:13:26+00:00","dateModified":"2019-06-20T03:11:55+00:00","description":"A\u00fan tienes tiempo de prepararte para la PSU. Nuestro Plan intensivo te da todas las herramientas para superar la prueba con el mejor puntaje.","breadcrumb":{"@id":"https:\/\/www.preuniversitariocumbre.com\/ws\/plan-intensivo\/#breadcrumb"},"inLanguage":"es-CL","potentialAction":[{"@type":"ReadAction","target":["https:\/\/www.preuniversitariocumbre.com\/ws\/plan-intensivo\/"]}]},{"@type":"ImageObject","inLanguage":"es-CL","@id":"https:\/\/www.preuniversitariocumbre.com\/ws\/plan-intensivo\/#primaryimage","url":"https:\/\/www.preuniversitariocumbre.com\/ws\/wp-content\/uploads\/2017\/08\/Descuentos-Javi-banner-scaled.jpg","contentUrl":"https:\/\/www.preuniversitariocumbre.com\/ws\/wp-content\/uploads\/2017\/08\/Descuentos-Javi-banner-scaled.jpg","width":1080,"height":564},{"@type":"BreadcrumbList","@id":"https:\/\/www.preuniversitariocumbre.com\/ws\/plan-intensivo\/#breadcrumb","itemListElement":[{"@type":"ListItem","position":1,"name":"Home","item":"https:\/\/www.preuniversitariocumbre.com\/ws\/"},{"@type":"ListItem","position":2,"name":"Plan Intensivo"}]},{"@type":"WebSite","@id":"https:\/\/www.preuniversitariocumbre.com\/ws\/#website","url":"https:\/\/www.preuniversitariocumbre.com\/ws\/","name":"Preuniversitario Cumbre","description":"El Mejor Preu 100% Personalizado de Chile","publisher":{"@id":"https:\/\/www.preuniversitariocumbre.com\/ws\/#organization"},"potentialAction":[{"@type":"SearchAction","target":{"@type":"EntryPoint","urlTemplate":"https:\/\/www.preuniversitariocumbre.com\/ws\/?s={search_term_string}"},"query-input":{"@type":"PropertyValueSpecification","valueRequired":true,"valueName":"search_term_string"}}],"inLanguage":"es-CL"},{"@type":"Organization","@id":"https:\/\/www.preuniversitariocumbre.com\/ws\/#organization","name":"Preuniversitario Cumbre","url":"https:\/\/www.preuniversitariocumbre.com\/ws\/","logo":{"@type":"ImageObject","inLanguage":"es-CL","@id":"https:\/\/www.preuniversitariocumbre.com\/ws\/#\/schema\/logo\/image\/","url":"https:\/\/www.preuniversitariocumbre.com\/ws\/wp-content\/uploads\/2017\/06\/Logo-new-web2.png","contentUrl":"https:\/\/www.preuniversitariocumbre.com\/ws\/wp-content\/uploads\/2017\/06\/Logo-new-web2.png","width":545,"height":238,"caption":"Preuniversitario Cumbre"},"image":{"@id":"https:\/\/www.preuniversitariocumbre.com\/ws\/#\/schema\/logo\/image\/"},"sameAs":["https:\/\/www.facebook.com\/cumbre.preuniversitario\/","https:\/\/x.com\/PSUCumbre","https:\/\/www.instagram.com\/preucumbre\/"]}]}},"_links":{"self":[{"href":"https:\/\/www.preuniversitariocumbre.com\/ws\/wp-json\/wp\/v2\/pages\/707","targetHints":{"allow":["GET"]}}],"collection":[{"href":"https:\/\/www.preuniversitariocumbre.com\/ws\/wp-json\/wp\/v2\/pages"}],"about":[{"href":"https:\/\/www.preuniversitariocumbre.com\/ws\/wp-json\/wp\/v2\/types\/page"}],"author":[{"embeddable":true,"href":"https:\/\/www.preuniversitariocumbre.com\/ws\/wp-json\/wp\/v2\/users\/1"}],"replies":[{"embeddable":true,"href":"https:\/\/www.preuniversitariocumbre.com\/ws\/wp-json\/wp\/v2\/comments?post=707"}],"version-history":[{"count":42,"href":"https:\/\/www.preuniversitariocumbre.com\/ws\/wp-json\/wp\/v2\/pages\/707\/revisions"}],"predecessor-version":[{"id":2571,"href":"https:\/\/www.preuniversitariocumbre.com\/ws\/wp-json\/wp\/v2\/pages\/707\/revisions\/2571"}],"wp:featuredmedia":[{"embeddable":true,"href":"https:\/\/www.preuniversitariocumbre.com\/ws\/wp-json\/wp\/v2\/media\/1691"}],"wp:attachment":[{"href":"https:\/\/www.preuniversitariocumbre.com\/ws\/wp-json\/wp\/v2\/media?parent=707"}],"curies":[{"name":"wp","href":"https:\/\/api.w.org\/{rel}","templated":true}]}}