{"id":722,"date":"2016-05-06T15:17:08","date_gmt":"2016-05-06T18:17:08","guid":{"rendered":"http:\/\/www.preuniversitariocumbre.com\/ws\/?page_id=722"},"modified":"2019-05-21T20:01:17","modified_gmt":"2019-05-21T23:01:17","slug":"metodologia","status":"publish","type":"page","link":"https:\/\/www.preuniversitariocumbre.com\/ws\/metodologia\/","title":{"rendered":"Metodolog\u00eda"},"content":{"rendered":"<h2><span style=\"color: #000080;\">Ya puedes matricularte para preparar la PSU 2019 con los mejores de Pe\u00f1alol\u00e9n<\/span><\/h2>\n<p>\nNuestro proceso de admisi\u00f3n 2019 comenz\u00f3 y venimos m\u00e1s fuertes que nunca<br \/>\n<br \/>\n<span style=\"color: #000080;\"><strong>\u00bfPOR QU\u00c9 ESTUDIAR EN CUMBRE?<\/strong><\/span><\/p>\n<p>La preparaci\u00f3n completa en cada una de las asignaturas, con profesores calificados y ensayos constantes en condiciones reales son la clave para vencer en la PSU, lograr el puntaje que necesitas y entrar a la universidad que deseas.<\/p>\n<p>Nuestros planes de estudio est\u00e1n dise\u00f1ados para adaptarse a tus necesidades particulares, detectar tus debilidades y ayudarte a superarlas.<\/p>\n<p><strong><span style=\"color: #082260;\"><span style=\"color: #000080;\">GRUPOS ACOTADOS<\/span><a href=\"http:\/\/www.preuniversitariocumbre.com\/ws\/wp-content\/uploads\/2016\/05\/Clases-de-10-metodologia-e1545163497915.jpg\"><img decoding=\"async\" class=\"size-medium wp-image-731 alignright\" src=\"http:\/\/www.preuniversitariocumbre.com\/ws\/wp-content\/uploads\/2016\/05\/Clases-de-10-metodologia-e1545163497915-315x252.jpg\" alt=\"\" width=\"315\" height=\"252\" srcset=\"https:\/\/www.preuniversitariocumbre.com\/ws\/wp-content\/uploads\/2016\/05\/Clases-de-10-metodologia-e1545163497915-315x252.jpg 315w, https:\/\/www.preuniversitariocumbre.com\/ws\/wp-content\/uploads\/2016\/05\/Clases-de-10-metodologia-e1545163497915-600x480.jpg 600w, https:\/\/www.preuniversitariocumbre.com\/ws\/wp-content\/uploads\/2016\/05\/Clases-de-10-metodologia-e1545163497915-768x614.jpg 768w, https:\/\/www.preuniversitariocumbre.com\/ws\/wp-content\/uploads\/2016\/05\/Clases-de-10-metodologia-e1545163497915.jpg 800w\" sizes=\"(max-width: 315px) 100vw, 315px\" \/><\/a><\/span><\/strong><\/p>\n<p>Formamos grupos de 10 estudiantes, con la cantidad adecuada de horas por asignatura, para seguir de cerca el aprendizaje individual de cada uno de ellos. As\u00ed, detectamos a tiempo las\u00a0debilidades y los ayudamos a superarlas.<\/p>\n<p><span style=\"color: #000080;\"><strong>JORNADAS<\/strong><\/span><\/p>\n<p>Dise\u00f1ados para ayudarte a\u00a0mejorar tus habilidades y\/o competencias m\u00e1s disminuidas. Las clases pr\u00e1cticas se imparten los d\u00edas s\u00e1bados y permiten detectar y resolver a tiempo los problemas que afecten tu rendimiento en la PSU.<\/p>\n<p><span style=\"color: #000080;\"><b>ENSAYOS MENSUALES DE PSU<\/b><\/span><\/p>\n<p>Te permiten crear el h\u00e1bito de rendir pruebas bajo condiciones reales. Te entregamos un an\u00e1lisis de resultados con porcentaje de logro y estrategias para superar las dificultades.<\/p>\n<p><span style=\"color: #000080;\"><strong>APOYO PERSONALIZADO<\/strong><\/span><\/p>\n<p>Conforme al resultado de los ensayos, nuestra coordinaci\u00f3n acad\u00e9mica te recomendar\u00e1 tomar determinadas clases particulares, para reforzar las \u00e1reas m\u00e1s d\u00e9biles.<\/p>\n<p><strong><span style=\"color: #000080;\">PROFESORES CALIFICADOS<\/span><br \/>\n<\/strong><\/p>\n<p>Contamos con profesores de amplia y comprobada experiencia para cada una de las asignaturas, garantizando una preparaci\u00f3n de calidad, dise\u00f1ada para ayudarte a comprender y dominar todos los contenidos de la PSU.<\/p>\n<p><span style=\"color: #000080;\"><strong>COACHING<\/strong><\/span><\/p>\n<p>Realizamos sesiones de coaching grupales todos los meses para ayudarte a organizar y manejar mejor tu tiempo, apoyarte\u00a0en la gesti\u00f3n de tus emociones, en el mejoramiento de tu nivel acad\u00e9mico y en el adelanto de tus destrezas sociales. Adem\u00e1s, realizamos sesiones para guiarte en la elecci\u00f3n de la carrera que m\u00e1s se ajuste a tu vocaci\u00f3n y organizamos talleres de relajaci\u00f3n para manejar el estr\u00e9s y los nervios previos a la prueba.<\/p>\n<p><span style=\"color: #000080;\"><strong>INFORMES EN LINEA<\/strong><\/span><\/p>\n<p>Tanto t\u00fa como tus apoderados tienen acceso las 24 horas del d\u00eda al informe de resultados de los ensayos, la asistencia a clases y cada una de las actividades programadas a trav\u00e9s de nuestro <a href=\"http:\/\/portal.preuniversitariocumbre.com\">Portal Alumno<\/a>.<\/p>\n","protected":false},"excerpt":{"rendered":"<p>Ya puedes matricularte para preparar la PSU 2019 con los mejores de Pe\u00f1alol\u00e9n Nuestro proceso de admisi\u00f3n 2019 comenz\u00f3 y venimos m\u00e1s fuertes que nunca \u00bfPOR QU\u00c9 ESTUDIAR EN CUMBRE? La preparaci\u00f3n completa en cada una de las asignaturas, con profesores calificados y ensayos constantes en condiciones reales son la clave para vencer en la<a href=\"https:\/\/www.preuniversitariocumbre.com\/ws\/metodologia\/\">[&#8230;]<\/a><\/p>\n","protected":false},"author":1,"featured_media":0,"parent":0,"menu_order":0,"comment_status":"closed","ping_status":"closed","template":"template-fullwidth.php","meta":{"_joinchat":[],"footnotes":""},"class_list":["post-722","page","type-page","status-publish","hentry"],"yoast_head":"<!-- This site is optimized with the Yoast SEO plugin v24.2 - https:\/\/yoast.com\/wordpress\/plugins\/seo\/ -->\n<title>Nuestra Metodolog\u00eda - Preuniversitario Cumbre - El Preu de Pe\u00f1alol\u00e9n<\/title>\n<meta name=\"description\" content=\"Nuestro modelo de ense\u00f1anza se basa en la personalizaci\u00f3n, con talleres constantes, profesores profesionales y las mejores instalaciones en Pe\u00f1alol\u00e9n.\" \/>\n<meta name=\"robots\" content=\"index, follow, max-snippet:-1, max-image-preview:large, max-video-preview:-1\" \/>\n<link rel=\"canonical\" href=\"https:\/\/www.preuniversitariocumbre.com\/ws\/metodologia\/\" \/>\n<meta property=\"og:locale\" content=\"es_ES\" \/>\n<meta property=\"og:type\" content=\"article\" \/>\n<meta property=\"og:title\" content=\"Nuestra Metodolog\u00eda - Preuniversitario Cumbre - El Preu de Pe\u00f1alol\u00e9n\" \/>\n<meta property=\"og:description\" content=\"Nuestro modelo de ense\u00f1anza se basa en la personalizaci\u00f3n, con talleres constantes, profesores profesionales y las mejores instalaciones en Pe\u00f1alol\u00e9n.\" \/>\n<meta property=\"og:url\" content=\"https:\/\/www.preuniversitariocumbre.com\/ws\/metodologia\/\" \/>\n<meta property=\"og:site_name\" content=\"Preuniversitario Cumbre\" \/>\n<meta property=\"article:publisher\" content=\"https:\/\/www.facebook.com\/cumbre.preuniversitario\/\" \/>\n<meta property=\"article:modified_time\" content=\"2019-05-21T23:01:17+00:00\" \/>\n<meta property=\"og:image\" content=\"https:\/\/www.preuniversitariocumbre.com\/ws\/wp-content\/uploads\/2016\/05\/Clases-de-10-metodologia-e1545163497915.jpg\" \/>\n\t<meta property=\"og:image:width\" content=\"800\" \/>\n\t<meta property=\"og:image:height\" content=\"640\" \/>\n\t<meta property=\"og:image:type\" content=\"image\/jpeg\" \/>\n<meta name=\"twitter:card\" content=\"summary_large_image\" \/>\n<meta name=\"twitter:site\" content=\"@PSUCumbre\" \/>\n<meta name=\"twitter:label1\" content=\"Tiempo estimado de lectura\" \/>\n\t<meta name=\"twitter:data1\" content=\"2 minutos\" \/>\n<script type=\"application\/ld+json\" class=\"yoast-schema-graph\">{\"@context\":\"https:\/\/schema.org\",\"@graph\":[{\"@type\":\"WebPage\",\"@id\":\"https:\/\/www.preuniversitariocumbre.com\/ws\/metodologia\/\",\"url\":\"https:\/\/www.preuniversitariocumbre.com\/ws\/metodologia\/\",\"name\":\"Nuestra Metodolog\u00eda - Preuniversitario Cumbre - El Preu de Pe\u00f1alol\u00e9n\",\"isPartOf\":{\"@id\":\"https:\/\/www.preuniversitariocumbre.com\/ws\/#website\"},\"primaryImageOfPage\":{\"@id\":\"https:\/\/www.preuniversitariocumbre.com\/ws\/metodologia\/#primaryimage\"},\"image\":{\"@id\":\"https:\/\/www.preuniversitariocumbre.com\/ws\/metodologia\/#primaryimage\"},\"thumbnailUrl\":\"http:\/\/www.preuniversitariocumbre.com\/ws\/wp-content\/uploads\/2016\/05\/Clases-de-10-metodologia-e1545163497915-315x252.jpg\",\"datePublished\":\"2016-05-06T18:17:08+00:00\",\"dateModified\":\"2019-05-21T23:01:17+00:00\",\"description\":\"Nuestro modelo de ense\u00f1anza se basa en la personalizaci\u00f3n, con talleres constantes, profesores profesionales y las mejores instalaciones en Pe\u00f1alol\u00e9n.\",\"breadcrumb\":{\"@id\":\"https:\/\/www.preuniversitariocumbre.com\/ws\/metodologia\/#breadcrumb\"},\"inLanguage\":\"es-CL\",\"potentialAction\":[{\"@type\":\"ReadAction\",\"target\":[\"https:\/\/www.preuniversitariocumbre.com\/ws\/metodologia\/\"]}]},{\"@type\":\"ImageObject\",\"inLanguage\":\"es-CL\",\"@id\":\"https:\/\/www.preuniversitariocumbre.com\/ws\/metodologia\/#primaryimage\",\"url\":\"http:\/\/www.preuniversitariocumbre.com\/ws\/wp-content\/uploads\/2016\/05\/Clases-de-10-metodologia-e1545163497915-315x252.jpg\",\"contentUrl\":\"http:\/\/www.preuniversitariocumbre.com\/ws\/wp-content\/uploads\/2016\/05\/Clases-de-10-metodologia-e1545163497915-315x252.jpg\"},{\"@type\":\"BreadcrumbList\",\"@id\":\"https:\/\/www.preuniversitariocumbre.com\/ws\/metodologia\/#breadcrumb\",\"itemListElement\":[{\"@type\":\"ListItem\",\"position\":1,\"name\":\"Home\",\"item\":\"https:\/\/www.preuniversitariocumbre.com\/ws\/\"},{\"@type\":\"ListItem\",\"position\":2,\"name\":\"Metodolog\u00eda\"}]},{\"@type\":\"WebSite\",\"@id\":\"https:\/\/www.preuniversitariocumbre.com\/ws\/#website\",\"url\":\"https:\/\/www.preuniversitariocumbre.com\/ws\/\",\"name\":\"Preuniversitario Cumbre\",\"description\":\"El Mejor Preu 100% Personalizado de Chile\",\"publisher\":{\"@id\":\"https:\/\/www.preuniversitariocumbre.com\/ws\/#organization\"},\"potentialAction\":[{\"@type\":\"SearchAction\",\"target\":{\"@type\":\"EntryPoint\",\"urlTemplate\":\"https:\/\/www.preuniversitariocumbre.com\/ws\/?s={search_term_string}\"},\"query-input\":{\"@type\":\"PropertyValueSpecification\",\"valueRequired\":true,\"valueName\":\"search_term_string\"}}],\"inLanguage\":\"es-CL\"},{\"@type\":\"Organization\",\"@id\":\"https:\/\/www.preuniversitariocumbre.com\/ws\/#organization\",\"name\":\"Preuniversitario Cumbre\",\"url\":\"https:\/\/www.preuniversitariocumbre.com\/ws\/\",\"logo\":{\"@type\":\"ImageObject\",\"inLanguage\":\"es-CL\",\"@id\":\"https:\/\/www.preuniversitariocumbre.com\/ws\/#\/schema\/logo\/image\/\",\"url\":\"https:\/\/www.preuniversitariocumbre.com\/ws\/wp-content\/uploads\/2017\/06\/Logo-new-web2.png\",\"contentUrl\":\"https:\/\/www.preuniversitariocumbre.com\/ws\/wp-content\/uploads\/2017\/06\/Logo-new-web2.png\",\"width\":545,\"height\":238,\"caption\":\"Preuniversitario Cumbre\"},\"image\":{\"@id\":\"https:\/\/www.preuniversitariocumbre.com\/ws\/#\/schema\/logo\/image\/\"},\"sameAs\":[\"https:\/\/www.facebook.com\/cumbre.preuniversitario\/\",\"https:\/\/x.com\/PSUCumbre\",\"https:\/\/www.instagram.com\/preucumbre\/\"]}]}<\/script>\n<!-- \/ Yoast SEO plugin. -->","yoast_head_json":{"title":"Nuestra Metodolog\u00eda - Preuniversitario Cumbre - El Preu de Pe\u00f1alol\u00e9n","description":"Nuestro modelo de ense\u00f1anza se basa en la personalizaci\u00f3n, con talleres constantes, profesores profesionales y las mejores instalaciones en Pe\u00f1alol\u00e9n.","robots":{"index":"index","follow":"follow","max-snippet":"max-snippet:-1","max-image-preview":"max-image-preview:large","max-video-preview":"max-video-preview:-1"},"canonical":"https:\/\/www.preuniversitariocumbre.com\/ws\/metodologia\/","og_locale":"es_ES","og_type":"article","og_title":"Nuestra Metodolog\u00eda - Preuniversitario Cumbre - El Preu de Pe\u00f1alol\u00e9n","og_description":"Nuestro modelo de ense\u00f1anza se basa en la personalizaci\u00f3n, con talleres constantes, profesores profesionales y las mejores instalaciones en Pe\u00f1alol\u00e9n.","og_url":"https:\/\/www.preuniversitariocumbre.com\/ws\/metodologia\/","og_site_name":"Preuniversitario Cumbre","article_publisher":"https:\/\/www.facebook.com\/cumbre.preuniversitario\/","article_modified_time":"2019-05-21T23:01:17+00:00","og_image":[{"width":800,"height":640,"url":"https:\/\/www.preuniversitariocumbre.com\/ws\/wp-content\/uploads\/2016\/05\/Clases-de-10-metodologia-e1545163497915.jpg","type":"image\/jpeg"}],"twitter_card":"summary_large_image","twitter_site":"@PSUCumbre","twitter_misc":{"Tiempo estimado de lectura":"2 minutos"},"schema":{"@context":"https:\/\/schema.org","@graph":[{"@type":"WebPage","@id":"https:\/\/www.preuniversitariocumbre.com\/ws\/metodologia\/","url":"https:\/\/www.preuniversitariocumbre.com\/ws\/metodologia\/","name":"Nuestra Metodolog\u00eda - Preuniversitario Cumbre - El Preu de Pe\u00f1alol\u00e9n","isPartOf":{"@id":"https:\/\/www.preuniversitariocumbre.com\/ws\/#website"},"primaryImageOfPage":{"@id":"https:\/\/www.preuniversitariocumbre.com\/ws\/metodologia\/#primaryimage"},"image":{"@id":"https:\/\/www.preuniversitariocumbre.com\/ws\/metodologia\/#primaryimage"},"thumbnailUrl":"http:\/\/www.preuniversitariocumbre.com\/ws\/wp-content\/uploads\/2016\/05\/Clases-de-10-metodologia-e1545163497915-315x252.jpg","datePublished":"2016-05-06T18:17:08+00:00","dateModified":"2019-05-21T23:01:17+00:00","description":"Nuestro modelo de ense\u00f1anza se basa en la personalizaci\u00f3n, con talleres constantes, profesores profesionales y las mejores instalaciones en Pe\u00f1alol\u00e9n.","breadcrumb":{"@id":"https:\/\/www.preuniversitariocumbre.com\/ws\/metodologia\/#breadcrumb"},"inLanguage":"es-CL","potentialAction":[{"@type":"ReadAction","target":["https:\/\/www.preuniversitariocumbre.com\/ws\/metodologia\/"]}]},{"@type":"ImageObject","inLanguage":"es-CL","@id":"https:\/\/www.preuniversitariocumbre.com\/ws\/metodologia\/#primaryimage","url":"http:\/\/www.preuniversitariocumbre.com\/ws\/wp-content\/uploads\/2016\/05\/Clases-de-10-metodologia-e1545163497915-315x252.jpg","contentUrl":"http:\/\/www.preuniversitariocumbre.com\/ws\/wp-content\/uploads\/2016\/05\/Clases-de-10-metodologia-e1545163497915-315x252.jpg"},{"@type":"BreadcrumbList","@id":"https:\/\/www.preuniversitariocumbre.com\/ws\/metodologia\/#breadcrumb","itemListElement":[{"@type":"ListItem","position":1,"name":"Home","item":"https:\/\/www.preuniversitariocumbre.com\/ws\/"},{"@type":"ListItem","position":2,"name":"Metodolog\u00eda"}]},{"@type":"WebSite","@id":"https:\/\/www.preuniversitariocumbre.com\/ws\/#website","url":"https:\/\/www.preuniversitariocumbre.com\/ws\/","name":"Preuniversitario Cumbre","description":"El Mejor Preu 100% Personalizado de Chile","publisher":{"@id":"https:\/\/www.preuniversitariocumbre.com\/ws\/#organization"},"potentialAction":[{"@type":"SearchAction","target":{"@type":"EntryPoint","urlTemplate":"https:\/\/www.preuniversitariocumbre.com\/ws\/?s={search_term_string}"},"query-input":{"@type":"PropertyValueSpecification","valueRequired":true,"valueName":"search_term_string"}}],"inLanguage":"es-CL"},{"@type":"Organization","@id":"https:\/\/www.preuniversitariocumbre.com\/ws\/#organization","name":"Preuniversitario Cumbre","url":"https:\/\/www.preuniversitariocumbre.com\/ws\/","logo":{"@type":"ImageObject","inLanguage":"es-CL","@id":"https:\/\/www.preuniversitariocumbre.com\/ws\/#\/schema\/logo\/image\/","url":"https:\/\/www.preuniversitariocumbre.com\/ws\/wp-content\/uploads\/2017\/06\/Logo-new-web2.png","contentUrl":"https:\/\/www.preuniversitariocumbre.com\/ws\/wp-content\/uploads\/2017\/06\/Logo-new-web2.png","width":545,"height":238,"caption":"Preuniversitario Cumbre"},"image":{"@id":"https:\/\/www.preuniversitariocumbre.com\/ws\/#\/schema\/logo\/image\/"},"sameAs":["https:\/\/www.facebook.com\/cumbre.preuniversitario\/","https:\/\/x.com\/PSUCumbre","https:\/\/www.instagram.com\/preucumbre\/"]}]}},"_links":{"self":[{"href":"https:\/\/www.preuniversitariocumbre.com\/ws\/wp-json\/wp\/v2\/pages\/722","targetHints":{"allow":["GET"]}}],"collection":[{"href":"https:\/\/www.preuniversitariocumbre.com\/ws\/wp-json\/wp\/v2\/pages"}],"about":[{"href":"https:\/\/www.preuniversitariocumbre.com\/ws\/wp-json\/wp\/v2\/types\/page"}],"author":[{"embeddable":true,"href":"https:\/\/www.preuniversitariocumbre.com\/ws\/wp-json\/wp\/v2\/users\/1"}],"replies":[{"embeddable":true,"href":"https:\/\/www.preuniversitariocumbre.com\/ws\/wp-json\/wp\/v2\/comments?post=722"}],"version-history":[{"count":9,"href":"https:\/\/www.preuniversitariocumbre.com\/ws\/wp-json\/wp\/v2\/pages\/722\/revisions"}],"predecessor-version":[{"id":2472,"href":"https:\/\/www.preuniversitariocumbre.com\/ws\/wp-json\/wp\/v2\/pages\/722\/revisions\/2472"}],"wp:attachment":[{"href":"https:\/\/www.preuniversitariocumbre.com\/ws\/wp-json\/wp\/v2\/media?parent=722"}],"curies":[{"name":"wp","href":"https:\/\/api.w.org\/{rel}","templated":true}]}}