{"id":87,"date":"2015-09-07T16:53:13","date_gmt":"2015-09-07T19:53:13","guid":{"rendered":"http:\/\/www.preuniversitariocumbre.com\/ws\/?page_id=87"},"modified":"2015-09-15T23:48:05","modified_gmt":"2015-09-16T02:48:05","slug":"boletin-cumbre","status":"publish","type":"page","link":"https:\/\/www.preuniversitariocumbre.com\/ws\/boletin-cumbre\/","title":{"rendered":"Bolet\u00edn Cumbre"},"content":{"rendered":"<p>&nbsp;<\/p>\n<p>Inscr\u00edbete en nuestro bolet\u00edn para recibir informaci\u00f3n, noticias y tips sobre la PSU y todas las actividades que hacemos a lo largo del a\u00f1o:<\/p>\n[mc4wp_form]<script src=\"\/\/s3.amazonaws.com\/downloads.mailchimp.com\/js\/mc-validate.js\" type=\"text\/javascript\"><\/script><script type=\"text\/javascript\">\/\/ <![CDATA[\n(function($) {window.fnames = new Array(); window.ftypes = new Array();fnames[1]='FNAME';ftypes[1]='text';fnames[2]='LNAME';ftypes[2]='text';fnames[0]='EMAIL';ftypes[0]='email'; \/* * Translated default messages for the $ validation plugin. * Locale: ES *\/ $.extend($.validator.messages, { required: \"Este campo es obligatorio.\", remote: \"Por favor, rellena este campo.\", email: \"Por favor, escribe una direcci\u00f3n de correo v\u00e1lida\", url: \"Por favor, escribe una URL v\u00e1lida.\", date: \"Por favor, escribe una fecha v\u00e1lida.\", dateISO: \"Por favor, escribe una fecha (ISO) v\u00e1lida.\", number: \"Por favor, escribe un n\u00famero entero v\u00e1lido.\", digits: \"Por favor, escribe s\u00f3lo d\u00edgitos.\", creditcard: \"Por favor, escribe un n\u00famero de tarjeta v\u00e1lido.\", equalTo: \"Por favor, escribe el mismo valor de nuevo.\", accept: \"Por favor, escribe un valor con una extensi\u00f3n aceptada.\", maxlength: $.validator.format(\"Por favor, no escribas m\u00e1s de {0} caracteres.\"), minlength: $.validator.format(\"Por favor, no escribas menos de {0} caracteres.\"), rangelength: $.validator.format(\"Por favor, escribe un valor entre {0} y {1} caracteres.\"), range: $.validator.format(\"Por favor, escribe un valor entre {0} y {1}.\"), max: $.validator.format(\"Por favor, escribe un valor menor o igual a {0}.\"), min: $.validator.format(\"Por favor, escribe un valor mayor o igual a {0}.\") });}(jQuery));var $mcj = jQuery.noConflict(true);\n\/\/ ]]><\/script><br \/>\n<!--End mc_embed_signup--><\/p>\n","protected":false},"excerpt":{"rendered":"<p>&nbsp; Inscr\u00edbete en nuestro bolet\u00edn para recibir informaci\u00f3n, noticias y tips sobre la PSU y todas las actividades que hacemos a lo largo del a\u00f1o: [mc4wp_form]<\/p>\n","protected":false},"author":1,"featured_media":0,"parent":0,"menu_order":0,"comment_status":"closed","ping_status":"closed","template":"template-fullwidth.php","meta":{"_joinchat":[],"footnotes":""},"class_list":["post-87","page","type-page","status-publish","hentry"],"yoast_head":"<!-- This site is optimized with the Yoast SEO plugin v24.2 - https:\/\/yoast.com\/wordpress\/plugins\/seo\/ -->\n<title>Bolet\u00edn Cumbre - Preuniversitario Cumbre<\/title>\n<meta name=\"robots\" content=\"index, follow, max-snippet:-1, max-image-preview:large, max-video-preview:-1\" \/>\n<link rel=\"canonical\" href=\"https:\/\/www.preuniversitariocumbre.com\/ws\/boletin-cumbre\/\" \/>\n<meta property=\"og:locale\" content=\"es_ES\" \/>\n<meta property=\"og:type\" content=\"article\" \/>\n<meta property=\"og:title\" content=\"Bolet\u00edn Cumbre - Preuniversitario Cumbre\" \/>\n<meta property=\"og:description\" content=\"&nbsp; Inscr\u00edbete en nuestro bolet\u00edn para recibir informaci\u00f3n, noticias y tips sobre la PSU y todas las actividades que hacemos a lo largo del a\u00f1o: [mc4wp_form]\" \/>\n<meta property=\"og:url\" content=\"https:\/\/www.preuniversitariocumbre.com\/ws\/boletin-cumbre\/\" \/>\n<meta property=\"og:site_name\" content=\"Preuniversitario Cumbre\" \/>\n<meta property=\"article:publisher\" content=\"https:\/\/www.facebook.com\/cumbre.preuniversitario\/\" \/>\n<meta property=\"article:modified_time\" content=\"2015-09-16T02:48:05+00:00\" \/>\n<meta name=\"twitter:card\" content=\"summary_large_image\" \/>\n<meta name=\"twitter:site\" content=\"@PSUCumbre\" \/>\n<script type=\"application\/ld+json\" class=\"yoast-schema-graph\">{\"@context\":\"https:\/\/schema.org\",\"@graph\":[{\"@type\":\"WebPage\",\"@id\":\"https:\/\/www.preuniversitariocumbre.com\/ws\/boletin-cumbre\/\",\"url\":\"https:\/\/www.preuniversitariocumbre.com\/ws\/boletin-cumbre\/\",\"name\":\"Bolet\u00edn Cumbre - Preuniversitario Cumbre\",\"isPartOf\":{\"@id\":\"https:\/\/www.preuniversitariocumbre.com\/ws\/#website\"},\"datePublished\":\"2015-09-07T19:53:13+00:00\",\"dateModified\":\"2015-09-16T02:48:05+00:00\",\"breadcrumb\":{\"@id\":\"https:\/\/www.preuniversitariocumbre.com\/ws\/boletin-cumbre\/#breadcrumb\"},\"inLanguage\":\"es-CL\",\"potentialAction\":[{\"@type\":\"ReadAction\",\"target\":[\"https:\/\/www.preuniversitariocumbre.com\/ws\/boletin-cumbre\/\"]}]},{\"@type\":\"BreadcrumbList\",\"@id\":\"https:\/\/www.preuniversitariocumbre.com\/ws\/boletin-cumbre\/#breadcrumb\",\"itemListElement\":[{\"@type\":\"ListItem\",\"position\":1,\"name\":\"Home\",\"item\":\"https:\/\/www.preuniversitariocumbre.com\/ws\/\"},{\"@type\":\"ListItem\",\"position\":2,\"name\":\"Bolet\u00edn Cumbre\"}]},{\"@type\":\"WebSite\",\"@id\":\"https:\/\/www.preuniversitariocumbre.com\/ws\/#website\",\"url\":\"https:\/\/www.preuniversitariocumbre.com\/ws\/\",\"name\":\"Preuniversitario Cumbre\",\"description\":\"El Mejor Preu 100% Personalizado de Chile\",\"publisher\":{\"@id\":\"https:\/\/www.preuniversitariocumbre.com\/ws\/#organization\"},\"potentialAction\":[{\"@type\":\"SearchAction\",\"target\":{\"@type\":\"EntryPoint\",\"urlTemplate\":\"https:\/\/www.preuniversitariocumbre.com\/ws\/?s={search_term_string}\"},\"query-input\":{\"@type\":\"PropertyValueSpecification\",\"valueRequired\":true,\"valueName\":\"search_term_string\"}}],\"inLanguage\":\"es-CL\"},{\"@type\":\"Organization\",\"@id\":\"https:\/\/www.preuniversitariocumbre.com\/ws\/#organization\",\"name\":\"Preuniversitario Cumbre\",\"url\":\"https:\/\/www.preuniversitariocumbre.com\/ws\/\",\"logo\":{\"@type\":\"ImageObject\",\"inLanguage\":\"es-CL\",\"@id\":\"https:\/\/www.preuniversitariocumbre.com\/ws\/#\/schema\/logo\/image\/\",\"url\":\"https:\/\/www.preuniversitariocumbre.com\/ws\/wp-content\/uploads\/2017\/06\/Logo-new-web2.png\",\"contentUrl\":\"https:\/\/www.preuniversitariocumbre.com\/ws\/wp-content\/uploads\/2017\/06\/Logo-new-web2.png\",\"width\":545,\"height\":238,\"caption\":\"Preuniversitario Cumbre\"},\"image\":{\"@id\":\"https:\/\/www.preuniversitariocumbre.com\/ws\/#\/schema\/logo\/image\/\"},\"sameAs\":[\"https:\/\/www.facebook.com\/cumbre.preuniversitario\/\",\"https:\/\/x.com\/PSUCumbre\",\"https:\/\/www.instagram.com\/preucumbre\/\"]}]}<\/script>\n<!-- \/ Yoast SEO plugin. -->","yoast_head_json":{"title":"Bolet\u00edn Cumbre - Preuniversitario Cumbre","robots":{"index":"index","follow":"follow","max-snippet":"max-snippet:-1","max-image-preview":"max-image-preview:large","max-video-preview":"max-video-preview:-1"},"canonical":"https:\/\/www.preuniversitariocumbre.com\/ws\/boletin-cumbre\/","og_locale":"es_ES","og_type":"article","og_title":"Bolet\u00edn Cumbre - Preuniversitario Cumbre","og_description":"&nbsp; Inscr\u00edbete en nuestro bolet\u00edn para recibir informaci\u00f3n, noticias y tips sobre la PSU y todas las actividades que hacemos a lo largo del a\u00f1o: [mc4wp_form]","og_url":"https:\/\/www.preuniversitariocumbre.com\/ws\/boletin-cumbre\/","og_site_name":"Preuniversitario Cumbre","article_publisher":"https:\/\/www.facebook.com\/cumbre.preuniversitario\/","article_modified_time":"2015-09-16T02:48:05+00:00","twitter_card":"summary_large_image","twitter_site":"@PSUCumbre","schema":{"@context":"https:\/\/schema.org","@graph":[{"@type":"WebPage","@id":"https:\/\/www.preuniversitariocumbre.com\/ws\/boletin-cumbre\/","url":"https:\/\/www.preuniversitariocumbre.com\/ws\/boletin-cumbre\/","name":"Bolet\u00edn Cumbre - Preuniversitario Cumbre","isPartOf":{"@id":"https:\/\/www.preuniversitariocumbre.com\/ws\/#website"},"datePublished":"2015-09-07T19:53:13+00:00","dateModified":"2015-09-16T02:48:05+00:00","breadcrumb":{"@id":"https:\/\/www.preuniversitariocumbre.com\/ws\/boletin-cumbre\/#breadcrumb"},"inLanguage":"es-CL","potentialAction":[{"@type":"ReadAction","target":["https:\/\/www.preuniversitariocumbre.com\/ws\/boletin-cumbre\/"]}]},{"@type":"BreadcrumbList","@id":"https:\/\/www.preuniversitariocumbre.com\/ws\/boletin-cumbre\/#breadcrumb","itemListElement":[{"@type":"ListItem","position":1,"name":"Home","item":"https:\/\/www.preuniversitariocumbre.com\/ws\/"},{"@type":"ListItem","position":2,"name":"Bolet\u00edn Cumbre"}]},{"@type":"WebSite","@id":"https:\/\/www.preuniversitariocumbre.com\/ws\/#website","url":"https:\/\/www.preuniversitariocumbre.com\/ws\/","name":"Preuniversitario Cumbre","description":"El Mejor Preu 100% Personalizado de Chile","publisher":{"@id":"https:\/\/www.preuniversitariocumbre.com\/ws\/#organization"},"potentialAction":[{"@type":"SearchAction","target":{"@type":"EntryPoint","urlTemplate":"https:\/\/www.preuniversitariocumbre.com\/ws\/?s={search_term_string}"},"query-input":{"@type":"PropertyValueSpecification","valueRequired":true,"valueName":"search_term_string"}}],"inLanguage":"es-CL"},{"@type":"Organization","@id":"https:\/\/www.preuniversitariocumbre.com\/ws\/#organization","name":"Preuniversitario Cumbre","url":"https:\/\/www.preuniversitariocumbre.com\/ws\/","logo":{"@type":"ImageObject","inLanguage":"es-CL","@id":"https:\/\/www.preuniversitariocumbre.com\/ws\/#\/schema\/logo\/image\/","url":"https:\/\/www.preuniversitariocumbre.com\/ws\/wp-content\/uploads\/2017\/06\/Logo-new-web2.png","contentUrl":"https:\/\/www.preuniversitariocumbre.com\/ws\/wp-content\/uploads\/2017\/06\/Logo-new-web2.png","width":545,"height":238,"caption":"Preuniversitario Cumbre"},"image":{"@id":"https:\/\/www.preuniversitariocumbre.com\/ws\/#\/schema\/logo\/image\/"},"sameAs":["https:\/\/www.facebook.com\/cumbre.preuniversitario\/","https:\/\/x.com\/PSUCumbre","https:\/\/www.instagram.com\/preucumbre\/"]}]}},"_links":{"self":[{"href":"https:\/\/www.preuniversitariocumbre.com\/ws\/wp-json\/wp\/v2\/pages\/87","targetHints":{"allow":["GET"]}}],"collection":[{"href":"https:\/\/www.preuniversitariocumbre.com\/ws\/wp-json\/wp\/v2\/pages"}],"about":[{"href":"https:\/\/www.preuniversitariocumbre.com\/ws\/wp-json\/wp\/v2\/types\/page"}],"author":[{"embeddable":true,"href":"https:\/\/www.preuniversitariocumbre.com\/ws\/wp-json\/wp\/v2\/users\/1"}],"replies":[{"embeddable":true,"href":"https:\/\/www.preuniversitariocumbre.com\/ws\/wp-json\/wp\/v2\/comments?post=87"}],"version-history":[{"count":9,"href":"https:\/\/www.preuniversitariocumbre.com\/ws\/wp-json\/wp\/v2\/pages\/87\/revisions"}],"predecessor-version":[{"id":103,"href":"https:\/\/www.preuniversitariocumbre.com\/ws\/wp-json\/wp\/v2\/pages\/87\/revisions\/103"}],"wp:attachment":[{"href":"https:\/\/www.preuniversitariocumbre.com\/ws\/wp-json\/wp\/v2\/media?parent=87"}],"curies":[{"name":"wp","href":"https:\/\/api.w.org\/{rel}","templated":true}]}}