{"id":967,"date":"2016-09-19T13:24:12","date_gmt":"2016-09-19T16:24:12","guid":{"rendered":"http:\/\/www.preuniversitariocumbre.com\/ws\/?page_id=967"},"modified":"2017-05-18T22:03:09","modified_gmt":"2017-05-19T01:03:09","slug":"admision-psu-2017","status":"publish","type":"page","link":"https:\/\/www.preuniversitariocumbre.com\/ws\/admision-psu-2017\/","title":{"rendered":"Admisi\u00f3n PSU 2017"},"content":{"rendered":"<p style=\"text-align: left;\"><img decoding=\"async\" class=\"aligncenter wp-image-1119 size-full\" src=\"http:\/\/www.preuniversitariocumbre.com\/ws\/wp-content\/uploads\/2016\/09\/Facebook-PSU-2017-modelo-chica.png\" alt=\"\" width=\"828\" height=\"315\" srcset=\"https:\/\/www.preuniversitariocumbre.com\/ws\/wp-content\/uploads\/2016\/09\/Facebook-PSU-2017-modelo-chica.png 828w, https:\/\/www.preuniversitariocumbre.com\/ws\/wp-content\/uploads\/2016\/09\/Facebook-PSU-2017-modelo-chica-600x228.png 600w, https:\/\/www.preuniversitariocumbre.com\/ws\/wp-content\/uploads\/2016\/09\/Facebook-PSU-2017-modelo-chica-483x184.png 483w, https:\/\/www.preuniversitariocumbre.com\/ws\/wp-content\/uploads\/2016\/09\/Facebook-PSU-2017-modelo-chica-130x50.png 130w\" sizes=\"(max-width: 828px) 100vw, 828px\" \/><\/p>\n<p style=\"text-align: left;\"><span style=\"color: #002464;\"><strong>\u00a1TU FUTURO COMIENZA AHORA!<br \/>\n<\/strong><\/span><\/p>\n<p style=\"text-align: left;\">Es momento de pensar en tu futuro y comenzar a prepararte. Nuestro proceso de Admisi\u00f3n PSU 2017 ya comenz\u00f3 y estamos listos para recibirte en nuestra familia y ayudarte a alcanzar el \u00e9xito.<br \/>\n<!--more--><\/p>\n<h2 style=\"text-align: left;\"><\/h2>\n<h3><strong><span style=\"color: #002464;\">\u00bfPOR QU\u00c9 ESTUDIAR EN CUMBRE?<\/span><\/strong><\/h3>\n<p>La preparaci\u00f3n completa en cada una de las asignaturas, con profesores calificados y ensayos constantes en condiciones reales son la clave para vencer en la PSU, lograr el puntaje que necesitas y entrar a la universidad que deseas.<\/p>\n<p>Nuestros planes de estudio est\u00e1n dise\u00f1ados para adaptarse a tus necesidades particulares, detectar tus debilidades y ayudarte a superarlas.<\/p>\n<p style=\"text-align: justify;\"><span style=\"color: #002464;\"><strong>PERSONALIZACI\u00d3N<\/strong><\/span><\/p>\n<p style=\"text-align: justify;\">Nuestra metodolog\u00eda se basa en la personalizaci\u00f3n de la educaci\u00f3n, d\u00e1ndole la atenci\u00f3n y el apoyo necesario a cada uno de nuestros estudiantes.<\/p>\n<p style=\"text-align: justify;\"><span style=\"color: #002464;\"><strong>ENSAYOS CONSTANTES<\/strong><strong><br \/>\n<\/strong><\/span><\/p>\n<p style=\"text-align: justify;\">Realizamos ensayos de PSU todos los meses, para evaluar tu desempe\u00f1o, detectar tus posibles debilidades y trabajar contigo para superarlas.<\/p>\n<p style=\"text-align: justify;\"><span style=\"color: #002464;\"><strong>PROFESORES CALIFICADOS<br \/>\n<\/strong><\/span><\/p>\n<p style=\"text-align: justify;\">Contamos con profesores de amplia y comprobada experiencia para cada una de las asignaturas, garantizando una preparaci\u00f3n de calidad, dise\u00f1ada para ayudarte a comprender y dominar todos los contenidos de la PSU.<\/p>\n<p style=\"text-align: justify;\"><span style=\"color: #082260;\"><strong>COACHING<\/strong><\/span><\/p>\n<p style=\"text-align: justify;\">Realizamos sesiones de coaching grupales todos los meses para ayudarte a organizar y manejar mejor tu tiempo, apoyarte\u00a0en la gesti\u00f3n de tus emociones, en el mejoramiento de tu nivel acad\u00e9mico y en el adelanto de tus destrezas sociales. Adem\u00e1s, realizamos sesiones para guiarte en la elecci\u00f3n de la carrera que m\u00e1s se ajuste a tu vocaci\u00f3n y organizamos talleres de relajaci\u00f3n para manejar el estr\u00e9s y los nervios previos a la prueba.<\/p>\n<p style=\"text-align: justify;\"><span style=\"color: #002464;\"><strong>RESULTADOS<\/strong><\/span><\/p>\n<p style=\"text-align: justify;\">El mas del 80% de nuestros estudiantes logra entrar a la carrera que eligi\u00f3 en la universidad de su preferencia. <a href=\"http:\/\/www.preuniversitariocumbre.com\/ws\/2016\/12\/29\/resultados-cumbre-2016\/\">Nuestros resultados<\/a> hablan por si mismos.<\/p>\n<p style=\"text-align: left;\"><span style=\"color: #002464;\"><strong>ACCESO A NOTAS EN L\u00cdNEA<br \/>\n<\/strong><\/span><\/p>\n<p style=\"text-align: left;\">A trav\u00e9s de nuestro &#8220;Portal Alumno&#8221; tanto t\u00fa como tus apoderados tendr\u00e1n acceso las 24 horas del d\u00eda a notas y desempe\u00f1o en cada una de las actividades que realizamos.<\/p>\n<p style=\"text-align: center;\"><a href=\"http:\/\/www.preuniversitariocumbre.com\/ws\/nuestra-ubicacion\/\"><img decoding=\"async\" class=\"alignnone size-full wp-image-417\" src=\"http:\/\/www.preuniversitariocumbre.com\/ws\/wp-content\/uploads\/2015\/09\/Boton-Contactanos.png\" alt=\"Boton Contactanos\" width=\"262\" height=\"62\" \/><\/a><\/p>\n<h2 style=\"text-align: left;\"><span style=\"color: #002464;\">MATR\u00cdCULA PSU 2017 ABIERTA<\/span><\/h2>\n<p style=\"text-align: left;\">Ya puedes inscribirte y prepararte con los mejores para la PSU 2017. Llena la siguiente planilla de pre-inscripci\u00f3n seleccionando la opci\u00f3n &#8220;Anual&#8221; y con gusto te contactaremos para completar el proceso.<\/p>\n<h2 style=\"text-align: left;\"><span style=\"color: #002464;\">Pre-inscripci\u00f3n<\/span><\/h2>\n<p style=\"text-align: left;\">[ninja_form id=1]\n","protected":false},"excerpt":{"rendered":"<p>\u00a1TU FUTURO COMIENZA AHORA! Es momento de pensar en tu futuro y comenzar a prepararte. Nuestro proceso de Admisi\u00f3n PSU 2017 ya comenz\u00f3 y estamos listos para recibirte en nuestra familia y ayudarte a alcanzar el \u00e9xito.<\/p>\n","protected":false},"author":1,"featured_media":1111,"parent":0,"menu_order":0,"comment_status":"closed","ping_status":"closed","template":"","meta":{"_joinchat":[],"footnotes":""},"class_list":["post-967","page","type-page","status-publish","has-post-thumbnail","hentry"],"yoast_head":"<!-- This site is optimized with the Yoast SEO plugin v24.2 - https:\/\/yoast.com\/wordpress\/plugins\/seo\/ -->\n<title>Admisi\u00f3n PSU 2017 - Preuniversitario Cumbre - El Preu de Pe\u00f1alol\u00e9n<\/title>\n<meta name=\"description\" content=\"\u00a1Tu futuro comienza ahora! Ya est\u00e1 abierto nuestro proceso de Admisi\u00f3n PSU 2017, matric\u00falate hoy y prep\u00e1rate para cumplir tu sue\u00f1o...\" \/>\n<meta name=\"robots\" content=\"index, follow, max-snippet:-1, max-image-preview:large, max-video-preview:-1\" \/>\n<link rel=\"canonical\" href=\"https:\/\/www.preuniversitariocumbre.com\/ws\/admision-psu-2017\/\" \/>\n<meta property=\"og:locale\" content=\"es_ES\" \/>\n<meta property=\"og:type\" content=\"article\" \/>\n<meta property=\"og:title\" content=\"Admisi\u00f3n PSU 2017 - Preuniversitario Cumbre - El Preu de Pe\u00f1alol\u00e9n\" \/>\n<meta property=\"og:description\" content=\"\u00a1Tu futuro comienza ahora! Ya est\u00e1 abierto nuestro proceso de Admisi\u00f3n PSU 2017, matric\u00falate hoy y prep\u00e1rate para cumplir tu sue\u00f1o...\" \/>\n<meta property=\"og:url\" content=\"https:\/\/www.preuniversitariocumbre.com\/ws\/admision-psu-2017\/\" \/>\n<meta property=\"og:site_name\" content=\"Preuniversitario Cumbre\" \/>\n<meta property=\"article:publisher\" content=\"https:\/\/www.facebook.com\/cumbre.preuniversitario\/\" \/>\n<meta property=\"article:modified_time\" content=\"2017-05-19T01:03:09+00:00\" \/>\n<meta property=\"og:image\" content=\"https:\/\/www.preuniversitariocumbre.com\/ws\/wp-content\/uploads\/2016\/09\/Facebook-PSU-2017-posts.jpg\" \/>\n\t<meta property=\"og:image:width\" content=\"1200\" \/>\n\t<meta property=\"og:image:height\" content=\"626\" \/>\n\t<meta property=\"og:image:type\" content=\"image\/jpeg\" \/>\n<meta name=\"twitter:card\" content=\"summary_large_image\" \/>\n<meta name=\"twitter:site\" content=\"@PSUCumbre\" \/>\n<meta name=\"twitter:label1\" content=\"Tiempo estimado de lectura\" \/>\n\t<meta name=\"twitter:data1\" content=\"2 minutos\" \/>\n<script type=\"application\/ld+json\" class=\"yoast-schema-graph\">{\"@context\":\"https:\/\/schema.org\",\"@graph\":[{\"@type\":\"WebPage\",\"@id\":\"https:\/\/www.preuniversitariocumbre.com\/ws\/admision-psu-2017\/\",\"url\":\"https:\/\/www.preuniversitariocumbre.com\/ws\/admision-psu-2017\/\",\"name\":\"Admisi\u00f3n PSU 2017 - Preuniversitario Cumbre - El Preu de Pe\u00f1alol\u00e9n\",\"isPartOf\":{\"@id\":\"https:\/\/www.preuniversitariocumbre.com\/ws\/#website\"},\"primaryImageOfPage\":{\"@id\":\"https:\/\/www.preuniversitariocumbre.com\/ws\/admision-psu-2017\/#primaryimage\"},\"image\":{\"@id\":\"https:\/\/www.preuniversitariocumbre.com\/ws\/admision-psu-2017\/#primaryimage\"},\"thumbnailUrl\":\"https:\/\/www.preuniversitariocumbre.com\/ws\/wp-content\/uploads\/2016\/09\/Facebook-PSU-2017-posts-scaled.jpg\",\"datePublished\":\"2016-09-19T16:24:12+00:00\",\"dateModified\":\"2017-05-19T01:03:09+00:00\",\"description\":\"\u00a1Tu futuro comienza ahora! Ya est\u00e1 abierto nuestro proceso de Admisi\u00f3n PSU 2017, matric\u00falate hoy y prep\u00e1rate para cumplir tu sue\u00f1o...\",\"breadcrumb\":{\"@id\":\"https:\/\/www.preuniversitariocumbre.com\/ws\/admision-psu-2017\/#breadcrumb\"},\"inLanguage\":\"es-CL\",\"potentialAction\":[{\"@type\":\"ReadAction\",\"target\":[\"https:\/\/www.preuniversitariocumbre.com\/ws\/admision-psu-2017\/\"]}]},{\"@type\":\"ImageObject\",\"inLanguage\":\"es-CL\",\"@id\":\"https:\/\/www.preuniversitariocumbre.com\/ws\/admision-psu-2017\/#primaryimage\",\"url\":\"https:\/\/www.preuniversitariocumbre.com\/ws\/wp-content\/uploads\/2016\/09\/Facebook-PSU-2017-posts-scaled.jpg\",\"contentUrl\":\"https:\/\/www.preuniversitariocumbre.com\/ws\/wp-content\/uploads\/2016\/09\/Facebook-PSU-2017-posts-scaled.jpg\",\"width\":1080,\"height\":563},{\"@type\":\"BreadcrumbList\",\"@id\":\"https:\/\/www.preuniversitariocumbre.com\/ws\/admision-psu-2017\/#breadcrumb\",\"itemListElement\":[{\"@type\":\"ListItem\",\"position\":1,\"name\":\"Home\",\"item\":\"https:\/\/www.preuniversitariocumbre.com\/ws\/\"},{\"@type\":\"ListItem\",\"position\":2,\"name\":\"Admisi\u00f3n PSU 2017\"}]},{\"@type\":\"WebSite\",\"@id\":\"https:\/\/www.preuniversitariocumbre.com\/ws\/#website\",\"url\":\"https:\/\/www.preuniversitariocumbre.com\/ws\/\",\"name\":\"Preuniversitario Cumbre\",\"description\":\"El Mejor Preu 100% Personalizado de Chile\",\"publisher\":{\"@id\":\"https:\/\/www.preuniversitariocumbre.com\/ws\/#organization\"},\"potentialAction\":[{\"@type\":\"SearchAction\",\"target\":{\"@type\":\"EntryPoint\",\"urlTemplate\":\"https:\/\/www.preuniversitariocumbre.com\/ws\/?s={search_term_string}\"},\"query-input\":{\"@type\":\"PropertyValueSpecification\",\"valueRequired\":true,\"valueName\":\"search_term_string\"}}],\"inLanguage\":\"es-CL\"},{\"@type\":\"Organization\",\"@id\":\"https:\/\/www.preuniversitariocumbre.com\/ws\/#organization\",\"name\":\"Preuniversitario Cumbre\",\"url\":\"https:\/\/www.preuniversitariocumbre.com\/ws\/\",\"logo\":{\"@type\":\"ImageObject\",\"inLanguage\":\"es-CL\",\"@id\":\"https:\/\/www.preuniversitariocumbre.com\/ws\/#\/schema\/logo\/image\/\",\"url\":\"https:\/\/www.preuniversitariocumbre.com\/ws\/wp-content\/uploads\/2017\/06\/Logo-new-web2.png\",\"contentUrl\":\"https:\/\/www.preuniversitariocumbre.com\/ws\/wp-content\/uploads\/2017\/06\/Logo-new-web2.png\",\"width\":545,\"height\":238,\"caption\":\"Preuniversitario Cumbre\"},\"image\":{\"@id\":\"https:\/\/www.preuniversitariocumbre.com\/ws\/#\/schema\/logo\/image\/\"},\"sameAs\":[\"https:\/\/www.facebook.com\/cumbre.preuniversitario\/\",\"https:\/\/x.com\/PSUCumbre\",\"https:\/\/www.instagram.com\/preucumbre\/\"]}]}<\/script>\n<!-- \/ Yoast SEO plugin. -->","yoast_head_json":{"title":"Admisi\u00f3n PSU 2017 - Preuniversitario Cumbre - El Preu de Pe\u00f1alol\u00e9n","description":"\u00a1Tu futuro comienza ahora! Ya est\u00e1 abierto nuestro proceso de Admisi\u00f3n PSU 2017, matric\u00falate hoy y prep\u00e1rate para cumplir tu sue\u00f1o...","robots":{"index":"index","follow":"follow","max-snippet":"max-snippet:-1","max-image-preview":"max-image-preview:large","max-video-preview":"max-video-preview:-1"},"canonical":"https:\/\/www.preuniversitariocumbre.com\/ws\/admision-psu-2017\/","og_locale":"es_ES","og_type":"article","og_title":"Admisi\u00f3n PSU 2017 - Preuniversitario Cumbre - El Preu de Pe\u00f1alol\u00e9n","og_description":"\u00a1Tu futuro comienza ahora! Ya est\u00e1 abierto nuestro proceso de Admisi\u00f3n PSU 2017, matric\u00falate hoy y prep\u00e1rate para cumplir tu sue\u00f1o...","og_url":"https:\/\/www.preuniversitariocumbre.com\/ws\/admision-psu-2017\/","og_site_name":"Preuniversitario Cumbre","article_publisher":"https:\/\/www.facebook.com\/cumbre.preuniversitario\/","article_modified_time":"2017-05-19T01:03:09+00:00","og_image":[{"width":1200,"height":626,"url":"https:\/\/www.preuniversitariocumbre.com\/ws\/wp-content\/uploads\/2016\/09\/Facebook-PSU-2017-posts.jpg","type":"image\/jpeg"}],"twitter_card":"summary_large_image","twitter_site":"@PSUCumbre","twitter_misc":{"Tiempo estimado de lectura":"2 minutos"},"schema":{"@context":"https:\/\/schema.org","@graph":[{"@type":"WebPage","@id":"https:\/\/www.preuniversitariocumbre.com\/ws\/admision-psu-2017\/","url":"https:\/\/www.preuniversitariocumbre.com\/ws\/admision-psu-2017\/","name":"Admisi\u00f3n PSU 2017 - Preuniversitario Cumbre - El Preu de Pe\u00f1alol\u00e9n","isPartOf":{"@id":"https:\/\/www.preuniversitariocumbre.com\/ws\/#website"},"primaryImageOfPage":{"@id":"https:\/\/www.preuniversitariocumbre.com\/ws\/admision-psu-2017\/#primaryimage"},"image":{"@id":"https:\/\/www.preuniversitariocumbre.com\/ws\/admision-psu-2017\/#primaryimage"},"thumbnailUrl":"https:\/\/www.preuniversitariocumbre.com\/ws\/wp-content\/uploads\/2016\/09\/Facebook-PSU-2017-posts-scaled.jpg","datePublished":"2016-09-19T16:24:12+00:00","dateModified":"2017-05-19T01:03:09+00:00","description":"\u00a1Tu futuro comienza ahora! Ya est\u00e1 abierto nuestro proceso de Admisi\u00f3n PSU 2017, matric\u00falate hoy y prep\u00e1rate para cumplir tu sue\u00f1o...","breadcrumb":{"@id":"https:\/\/www.preuniversitariocumbre.com\/ws\/admision-psu-2017\/#breadcrumb"},"inLanguage":"es-CL","potentialAction":[{"@type":"ReadAction","target":["https:\/\/www.preuniversitariocumbre.com\/ws\/admision-psu-2017\/"]}]},{"@type":"ImageObject","inLanguage":"es-CL","@id":"https:\/\/www.preuniversitariocumbre.com\/ws\/admision-psu-2017\/#primaryimage","url":"https:\/\/www.preuniversitariocumbre.com\/ws\/wp-content\/uploads\/2016\/09\/Facebook-PSU-2017-posts-scaled.jpg","contentUrl":"https:\/\/www.preuniversitariocumbre.com\/ws\/wp-content\/uploads\/2016\/09\/Facebook-PSU-2017-posts-scaled.jpg","width":1080,"height":563},{"@type":"BreadcrumbList","@id":"https:\/\/www.preuniversitariocumbre.com\/ws\/admision-psu-2017\/#breadcrumb","itemListElement":[{"@type":"ListItem","position":1,"name":"Home","item":"https:\/\/www.preuniversitariocumbre.com\/ws\/"},{"@type":"ListItem","position":2,"name":"Admisi\u00f3n PSU 2017"}]},{"@type":"WebSite","@id":"https:\/\/www.preuniversitariocumbre.com\/ws\/#website","url":"https:\/\/www.preuniversitariocumbre.com\/ws\/","name":"Preuniversitario Cumbre","description":"El Mejor Preu 100% Personalizado de Chile","publisher":{"@id":"https:\/\/www.preuniversitariocumbre.com\/ws\/#organization"},"potentialAction":[{"@type":"SearchAction","target":{"@type":"EntryPoint","urlTemplate":"https:\/\/www.preuniversitariocumbre.com\/ws\/?s={search_term_string}"},"query-input":{"@type":"PropertyValueSpecification","valueRequired":true,"valueName":"search_term_string"}}],"inLanguage":"es-CL"},{"@type":"Organization","@id":"https:\/\/www.preuniversitariocumbre.com\/ws\/#organization","name":"Preuniversitario Cumbre","url":"https:\/\/www.preuniversitariocumbre.com\/ws\/","logo":{"@type":"ImageObject","inLanguage":"es-CL","@id":"https:\/\/www.preuniversitariocumbre.com\/ws\/#\/schema\/logo\/image\/","url":"https:\/\/www.preuniversitariocumbre.com\/ws\/wp-content\/uploads\/2017\/06\/Logo-new-web2.png","contentUrl":"https:\/\/www.preuniversitariocumbre.com\/ws\/wp-content\/uploads\/2017\/06\/Logo-new-web2.png","width":545,"height":238,"caption":"Preuniversitario Cumbre"},"image":{"@id":"https:\/\/www.preuniversitariocumbre.com\/ws\/#\/schema\/logo\/image\/"},"sameAs":["https:\/\/www.facebook.com\/cumbre.preuniversitario\/","https:\/\/x.com\/PSUCumbre","https:\/\/www.instagram.com\/preucumbre\/"]}]}},"_links":{"self":[{"href":"https:\/\/www.preuniversitariocumbre.com\/ws\/wp-json\/wp\/v2\/pages\/967","targetHints":{"allow":["GET"]}}],"collection":[{"href":"https:\/\/www.preuniversitariocumbre.com\/ws\/wp-json\/wp\/v2\/pages"}],"about":[{"href":"https:\/\/www.preuniversitariocumbre.com\/ws\/wp-json\/wp\/v2\/types\/page"}],"author":[{"embeddable":true,"href":"https:\/\/www.preuniversitariocumbre.com\/ws\/wp-json\/wp\/v2\/users\/1"}],"replies":[{"embeddable":true,"href":"https:\/\/www.preuniversitariocumbre.com\/ws\/wp-json\/wp\/v2\/comments?post=967"}],"version-history":[{"count":28,"href":"https:\/\/www.preuniversitariocumbre.com\/ws\/wp-json\/wp\/v2\/pages\/967\/revisions"}],"predecessor-version":[{"id":1526,"href":"https:\/\/www.preuniversitariocumbre.com\/ws\/wp-json\/wp\/v2\/pages\/967\/revisions\/1526"}],"wp:featuredmedia":[{"embeddable":true,"href":"https:\/\/www.preuniversitariocumbre.com\/ws\/wp-json\/wp\/v2\/media\/1111"}],"wp:attachment":[{"href":"https:\/\/www.preuniversitariocumbre.com\/ws\/wp-json\/wp\/v2\/media?parent=967"}],"curies":[{"name":"wp","href":"https:\/\/api.w.org\/{rel}","templated":true}]}}